{"id":4545,"date":"2021-11-24T20:24:49","date_gmt":"2021-11-24T20:24:49","guid":{"rendered":"https:\/\/www.atslifesciences.com\/servizi-di-assistenza\/"},"modified":"2022-06-19T21:07:31","modified_gmt":"2022-06-19T21:07:31","slug":"ambito-di-fornitura","status":"publish","type":"page","link":"https:\/\/www.atslifesciences.com\/it\/ambito-di-fornitura\/","title":{"rendered":"Servizi di assistenza"},"content":{"rendered":"\n<div class=\"wp-block-group\"><div class=\"wp-block-group__inner-container is-layout-flow wp-block-group-is-layout-flow\">\n<p>Riteniamo che la nostra capacit\u00e0 di assisterti con il tuo progetto inizi con la conoscenza del prodotto e dei processi e termini solo quando il tuo prodotto viene ritirato. In qualsiasi fase ti trovi del ciclo di vita del tuo prodotto (ad esempio <strong>progettazione del prodotto, iterazione del prodotto, sperimentazioni cliniche o produzione commerciale completa<\/strong>), ATS Life Sciences pu\u00f2 integrare il tuo staff con consulenti con esperienza CGMP, ingegneri e personale di assistenza e commercio competente. <\/p>\n\n\n\n<div class=\"wp-block-buttons is-layout-flex wp-block-buttons-is-layout-flex\">\n<div class=\"wp-block-button is-style-text wp-block-button--has-icon\"><a class=\"wp-block-button__link\" href=\"https:\/\/www.atslifesciences.com\/it\/ambito-di-fornitura\/contattaci-in-merito-ai-nostri-servizi-di-assistenza\/\">Inizia subito una conversazione sul tuo progetto<\/a><\/div>\n<\/div>\n<\/div><\/div>\n\n\n\n<hr class=\"wp-block-separator has-css-opacity is-style-wide\" \/>\n\n\n\n<div class=\"wp-block-group is-style-default\"><div class=\"wp-block-group__inner-container is-layout-flow wp-block-group-is-layout-flow\">\n<h2 class=\"is-style-section-heading wp-block-heading\" id=\"h-soluzioni-personalizzate-per-le-tue-esigenze\">Soluzioni personalizzate per le tue esigenze<\/h2>\n\n\n\n<p>ATS \u00e8 un integratore di sistemi di fonte singoli e fornitore di soluzioni aziendali che offre coesione, coerenza e aderenza a un programma. \u00c8 sufficiente che tu ci dica di cosa hai bisogno e noi proporremo i servizi corrispondenti all\u2019offerta.<\/p>\n\n\n\n<div class=\"wp-block-media-text has-media-on-the-right is-stacked-on-mobile is-vertically-aligned-top\"><figure class=\"wp-block-media-text__media\"><img loading=\"lazy\" decoding=\"async\" width=\"1500\" height=\"938\" src=\"https:\/\/www.atslifesciences.com\/wp-content\/uploads\/sites\/63\/2021\/10\/machine-no-post-edited.png?w=1024\" alt=\"Reparto di produzione con un sistema di produzione automatico completamente integrato che comprende diverse macchine pi\u00f9 piccole esclusive\" class=\"wp-image-1050 size-full\" srcset=\"https:\/\/www.atslifesciences.com\/wp-content\/uploads\/sites\/63\/2021\/10\/machine-no-post-edited.png 1500w, https:\/\/www.atslifesciences.com\/wp-content\/uploads\/sites\/63\/2021\/10\/machine-no-post-edited.png?resize=300,188 300w, https:\/\/www.atslifesciences.com\/wp-content\/uploads\/sites\/63\/2021\/10\/machine-no-post-edited.png?resize=768,480 768w, https:\/\/www.atslifesciences.com\/wp-content\/uploads\/sites\/63\/2021\/10\/machine-no-post-edited.png?resize=1024,640 1024w\" sizes=\"auto, (max-width: 1500px) 100vw, 1500px\" \/><\/figure><div class=\"wp-block-media-text__content\">\n<ul class=\"wp-block-list\"><li>Dall\u2019apparecchiatura standard ai sistemi personalizzati<\/li><li>Dal piano all\u2019automazione di fabbrica<\/li><li>Dalla piattaforma individuale alla soluzione aziendale<\/li><li>Da un singolo sistema a pi\u00f9 ripetizioni<\/li><li>Dal build-to-print (produzione secondo le specifiche di costruzione) alla progettazione originale<\/li><li>Dalla pianificazione pre-automazione alla manutenzione del sistema<\/li><\/ul>\n<\/div><\/div>\n<\/div><\/div>\n\n\n\n<div class=\"wp-block-group is-style-atsls-light-diagonal\"><div class=\"wp-block-group__inner-container is-layout-flow wp-block-group-is-layout-flow\">\n<div class=\"wp-block-columns is-layout-flex wp-container-core-columns-is-layout-9d6595d7 wp-block-columns-is-layout-flex\">\n<div class=\"wp-block-column is-vertically-aligned-top is-layout-flow wp-block-column-is-layout-flow\">\n<figure class=\"wp-block-video aligncenter\"><video controls poster=\"https:\/\/www.atslifesciences.com\/wp-content\/uploads\/sites\/63\/2021\/11\/shutterstock_1816579838-edited-1.jpg\" src=\"https:\/\/cdn1-originals.webdamdb.com\/13831_127688472?cache=1635188944&amp;response-content-disposition=inline;filename=Pre%2520Automation%2520-%2520Getting%2520Started%2520in%2520Automation%2520-%2520Ryan%2520Tavares.mp4&amp;Policy=eyJTdGF0ZW1lbnQiOlt7IlJlc291cmNlIjoiaHR0cCo6Ly9jZG4xLW9yaWdpbmFscy53ZWJkYW1kYi5jb20vMTM4MzFfMTI3Njg4NDcyP2NhY2hlPTE2MzUxODg5NDQmcmVzcG9uc2UtY29udGVudC1kaXNwb3NpdGlvbj1pbmxpbmU7ZmlsZW5hbWU9UHJlJTI1MjBBdXRvbWF0aW9uJTI1MjAtJTI1MjBHZXR0aW5nJTI1MjBTdGFydGVkJTI1MjBpbiUyNTIwQXV0b21hdGlvbiUyNTIwLSUyNTIwUnlhbiUyNTIwVGF2YXJlcy5tcDQiLCJDb25kaXRpb24iOnsiRGF0ZUxlc3NUaGFuIjp7IkFXUzpFcG9jaFRpbWUiOjIxNDc0MTQ0MDB9fX1dfQ__&amp;Signature=XfkwOYXG~-1-wOm~JEmVwIkcxb5CtUDJDm3S~gy4NH7rfVNDfFNpfkdjPyx0PDbo1jIXOascWifPKaiyjQAMihwFmmJkn3NJJR94515Rk-~mBimzoGlr6aaRNK4OdGH4yUpRVajLFMLnRhfDtpcebkD1jPiKKXFiTT8cuOdvwGa52lOFMUHTXJ7ApuObwIEZrhGFmrky28bBcIzVxSa85OTeGspNpFJ1XNAGqNRVDNr7Zw0nMhJ~eYdZ0hjE9iWaqnJte8zoke7gcuOUNLAMB~wchoTryjZCVq2daQcc~7ytNLRrKJTJc9XyYsbMp-tA2x2IOTmSBKLuOH7rg-BS6Q__&amp;Key-Pair-Id=APKAI2ASI2IOLRFF2RHA\"><\/video><\/figure>\n<\/div>\n\n\n\n<div class=\"wp-block-column is-layout-flow wp-block-column-is-layout-flow\">\n<h2 class=\"is-style-default wp-block-heading\" id=\"h-servizi-pre-automazione\">Servizi pre-automazione<\/h2>\n\n\n\n<p>La fiducia nei piani di investimento di capitale inizia con una valutazione e una pianificazione complete.&nbsp;Possiamo integrare il tuo team per formalizzare le richieste dei soggetti chiave interessati, mettere in discussione le ipotesi, identificare possibili azioni e portare a un altro livello la strategia di investimento aziendale che ti pone sulla via giusta per essere il migliore del settore. <\/p>\n\n\n\n<div class=\"wp-block-buttons is-layout-flex wp-block-buttons-is-layout-flex\">\n<div class=\"wp-block-button is-style-text wp-block-button--has-icon\"><a class=\"wp-block-button__link\" href=\"https:\/\/cdn1-originals.webdamdb.com\/13831_119153090?cache=1614624577&amp;response-content-disposition=inline;filename=Checklist%2520-%2520Are%2520You%2520Ready%2520for%2520an%2520Automation%2520Supplier-SM-Fillable.pdf&amp;response-content-type=application\/pdf&amp;Policy=eyJTdGF0ZW1lbnQiOlt7IlJlc291cmNlIjoiaHR0cCo6Ly9jZG4xLW9yaWdpbmFscy53ZWJkYW1kYi5jb20vMTM4MzFfMTE5MTUzMDkwP2NhY2hlPTE2MTQ2MjQ1NzcmcmVzcG9uc2UtY29udGVudC1kaXNwb3NpdGlvbj1pbmxpbmU7ZmlsZW5hbWU9Q2hlY2tsaXN0JTI1MjAtJTI1MjBBcmUlMjUyMFlvdSUyNTIwUmVhZHklMjUyMGZvciUyNTIwYW4lMjUyMEF1dG9tYXRpb24lMjUyMFN1cHBsaWVyLVNNLUZpbGxhYmxlLnBkZiZyZXNwb25zZS1jb250ZW50LXR5cGU9YXBwbGljYXRpb24vcGRmIiwiQ29uZGl0aW9uIjp7IkRhdGVMZXNzVGhhbiI6eyJBV1M6RXBvY2hUaW1lIjoyMTQ3NDE0NDAwfX19XX0_&amp;Signature=aXcSvDu~LAGitBXwwpeETFG1JhasmkID-SD8~lNAe58mSHcqO-~YarDbLccWO4Kui8sBCMOkd1EKZjrhigfS6FXazYXdAd2XAKi8OCvHuusqNH5bdBTwA1VrWwWOggSkBY7RAHw5C1D3ktHYuL4QzYb56OJSwUf0k7-mOm42AqWowQnVsUi70oOZGnRoSYHKNWTs3g~24~oVLFj8-zN400Uzx~sy1wG72F2kNU6YO2E4TfRN90oXs2trGnOk4MjJN2ZODdhdc1IeL8GxTEBAU77dF2FUXwY-fGUFNRTFWztNeGHghUUGBoNHV-bhXDbmiXpC2AcqiIS-y43bWwJLEQ__&amp;Key-Pair-Id=APKAI2ASI2IOLRFF2RHA\" target=\"_blank\" rel=\"noreferrer noopener\">Completa la nostra checklist per scoprire se la tua azienda \u00e8 pronta per l\u2019automazione<\/a><\/div>\n<\/div>\n<\/div>\n<\/div>\n<\/div><\/div>\n\n\n\n<div class=\"wp-block-group is-style-default\"><div class=\"wp-block-group__inner-container is-layout-flow wp-block-group-is-layout-flow\">\n<h2 class=\"is-style-section-heading wp-block-heading\" id=\"h-servizi-di-automazione-e-integrazione\">Servizi di automazione e integrazione<\/h2>\n\n\n\n<p>Oltre alle macchine, siamo consapevoli che il tuo successo si basa sul personale, sui materiali, sui metodi di lavoro e sull\u2019ambiente. Per questo, i nostri team vantano una vasta gamma di competenze, tra cui operazioni di produzione, ingegneria, qualit\u00e0 e convalida. Lavoriamo sodo per assicurare che le nostre soluzioni affrontino tutti i requisiti del tuo progetto. Una soluzione ATS offre accuratezza senza paragoni, ripetibilit\u00e0 e affidabilit\u00e0 persino per i requisiti pi\u00f9 complessi. <\/p>\n\n\n\n<div class=\"wp-block-media-text has-media-on-the-right is-stacked-on-mobile is-vertically-aligned-top\"><figure class=\"wp-block-media-text__media\"><img loading=\"lazy\" decoding=\"async\" width=\"627\" height=\"392\" src=\"https:\/\/www.atslifesciences.com\/wp-content\/uploads\/sites\/63\/2021\/12\/Screen-Shot-2021-10-26-at-3.25.21-PM-edited-1.png?w=627\" alt=\"Vista interna di una macchina di assemblaggio automatizzato complessa che mostra diverse stazioni di produzione\" class=\"wp-image-2231 size-full\" srcset=\"https:\/\/www.atslifesciences.com\/wp-content\/uploads\/sites\/63\/2021\/12\/Screen-Shot-2021-10-26-at-3.25.21-PM-edited-1.png 627w, https:\/\/www.atslifesciences.com\/wp-content\/uploads\/sites\/63\/2021\/12\/Screen-Shot-2021-10-26-at-3.25.21-PM-edited-1.png?resize=300,188 300w\" sizes=\"auto, (max-width: 627px) 100vw, 627px\" \/><\/figure><div class=\"wp-block-media-text__content\">\n<ul class=\"wp-block-list\"><li>Sviluppo del concetto<\/li><li>Selezione della tecnologia e innovazione<\/li><li>Produzione, assemblaggio e integrazione<\/li><li>Test, commissioning e convalida<\/li><li>Formazione<\/li><li>Spedizione e installazione<\/li><li>Supporto nella crescita<\/li><\/ul>\n\n\n\n<div class=\"wp-block-buttons is-layout-flex wp-block-buttons-is-layout-flex\">\n<div class=\"wp-block-button is-style-text wp-block-button--has-icon\"><a class=\"wp-block-button__link\" href=\"https:\/\/www.atslifesciences.com\/it\/assemblaggio\/\">Scopri maggiori informazioni sulle nostre capacit\u00e0 di automazione<\/a><\/div>\n<\/div>\n<\/div><\/div>\n<\/div><\/div>\n\n\n\n<hr class=\"wp-block-separator has-css-opacity is-style-wide\" \/>\n\n\n\n<div class=\"wp-block-group is-style-default\"><div class=\"wp-block-group__inner-container is-layout-flow wp-block-group-is-layout-flow\">\n<h2 class=\"is-style-section-heading wp-block-heading\" id=\"h-servizi-post-automazione\">Servizi post-automazione<\/h2>\n\n\n\n<p>La solida fiducia dei nostri clienti del settore Life Science \u00e8 il risultato dei sistemi innovativi forniti E del nostro impegno nella fornitura di servizi e assistenza tecnica di livello mondiale. Abbiamo un <a href=\"https:\/\/cdn1-originals.webdamdb.com\/13831_89096445?cache=1589988076&amp;response-content-disposition=inline;filename=Integrated%2520Support%2520-Datasheet.pdf&amp;response-content-type=application\/pdf&amp;Policy=eyJTdGF0ZW1lbnQiOlt7IlJlc291cmNlIjoiaHR0cCo6Ly9jZG4xLW9yaWdpbmFscy53ZWJkYW1kYi5jb20vMTM4MzFfODkwOTY0NDU~Y2FjaGU9MTU4OTk4ODA3NiZyZXNwb25zZS1jb250ZW50LWRpc3Bvc2l0aW9uPWlubGluZTtmaWxlbmFtZT1JbnRlZ3JhdGVkJTI1MjBTdXBwb3J0JTI1MjAtRGF0YXNoZWV0LnBkZiZyZXNwb25zZS1jb250ZW50LXR5cGU9YXBwbGljYXRpb24vcGRmIiwiQ29uZGl0aW9uIjp7IkRhdGVMZXNzVGhhbiI6eyJBV1M6RXBvY2hUaW1lIjoyMTQ3NDE0NDAwfX19XX0_&amp;Signature=Hz7LvGDqjCoqhd9BrFunaxKbYzg7wy~-eFRpMBn4OjRCXt1Q~YwzxpBTgsALMyr5Fu8NREAN6KkqhRTo73fIokOCgHF4L3eumMAVNTBkWGD6v4WjGoWYAG1H1LTpfE52na3z8Jq7UrNbNIr1UEuQbWK4o7B9N6MJiGSrBAhNZznQxWOk0IaEce5g~YazmrL6ClBnIHBjH2AvBEJ7~AhZt-VMFPQANOXOLks5o6k9qWQO94Nzhs0PxQAxP1Cn3jjhWTrO13l2W~jfLLuNagOmiFWwLWqOKzJ6qRBrQKWfgBNU5oErkk36i-pWx9YPV0jW9G~cxZUNkWmIsvWpuXHpow__&amp;Key-Pair-Id=APKAI2ASI2IOLRFF2RHA\">menu completo di servizi post-automazione<\/a> da cui scegliere per mantenere un funzionamento regolare delle tue operazioni.<\/p>\n\n\n\n<div class=\"wp-block-media-text is-stacked-on-mobile is-vertically-aligned-top\"><figure class=\"wp-block-media-text__media\"><img loading=\"lazy\" decoding=\"async\" width=\"5184\" height=\"3456\" src=\"https:\/\/www.atslifesciences.com\/wp-content\/uploads\/sites\/63\/2021\/10\/Employees-Training-on-Shopfloor.png?w=1024\" alt=\"Due operatori in piedi davanti allo schermo dell\u2019operatore di una macchina, mentre esaminano le prestazioni della macchina\" class=\"wp-image-1035 size-full\" srcset=\"https:\/\/www.atslifesciences.com\/wp-content\/uploads\/sites\/63\/2021\/10\/Employees-Training-on-Shopfloor.png 5184w, https:\/\/www.atslifesciences.com\/wp-content\/uploads\/sites\/63\/2021\/10\/Employees-Training-on-Shopfloor.png?resize=300,200 300w, https:\/\/www.atslifesciences.com\/wp-content\/uploads\/sites\/63\/2021\/10\/Employees-Training-on-Shopfloor.png?resize=768,512 768w, https:\/\/www.atslifesciences.com\/wp-content\/uploads\/sites\/63\/2021\/10\/Employees-Training-on-Shopfloor.png?resize=1024,683 1024w, https:\/\/www.atslifesciences.com\/wp-content\/uploads\/sites\/63\/2021\/10\/Employees-Training-on-Shopfloor.png?resize=1536,1024 1536w, https:\/\/www.atslifesciences.com\/wp-content\/uploads\/sites\/63\/2021\/10\/Employees-Training-on-Shopfloor.png?resize=2048,1365 2048w\" sizes=\"auto, (max-width: 5184px) 100vw, 5184px\" \/><\/figure><div class=\"wp-block-media-text__content\">\n<ul class=\"wp-block-list\"><li>Assistenza in loco e da remoto<\/li><li>Monitoraggio delle prestazioni e gestione della salute<\/li><li>Servizio di emergenza<\/li><li>Fornitura e gestione di parti di ricambio<\/li><li>Modifica, adattamenti, aggiornamenti e trasferimenti del sistema<\/li><\/ul>\n\n\n\n<p>Contattaci se desideri maggiori informazioni sulla nostra gestione delle risorse e i servizi post-progetto.<\/p>\n<\/div><\/div>\n<\/div><\/div>\n","protected":false},"excerpt":{"rendered":"<p>Riteniamo che la nostra capacit\u00e0 di assisterti con il tuo progetto inizi con la conoscenza del prodotto e dei processi e termini solo quando il tuo prodotto viene ritirato. In qualsiasi fase ti trovi del ciclo di vita del tuo prodotto (ad esempio progettazione del prodotto, iterazione del prodotto, sperimentazioni cliniche o produzione commerciale completa),<\/p>\n","protected":false},"author":24,"featured_media":0,"parent":0,"menu_order":3,"comment_status":"closed","ping_status":"closed","template":"","meta":{"_acf_changed":false,"_cr_original_post":"","_cr_replace_post_id":"","_cr_replacing_post_id":"","inline_featured_image":false,"cover_image":3861,"footnotes":""},"coauthors":[25],"class_list":["post-4545","page","type-page","status-publish","hentry"],"yoast_head":"<!-- This site is optimized with the Yoast SEO Premium plugin v26.8 (Yoast SEO v26.8) - https:\/\/yoast.com\/product\/yoast-seo-premium-wordpress\/ -->\n<title>Servizi di assistenza - ATS Life Sciences<\/title>\n<meta name=\"description\" content=\"ATS \u00e8 un integratore di sistemi di fonte singoli e fornitore di soluzioni aziendali che supporta i clienti nelle fasi che includono progettazione del prodotto, iterazione del prodotto, sperimentazioni cliniche e produzione commerciale completa.\" \/>\n<meta name=\"robots\" content=\"index, follow, max-snippet:-1, max-image-preview:large, max-video-preview:-1\" \/>\n<link rel=\"canonical\" href=\"https:\/\/www.atslifesciences.com\/it\/ambito-di-fornitura\/\" \/>\n<meta property=\"og:locale\" content=\"it_IT\" \/>\n<meta property=\"og:type\" content=\"article\" \/>\n<meta property=\"og:title\" content=\"Servizi di assistenza\" \/>\n<meta property=\"og:description\" content=\"ATS \u00e8 un integratore di sistemi di fonte singoli e fornitore di soluzioni aziendali che supporta i clienti nelle fasi che includono progettazione del prodotto, iterazione del prodotto, sperimentazioni cliniche e produzione commerciale completa.\" \/>\n<meta property=\"og:url\" content=\"https:\/\/www.atslifesciences.com\/it\/ambito-di-fornitura\/\" \/>\n<meta property=\"og:site_name\" content=\"ATS Life Sciences\" \/>\n<meta property=\"article:modified_time\" content=\"2022-06-19T21:07:31+00:00\" \/>\n<meta property=\"og:image\" content=\"https:\/\/www.atslifesciences.com\/wp-content\/uploads\/sites\/63\/2021\/10\/machine-no-post-edited.png?w=1024\" \/>\n<meta name=\"twitter:card\" content=\"summary_large_image\" \/>\n<meta name=\"twitter:label1\" content=\"Tempo di lettura stimato\" \/>\n\t<meta name=\"twitter:data1\" content=\"3 minuti\" \/>\n\t<meta name=\"twitter:label2\" content=\"Written by\" \/>\n\t<meta name=\"twitter:data2\" content=\"Catherine Thacker\" \/>\n<script type=\"application\/ld+json\" class=\"yoast-schema-graph\">{\"@context\":\"https:\/\/schema.org\",\"@graph\":[{\"@type\":\"WebPage\",\"@id\":\"https:\/\/www.atslifesciences.com\/it\/ambito-di-fornitura\/\",\"url\":\"https:\/\/www.atslifesciences.com\/it\/ambito-di-fornitura\/\",\"name\":\"Servizi di assistenza - ATS Life Sciences\",\"isPartOf\":{\"@id\":\"https:\/\/www.atslifesciences.com\/it\/#website\"},\"primaryImageOfPage\":{\"@id\":\"https:\/\/www.atslifesciences.com\/it\/ambito-di-fornitura\/#primaryimage\"},\"image\":{\"@id\":\"https:\/\/www.atslifesciences.com\/it\/ambito-di-fornitura\/#primaryimage\"},\"thumbnailUrl\":\"https:\/\/www.atslifesciences.com\/wp-content\/uploads\/sites\/63\/2021\/10\/machine-no-post-edited.png?w=1024\",\"datePublished\":\"2021-11-24T20:24:49+00:00\",\"dateModified\":\"2022-06-19T21:07:31+00:00\",\"description\":\"ATS \u00e8 un integratore di sistemi di fonte singoli e fornitore di soluzioni aziendali che supporta i clienti nelle fasi che includono progettazione del prodotto, iterazione del prodotto, sperimentazioni cliniche e produzione commerciale completa.\",\"breadcrumb\":{\"@id\":\"https:\/\/www.atslifesciences.com\/it\/ambito-di-fornitura\/#breadcrumb\"},\"inLanguage\":\"it-IT\",\"potentialAction\":[{\"@type\":\"ReadAction\",\"target\":[\"https:\/\/www.atslifesciences.com\/it\/ambito-di-fornitura\/\"]}]},{\"@type\":\"ImageObject\",\"inLanguage\":\"it-IT\",\"@id\":\"https:\/\/www.atslifesciences.com\/it\/ambito-di-fornitura\/#primaryimage\",\"url\":\"https:\/\/www.atslifesciences.com\/wp-content\/uploads\/sites\/63\/2021\/10\/machine-no-post-edited.png?w=1024\",\"contentUrl\":\"https:\/\/www.atslifesciences.com\/wp-content\/uploads\/sites\/63\/2021\/10\/machine-no-post-edited.png?w=1024\"},{\"@type\":\"BreadcrumbList\",\"@id\":\"https:\/\/www.atslifesciences.com\/it\/ambito-di-fornitura\/#breadcrumb\",\"itemListElement\":[{\"@type\":\"ListItem\",\"position\":1,\"name\":\"Home\",\"item\":\"https:\/\/www.atslifesciences.com\/it\/\"},{\"@type\":\"ListItem\",\"position\":2,\"name\":\"Servizi di assistenza\"}]},{\"@type\":\"WebSite\",\"@id\":\"https:\/\/www.atslifesciences.com\/it\/#website\",\"url\":\"https:\/\/www.atslifesciences.com\/it\/\",\"name\":\"ATS Life Sciences\",\"description\":\"\",\"potentialAction\":[{\"@type\":\"SearchAction\",\"target\":{\"@type\":\"EntryPoint\",\"urlTemplate\":\"https:\/\/www.atslifesciences.com\/it\/?s={search_term_string}\"},\"query-input\":{\"@type\":\"PropertyValueSpecification\",\"valueRequired\":true,\"valueName\":\"search_term_string\"}}],\"inLanguage\":\"it-IT\"}]}<\/script>\n<!-- \/ Yoast SEO Premium plugin. -->","yoast_head_json":{"title":"Servizi di assistenza - ATS Life Sciences","description":"ATS \u00e8 un integratore di sistemi di fonte singoli e fornitore di soluzioni aziendali che supporta i clienti nelle fasi che includono progettazione del prodotto, iterazione del prodotto, sperimentazioni cliniche e produzione commerciale completa.","robots":{"index":"index","follow":"follow","max-snippet":"max-snippet:-1","max-image-preview":"max-image-preview:large","max-video-preview":"max-video-preview:-1"},"canonical":"https:\/\/www.atslifesciences.com\/it\/ambito-di-fornitura\/","og_locale":"it_IT","og_type":"article","og_title":"Servizi di assistenza","og_description":"ATS \u00e8 un integratore di sistemi di fonte singoli e fornitore di soluzioni aziendali che supporta i clienti nelle fasi che includono progettazione del prodotto, iterazione del prodotto, sperimentazioni cliniche e produzione commerciale completa.","og_url":"https:\/\/www.atslifesciences.com\/it\/ambito-di-fornitura\/","og_site_name":"ATS Life Sciences","article_modified_time":"2022-06-19T21:07:31+00:00","og_image":[{"url":"https:\/\/www.atslifesciences.com\/wp-content\/uploads\/sites\/63\/2021\/10\/machine-no-post-edited.png?w=1024","type":"","width":"","height":""}],"twitter_card":"summary_large_image","twitter_misc":{"Tempo di lettura stimato":"3 minuti","Written by":"Catherine Thacker"},"schema":{"@context":"https:\/\/schema.org","@graph":[{"@type":"WebPage","@id":"https:\/\/www.atslifesciences.com\/it\/ambito-di-fornitura\/","url":"https:\/\/www.atslifesciences.com\/it\/ambito-di-fornitura\/","name":"Servizi di assistenza - ATS Life Sciences","isPartOf":{"@id":"https:\/\/www.atslifesciences.com\/it\/#website"},"primaryImageOfPage":{"@id":"https:\/\/www.atslifesciences.com\/it\/ambito-di-fornitura\/#primaryimage"},"image":{"@id":"https:\/\/www.atslifesciences.com\/it\/ambito-di-fornitura\/#primaryimage"},"thumbnailUrl":"https:\/\/www.atslifesciences.com\/wp-content\/uploads\/sites\/63\/2021\/10\/machine-no-post-edited.png?w=1024","datePublished":"2021-11-24T20:24:49+00:00","dateModified":"2022-06-19T21:07:31+00:00","description":"ATS \u00e8 un integratore di sistemi di fonte singoli e fornitore di soluzioni aziendali che supporta i clienti nelle fasi che includono progettazione del prodotto, iterazione del prodotto, sperimentazioni cliniche e produzione commerciale completa.","breadcrumb":{"@id":"https:\/\/www.atslifesciences.com\/it\/ambito-di-fornitura\/#breadcrumb"},"inLanguage":"it-IT","potentialAction":[{"@type":"ReadAction","target":["https:\/\/www.atslifesciences.com\/it\/ambito-di-fornitura\/"]}]},{"@type":"ImageObject","inLanguage":"it-IT","@id":"https:\/\/www.atslifesciences.com\/it\/ambito-di-fornitura\/#primaryimage","url":"https:\/\/www.atslifesciences.com\/wp-content\/uploads\/sites\/63\/2021\/10\/machine-no-post-edited.png?w=1024","contentUrl":"https:\/\/www.atslifesciences.com\/wp-content\/uploads\/sites\/63\/2021\/10\/machine-no-post-edited.png?w=1024"},{"@type":"BreadcrumbList","@id":"https:\/\/www.atslifesciences.com\/it\/ambito-di-fornitura\/#breadcrumb","itemListElement":[{"@type":"ListItem","position":1,"name":"Home","item":"https:\/\/www.atslifesciences.com\/it\/"},{"@type":"ListItem","position":2,"name":"Servizi di assistenza"}]},{"@type":"WebSite","@id":"https:\/\/www.atslifesciences.com\/it\/#website","url":"https:\/\/www.atslifesciences.com\/it\/","name":"ATS Life Sciences","description":"","potentialAction":[{"@type":"SearchAction","target":{"@type":"EntryPoint","urlTemplate":"https:\/\/www.atslifesciences.com\/it\/?s={search_term_string}"},"query-input":{"@type":"PropertyValueSpecification","valueRequired":true,"valueName":"search_term_string"}}],"inLanguage":"it-IT"}]}},"acf":[],"jetpack_sharing_enabled":true,"_links":{"self":[{"href":"https:\/\/www.atslifesciences.com\/it\/wp-json\/wp\/v2\/pages\/4545","targetHints":{"allow":["GET"]}}],"collection":[{"href":"https:\/\/www.atslifesciences.com\/it\/wp-json\/wp\/v2\/pages"}],"about":[{"href":"https:\/\/www.atslifesciences.com\/it\/wp-json\/wp\/v2\/types\/page"}],"author":[{"embeddable":true,"href":"https:\/\/www.atslifesciences.com\/it\/wp-json\/wp\/v2\/users\/24"}],"replies":[{"embeddable":true,"href":"https:\/\/www.atslifesciences.com\/it\/wp-json\/wp\/v2\/comments?post=4545"}],"version-history":[{"count":3,"href":"https:\/\/www.atslifesciences.com\/it\/wp-json\/wp\/v2\/pages\/4545\/revisions"}],"predecessor-version":[{"id":5280,"href":"https:\/\/www.atslifesciences.com\/it\/wp-json\/wp\/v2\/pages\/4545\/revisions\/5280"}],"wp:attachment":[{"href":"https:\/\/www.atslifesciences.com\/it\/wp-json\/wp\/v2\/media?parent=4545"}],"wp:term":[{"taxonomy":"author","embeddable":true,"href":"https:\/\/www.atslifesciences.com\/it\/wp-json\/wp\/v2\/coauthors?post=4545"}],"curies":[{"name":"wp","href":"https:\/\/api.w.org\/{rel}","templated":true}]}}