{"id":13980,"date":"2023-04-20T15:10:08","date_gmt":"2023-04-20T15:10:08","guid":{"rendered":"https:\/\/www.atslifesciences.com\/soluzioni-di-automazione\/trasporto\/supertrak-gen3\/"},"modified":"2024-07-07T14:02:28","modified_gmt":"2024-07-07T14:02:28","slug":"supertrak-gen3","status":"publish","type":"page","link":"https:\/\/www.atslifesciences.com\/it\/soluzioni-diautomazione\/trasporto\/supertrak-gen3\/","title":{"rendered":"SuperTrak GEN3\u2122"},"content":{"rendered":"\n<div class=\"atsls-secondary-hero\" id=\"atsls-secondary-hero-block_6501d469557fc0e915995876daeffb28\">\n\n  <div class=\"inner-wrp\">\n\n    \n      <div class=\"background-wrp\" style=\"background-image: url(https:\/\/www.atslifesciences.com\/wp-content\/uploads\/sites\/63\/2024\/06\/SuperTrak.jpg);\">\n                  <div class=\"img-wrp\">\n            <img decoding=\"async\" src=\"https:\/\/www.atslifesciences.com\/wp-content\/uploads\/sites\/63\/2024\/06\/SuperTrak.jpg\">\n          <\/div>\n              <\/div>\n\n    \n    <div class=\"container\">\n\n      <div class=\"row\">\n\n        <div class=\"col-md-5\">\n\n          <div class=\"sub-title\">\n            <p>Piattaforma di trasporto intelligente<\/p>\n          <\/div>\n          \n          <div class=\"title-part\">\n            <h1>SuperTrak GEN3\u2122<\/h1>\n          <\/div>\n\n          <div class=\"description\">\n            <p>La piattaforma di trasporto SuperTrak GEN3\u2122 riduce le complessit\u00e0 ingegneristiche semplificando la progettazione, lo sviluppo e l\u2019implementazione dell\u2019automazione.<\/p>\n          <\/div>\n\n          \n        <\/div>\n        \n      <\/div>\n\n    <\/div>\n  \n  <\/div>\n\n<\/div>\n\n<style type=\"text\/css\">\n#atsls-secondary-hero-block_6501d469557fc0e915995876daeffb28 {\n  padding-top: 100px;\n  background-color: #0A2463;\n}\n\n#atsls-secondary-hero-block_6501d469557fc0e915995876daeffb28 .inner-wrp {\n  padding-top: 6rem;\n  padding-bottom: 6rem;\n  position: relative;\n}\n\n\n#atsls-secondary-hero-block_6501d469557fc0e915995876daeffb28 .inner-wrp .background-wrp {\n  background-repeat: no-repeat;\n  background-position: center;\n  background-size: cover;\n  position: relative;\n  width: 55%;\n  height: 100%;\n  position: absolute;\n  top: 0;\n  right: 0;\n  z-index: 1;\n  overflow: hidden;\n}\n#atsls-secondary-hero-block_6501d469557fc0e915995876daeffb28 .inner-wrp .background-wrp .img-wrp {\n  display: none;\n  position: relative;\n  height: 0;\n  width: 100%;\n  padding-bottom: 56.25%;\n  margin-bottom: 0px;\n  overflow: hidden;\n}\n#atsls-secondary-hero-block_6501d469557fc0e915995876daeffb28 .inner-wrp .background-wrp .img-wrp img {\n  position: absolute;\n  width: 100%;\n  height: 100%;\n  top: 0;\n  left: 0;\n  object-fit: cover;\n  object-position: center;\n}\n\n#atsls-secondary-hero-block_6501d469557fc0e915995876daeffb28 .inner-wrp .background-video-wrp {\n  background-repeat: no-repeat;\n  background-position: center;\n  background-size: cover;\n  position: relative;\n  width: 55%;\n  height: 100%;\n  position: absolute;\n  top: 0;\n  right: 0;\n  z-index: 1;\n  overflow: hidden;\n}\n#atsls-secondary-hero-block_6501d469557fc0e915995876daeffb28 .inner-wrp .background-video-wrp .video-wrp {\n  display: block;\n  position: relative;\n  height: 0;\n  width: 100%;\n  padding-bottom: 60%;\n  margin-bottom: 0px;\n  overflow: hidden;\n}\n#atsls-secondary-hero-block_6501d469557fc0e915995876daeffb28 .inner-wrp .background-video-wrp .video-wrp video {\n  position: absolute;\n  width: 100%;\n  height: 100%;\n  top: 0;\n  left: 0;\n  object-fit: cover;\n  object-position: center;\n}\n\n#atsls-secondary-hero-block_6501d469557fc0e915995876daeffb28 .container {\n  position: relative;\n  z-index: 2;\n}\n\n#atsls-secondary-hero-block_6501d469557fc0e915995876daeffb28 .inner-wrp::after {\n  content: \"\";\n  width: 65%;\n  height: 100%;\n  position: absolute;\n  top: 0;\n  left: -10%;\n  transform: skew(-20deg);\n  background-color: #0A2463;\n  border-right: 6px solid #41BFAC;\n  z-index: 1;\n}\n#atsls-secondary-hero-block_6501d469557fc0e915995876daeffb28 .title-part h1, #atsls-secondary-hero-block_6501d469557fc0e915995876daeffb28 .title-part .h1 {\n  color: #FFF;\n  font-family: \"Roboto\", sans-serif;\n  font-size: 48px;\n  font-style: normal;\n  font-weight: 500;\n  line-height: normal;\n  margin-bottom: 15px;\n}\n.single-news-page #atsls-secondary-hero-block_6501d469557fc0e915995876daeffb28 .title-part h1 {\n  font-size: 28px;\n  text-transform: unset;\n}\n#atsls-secondary-hero-block_6501d469557fc0e915995876daeffb28 .sub-title p {\n  color: #9ACD4F;\n  \/* Subtitle *\/\n  font-family: \"Roboto\", sans-serif;\n  font-size: 16px;\n  font-style: normal;\n  font-weight: 500;\n  line-height: 140%; \/* 22.4px *\/\n  margin-bottom: 5px;\n}\n#atsls-secondary-hero-block_6501d469557fc0e915995876daeffb28 .description p {\n  color: #FFF;\n  \/* Paragraph *\/\n  font-family: \"Roboto\", sans-serif;\n  font-size: 18px;\n  font-style: normal;\n  font-weight: 400;\n  line-height: 140%; \/* 25.2px *\/\n}\n#atsls-secondary-hero-block_6501d469557fc0e915995876daeffb28 .cta-btn {\n  padding-top: 15px;\n}\n#atsls-secondary-hero-block_6501d469557fc0e915995876daeffb28 .cta-btn a {\n  position: relative;\n  padding: 10px 40px !important;\n  transition: all ease 0.3s !important;\n  background-color: #9ACD4F;\n  text-decoration: none;\n  color: #071630;\n  font-size: 18px;\n}\n\n#atsls-secondary-hero-block_6501d469557fc0e915995876daeffb28 .cta-btn a:before {\n  content: \"\" !important;\n  background-image: url('https:\/\/www.atslifesciences.com\/wp-content\/themes\/atsls-2024\/assets\/btn-icon.svg');\n  width: 30px;\n  height: 30px;\n  background-repeat: no-repeat;\n  background-position: center;\n  background-size: 30px 30px;\n  position: absolute;\n  top: 8px !important;\n  left: 20px !important;\n  opacity: 0;\n  transition: all ease 0.3s;\n}\n\n#atsls-secondary-hero-block_6501d469557fc0e915995876daeffb28 .cta-btn a:hover {\n  padding-left: 60px !important;\n  padding-right: 20px !important;\n}\n#atsls-secondary-hero-block_6501d469557fc0e915995876daeffb28 .cta-btn a:hover:before {\n  opacity: 1;\n}\n\n\n@media (max-width: 768px) {\n  #atsls-secondary-hero-block_6501d469557fc0e915995876daeffb28 {\n    padding-top: 79px;\n  }\n  #atsls-secondary-hero-block_6501d469557fc0e915995876daeffb28 .title-part h1 {\n    font-size: 30px;\n  }\n  #atsls-secondary-hero-block_6501d469557fc0e915995876daeffb28 .inner-wrp {\n    padding-top: 0px;\n    padding-bottom: 32px;\n  }\n  #atsls-secondary-hero-block_6501d469557fc0e915995876daeffb28 .inner-wrp::after {\n    width: 100%;\n    height: 100%;\n    left: 0;\n    top: 0;\n    transform: unset;\n    border: none;\n  }\n\n  #atsls-secondary-hero-block_6501d469557fc0e915995876daeffb28 .inner-wrp .background-wrp {\n    width: 100%;\n    position: relative;\n    height: auto;\n    z-index: 2;\n    margin-bottom: 30px;\n  }\n  #atsls-secondary-hero-block_6501d469557fc0e915995876daeffb28 .inner-wrp .background-wrp .img-wrp {\n    display: block;\n  }\n  #atsls-secondary-hero-block_6501d469557fc0e915995876daeffb28 .inner-wrp .background-video-wrp {\n    width: 100%;\n    position: relative;\n    height: auto;\n    z-index: 2;\n    margin-bottom: 30px;\n  }\n}\n\n<\/style>\n\n\n<div class=\"gb-container gb-container-5ed2b593\"><div class=\"gb-inside-container\">\n<div class=\"gb-grid-wrapper gb-grid-wrapper-5720446a\">\n<div class=\"gb-grid-column gb-grid-column-cceefbc0\"><div class=\"gb-container gb-container-cceefbc0\"><div class=\"gb-inside-container\">\n\n<figure class=\"wp-block-embed is-type-video is-provider-youtube wp-block-embed-youtube wp-embed-aspect-16-9 wp-has-aspect-ratio\"><div class=\"wp-block-embed__wrapper\">\n<iframe loading=\"lazy\" title=\"SuperTrak CONVEYANCE\u2122\ufe0f -  Features and Applications\" width=\"640\" height=\"360\" src=\"https:\/\/www.youtube.com\/embed\/GurnwrImzEs?feature=oembed\" frameborder=\"0\" allow=\"accelerometer; autoplay; clipboard-write; encrypted-media; gyroscope; picture-in-picture; web-share\" referrerpolicy=\"strict-origin-when-cross-origin\" allowfullscreen><\/iframe>\n<\/div><\/figure>\n\n<\/div><\/div><\/div>\n\n<div class=\"gb-grid-column gb-grid-column-def75a10\"><div class=\"gb-container gb-container-def75a10\"><div class=\"gb-inside-container\">\n\n<h2 class=\"gb-headline gb-headline-b9f77f65 gb-headline-text\">SuperTrak GEN3\u2122<\/h2>\n\n\n\n<p>I diversi componenti del sistema consentono molteplici configurazioni per massimizzare lo spazio a terra. Le sezioni modulari dei binari consentono di distribuire e riorganizzare facilmente il sistema di automazione in base alle esigenze aziendali.<\/p>\n\n\n\n<ul class=\"has-black-color has-text-color wp-block-list\" style=\"letter-spacing:0px\">\n<li>Il software TrakMaster\u2122 \u00e8 l\u2019interfaccia utente che fornisce l\u2019accesso alle potenti funzionalit\u00e0 di monitoraggio integrate<\/li>\n\n\n\n<li>Consente un notevole risparmio in termini di tempi di progettazione e integrazione, consentendo al sistema di entrare in produzione in modo pi\u00f9 rapido ed efficiente<\/li>\n<\/ul>\n\n<\/div><\/div><\/div>\n<\/div>\n<\/div><\/div>\n\n<div class=\"gb-container gb-container-5c90a40d atsls-tabs-section alignfull\"><div class=\"gb-inside-container\">\n<div class=\"gb-container gb-container-10e17416 alignfull\"><div class=\"gb-inside-container\">\n<div class=\"gb-container gb-container-f8b0bab5 active\" id=\"content-1\" data-tab-content=\"1\"><div class=\"gb-inside-container\">\n<div class=\"gb-grid-wrapper gb-grid-wrapper-b4037f08\">\n<div class=\"gb-grid-column gb-grid-column-2d7cd852\"><div class=\"gb-container gb-container-2d7cd852\"><div class=\"gb-inside-container\">\n\n<h3 class=\"gb-headline gb-headline-64eda65b gb-headline-text gb-headline-h3-global\">Caratteristiche<\/h3>\n\n\n\n<ul class=\"has-white-color has-text-color wp-block-list\" style=\"font-size:18px\">\n<li>Controllo indipendente della navetta con dimensioni regolabili della navetta e del nido<\/li>\n\n\n\n<li>Modularit\u00e0 per scalare facilmente e ridurre il time to market<\/li>\n\n\n\n<li>Facile distribuzione e ridistribuzione<\/li>\n\n\n\n<li>Funzionalit\u00e0 integrate<\/li>\n<\/ul>\n\n<\/div><\/div><\/div>\n\n<div class=\"gb-grid-column gb-grid-column-c90f0341\"><div class=\"gb-container gb-container-c90f0341\"><div class=\"gb-inside-container\">\n\n<h3 class=\"gb-headline gb-headline-b823542e gb-headline-text gb-headline-h3-global\">Applicazioni<\/h3>\n\n\n\n<ul class=\"has-white-color has-text-color wp-block-list\">\n<li>Alta velocit\u00e0 con un elevato grado di precisione nel posizionamento e nella lavorazione<\/li>\n\n\n\n<li>Accelerazione e decelerazione regolabili per una manipolazione delicata<\/li>\n\n\n\n<li>Sistemi di automazione meno complessi e pi\u00f9 adattabili<\/li>\n<\/ul>\n\n<\/div><\/div><\/div>\n\n<div class=\"gb-grid-column gb-grid-column-9bd67056\"><div class=\"gb-container gb-container-9bd67056\"><div class=\"gb-inside-container\">\n\n<h3 class=\"gb-headline gb-headline-78d8b134 gb-headline-text gb-headline-h3-global\">Consigliata per<\/h3>\n\n\n\n<ul class=\"has-white-color has-text-color wp-block-list\">\n<li>Conformit\u00e0 alle camere bianche<\/li>\n\n\n\n<li>Funzionamento silenzioso a &gt;75 dBA<\/li>\n\n\n\n<li>Riduzione dell\u2019ingombro in fabbrica<\/li>\n\n\n\n<li>Carico utile: +10 kg per navetta<\/li>\n<\/ul>\n\n<\/div><\/div><\/div>\n<\/div>\n<\/div><\/div>\n<\/div><\/div>\n<\/div><\/div>\n\n<div class=\"gb-container gb-container-1b9416e6 segment-icons-wrp\"><div class=\"gb-inside-container\">\n<div class=\"gb-container gb-container-ff49c6db\"><div class=\"gb-inside-container\">\n\n<h2 class=\"gb-headline gb-headline-489968c2 gb-headline-text\">Vantaggi principali<\/h2>\n\n\n\n<p class=\"gb-headline gb-headline-c786cebb gb-headline-text gb-headline-paragraph-global\">Sviluppata per le applicazioni di automazione delle life science pi\u00f9 esigenti, \u00e8 la piattaforma leader per velocit\u00e0, precisione e funzionalit\u00e0 integrate.<\/p>\n\n<\/div><\/div>\n\n<div class=\"gb-grid-wrapper gb-grid-wrapper-a9e6320c automation-solutions-cards\">\n<div class=\"gb-grid-column gb-grid-column-55870fa8\"><div class=\"gb-container gb-container-55870fa8\"><div class=\"gb-inside-container\">\n\n<h3 class=\"gb-headline gb-headline-b29ab1f2 gb-headline-text\"><img loading=\"lazy\" decoding=\"async\" width=\"70\" height=\"29\" class=\"wp-image-18122\" style=\"width: 70px;\" src=\"https:\/\/www.atslifesciences.com\/wp-content\/uploads\/sites\/63\/2024\/06\/lines.svg\" alt=\"\"> Tempi di ciclo e produttivit\u00e0 migliorati<\/h3>\n\n\n\n<p class=\"gb-headline gb-headline-792feee8 gb-headline-text\">Il trasporto intelligente \u00e8 veloce e preciso; il tempo dedicato al movimento delle parti si riduce, mentre quello dedicato al processo si allunga. La piattaforma consente inoltre di ottimizzare la progettazione delle stazioni per ottenere prestazioni pi\u00f9 elevate, con un impatto diretto sull\u2019OEE.<\/p>\n\n<\/div><\/div><\/div>\n\n<div class=\"gb-grid-column gb-grid-column-caede995\"><div class=\"gb-container gb-container-caede995\"><div class=\"gb-inside-container\">\n\n<h3 class=\"gb-headline gb-headline-ff16d6b0 gb-headline-text\"><img loading=\"lazy\" decoding=\"async\" width=\"70\" height=\"29\" class=\"wp-image-18122\" style=\"width: 70px;\" src=\"https:\/\/www.atslifesciences.com\/wp-content\/uploads\/sites\/63\/2024\/06\/lines.svg\" alt=\"\"> Produzione in camera bianca<\/h3>\n\n\n\n<p class=\"gb-headline gb-headline-0dd17fec gb-headline-text\">Sviluppata pensando alle esigenze delle industrie mediche e farmaceutiche. Con poche parti in movimento, la piattaforma \u00e8 di facile manutenzione e genera pochissimo particolato, con conseguente riduzione dei tempi di inattivit\u00e0 e aumento della produttivit\u00e0.<\/p>\n\n<\/div><\/div><\/div>\n\n<div class=\"gb-grid-column gb-grid-column-72e0f1a7\"><div class=\"gb-container gb-container-72e0f1a7\"><div class=\"gb-inside-container\">\n\n<h3 class=\"gb-headline gb-headline-270089b4 gb-headline-text\"><img loading=\"lazy\" decoding=\"async\" width=\"70\" height=\"29\" class=\"wp-image-18122\" style=\"width: 70px;\" src=\"https:\/\/www.atslifesciences.com\/wp-content\/uploads\/sites\/63\/2024\/06\/lines.svg\" alt=\"\"> Riduzione dell\u2019ingombro in fabbrica<\/h3>\n\n\n\n<p class=\"gb-headline gb-headline-a6e7a25c gb-headline-text\">Le configurazioni multiple consentono di ottimizzare il layout dello stabilimento, riducendo le ridondanze in termini di attrezzi e stazioni. La piattaforma offre diverse opzioni di configurazione per massimizzare il ROI.<\/p>\n\n<\/div><\/div><\/div>\n\n<div class=\"gb-grid-column gb-grid-column-9dba5739\"><div class=\"gb-container gb-container-9dba5739\"><div class=\"gb-inside-container\">\n\n<h3 class=\"gb-headline gb-headline-a367a1c3 gb-headline-text\"><img loading=\"lazy\" decoding=\"async\" width=\"70\" height=\"29\" class=\"wp-image-18122\" style=\"width: 70px;\" src=\"https:\/\/www.atslifesciences.com\/wp-content\/uploads\/sites\/63\/2024\/06\/lines.svg\" alt=\"\"> Facile distribuzione e riorganizzazione<\/h3>\n\n\n\n<p class=\"gb-headline gb-headline-93d024d6 gb-headline-text\">Che siate alle prese con le prime fasi di sviluppo del prodotto, stiate aumentandone la produzione o vi troviate nella sua fase matura, la piattaforma pu\u00f2 essere riconfigurata in base alle attuali esigenze aziendali.<\/p>\n\n<\/div><\/div><\/div>\n<\/div>\n\n<div class=\"gb-grid-wrapper gb-grid-wrapper-fbd41d93\">\n<div class=\"gb-grid-column gb-grid-column-c451c9c5\"><div class=\"gb-container gb-container-c451c9c5\"><div class=\"gb-inside-container\">\n<div class=\"gb-button-wrapper gb-button-wrapper-739011f7\">\n\n<a class=\"gb-button gb-button-e458903b gb-button-text atsls-btn\" href=\"https:\/\/supertrakconveyance.com\/\" target=\"_blank\" rel=\"noopener noreferrer\">VISITA IL SITO WEB SUPERTRAK CONVEYANCE<\/a>\n\n<\/div>\n<\/div><\/div><\/div>\n<\/div>\n<\/div><\/div>\n\n<div class=\"gb-container gb-container-99057163 alignfull\"><div class=\"gb-inside-container\">\n<div class=\"gb-grid-wrapper gb-grid-wrapper-120d7e88\">\n<div class=\"gb-grid-column gb-grid-column-d19b681e\"><div class=\"gb-container gb-container-d19b681e\"><div class=\"gb-inside-container\">\n\n<h2 class=\"gb-headline gb-headline-039a8025 gb-headline-text\">Design modulare in grado di crescere con i vostri macchinari per prodotti farmaceutici e dispositivi medici<\/h2>\n\n\n\n<p class=\"has-white-color has-text-color\">Contattateci per discutere delle opzioni di trasporto per le fasi di sviluppo, convalida e produzione.<\/p>\n\n\n<div class=\"gb-button-wrapper gb-button-wrapper-7060a3aa\">\n\n<a class=\"gb-button gb-button-08929853 gb-button-text atsls-btn atsls-modal-btn\" href=\"#\" data-id=\"atsls-modal-medium\">Contattaci<\/a>\n\n<\/div>\n<\/div><\/div><\/div>\n\n<div class=\"gb-grid-column gb-grid-column-832106cf\"><div class=\"gb-container gb-container-832106cf\"><div class=\"gb-inside-container\"><\/div><\/div><\/div>\n<\/div>\n<\/div><\/div>\n\n<div class=\"gb-container gb-container-c4f2ffb8 atsls-modal atsls-modal-medium alignfull\" data-id=\"atsls-modal-medium\"><div class=\"gb-inside-container\">\n\n<h2 class=\"gb-headline gb-headline-63a91292 gb-headline-text\">Contattaci<\/h2>\n\n\n\n\n<!-- iframe plugin v.5.1 wordpress.org\/plugins\/iframe\/ -->\n<iframe loading=\"lazy\" data-cookieconsent=\"ignore\" id=\"pardot-iframe\" style=\"border: 0;\" src=\"https:\/\/go.atsautomation.com\/l\/651873\/2023-04-05\/h5mk32?Source_Page=supertrakgen3\" width=\"100%\" frameborder=\"0\" height=\"500\" scrolling=\"yes\" class=\"iframe-class\"><\/iframe>\n\n\n<\/div><\/div>","protected":false},"excerpt":{"rendered":"<p>Vantaggi principali Sviluppata per le applicazioni di automazione delle life science pi\u00f9 esigenti, \u00e8 la piattaforma leader per velocit\u00e0, precisione e funzionalit\u00e0 integrate. Contattaci<\/p>\n","protected":false},"author":420,"featured_media":0,"parent":13952,"menu_order":0,"comment_status":"closed","ping_status":"closed","template":"page-templates\/empty.php","meta":{"_acf_changed":false,"_cr_original_post":"","_cr_replace_post_id":"","_cr_replacing_post_id":"","inline_featured_image":false,"cover_image":0,"footnotes":""},"coauthors":[126],"class_list":["post-13980","page","type-page","status-publish","hentry"],"yoast_head":"<!-- This site is optimized with the Yoast SEO Premium plugin v26.8 (Yoast SEO v26.8) - https:\/\/yoast.com\/product\/yoast-seo-premium-wordpress\/ -->\n<title>SuperTrak GEN3\u2122 - ATS Life Sciences<\/title>\n<meta name=\"robots\" content=\"index, follow, max-snippet:-1, max-image-preview:large, max-video-preview:-1\" \/>\n<link rel=\"canonical\" href=\"https:\/\/www.atslifesciences.com\/it\/soluzioni-diautomazione\/trasporto\/supertrak-gen3\/\" \/>\n<meta property=\"og:locale\" content=\"it_IT\" \/>\n<meta property=\"og:type\" content=\"article\" \/>\n<meta property=\"og:title\" content=\"SuperTrak GEN3\u2122\" \/>\n<meta property=\"og:description\" content=\"Vantaggi principali Sviluppata per le applicazioni di automazione delle life science pi\u00f9 esigenti, \u00e8 la piattaforma leader per velocit\u00e0, precisione e funzionalit\u00e0 integrate. Contattaci\" \/>\n<meta property=\"og:url\" content=\"https:\/\/www.atslifesciences.com\/it\/soluzioni-diautomazione\/trasporto\/supertrak-gen3\/\" \/>\n<meta property=\"og:site_name\" content=\"ATS Life Sciences\" \/>\n<meta property=\"article:modified_time\" content=\"2024-07-07T14:02:28+00:00\" \/>\n<meta property=\"og:image\" content=\"https:\/\/www.atslifesciences.com\/wp-content\/uploads\/sites\/63\/2024\/06\/lines.svg\" \/>\n<meta name=\"twitter:card\" content=\"summary_large_image\" \/>\n<meta name=\"twitter:label1\" content=\"Tempo di lettura stimato\" \/>\n\t<meta name=\"twitter:data1\" content=\"3 minuti\" \/>\n\t<meta name=\"twitter:label2\" content=\"Written by\" \/>\n\t<meta name=\"twitter:data2\" content=\"dave\" \/>\n<script type=\"application\/ld+json\" class=\"yoast-schema-graph\">{\"@context\":\"https:\/\/schema.org\",\"@graph\":[{\"@type\":\"WebPage\",\"@id\":\"https:\/\/www.atslifesciences.com\/it\/soluzioni-diautomazione\/trasporto\/supertrak-gen3\/\",\"url\":\"https:\/\/www.atslifesciences.com\/it\/soluzioni-diautomazione\/trasporto\/supertrak-gen3\/\",\"name\":\"SuperTrak GEN3\u2122 - ATS Life Sciences\",\"isPartOf\":{\"@id\":\"https:\/\/www.atslifesciences.com\/it\/#website\"},\"primaryImageOfPage\":{\"@id\":\"https:\/\/www.atslifesciences.com\/it\/soluzioni-diautomazione\/trasporto\/supertrak-gen3\/#primaryimage\"},\"image\":{\"@id\":\"https:\/\/www.atslifesciences.com\/it\/soluzioni-diautomazione\/trasporto\/supertrak-gen3\/#primaryimage\"},\"thumbnailUrl\":\"https:\/\/www.atslifesciences.com\/wp-content\/uploads\/sites\/63\/2024\/06\/lines.svg\",\"datePublished\":\"2023-04-20T15:10:08+00:00\",\"dateModified\":\"2024-07-07T14:02:28+00:00\",\"breadcrumb\":{\"@id\":\"https:\/\/www.atslifesciences.com\/it\/soluzioni-diautomazione\/trasporto\/supertrak-gen3\/#breadcrumb\"},\"inLanguage\":\"it-IT\",\"potentialAction\":[{\"@type\":\"ReadAction\",\"target\":[\"https:\/\/www.atslifesciences.com\/it\/soluzioni-diautomazione\/trasporto\/supertrak-gen3\/\"]}]},{\"@type\":\"ImageObject\",\"inLanguage\":\"it-IT\",\"@id\":\"https:\/\/www.atslifesciences.com\/it\/soluzioni-diautomazione\/trasporto\/supertrak-gen3\/#primaryimage\",\"url\":\"https:\/\/www.atslifesciences.com\/wp-content\/uploads\/sites\/63\/2024\/06\/lines.svg\",\"contentUrl\":\"https:\/\/www.atslifesciences.com\/wp-content\/uploads\/sites\/63\/2024\/06\/lines.svg\"},{\"@type\":\"BreadcrumbList\",\"@id\":\"https:\/\/www.atslifesciences.com\/it\/soluzioni-diautomazione\/trasporto\/supertrak-gen3\/#breadcrumb\",\"itemListElement\":[{\"@type\":\"ListItem\",\"position\":1,\"name\":\"Home\",\"item\":\"https:\/\/www.atslifesciences.com\/it\/\"},{\"@type\":\"ListItem\",\"position\":2,\"name\":\"TRASPORTO\",\"item\":\"https:\/\/www.atslifesciences.com\/it\/soluzioni-di-automazione__trashed\/trasporto\/\"},{\"@type\":\"ListItem\",\"position\":3,\"name\":\"SuperTrak GEN3\u2122\"}]},{\"@type\":\"WebSite\",\"@id\":\"https:\/\/www.atslifesciences.com\/it\/#website\",\"url\":\"https:\/\/www.atslifesciences.com\/it\/\",\"name\":\"ATS Life Sciences\",\"description\":\"\",\"potentialAction\":[{\"@type\":\"SearchAction\",\"target\":{\"@type\":\"EntryPoint\",\"urlTemplate\":\"https:\/\/www.atslifesciences.com\/it\/?s={search_term_string}\"},\"query-input\":{\"@type\":\"PropertyValueSpecification\",\"valueRequired\":true,\"valueName\":\"search_term_string\"}}],\"inLanguage\":\"it-IT\"}]}<\/script>\n<!-- \/ Yoast SEO Premium plugin. -->","yoast_head_json":{"title":"SuperTrak GEN3\u2122 - ATS Life Sciences","robots":{"index":"index","follow":"follow","max-snippet":"max-snippet:-1","max-image-preview":"max-image-preview:large","max-video-preview":"max-video-preview:-1"},"canonical":"https:\/\/www.atslifesciences.com\/it\/soluzioni-diautomazione\/trasporto\/supertrak-gen3\/","og_locale":"it_IT","og_type":"article","og_title":"SuperTrak GEN3\u2122","og_description":"Vantaggi principali Sviluppata per le applicazioni di automazione delle life science pi\u00f9 esigenti, \u00e8 la piattaforma leader per velocit\u00e0, precisione e funzionalit\u00e0 integrate. Contattaci","og_url":"https:\/\/www.atslifesciences.com\/it\/soluzioni-diautomazione\/trasporto\/supertrak-gen3\/","og_site_name":"ATS Life Sciences","article_modified_time":"2024-07-07T14:02:28+00:00","og_image":[{"url":"https:\/\/www.atslifesciences.com\/wp-content\/uploads\/sites\/63\/2024\/06\/lines.svg","type":"","width":"","height":""}],"twitter_card":"summary_large_image","twitter_misc":{"Tempo di lettura stimato":"3 minuti","Written by":"dave"},"schema":{"@context":"https:\/\/schema.org","@graph":[{"@type":"WebPage","@id":"https:\/\/www.atslifesciences.com\/it\/soluzioni-diautomazione\/trasporto\/supertrak-gen3\/","url":"https:\/\/www.atslifesciences.com\/it\/soluzioni-diautomazione\/trasporto\/supertrak-gen3\/","name":"SuperTrak GEN3\u2122 - ATS Life Sciences","isPartOf":{"@id":"https:\/\/www.atslifesciences.com\/it\/#website"},"primaryImageOfPage":{"@id":"https:\/\/www.atslifesciences.com\/it\/soluzioni-diautomazione\/trasporto\/supertrak-gen3\/#primaryimage"},"image":{"@id":"https:\/\/www.atslifesciences.com\/it\/soluzioni-diautomazione\/trasporto\/supertrak-gen3\/#primaryimage"},"thumbnailUrl":"https:\/\/www.atslifesciences.com\/wp-content\/uploads\/sites\/63\/2024\/06\/lines.svg","datePublished":"2023-04-20T15:10:08+00:00","dateModified":"2024-07-07T14:02:28+00:00","breadcrumb":{"@id":"https:\/\/www.atslifesciences.com\/it\/soluzioni-diautomazione\/trasporto\/supertrak-gen3\/#breadcrumb"},"inLanguage":"it-IT","potentialAction":[{"@type":"ReadAction","target":["https:\/\/www.atslifesciences.com\/it\/soluzioni-diautomazione\/trasporto\/supertrak-gen3\/"]}]},{"@type":"ImageObject","inLanguage":"it-IT","@id":"https:\/\/www.atslifesciences.com\/it\/soluzioni-diautomazione\/trasporto\/supertrak-gen3\/#primaryimage","url":"https:\/\/www.atslifesciences.com\/wp-content\/uploads\/sites\/63\/2024\/06\/lines.svg","contentUrl":"https:\/\/www.atslifesciences.com\/wp-content\/uploads\/sites\/63\/2024\/06\/lines.svg"},{"@type":"BreadcrumbList","@id":"https:\/\/www.atslifesciences.com\/it\/soluzioni-diautomazione\/trasporto\/supertrak-gen3\/#breadcrumb","itemListElement":[{"@type":"ListItem","position":1,"name":"Home","item":"https:\/\/www.atslifesciences.com\/it\/"},{"@type":"ListItem","position":2,"name":"TRASPORTO","item":"https:\/\/www.atslifesciences.com\/it\/soluzioni-di-automazione__trashed\/trasporto\/"},{"@type":"ListItem","position":3,"name":"SuperTrak GEN3\u2122"}]},{"@type":"WebSite","@id":"https:\/\/www.atslifesciences.com\/it\/#website","url":"https:\/\/www.atslifesciences.com\/it\/","name":"ATS Life Sciences","description":"","potentialAction":[{"@type":"SearchAction","target":{"@type":"EntryPoint","urlTemplate":"https:\/\/www.atslifesciences.com\/it\/?s={search_term_string}"},"query-input":{"@type":"PropertyValueSpecification","valueRequired":true,"valueName":"search_term_string"}}],"inLanguage":"it-IT"}]}},"acf":[],"jetpack_sharing_enabled":true,"_links":{"self":[{"href":"https:\/\/www.atslifesciences.com\/it\/wp-json\/wp\/v2\/pages\/13980","targetHints":{"allow":["GET"]}}],"collection":[{"href":"https:\/\/www.atslifesciences.com\/it\/wp-json\/wp\/v2\/pages"}],"about":[{"href":"https:\/\/www.atslifesciences.com\/it\/wp-json\/wp\/v2\/types\/page"}],"author":[{"embeddable":true,"href":"https:\/\/www.atslifesciences.com\/it\/wp-json\/wp\/v2\/users\/420"}],"replies":[{"embeddable":true,"href":"https:\/\/www.atslifesciences.com\/it\/wp-json\/wp\/v2\/comments?post=13980"}],"version-history":[{"count":5,"href":"https:\/\/www.atslifesciences.com\/it\/wp-json\/wp\/v2\/pages\/13980\/revisions"}],"predecessor-version":[{"id":19738,"href":"https:\/\/www.atslifesciences.com\/it\/wp-json\/wp\/v2\/pages\/13980\/revisions\/19738"}],"up":[{"embeddable":true,"href":"https:\/\/www.atslifesciences.com\/it\/wp-json\/wp\/v2\/pages\/13952"}],"wp:attachment":[{"href":"https:\/\/www.atslifesciences.com\/it\/wp-json\/wp\/v2\/media?parent=13980"}],"wp:term":[{"taxonomy":"author","embeddable":true,"href":"https:\/\/www.atslifesciences.com\/it\/wp-json\/wp\/v2\/coauthors?post=13980"}],"curies":[{"name":"wp","href":"https:\/\/api.w.org\/{rel}","templated":true}]}}