{"id":13958,"date":"2023-03-08T16:45:58","date_gmt":"2023-03-08T16:45:58","guid":{"rendered":"https:\/\/www.atslifesciences.com\/soluzioni-di-automazione\/software-iiot\/"},"modified":"2024-07-07T12:02:20","modified_gmt":"2024-07-07T12:02:20","slug":"software-iiot","status":"publish","type":"page","link":"https:\/\/www.atslifesciences.com\/it\/soluzioni-diautomazione\/software-iiot\/","title":{"rendered":"SOFTWARE (IIOT)"},"content":{"rendered":"\n<div class=\"atsls-secondary-hero\" id=\"atsls-secondary-hero-block_9f928b5bccb29e03bec1363e3cb18e52\">\n\n  <div class=\"inner-wrp\">\n\n    \n      <div class=\"background-wrp\" style=\"background-image: url(https:\/\/www.atslifesciences.com\/wp-content\/uploads\/sites\/63\/2024\/06\/software-iiot.jpg);\">\n                  <div class=\"img-wrp\">\n            <img decoding=\"async\" src=\"https:\/\/www.atslifesciences.com\/wp-content\/uploads\/sites\/63\/2024\/06\/software-iiot.jpg\">\n          <\/div>\n              <\/div>\n\n    \n    <div class=\"container\">\n\n      <div class=\"row\">\n\n        <div class=\"col-md-5\">\n\n          <div class=\"sub-title\">\n            <p>Data intelligence e prestazioni di produzione<\/p>\n          <\/div>\n          \n          <div class=\"title-part\">\n            <h1>SOFTWARE (IIOT)<\/h1>\n          <\/div>\n\n          <div class=\"description\">\n            <p>In un ambiente GMP ci si aspetta che la qualit\u00e0 del prodotto sia confermata, che l\u2019integrit\u00e0 dei dati sia mantenuta, che le prestazioni delle apparecchiature siano monitorate e che il personale sia addestrato per dimostrare la propria competenza.\u00a0Le nostre soluzioni intelligenti di test, ispezione e digitali sono state sviluppate per rispondere a tutte queste esigenze, garantendo allo stesso tempo maggiore efficienza, affidabilit\u00e0, costi inferiori e un migliore collegamento in rete.<\/p>\n          <\/div>\n\n          \n        <\/div>\n        \n      <\/div>\n\n    <\/div>\n  \n  <\/div>\n\n<\/div>\n\n<style type=\"text\/css\">\n#atsls-secondary-hero-block_9f928b5bccb29e03bec1363e3cb18e52 {\n  padding-top: 100px;\n  background-color: #0A2463;\n}\n\n#atsls-secondary-hero-block_9f928b5bccb29e03bec1363e3cb18e52 .inner-wrp {\n  padding-top: 6rem;\n  padding-bottom: 6rem;\n  position: relative;\n}\n\n\n#atsls-secondary-hero-block_9f928b5bccb29e03bec1363e3cb18e52 .inner-wrp .background-wrp {\n  background-repeat: no-repeat;\n  background-position: center;\n  background-size: cover;\n  position: relative;\n  width: 55%;\n  height: 100%;\n  position: absolute;\n  top: 0;\n  right: 0;\n  z-index: 1;\n  overflow: hidden;\n}\n#atsls-secondary-hero-block_9f928b5bccb29e03bec1363e3cb18e52 .inner-wrp .background-wrp .img-wrp {\n  display: none;\n  position: relative;\n  height: 0;\n  width: 100%;\n  padding-bottom: 56.25%;\n  margin-bottom: 0px;\n  overflow: hidden;\n}\n#atsls-secondary-hero-block_9f928b5bccb29e03bec1363e3cb18e52 .inner-wrp .background-wrp .img-wrp img {\n  position: absolute;\n  width: 100%;\n  height: 100%;\n  top: 0;\n  left: 0;\n  object-fit: cover;\n  object-position: center;\n}\n\n#atsls-secondary-hero-block_9f928b5bccb29e03bec1363e3cb18e52 .inner-wrp .background-video-wrp {\n  background-repeat: no-repeat;\n  background-position: center;\n  background-size: cover;\n  position: relative;\n  width: 55%;\n  height: 100%;\n  position: absolute;\n  top: 0;\n  right: 0;\n  z-index: 1;\n  overflow: hidden;\n}\n#atsls-secondary-hero-block_9f928b5bccb29e03bec1363e3cb18e52 .inner-wrp .background-video-wrp .video-wrp {\n  display: block;\n  position: relative;\n  height: 0;\n  width: 100%;\n  padding-bottom: 60%;\n  margin-bottom: 0px;\n  overflow: hidden;\n}\n#atsls-secondary-hero-block_9f928b5bccb29e03bec1363e3cb18e52 .inner-wrp .background-video-wrp .video-wrp video {\n  position: absolute;\n  width: 100%;\n  height: 100%;\n  top: 0;\n  left: 0;\n  object-fit: cover;\n  object-position: center;\n}\n\n#atsls-secondary-hero-block_9f928b5bccb29e03bec1363e3cb18e52 .container {\n  position: relative;\n  z-index: 2;\n}\n\n#atsls-secondary-hero-block_9f928b5bccb29e03bec1363e3cb18e52 .inner-wrp::after {\n  content: \"\";\n  width: 65%;\n  height: 100%;\n  position: absolute;\n  top: 0;\n  left: -10%;\n  transform: skew(-20deg);\n  background-color: #0A2463;\n  border-right: 6px solid #41BFAC;\n  z-index: 1;\n}\n#atsls-secondary-hero-block_9f928b5bccb29e03bec1363e3cb18e52 .title-part h1, #atsls-secondary-hero-block_9f928b5bccb29e03bec1363e3cb18e52 .title-part .h1 {\n  color: #FFF;\n  font-family: \"Roboto\", sans-serif;\n  font-size: 48px;\n  font-style: normal;\n  font-weight: 500;\n  line-height: normal;\n  margin-bottom: 15px;\n}\n.single-news-page #atsls-secondary-hero-block_9f928b5bccb29e03bec1363e3cb18e52 .title-part h1 {\n  font-size: 28px;\n  text-transform: unset;\n}\n#atsls-secondary-hero-block_9f928b5bccb29e03bec1363e3cb18e52 .sub-title p {\n  color: #9ACD4F;\n  \/* Subtitle *\/\n  font-family: \"Roboto\", sans-serif;\n  font-size: 16px;\n  font-style: normal;\n  font-weight: 500;\n  line-height: 140%; \/* 22.4px *\/\n  margin-bottom: 5px;\n}\n#atsls-secondary-hero-block_9f928b5bccb29e03bec1363e3cb18e52 .description p {\n  color: #FFF;\n  \/* Paragraph *\/\n  font-family: \"Roboto\", sans-serif;\n  font-size: 18px;\n  font-style: normal;\n  font-weight: 400;\n  line-height: 140%; \/* 25.2px *\/\n}\n#atsls-secondary-hero-block_9f928b5bccb29e03bec1363e3cb18e52 .cta-btn {\n  padding-top: 15px;\n}\n#atsls-secondary-hero-block_9f928b5bccb29e03bec1363e3cb18e52 .cta-btn a {\n  position: relative;\n  padding: 10px 40px !important;\n  transition: all ease 0.3s !important;\n  background-color: #9ACD4F;\n  text-decoration: none;\n  color: #071630;\n  font-size: 18px;\n}\n\n#atsls-secondary-hero-block_9f928b5bccb29e03bec1363e3cb18e52 .cta-btn a:before {\n  content: \"\" !important;\n  background-image: url('https:\/\/www.atslifesciences.com\/wp-content\/themes\/atsls-2024\/assets\/btn-icon.svg');\n  width: 30px;\n  height: 30px;\n  background-repeat: no-repeat;\n  background-position: center;\n  background-size: 30px 30px;\n  position: absolute;\n  top: 8px !important;\n  left: 20px !important;\n  opacity: 0;\n  transition: all ease 0.3s;\n}\n\n#atsls-secondary-hero-block_9f928b5bccb29e03bec1363e3cb18e52 .cta-btn a:hover {\n  padding-left: 60px !important;\n  padding-right: 20px !important;\n}\n#atsls-secondary-hero-block_9f928b5bccb29e03bec1363e3cb18e52 .cta-btn a:hover:before {\n  opacity: 1;\n}\n\n\n@media (max-width: 768px) {\n  #atsls-secondary-hero-block_9f928b5bccb29e03bec1363e3cb18e52 {\n    padding-top: 79px;\n  }\n  #atsls-secondary-hero-block_9f928b5bccb29e03bec1363e3cb18e52 .title-part h1 {\n    font-size: 30px;\n  }\n  #atsls-secondary-hero-block_9f928b5bccb29e03bec1363e3cb18e52 .inner-wrp {\n    padding-top: 0px;\n    padding-bottom: 32px;\n  }\n  #atsls-secondary-hero-block_9f928b5bccb29e03bec1363e3cb18e52 .inner-wrp::after {\n    width: 100%;\n    height: 100%;\n    left: 0;\n    top: 0;\n    transform: unset;\n    border: none;\n  }\n\n  #atsls-secondary-hero-block_9f928b5bccb29e03bec1363e3cb18e52 .inner-wrp .background-wrp {\n    width: 100%;\n    position: relative;\n    height: auto;\n    z-index: 2;\n    margin-bottom: 30px;\n  }\n  #atsls-secondary-hero-block_9f928b5bccb29e03bec1363e3cb18e52 .inner-wrp .background-wrp .img-wrp {\n    display: block;\n  }\n  #atsls-secondary-hero-block_9f928b5bccb29e03bec1363e3cb18e52 .inner-wrp .background-video-wrp {\n    width: 100%;\n    position: relative;\n    height: auto;\n    z-index: 2;\n    margin-bottom: 30px;\n  }\n}\n\n<\/style>\n\n\n<div class=\"gb-container gb-container-0fdfa3be\"><div class=\"gb-inside-container\">\n\n<h2 class=\"gb-headline gb-headline-9867b477 gb-headline-text\">Specializzazione<\/h2>\n\n\n<div class=\"gb-grid-wrapper gb-grid-wrapper-e74a051f segments-card\">\n<div class=\"gb-grid-column gb-grid-column-7b0c1ef9\"><div class=\"gb-container gb-container-7b0c1ef9 card-item\"><div class=\"gb-inside-container\">\n\n<figure class=\"gb-block-image gb-block-image-590a5cca\"><img decoding=\"async\" loading=\"lazy\" width=\"1920\" height=\"1080\" class=\"gb-image gb-image-590a5cca\" src=\"https:\/\/www.atslifesciences.com\/wp-content\/uploads\/sites\/63\/2023\/01\/Illuminate-Commercial_Short.jpg\" alt=\"ILLUMINATE\u2122 MANUFACTURING INTELLIGENCE\" title=\"ILLUMINATE\u2122 MANUFACTURING INTELLIGENCE\" srcset=\"https:\/\/www.atslifesciences.com\/wp-content\/uploads\/sites\/63\/2023\/01\/Illuminate-Commercial_Short.jpg 1920w, https:\/\/www.atslifesciences.com\/wp-content\/uploads\/sites\/63\/2023\/01\/Illuminate-Commercial_Short.jpg?resize=300,169 300w, https:\/\/www.atslifesciences.com\/wp-content\/uploads\/sites\/63\/2023\/01\/Illuminate-Commercial_Short.jpg?resize=768,432 768w, https:\/\/www.atslifesciences.com\/wp-content\/uploads\/sites\/63\/2023\/01\/Illuminate-Commercial_Short.jpg?resize=1024,576 1024w, https:\/\/www.atslifesciences.com\/wp-content\/uploads\/sites\/63\/2023\/01\/Illuminate-Commercial_Short.jpg?resize=1536,864 1536w\" sizes=\"auto, (max-width: 1920px) 100vw, 1920px\" \/><\/figure>\n\n\n\n<h3 class=\"gb-headline gb-headline-d31cb47d gb-headline-text\">Illuminate\u2122 Manufacturing Intelligence<\/h3>\n\n\n\n<p class=\"gb-headline gb-headline-dfcbca66 gb-headline-text\">Un software di produzione intelligente che utilizza i dati delle macchine per massimizzare la produttivit\u00e0, aumentare i tempi di attivit\u00e0, ridurre i costi e migliorare la qualit\u00e0, consentendovi di passare dai dati alle decisioni in pochi minuti con intuizioni rivoluzionarie<\/p>\n\n\n<div class=\"gb-button-wrapper gb-button-wrapper-007de69b\">\n\n<a class=\"gb-button gb-button-88ebe1c3 gb-button-text\" href=\"https:\/\/www.atslifesciences.com\/it\/prodotti\/prestazioni\/#h-illuminate-manufacturing-intelligence\">Per saperne di pi\u00f9<\/a>\n\n<\/div>\n<\/div><\/div><\/div>\n\n<div class=\"gb-grid-column gb-grid-column-a7527c86\"><div class=\"gb-container gb-container-a7527c86 card-item\"><div class=\"gb-inside-container\">\n\n<figure class=\"gb-block-image gb-block-image-4be46109\"><img decoding=\"async\" loading=\"lazy\" width=\"1203\" height=\"676\" class=\"gb-image gb-image-4be46109\" src=\"https:\/\/www.atslifesciences.com\/wp-content\/uploads\/sites\/63\/2021\/11\/Illuminate-Smart-Coach-e1639162338823.jpg\" alt=\"Trainer with headset and camera describing how to complete a tooling changeover\" title=\"Smart Coach\u2122 Mobile Training Solution\" srcset=\"https:\/\/www.atslifesciences.com\/wp-content\/uploads\/sites\/63\/2021\/11\/Illuminate-Smart-Coach-e1639162338823.jpg 1203w, https:\/\/www.atslifesciences.com\/wp-content\/uploads\/sites\/63\/2021\/11\/Illuminate-Smart-Coach-e1639162338823.jpg?resize=300,169 300w, https:\/\/www.atslifesciences.com\/wp-content\/uploads\/sites\/63\/2021\/11\/Illuminate-Smart-Coach-e1639162338823.jpg?resize=768,432 768w, https:\/\/www.atslifesciences.com\/wp-content\/uploads\/sites\/63\/2021\/11\/Illuminate-Smart-Coach-e1639162338823.jpg?resize=1024,575 1024w\" sizes=\"auto, (max-width: 1203px) 100vw, 1203px\" \/><\/figure>\n\n\n\n<h3 class=\"gb-headline gb-headline-0b42a945 gb-headline-text\">Soluzione di formazione mobile Smart Coach\u2122<\/h3>\n\n\n\n<p class=\"gb-headline gb-headline-79e5d701 gb-headline-text\">Una piattaforma di formazione comoda, mobile, on demand, accessibile a livello globale e personalizzabile, creata dai nostri esperti per trasmettere importanti contenuti di assistenza attraverso audio, video, documentazione, disegni, modelli, istruzioni e manuali<\/p>\n\n\n<div class=\"gb-button-wrapper gb-button-wrapper-a16348c4\">\n\n<a class=\"gb-button gb-button-4197f7fa gb-button-text\" href=\"https:\/\/www.atslifesciences.com\/it\/prodotti\/prestazioni\/#h-smart-coach\">Per saperne di pi\u00f9<\/a>\n\n<\/div>\n<\/div><\/div><\/div>\n\n<div class=\"gb-grid-column gb-grid-column-0cc2b544\"><div class=\"gb-container gb-container-0cc2b544 card-item\"><div class=\"gb-inside-container\">\n\n<figure class=\"gb-block-image gb-block-image-8defbf6e\"><img decoding=\"async\" loading=\"lazy\" width=\"2469\" height=\"1387\" class=\"gb-image gb-image-8defbf6e\" src=\"https:\/\/www.atslifesciences.com\/wp-content\/uploads\/sites\/63\/2021\/12\/SmartVision-M-edited.jpg\" alt=\"SmartVision\u2122 M+ Inspection Solution\" title=\"SmartVision\u2122 M+ Inspection Solution\" srcset=\"https:\/\/www.atslifesciences.com\/wp-content\/uploads\/sites\/63\/2021\/12\/SmartVision-M-edited.jpg 2469w, https:\/\/www.atslifesciences.com\/wp-content\/uploads\/sites\/63\/2021\/12\/SmartVision-M-edited.jpg?resize=300,169 300w, https:\/\/www.atslifesciences.com\/wp-content\/uploads\/sites\/63\/2021\/12\/SmartVision-M-edited.jpg?resize=768,431 768w, https:\/\/www.atslifesciences.com\/wp-content\/uploads\/sites\/63\/2021\/12\/SmartVision-M-edited.jpg?resize=1024,575 1024w, https:\/\/www.atslifesciences.com\/wp-content\/uploads\/sites\/63\/2021\/12\/SmartVision-M-edited.jpg?resize=1536,863 1536w, https:\/\/www.atslifesciences.com\/wp-content\/uploads\/sites\/63\/2021\/12\/SmartVision-M-edited.jpg?resize=2048,1150 2048w\" sizes=\"auto, (max-width: 2469px) 100vw, 2469px\" \/><\/figure>\n\n\n\n<h3 class=\"gb-headline gb-headline-9ad0c23d gb-headline-text\">Soluzione di ispezione SmartVision\u2122 M+<\/h3>\n\n\n\n<p class=\"gb-headline gb-headline-8888519f gb-headline-text\">Una soluzione di ispezione visiva che associa la gestione dei dati, l\u2019efficienza, l\u2019affidabilit\u00e0 e l\u2019obiettivit\u00e0 della macchina al discernimento umano, in modo da consentire a SmartVision<sup>TM<\/sup> M+ di \u201cimparare\u201d a effettuare le ispezioni in modo indipendente<\/p>\n\n\n<div class=\"gb-button-wrapper gb-button-wrapper-70dfe7cc\">\n\n<a class=\"gb-button gb-button-dda2325f gb-button-text\" href=\"https:\/\/www.atslifesciences.com\/it\/prodotti\/prestazioni\/#h-smartvision-m\">Per saperne di pi\u00f9<\/a>\n\n<\/div>\n<\/div><\/div><\/div>\n\n<div class=\"gb-grid-column gb-grid-column-f03d8e6c\"><div class=\"gb-container gb-container-f03d8e6c card-item\"><div class=\"gb-inside-container\">\n\n<figure class=\"gb-block-image gb-block-image-ee52141d\"><img decoding=\"async\" loading=\"lazy\" width=\"3840\" height=\"2159\" class=\"gb-image gb-image-ee52141d\" src=\"https:\/\/www.atslifesciences.com\/wp-content\/uploads\/sites\/63\/2021\/11\/ATS-TrakMaster-Simulation-Software.jpg\" alt=\"ATS-TrakMaster-Simulation-Software\" title=\"ATS-TrakMaster-Simulation-Software\" srcset=\"https:\/\/www.atslifesciences.com\/wp-content\/uploads\/sites\/63\/2021\/11\/ATS-TrakMaster-Simulation-Software.jpg 3840w, https:\/\/www.atslifesciences.com\/wp-content\/uploads\/sites\/63\/2021\/11\/ATS-TrakMaster-Simulation-Software.jpg?resize=300,169 300w, https:\/\/www.atslifesciences.com\/wp-content\/uploads\/sites\/63\/2021\/11\/ATS-TrakMaster-Simulation-Software.jpg?resize=768,432 768w, https:\/\/www.atslifesciences.com\/wp-content\/uploads\/sites\/63\/2021\/11\/ATS-TrakMaster-Simulation-Software.jpg?resize=1024,576 1024w, https:\/\/www.atslifesciences.com\/wp-content\/uploads\/sites\/63\/2021\/11\/ATS-TrakMaster-Simulation-Software.jpg?resize=1536,864 1536w, https:\/\/www.atslifesciences.com\/wp-content\/uploads\/sites\/63\/2021\/11\/ATS-TrakMaster-Simulation-Software.jpg?resize=2048,1151 2048w\" sizes=\"auto, (max-width: 3840px) 100vw, 3840px\" \/><\/figure>\n\n\n\n<h3 class=\"gb-headline gb-headline-77e822d9 gb-headline-text\">Software Trakmaster\u2122<\/h3>\n\n\n\n<p class=\"gb-headline gb-headline-4b1a5e66 gb-headline-text\">Progettata per ridurre le ore di progettazione e integrazione, l\u2019interfaccia utente di SuperTrak CONVEYANCE\u2122 offre ai produttori un percorso pi\u00f9 rapido verso la produzione con un minor rischio di errore da parte dei team di progettazione<\/p>\n\n\n<div class=\"gb-button-wrapper gb-button-wrapper-a28af352\">\n\n<a class=\"gb-button gb-button-d95f81a2 gb-button-text\" href=\"https:\/\/www.atslifesciences.com\/it\/prodotti\/trasporto\/#h-trakmaster-software\">Per saperne di pi\u00f9<\/a>\n\n<\/div>\n<\/div><\/div><\/div>\n<\/div>\n<\/div><\/div>\n\n<div class=\"gb-container gb-container-8f2b40f6 alignfull\"><div class=\"gb-inside-container\">\n<div class=\"gb-grid-wrapper gb-grid-wrapper-e38c66c3\">\n<div class=\"gb-grid-column gb-grid-column-f4ea0eac\"><div class=\"gb-container gb-container-f4ea0eac\"><div class=\"gb-inside-container\">\n\n<h2 class=\"gb-headline gb-headline-5adb5275 gb-headline-text\">Assicuratevi di ottenere la massima OEE dal vostro investimento in automazione<\/h2>\n\n\n\n<p class=\"has-white-color has-text-color\">ATS pu\u00f2 mettere insieme un sistema di gestione dello stabilimento connesso con intelligenza produttiva IIOT in tempo reale, fornendo contenuti curati su richiesta e coaching accessibile alla forza lavoro su sicurezza delle macchine, cambi, risoluzione dei problemi, funzionamento e altro ancora.<\/p>\n\n\n<div class=\"gb-button-wrapper gb-button-wrapper-ce2c7be5\">\n\n<a class=\"gb-button gb-button-fc3d0119 gb-button-text atsls-btn atsls-modal-btn\" href=\"#\" data-id=\"atsls-modal-medium\">Contattaci<\/a>\n\n<\/div>\n<\/div><\/div><\/div>\n\n<div class=\"gb-grid-column gb-grid-column-6a420282\"><div class=\"gb-container gb-container-6a420282\"><div class=\"gb-inside-container\"><\/div><\/div><\/div>\n<\/div>\n<\/div><\/div>\n\n<div class=\"gb-container gb-container-c4f2ffb8 atsls-modal atsls-modal-medium alignfull\" data-id=\"atsls-modal-medium\"><div class=\"gb-inside-container\">\n\n<h2 class=\"gb-headline gb-headline-63a91292 gb-headline-text\">Contattaci<\/h2>\n\n\n\n\n<!-- iframe plugin v.5.1 wordpress.org\/plugins\/iframe\/ -->\n<iframe loading=\"lazy\" data-cookieconsent=\"ignore\" id=\"pardot-iframe\" style=\"border: 0;\" src=\"https:\/\/go.atsautomation.com\/l\/651873\/2023-04-05\/h5mk32?Source_Page=software-iiot\" width=\"100%\" frameborder=\"0\" height=\"500\" scrolling=\"yes\" class=\"iframe-class\"><\/iframe>\n\n\n<\/div><\/div>","protected":false},"excerpt":{"rendered":"<p>Specializzazione Contattaci<\/p>\n","protected":false},"author":378,"featured_media":0,"parent":25197,"menu_order":0,"comment_status":"closed","ping_status":"closed","template":"page-templates\/empty.php","meta":{"_acf_changed":false,"_cr_original_post":"","_cr_replace_post_id":"","_cr_replacing_post_id":"","inline_featured_image":false,"cover_image":0,"footnotes":""},"coauthors":[78],"class_list":["post-13958","page","type-page","status-publish","hentry"],"yoast_head":"<!-- This site is optimized with the Yoast SEO Premium plugin v26.8 (Yoast SEO v26.8) - https:\/\/yoast.com\/product\/yoast-seo-premium-wordpress\/ -->\n<title>SOFTWARE (IIOT) - ATS Life Sciences<\/title>\n<meta name=\"robots\" content=\"index, follow, max-snippet:-1, max-image-preview:large, max-video-preview:-1\" \/>\n<link rel=\"canonical\" href=\"https:\/\/www.atslifesciences.com\/it\/soluzioni-diautomazione\/software-iiot\/\" \/>\n<meta property=\"og:locale\" content=\"it_IT\" \/>\n<meta property=\"og:type\" content=\"article\" \/>\n<meta property=\"og:title\" content=\"SOFTWARE (IIOT)\" \/>\n<meta property=\"og:description\" content=\"Specializzazione Contattaci\" \/>\n<meta property=\"og:url\" content=\"https:\/\/www.atslifesciences.com\/it\/soluzioni-diautomazione\/software-iiot\/\" \/>\n<meta property=\"og:site_name\" content=\"ATS Life Sciences\" \/>\n<meta property=\"article:modified_time\" content=\"2024-07-07T12:02:20+00:00\" \/>\n<meta property=\"og:image\" content=\"https:\/\/www.atslifesciences.com\/wp-content\/uploads\/sites\/63\/2023\/01\/Illuminate-Commercial_Short.jpg\" \/>\n<meta name=\"twitter:card\" content=\"summary_large_image\" \/>\n<meta name=\"twitter:label1\" content=\"Tempo di lettura stimato\" \/>\n\t<meta name=\"twitter:data1\" content=\"2 minuti\" \/>\n\t<meta name=\"twitter:label2\" content=\"Written by\" \/>\n\t<meta name=\"twitter:data2\" content=\"akhatpe\" \/>\n<script type=\"application\/ld+json\" class=\"yoast-schema-graph\">{\"@context\":\"https:\/\/schema.org\",\"@graph\":[{\"@type\":\"WebPage\",\"@id\":\"https:\/\/www.atslifesciences.com\/it\/soluzioni-diautomazione\/software-iiot\/\",\"url\":\"https:\/\/www.atslifesciences.com\/it\/soluzioni-diautomazione\/software-iiot\/\",\"name\":\"SOFTWARE (IIOT) - ATS Life Sciences\",\"isPartOf\":{\"@id\":\"https:\/\/www.atslifesciences.com\/it\/#website\"},\"primaryImageOfPage\":{\"@id\":\"https:\/\/www.atslifesciences.com\/it\/soluzioni-diautomazione\/software-iiot\/#primaryimage\"},\"image\":{\"@id\":\"https:\/\/www.atslifesciences.com\/it\/soluzioni-diautomazione\/software-iiot\/#primaryimage\"},\"thumbnailUrl\":\"https:\/\/www.atslifesciences.com\/wp-content\/uploads\/sites\/63\/2023\/01\/Illuminate-Commercial_Short.jpg\",\"datePublished\":\"2023-03-08T16:45:58+00:00\",\"dateModified\":\"2024-07-07T12:02:20+00:00\",\"breadcrumb\":{\"@id\":\"https:\/\/www.atslifesciences.com\/it\/soluzioni-diautomazione\/software-iiot\/#breadcrumb\"},\"inLanguage\":\"it-IT\",\"potentialAction\":[{\"@type\":\"ReadAction\",\"target\":[\"https:\/\/www.atslifesciences.com\/it\/soluzioni-diautomazione\/software-iiot\/\"]}]},{\"@type\":\"ImageObject\",\"inLanguage\":\"it-IT\",\"@id\":\"https:\/\/www.atslifesciences.com\/it\/soluzioni-diautomazione\/software-iiot\/#primaryimage\",\"url\":\"https:\/\/www.atslifesciences.com\/wp-content\/uploads\/sites\/63\/2023\/01\/Illuminate-Commercial_Short.jpg\",\"contentUrl\":\"https:\/\/www.atslifesciences.com\/wp-content\/uploads\/sites\/63\/2023\/01\/Illuminate-Commercial_Short.jpg\"},{\"@type\":\"BreadcrumbList\",\"@id\":\"https:\/\/www.atslifesciences.com\/it\/soluzioni-diautomazione\/software-iiot\/#breadcrumb\",\"itemListElement\":[{\"@type\":\"ListItem\",\"position\":1,\"name\":\"Home\",\"item\":\"https:\/\/www.atslifesciences.com\/it\/\"},{\"@type\":\"ListItem\",\"position\":2,\"name\":\"SOFTWARE (IIOT)\"}]},{\"@type\":\"WebSite\",\"@id\":\"https:\/\/www.atslifesciences.com\/it\/#website\",\"url\":\"https:\/\/www.atslifesciences.com\/it\/\",\"name\":\"ATS Life Sciences\",\"description\":\"\",\"potentialAction\":[{\"@type\":\"SearchAction\",\"target\":{\"@type\":\"EntryPoint\",\"urlTemplate\":\"https:\/\/www.atslifesciences.com\/it\/?s={search_term_string}\"},\"query-input\":{\"@type\":\"PropertyValueSpecification\",\"valueRequired\":true,\"valueName\":\"search_term_string\"}}],\"inLanguage\":\"it-IT\"}]}<\/script>\n<!-- \/ Yoast SEO Premium plugin. -->","yoast_head_json":{"title":"SOFTWARE (IIOT) - ATS Life Sciences","robots":{"index":"index","follow":"follow","max-snippet":"max-snippet:-1","max-image-preview":"max-image-preview:large","max-video-preview":"max-video-preview:-1"},"canonical":"https:\/\/www.atslifesciences.com\/it\/soluzioni-diautomazione\/software-iiot\/","og_locale":"it_IT","og_type":"article","og_title":"SOFTWARE (IIOT)","og_description":"Specializzazione Contattaci","og_url":"https:\/\/www.atslifesciences.com\/it\/soluzioni-diautomazione\/software-iiot\/","og_site_name":"ATS Life Sciences","article_modified_time":"2024-07-07T12:02:20+00:00","og_image":[{"url":"https:\/\/www.atslifesciences.com\/wp-content\/uploads\/sites\/63\/2023\/01\/Illuminate-Commercial_Short.jpg","type":"","width":"","height":""}],"twitter_card":"summary_large_image","twitter_misc":{"Tempo di lettura stimato":"2 minuti","Written by":"akhatpe"},"schema":{"@context":"https:\/\/schema.org","@graph":[{"@type":"WebPage","@id":"https:\/\/www.atslifesciences.com\/it\/soluzioni-diautomazione\/software-iiot\/","url":"https:\/\/www.atslifesciences.com\/it\/soluzioni-diautomazione\/software-iiot\/","name":"SOFTWARE (IIOT) - ATS Life Sciences","isPartOf":{"@id":"https:\/\/www.atslifesciences.com\/it\/#website"},"primaryImageOfPage":{"@id":"https:\/\/www.atslifesciences.com\/it\/soluzioni-diautomazione\/software-iiot\/#primaryimage"},"image":{"@id":"https:\/\/www.atslifesciences.com\/it\/soluzioni-diautomazione\/software-iiot\/#primaryimage"},"thumbnailUrl":"https:\/\/www.atslifesciences.com\/wp-content\/uploads\/sites\/63\/2023\/01\/Illuminate-Commercial_Short.jpg","datePublished":"2023-03-08T16:45:58+00:00","dateModified":"2024-07-07T12:02:20+00:00","breadcrumb":{"@id":"https:\/\/www.atslifesciences.com\/it\/soluzioni-diautomazione\/software-iiot\/#breadcrumb"},"inLanguage":"it-IT","potentialAction":[{"@type":"ReadAction","target":["https:\/\/www.atslifesciences.com\/it\/soluzioni-diautomazione\/software-iiot\/"]}]},{"@type":"ImageObject","inLanguage":"it-IT","@id":"https:\/\/www.atslifesciences.com\/it\/soluzioni-diautomazione\/software-iiot\/#primaryimage","url":"https:\/\/www.atslifesciences.com\/wp-content\/uploads\/sites\/63\/2023\/01\/Illuminate-Commercial_Short.jpg","contentUrl":"https:\/\/www.atslifesciences.com\/wp-content\/uploads\/sites\/63\/2023\/01\/Illuminate-Commercial_Short.jpg"},{"@type":"BreadcrumbList","@id":"https:\/\/www.atslifesciences.com\/it\/soluzioni-diautomazione\/software-iiot\/#breadcrumb","itemListElement":[{"@type":"ListItem","position":1,"name":"Home","item":"https:\/\/www.atslifesciences.com\/it\/"},{"@type":"ListItem","position":2,"name":"SOFTWARE (IIOT)"}]},{"@type":"WebSite","@id":"https:\/\/www.atslifesciences.com\/it\/#website","url":"https:\/\/www.atslifesciences.com\/it\/","name":"ATS Life Sciences","description":"","potentialAction":[{"@type":"SearchAction","target":{"@type":"EntryPoint","urlTemplate":"https:\/\/www.atslifesciences.com\/it\/?s={search_term_string}"},"query-input":{"@type":"PropertyValueSpecification","valueRequired":true,"valueName":"search_term_string"}}],"inLanguage":"it-IT"}]}},"acf":[],"jetpack_sharing_enabled":true,"_links":{"self":[{"href":"https:\/\/www.atslifesciences.com\/it\/wp-json\/wp\/v2\/pages\/13958","targetHints":{"allow":["GET"]}}],"collection":[{"href":"https:\/\/www.atslifesciences.com\/it\/wp-json\/wp\/v2\/pages"}],"about":[{"href":"https:\/\/www.atslifesciences.com\/it\/wp-json\/wp\/v2\/types\/page"}],"author":[{"embeddable":true,"href":"https:\/\/www.atslifesciences.com\/it\/wp-json\/wp\/v2\/users\/378"}],"replies":[{"embeddable":true,"href":"https:\/\/www.atslifesciences.com\/it\/wp-json\/wp\/v2\/comments?post=13958"}],"version-history":[{"count":5,"href":"https:\/\/www.atslifesciences.com\/it\/wp-json\/wp\/v2\/pages\/13958\/revisions"}],"predecessor-version":[{"id":19689,"href":"https:\/\/www.atslifesciences.com\/it\/wp-json\/wp\/v2\/pages\/13958\/revisions\/19689"}],"up":[{"embeddable":true,"href":"https:\/\/www.atslifesciences.com\/it\/wp-json\/wp\/v2\/pages\/25197"}],"wp:attachment":[{"href":"https:\/\/www.atslifesciences.com\/it\/wp-json\/wp\/v2\/media?parent=13958"}],"wp:term":[{"taxonomy":"author","embeddable":true,"href":"https:\/\/www.atslifesciences.com\/it\/wp-json\/wp\/v2\/coauthors?post=13958"}],"curies":[{"name":"wp","href":"https:\/\/api.w.org\/{rel}","templated":true}]}}