{"id":13952,"date":"2023-03-08T16:32:21","date_gmt":"2023-03-08T16:32:21","guid":{"rendered":"https:\/\/www.atslifesciences.com\/soluzioni-di-automazione\/trasporto\/"},"modified":"2024-08-29T13:39:06","modified_gmt":"2024-08-29T13:39:06","slug":"trasporto","status":"publish","type":"page","link":"https:\/\/www.atslifesciences.com\/it\/soluzioni-diautomazione\/trasporto\/","title":{"rendered":"TRASPORTO"},"content":{"rendered":"\n<div class=\"atsls-secondary-hero\" id=\"atsls-secondary-hero-block_68110aa5e1245543518e7bd655b7930c\">\n\n  <div class=\"inner-wrp\">\n\n    \n      <div class=\"background-wrp\" style=\"background-image: url(https:\/\/www.atslifesciences.com\/wp-content\/uploads\/sites\/63\/2024\/06\/supertrak-conveyance.jpg);\">\n                  <div class=\"img-wrp\">\n            <img decoding=\"async\" src=\"https:\/\/www.atslifesciences.com\/wp-content\/uploads\/sites\/63\/2024\/06\/supertrak-conveyance.jpg\">\n          <\/div>\n              <\/div>\n\n    \n    <div class=\"container\">\n\n      <div class=\"row\">\n\n        <div class=\"col-md-5\">\n\n          <div class=\"sub-title\">\n            <p>Trasporto e tecnologia del movimento lineare<\/p>\n          <\/div>\n          \n          <div class=\"title-part\">\n            <h1>TRASPORTO<\/h1>\n          <\/div>\n\n          <div class=\"description\">\n            <p>Tecnologia di movimentazione lineare (Linear Motion Technology, LMT) intelligente, modulare e ad alta velocit\u00e0, costruita per ottenere livelli ottimali di produttivit\u00e0 ed efficienza. I sistemi di trasporto ATS massimizzano lo spazio a terra, si integrano con robot e sistemi esistenti e forniscono movimenti di precisione per la produzione automatizzata di dispositivi medici in ambienti normali e asettici.<\/p>\n          <\/div>\n\n          \n        <\/div>\n        \n      <\/div>\n\n    <\/div>\n  \n  <\/div>\n\n<\/div>\n\n<style type=\"text\/css\">\n#atsls-secondary-hero-block_68110aa5e1245543518e7bd655b7930c {\n  padding-top: 100px;\n  background-color: #0A2463;\n}\n\n#atsls-secondary-hero-block_68110aa5e1245543518e7bd655b7930c .inner-wrp {\n  padding-top: 6rem;\n  padding-bottom: 6rem;\n  position: relative;\n}\n\n\n#atsls-secondary-hero-block_68110aa5e1245543518e7bd655b7930c .inner-wrp .background-wrp {\n  background-repeat: no-repeat;\n  background-position: center;\n  background-size: cover;\n  position: relative;\n  width: 55%;\n  height: 100%;\n  position: absolute;\n  top: 0;\n  right: 0;\n  z-index: 1;\n  overflow: hidden;\n}\n#atsls-secondary-hero-block_68110aa5e1245543518e7bd655b7930c .inner-wrp .background-wrp .img-wrp {\n  display: none;\n  position: relative;\n  height: 0;\n  width: 100%;\n  padding-bottom: 56.25%;\n  margin-bottom: 0px;\n  overflow: hidden;\n}\n#atsls-secondary-hero-block_68110aa5e1245543518e7bd655b7930c .inner-wrp .background-wrp .img-wrp img {\n  position: absolute;\n  width: 100%;\n  height: 100%;\n  top: 0;\n  left: 0;\n  object-fit: cover;\n  object-position: center;\n}\n\n#atsls-secondary-hero-block_68110aa5e1245543518e7bd655b7930c .inner-wrp .background-video-wrp {\n  background-repeat: no-repeat;\n  background-position: center;\n  background-size: cover;\n  position: relative;\n  width: 55%;\n  height: 100%;\n  position: absolute;\n  top: 0;\n  right: 0;\n  z-index: 1;\n  overflow: hidden;\n}\n#atsls-secondary-hero-block_68110aa5e1245543518e7bd655b7930c .inner-wrp .background-video-wrp .video-wrp {\n  display: block;\n  position: relative;\n  height: 0;\n  width: 100%;\n  padding-bottom: 60%;\n  margin-bottom: 0px;\n  overflow: hidden;\n}\n#atsls-secondary-hero-block_68110aa5e1245543518e7bd655b7930c .inner-wrp .background-video-wrp .video-wrp video {\n  position: absolute;\n  width: 100%;\n  height: 100%;\n  top: 0;\n  left: 0;\n  object-fit: cover;\n  object-position: center;\n}\n\n#atsls-secondary-hero-block_68110aa5e1245543518e7bd655b7930c .container {\n  position: relative;\n  z-index: 2;\n}\n\n#atsls-secondary-hero-block_68110aa5e1245543518e7bd655b7930c .inner-wrp::after {\n  content: \"\";\n  width: 65%;\n  height: 100%;\n  position: absolute;\n  top: 0;\n  left: -10%;\n  transform: skew(-20deg);\n  background-color: #0A2463;\n  border-right: 6px solid #41BFAC;\n  z-index: 1;\n}\n#atsls-secondary-hero-block_68110aa5e1245543518e7bd655b7930c .title-part h1, #atsls-secondary-hero-block_68110aa5e1245543518e7bd655b7930c .title-part .h1 {\n  color: #FFF;\n  font-family: \"Roboto\", sans-serif;\n  font-size: 48px;\n  font-style: normal;\n  font-weight: 500;\n  line-height: normal;\n  margin-bottom: 15px;\n}\n.single-news-page #atsls-secondary-hero-block_68110aa5e1245543518e7bd655b7930c .title-part h1 {\n  font-size: 28px;\n  text-transform: unset;\n}\n#atsls-secondary-hero-block_68110aa5e1245543518e7bd655b7930c .sub-title p {\n  color: #9ACD4F;\n  \/* Subtitle *\/\n  font-family: \"Roboto\", sans-serif;\n  font-size: 16px;\n  font-style: normal;\n  font-weight: 500;\n  line-height: 140%; \/* 22.4px *\/\n  margin-bottom: 5px;\n}\n#atsls-secondary-hero-block_68110aa5e1245543518e7bd655b7930c .description p {\n  color: #FFF;\n  \/* Paragraph *\/\n  font-family: \"Roboto\", sans-serif;\n  font-size: 18px;\n  font-style: normal;\n  font-weight: 400;\n  line-height: 140%; \/* 25.2px *\/\n}\n#atsls-secondary-hero-block_68110aa5e1245543518e7bd655b7930c .cta-btn {\n  padding-top: 15px;\n}\n#atsls-secondary-hero-block_68110aa5e1245543518e7bd655b7930c .cta-btn a {\n  position: relative;\n  padding: 10px 40px !important;\n  transition: all ease 0.3s !important;\n  background-color: #9ACD4F;\n  text-decoration: none;\n  color: #071630;\n  font-size: 18px;\n}\n\n#atsls-secondary-hero-block_68110aa5e1245543518e7bd655b7930c .cta-btn a:before {\n  content: \"\" !important;\n  background-image: url('https:\/\/www.atslifesciences.com\/wp-content\/themes\/atsls-2024\/assets\/btn-icon.svg');\n  width: 30px;\n  height: 30px;\n  background-repeat: no-repeat;\n  background-position: center;\n  background-size: 30px 30px;\n  position: absolute;\n  top: 8px !important;\n  left: 20px !important;\n  opacity: 0;\n  transition: all ease 0.3s;\n}\n\n#atsls-secondary-hero-block_68110aa5e1245543518e7bd655b7930c .cta-btn a:hover {\n  padding-left: 60px !important;\n  padding-right: 20px !important;\n}\n#atsls-secondary-hero-block_68110aa5e1245543518e7bd655b7930c .cta-btn a:hover:before {\n  opacity: 1;\n}\n\n\n@media (max-width: 768px) {\n  #atsls-secondary-hero-block_68110aa5e1245543518e7bd655b7930c {\n    padding-top: 79px;\n  }\n  #atsls-secondary-hero-block_68110aa5e1245543518e7bd655b7930c .title-part h1 {\n    font-size: 30px;\n  }\n  #atsls-secondary-hero-block_68110aa5e1245543518e7bd655b7930c .inner-wrp {\n    padding-top: 0px;\n    padding-bottom: 32px;\n  }\n  #atsls-secondary-hero-block_68110aa5e1245543518e7bd655b7930c .inner-wrp::after {\n    width: 100%;\n    height: 100%;\n    left: 0;\n    top: 0;\n    transform: unset;\n    border: none;\n  }\n\n  #atsls-secondary-hero-block_68110aa5e1245543518e7bd655b7930c .inner-wrp .background-wrp {\n    width: 100%;\n    position: relative;\n    height: auto;\n    z-index: 2;\n    margin-bottom: 30px;\n  }\n  #atsls-secondary-hero-block_68110aa5e1245543518e7bd655b7930c .inner-wrp .background-wrp .img-wrp {\n    display: block;\n  }\n  #atsls-secondary-hero-block_68110aa5e1245543518e7bd655b7930c .inner-wrp .background-video-wrp {\n    width: 100%;\n    position: relative;\n    height: auto;\n    z-index: 2;\n    margin-bottom: 30px;\n  }\n}\n\n<\/style>\n\n\n<div class=\"gb-container gb-container-0fdfa3be\"><div class=\"gb-inside-container\">\n\n<h2 class=\"gb-headline gb-headline-9867b477 gb-headline-text\">Specializzazione<\/h2>\n\n\n<div class=\"gb-grid-wrapper gb-grid-wrapper-37334fa0 segments-card\">\n<div class=\"gb-grid-column gb-grid-column-21748072\"><div class=\"gb-container gb-container-21748072 card-item\"><div class=\"gb-inside-container\">\n\n<figure class=\"gb-block-image gb-block-image-1cde65f5\"><img decoding=\"async\" loading=\"lazy\" width=\"3600\" height=\"2400\" class=\"gb-image gb-image-1cde65f5\" src=\"https:\/\/www.atslifesciences.com\/wp-content\/uploads\/sites\/63\/2021\/11\/ATSGEN3_FINALS-8.jpg\" alt=\"SuperTrak GEN3\" title=\"SuperTrak GEN3\" srcset=\"https:\/\/www.atslifesciences.com\/wp-content\/uploads\/sites\/63\/2021\/11\/ATSGEN3_FINALS-8.jpg 3600w, https:\/\/www.atslifesciences.com\/wp-content\/uploads\/sites\/63\/2021\/11\/ATSGEN3_FINALS-8.jpg?resize=300,200 300w, https:\/\/www.atslifesciences.com\/wp-content\/uploads\/sites\/63\/2021\/11\/ATSGEN3_FINALS-8.jpg?resize=768,512 768w, https:\/\/www.atslifesciences.com\/wp-content\/uploads\/sites\/63\/2021\/11\/ATSGEN3_FINALS-8.jpg?resize=1024,683 1024w, https:\/\/www.atslifesciences.com\/wp-content\/uploads\/sites\/63\/2021\/11\/ATSGEN3_FINALS-8.jpg?resize=1536,1024 1536w, https:\/\/www.atslifesciences.com\/wp-content\/uploads\/sites\/63\/2021\/11\/ATSGEN3_FINALS-8.jpg?resize=2048,1365 2048w\" sizes=\"auto, (max-width: 3600px) 100vw, 3600px\" \/><\/figure>\n\n\n\n<h3 class=\"gb-headline gb-headline-e87ca37c gb-headline-text\">SuperTrak GEN3\u2122<\/h3>\n\n\n\n<p class=\"gb-headline gb-headline-9e29e740 gb-headline-text\">L\u2019attuale generazione di piattaforme di movimento lineare affidabili e ad alte prestazioni che consente la lavorazione sincrona e asincrona per ridurre gli attrezzi e l\u2019ingombro, offrendo al contempo velocit\u00e0, profilatura del movimento, posizionamento di precisione, flessibilit\u00e0 e programmabilit\u00e0<\/p>\n\n\n<div class=\"gb-button-wrapper gb-button-wrapper-c2c96598\">\n\n<a class=\"gb-button gb-button-9480fbee gb-button-text\" href=\"https:\/\/www.atslifesciences.com\/automation-solutions\/conveyance\/supertrak-gen3\/\">Per saperne di pi\u00f9<\/a>\n\n<\/div>\n<\/div><\/div><\/div>\n\n<div class=\"gb-grid-column gb-grid-column-350a4023\"><div class=\"gb-container gb-container-350a4023 card-item\"><div class=\"gb-inside-container\">\n\n<figure class=\"gb-block-image gb-block-image-31344f8e\"><img decoding=\"async\" loading=\"lazy\" width=\"734\" height=\"489\" class=\"gb-image gb-image-31344f8e\" src=\"https:\/\/www.atslifesciences.com\/wp-content\/uploads\/sites\/63\/2023\/01\/Pharma-1.png\" alt=\"SuperTrak PHARMA\" title=\"SuperTrak PHARMA\" srcset=\"https:\/\/www.atslifesciences.com\/wp-content\/uploads\/sites\/63\/2023\/01\/Pharma-1.png 734w, https:\/\/www.atslifesciences.com\/wp-content\/uploads\/sites\/63\/2023\/01\/Pharma-1.png?resize=300,200 300w\" sizes=\"auto, (max-width: 734px) 100vw, 734px\" \/><\/figure>\n\n\n\n<h3 class=\"gb-headline gb-headline-c1b98d59 gb-headline-text\">SuperTrak PHARMA8\u2122<\/h3>\n\n\n\n<p class=\"gb-headline gb-headline-9ecf5881 gb-headline-text\">Una piattaforma di assemblaggio che combina la precisione delle stazioni di lavoro a camme e la flessibilit\u00e0 dei portapezzi a motore lineare, offrendo elevata flessibilit\u00e0, manutenzione ridotta e ingombro ottimizzato<\/p>\n\n\n<div class=\"gb-button-wrapper gb-button-wrapper-8e4151fc\">\n\n<a class=\"gb-button gb-button-edb11764 gb-button-text\" href=\"https:\/\/www.atslifesciences.com\/automation-solutions\/conveyance\/supertrak-pharma\/\">Per saperne di pi\u00f9<\/a>\n\n<\/div>\n<\/div><\/div><\/div>\n\n<div class=\"gb-grid-column gb-grid-column-a0e27f7b\"><div class=\"gb-container gb-container-a0e27f7b card-item\"><div class=\"gb-inside-container\">\n\n<figure class=\"gb-block-image gb-block-image-24ee282f\"><img decoding=\"async\" loading=\"lazy\" width=\"3600\" height=\"2400\" class=\"gb-image gb-image-24ee282f\" src=\"https:\/\/www.atslifesciences.com\/wp-content\/uploads\/sites\/63\/2021\/11\/ATS_MICRO_FINALS-15.jpg\" alt=\"SuperTrak MICRO \" title=\"SuperTrak MICRO \" srcset=\"https:\/\/www.atslifesciences.com\/wp-content\/uploads\/sites\/63\/2021\/11\/ATS_MICRO_FINALS-15.jpg 3600w, https:\/\/www.atslifesciences.com\/wp-content\/uploads\/sites\/63\/2021\/11\/ATS_MICRO_FINALS-15.jpg?resize=300,200 300w, https:\/\/www.atslifesciences.com\/wp-content\/uploads\/sites\/63\/2021\/11\/ATS_MICRO_FINALS-15.jpg?resize=768,512 768w, https:\/\/www.atslifesciences.com\/wp-content\/uploads\/sites\/63\/2021\/11\/ATS_MICRO_FINALS-15.jpg?resize=1024,683 1024w, https:\/\/www.atslifesciences.com\/wp-content\/uploads\/sites\/63\/2021\/11\/ATS_MICRO_FINALS-15.jpg?resize=1536,1024 1536w, https:\/\/www.atslifesciences.com\/wp-content\/uploads\/sites\/63\/2021\/11\/ATS_MICRO_FINALS-15.jpg?resize=2048,1365 2048w\" sizes=\"auto, (max-width: 3600px) 100vw, 3600px\" \/><\/figure>\n\n\n\n<h3 class=\"gb-headline gb-headline-78d57d8f gb-headline-text\">SuperTrak MICRO\u2122<\/h3>\n\n\n\n<p class=\"gb-headline gb-headline-548fc06e gb-headline-text\">Un manipolatore lineare ad alta velocit\u00e0 e peso ridotto che facilita la produzione su binari multipli, con scambio tra binari per scopi di smistamento e deviazione<\/p>\n\n\n<div class=\"gb-button-wrapper gb-button-wrapper-5c765f93\">\n\n<a class=\"gb-button gb-button-322ab650 gb-button-text\" href=\"https:\/\/www.atslifesciences.com\/it\/soluzioni-di-automazione\/trasporto\/supertrak-micro\/\">Per saperne di pi\u00f9<\/a>\n\n<\/div>\n<\/div><\/div><\/div>\n\n<div class=\"gb-grid-column gb-grid-column-197f9a04\"><div class=\"gb-container gb-container-197f9a04 card-item\"><div class=\"gb-inside-container\">\n\n<figure class=\"gb-block-image gb-block-image-da528bf1\"><img decoding=\"async\" loading=\"lazy\" width=\"453\" height=\"280\" class=\"gb-image gb-image-da528bf1\" src=\"https:\/\/www.atslifesciences.com\/wp-content\/uploads\/sites\/63\/2023\/01\/MicrosoftTeams-image-12.png\" alt=\"Cleantrak\" title=\"Cleantrak\" srcset=\"https:\/\/www.atslifesciences.com\/wp-content\/uploads\/sites\/63\/2023\/01\/MicrosoftTeams-image-12.png 453w, https:\/\/www.atslifesciences.com\/wp-content\/uploads\/sites\/63\/2023\/01\/MicrosoftTeams-image-12.png?resize=300,185 300w\" sizes=\"auto, (max-width: 453px) 100vw, 453px\" \/><\/figure>\n\n\n\n<h3 class=\"gb-headline gb-headline-ab7ab1ce gb-headline-text\">Cleantrak\u2122<\/h3>\n\n\n\n<p class=\"gb-headline gb-headline-9d18c56f gb-headline-text\">Un sistema di trasferimento configurabile per un\u2019automazione end-to-end integrata in modo intelligente. Consente di collegare il sistema di manipolazione Clearliner<sup>TM<\/sup> all\u2019automazione a valle<\/p>\n\n\n<div class=\"gb-button-wrapper gb-button-wrapper-d3fd3f1c\">\n\n<a class=\"gb-button gb-button-899bf92d gb-button-text\" href=\"https:\/\/www.atslifesciences.com\/it\/soluzioni-di-automazione\/trasporto\/ats-cleantrak\/\">Per saperne di pi\u00f9<\/a>\n\n<\/div>\n<\/div><\/div><\/div>\n<\/div>\n<\/div><\/div>\n\n<div class=\"gb-container gb-container-8f2b40f6 alignfull\"><div class=\"gb-inside-container\">\n<div class=\"gb-grid-wrapper gb-grid-wrapper-e38c66c3\">\n<div class=\"gb-grid-column gb-grid-column-f4ea0eac\"><div class=\"gb-container gb-container-f4ea0eac\"><div class=\"gb-inside-container\">\n\n<h2 class=\"gb-headline gb-headline-5adb5275 gb-headline-text\">Siete pronti a discutere delle vostre esigenze di trasporto con uno specialista ATS?<\/h2>\n\n\n\n<p class=\"has-white-color has-text-color\">Concentrandovi sul trasporto fin dalla fase di progettazione, trasformerete il modo in cui vengono costruiti i sistemi di automazione, semplificando non solo la progettazione, ma anche lo sviluppo e l\u2019implementazione.<\/p>\n\n\n<div class=\"gb-button-wrapper gb-button-wrapper-ce2c7be5\">\n\n<a class=\"gb-button gb-button-fc3d0119 gb-button-text atsls-btn atsls-modal-btn\" href=\"#\" data-id=\"atsls-modal-medium\">Contattaci<\/a>\n\n<\/div>\n<\/div><\/div><\/div>\n\n<div class=\"gb-grid-column gb-grid-column-6a420282\"><div class=\"gb-container gb-container-6a420282\"><div class=\"gb-inside-container\"><\/div><\/div><\/div>\n<\/div>\n<\/div><\/div>\n\n<div class=\"gb-container gb-container-c4f2ffb8 atsls-modal atsls-modal-medium alignfull\" data-id=\"atsls-modal-medium\"><div class=\"gb-inside-container\">\n\n<h2 class=\"gb-headline gb-headline-63a91292 gb-headline-text\">Contattaci<\/h2>\n\n\n\n\n<!-- iframe plugin v.5.1 wordpress.org\/plugins\/iframe\/ -->\n<iframe loading=\"lazy\" data-cookieconsent=\"ignore\" id=\"pardot-iframe\" style=\"border: 0;\" src=\"https:\/\/go.atsautomation.com\/l\/651873\/2023-04-05\/h5mk32?Source_Page=conveyance\" width=\"100%\" frameborder=\"0\" height=\"500\" scrolling=\"yes\" class=\"iframe-class\"><\/iframe>\n\n\n<\/div><\/div>","protected":false},"excerpt":{"rendered":"<p>Specializzazione Contattaci<\/p>\n","protected":false},"author":378,"featured_media":0,"parent":25197,"menu_order":0,"comment_status":"closed","ping_status":"closed","template":"page-templates\/empty.php","meta":{"_acf_changed":false,"_cr_original_post":"","_cr_replace_post_id":"","_cr_replacing_post_id":"","inline_featured_image":false,"cover_image":0,"footnotes":""},"coauthors":[78],"class_list":["post-13952","page","type-page","status-publish","hentry"],"yoast_head":"<!-- This site is optimized with the Yoast SEO Premium plugin v26.8 (Yoast SEO v26.8) - https:\/\/yoast.com\/product\/yoast-seo-premium-wordpress\/ -->\n<title>TRASPORTO - ATS Life Sciences<\/title>\n<meta name=\"robots\" content=\"index, follow, max-snippet:-1, max-image-preview:large, max-video-preview:-1\" \/>\n<link rel=\"canonical\" href=\"https:\/\/www.atslifesciences.com\/it\/soluzioni-diautomazione\/trasporto\/\" \/>\n<meta property=\"og:locale\" content=\"it_IT\" \/>\n<meta property=\"og:type\" content=\"article\" \/>\n<meta property=\"og:title\" content=\"TRASPORTO\" \/>\n<meta property=\"og:description\" content=\"Specializzazione Contattaci\" \/>\n<meta property=\"og:url\" content=\"https:\/\/www.atslifesciences.com\/it\/soluzioni-diautomazione\/trasporto\/\" \/>\n<meta property=\"og:site_name\" content=\"ATS Life Sciences\" \/>\n<meta property=\"article:modified_time\" content=\"2024-08-29T13:39:06+00:00\" \/>\n<meta property=\"og:image\" content=\"https:\/\/www.atslifesciences.com\/wp-content\/uploads\/sites\/63\/2021\/11\/ATSGEN3_FINALS-8.jpg\" \/>\n<meta name=\"twitter:card\" content=\"summary_large_image\" \/>\n<meta name=\"twitter:label1\" content=\"Tempo di lettura stimato\" \/>\n\t<meta name=\"twitter:data1\" content=\"2 minuti\" \/>\n\t<meta name=\"twitter:label2\" content=\"Written by\" \/>\n\t<meta name=\"twitter:data2\" content=\"akhatpe\" \/>\n<script type=\"application\/ld+json\" class=\"yoast-schema-graph\">{\"@context\":\"https:\/\/schema.org\",\"@graph\":[{\"@type\":\"WebPage\",\"@id\":\"https:\/\/www.atslifesciences.com\/it\/soluzioni-diautomazione\/trasporto\/\",\"url\":\"https:\/\/www.atslifesciences.com\/it\/soluzioni-diautomazione\/trasporto\/\",\"name\":\"TRASPORTO - ATS Life Sciences\",\"isPartOf\":{\"@id\":\"https:\/\/www.atslifesciences.com\/it\/#website\"},\"primaryImageOfPage\":{\"@id\":\"https:\/\/www.atslifesciences.com\/it\/soluzioni-diautomazione\/trasporto\/#primaryimage\"},\"image\":{\"@id\":\"https:\/\/www.atslifesciences.com\/it\/soluzioni-diautomazione\/trasporto\/#primaryimage\"},\"thumbnailUrl\":\"https:\/\/www.atslifesciences.com\/wp-content\/uploads\/sites\/63\/2021\/11\/ATSGEN3_FINALS-8.jpg\",\"datePublished\":\"2023-03-08T16:32:21+00:00\",\"dateModified\":\"2024-08-29T13:39:06+00:00\",\"breadcrumb\":{\"@id\":\"https:\/\/www.atslifesciences.com\/it\/soluzioni-diautomazione\/trasporto\/#breadcrumb\"},\"inLanguage\":\"it-IT\",\"potentialAction\":[{\"@type\":\"ReadAction\",\"target\":[\"https:\/\/www.atslifesciences.com\/it\/soluzioni-diautomazione\/trasporto\/\"]}]},{\"@type\":\"ImageObject\",\"inLanguage\":\"it-IT\",\"@id\":\"https:\/\/www.atslifesciences.com\/it\/soluzioni-diautomazione\/trasporto\/#primaryimage\",\"url\":\"https:\/\/www.atslifesciences.com\/wp-content\/uploads\/sites\/63\/2021\/11\/ATSGEN3_FINALS-8.jpg\",\"contentUrl\":\"https:\/\/www.atslifesciences.com\/wp-content\/uploads\/sites\/63\/2021\/11\/ATSGEN3_FINALS-8.jpg\"},{\"@type\":\"BreadcrumbList\",\"@id\":\"https:\/\/www.atslifesciences.com\/it\/soluzioni-diautomazione\/trasporto\/#breadcrumb\",\"itemListElement\":[{\"@type\":\"ListItem\",\"position\":1,\"name\":\"Home\",\"item\":\"https:\/\/www.atslifesciences.com\/it\/\"},{\"@type\":\"ListItem\",\"position\":2,\"name\":\"TRASPORTO\"}]},{\"@type\":\"WebSite\",\"@id\":\"https:\/\/www.atslifesciences.com\/it\/#website\",\"url\":\"https:\/\/www.atslifesciences.com\/it\/\",\"name\":\"ATS Life Sciences\",\"description\":\"\",\"potentialAction\":[{\"@type\":\"SearchAction\",\"target\":{\"@type\":\"EntryPoint\",\"urlTemplate\":\"https:\/\/www.atslifesciences.com\/it\/?s={search_term_string}\"},\"query-input\":{\"@type\":\"PropertyValueSpecification\",\"valueRequired\":true,\"valueName\":\"search_term_string\"}}],\"inLanguage\":\"it-IT\"}]}<\/script>\n<!-- \/ Yoast SEO Premium plugin. -->","yoast_head_json":{"title":"TRASPORTO - ATS Life Sciences","robots":{"index":"index","follow":"follow","max-snippet":"max-snippet:-1","max-image-preview":"max-image-preview:large","max-video-preview":"max-video-preview:-1"},"canonical":"https:\/\/www.atslifesciences.com\/it\/soluzioni-diautomazione\/trasporto\/","og_locale":"it_IT","og_type":"article","og_title":"TRASPORTO","og_description":"Specializzazione Contattaci","og_url":"https:\/\/www.atslifesciences.com\/it\/soluzioni-diautomazione\/trasporto\/","og_site_name":"ATS Life Sciences","article_modified_time":"2024-08-29T13:39:06+00:00","og_image":[{"url":"https:\/\/www.atslifesciences.com\/wp-content\/uploads\/sites\/63\/2021\/11\/ATSGEN3_FINALS-8.jpg","type":"","width":"","height":""}],"twitter_card":"summary_large_image","twitter_misc":{"Tempo di lettura stimato":"2 minuti","Written by":"akhatpe"},"schema":{"@context":"https:\/\/schema.org","@graph":[{"@type":"WebPage","@id":"https:\/\/www.atslifesciences.com\/it\/soluzioni-diautomazione\/trasporto\/","url":"https:\/\/www.atslifesciences.com\/it\/soluzioni-diautomazione\/trasporto\/","name":"TRASPORTO - ATS Life Sciences","isPartOf":{"@id":"https:\/\/www.atslifesciences.com\/it\/#website"},"primaryImageOfPage":{"@id":"https:\/\/www.atslifesciences.com\/it\/soluzioni-diautomazione\/trasporto\/#primaryimage"},"image":{"@id":"https:\/\/www.atslifesciences.com\/it\/soluzioni-diautomazione\/trasporto\/#primaryimage"},"thumbnailUrl":"https:\/\/www.atslifesciences.com\/wp-content\/uploads\/sites\/63\/2021\/11\/ATSGEN3_FINALS-8.jpg","datePublished":"2023-03-08T16:32:21+00:00","dateModified":"2024-08-29T13:39:06+00:00","breadcrumb":{"@id":"https:\/\/www.atslifesciences.com\/it\/soluzioni-diautomazione\/trasporto\/#breadcrumb"},"inLanguage":"it-IT","potentialAction":[{"@type":"ReadAction","target":["https:\/\/www.atslifesciences.com\/it\/soluzioni-diautomazione\/trasporto\/"]}]},{"@type":"ImageObject","inLanguage":"it-IT","@id":"https:\/\/www.atslifesciences.com\/it\/soluzioni-diautomazione\/trasporto\/#primaryimage","url":"https:\/\/www.atslifesciences.com\/wp-content\/uploads\/sites\/63\/2021\/11\/ATSGEN3_FINALS-8.jpg","contentUrl":"https:\/\/www.atslifesciences.com\/wp-content\/uploads\/sites\/63\/2021\/11\/ATSGEN3_FINALS-8.jpg"},{"@type":"BreadcrumbList","@id":"https:\/\/www.atslifesciences.com\/it\/soluzioni-diautomazione\/trasporto\/#breadcrumb","itemListElement":[{"@type":"ListItem","position":1,"name":"Home","item":"https:\/\/www.atslifesciences.com\/it\/"},{"@type":"ListItem","position":2,"name":"TRASPORTO"}]},{"@type":"WebSite","@id":"https:\/\/www.atslifesciences.com\/it\/#website","url":"https:\/\/www.atslifesciences.com\/it\/","name":"ATS Life Sciences","description":"","potentialAction":[{"@type":"SearchAction","target":{"@type":"EntryPoint","urlTemplate":"https:\/\/www.atslifesciences.com\/it\/?s={search_term_string}"},"query-input":{"@type":"PropertyValueSpecification","valueRequired":true,"valueName":"search_term_string"}}],"inLanguage":"it-IT"}]}},"acf":[],"jetpack_sharing_enabled":true,"_links":{"self":[{"href":"https:\/\/www.atslifesciences.com\/it\/wp-json\/wp\/v2\/pages\/13952","targetHints":{"allow":["GET"]}}],"collection":[{"href":"https:\/\/www.atslifesciences.com\/it\/wp-json\/wp\/v2\/pages"}],"about":[{"href":"https:\/\/www.atslifesciences.com\/it\/wp-json\/wp\/v2\/types\/page"}],"author":[{"embeddable":true,"href":"https:\/\/www.atslifesciences.com\/it\/wp-json\/wp\/v2\/users\/378"}],"replies":[{"embeddable":true,"href":"https:\/\/www.atslifesciences.com\/it\/wp-json\/wp\/v2\/comments?post=13952"}],"version-history":[{"count":6,"href":"https:\/\/www.atslifesciences.com\/it\/wp-json\/wp\/v2\/pages\/13952\/revisions"}],"predecessor-version":[{"id":20594,"href":"https:\/\/www.atslifesciences.com\/it\/wp-json\/wp\/v2\/pages\/13952\/revisions\/20594"}],"up":[{"embeddable":true,"href":"https:\/\/www.atslifesciences.com\/it\/wp-json\/wp\/v2\/pages\/25197"}],"wp:attachment":[{"href":"https:\/\/www.atslifesciences.com\/it\/wp-json\/wp\/v2\/media?parent=13952"}],"wp:term":[{"taxonomy":"author","embeddable":true,"href":"https:\/\/www.atslifesciences.com\/it\/wp-json\/wp\/v2\/coauthors?post=13952"}],"curies":[{"name":"wp","href":"https:\/\/api.w.org\/{rel}","templated":true}]}}