{"id":10618,"date":"2023-01-30T21:24:52","date_gmt":"2023-01-30T21:24:52","guid":{"rendered":"https:\/\/www.atslifesciences.com\/segments-we-serve\/"},"modified":"2025-11-28T14:23:37","modified_gmt":"2025-11-28T14:23:37","slug":"segmenti-di-mercato-che-serviamo","status":"publish","type":"page","link":"https:\/\/www.atslifesciences.com\/it\/segmenti-di-mercato-che-serviamo\/","title":{"rendered":"SEGMENTI DI MERCATO CHE SERVIAMO"},"content":{"rendered":"\n<div class=\"atsls-secondary-hero\" id=\"atsls-secondary-hero-block_510b162efa9a795c7a6a538b185c458f\">\n\n  <div class=\"inner-wrp\">\n\n    \n      <div class=\"background-wrp\" style=\"background-image: url(https:\/\/www.atslifesciences.com\/wp-content\/uploads\/sites\/63\/2024\/06\/segments-hero.jpg);\">\n                  <div class=\"img-wrp\">\n            <img decoding=\"async\" src=\"https:\/\/www.atslifesciences.com\/wp-content\/uploads\/sites\/63\/2024\/06\/segments-hero.jpg\">\n          <\/div>\n              <\/div>\n\n    \n    <div class=\"container\">\n\n      <div class=\"row\">\n\n        <div class=\"col-md-5\">\n\n          <div class=\"sub-title\">\n            <p>Dispositivi medici, diagnostica, prodotti farmaceutici, farmacie e laboratori<\/p>\n          <\/div>\n          \n          <div class=\"title-part\">\n            <h1>SEGMENTI DI MERCATO CHE SERVIAMO<\/h1>\n          <\/div>\n\n          <div class=\"description\">\n            <p>Dalle lenti a contatto ai centri di distribuzione farmaceutica per corrispondenza, ATS Life Sciences Systems vanta una lunga storia nella fornitura di soluzioni di produzione automatizzate per l\u2019assemblaggio e la manipolazione di un\u2019ampia gamma di prodotti.<\/p>\n          <\/div>\n\n          \n        <\/div>\n        \n      <\/div>\n\n    <\/div>\n  \n  <\/div>\n\n<\/div>\n\n<style type=\"text\/css\">\n#atsls-secondary-hero-block_510b162efa9a795c7a6a538b185c458f {\n  padding-top: 100px;\n  background-color: #0A2463;\n}\n\n#atsls-secondary-hero-block_510b162efa9a795c7a6a538b185c458f .inner-wrp {\n  padding-top: 6rem;\n  padding-bottom: 6rem;\n  position: relative;\n}\n\n\n#atsls-secondary-hero-block_510b162efa9a795c7a6a538b185c458f .inner-wrp .background-wrp {\n  background-repeat: no-repeat;\n  background-position: center;\n  background-size: cover;\n  position: relative;\n  width: 55%;\n  height: 100%;\n  position: absolute;\n  top: 0;\n  right: 0;\n  z-index: 1;\n  overflow: hidden;\n}\n#atsls-secondary-hero-block_510b162efa9a795c7a6a538b185c458f .inner-wrp .background-wrp .img-wrp {\n  display: none;\n  position: relative;\n  height: 0;\n  width: 100%;\n  padding-bottom: 56.25%;\n  margin-bottom: 0px;\n  overflow: hidden;\n}\n#atsls-secondary-hero-block_510b162efa9a795c7a6a538b185c458f .inner-wrp .background-wrp .img-wrp img {\n  position: absolute;\n  width: 100%;\n  height: 100%;\n  top: 0;\n  left: 0;\n  object-fit: cover;\n  object-position: center;\n}\n\n#atsls-secondary-hero-block_510b162efa9a795c7a6a538b185c458f .inner-wrp .background-video-wrp {\n  background-repeat: no-repeat;\n  background-position: center;\n  background-size: cover;\n  position: relative;\n  width: 55%;\n  height: 100%;\n  position: absolute;\n  top: 0;\n  right: 0;\n  z-index: 1;\n  overflow: hidden;\n}\n#atsls-secondary-hero-block_510b162efa9a795c7a6a538b185c458f .inner-wrp .background-video-wrp .video-wrp {\n  display: block;\n  position: relative;\n  height: 0;\n  width: 100%;\n  padding-bottom: 60%;\n  margin-bottom: 0px;\n  overflow: hidden;\n}\n#atsls-secondary-hero-block_510b162efa9a795c7a6a538b185c458f .inner-wrp .background-video-wrp .video-wrp video {\n  position: absolute;\n  width: 100%;\n  height: 100%;\n  top: 0;\n  left: 0;\n  object-fit: cover;\n  object-position: center;\n}\n\n#atsls-secondary-hero-block_510b162efa9a795c7a6a538b185c458f .container {\n  position: relative;\n  z-index: 2;\n}\n\n#atsls-secondary-hero-block_510b162efa9a795c7a6a538b185c458f .inner-wrp::after {\n  content: \"\";\n  width: 65%;\n  height: 100%;\n  position: absolute;\n  top: 0;\n  left: -10%;\n  transform: skew(-20deg);\n  background-color: #0A2463;\n  border-right: 6px solid #41BFAC;\n  z-index: 1;\n}\n#atsls-secondary-hero-block_510b162efa9a795c7a6a538b185c458f .title-part h1, #atsls-secondary-hero-block_510b162efa9a795c7a6a538b185c458f .title-part .h1 {\n  color: #FFF;\n  font-family: \"Roboto\", sans-serif;\n  font-size: 48px;\n  font-style: normal;\n  font-weight: 500;\n  line-height: normal;\n  margin-bottom: 15px;\n}\n.single-news-page #atsls-secondary-hero-block_510b162efa9a795c7a6a538b185c458f .title-part h1 {\n  font-size: 28px;\n  text-transform: unset;\n}\n#atsls-secondary-hero-block_510b162efa9a795c7a6a538b185c458f .sub-title p {\n  color: #9ACD4F;\n  \/* Subtitle *\/\n  font-family: \"Roboto\", sans-serif;\n  font-size: 16px;\n  font-style: normal;\n  font-weight: 500;\n  line-height: 140%; \/* 22.4px *\/\n  margin-bottom: 5px;\n}\n#atsls-secondary-hero-block_510b162efa9a795c7a6a538b185c458f .description p {\n  color: #FFF;\n  \/* Paragraph *\/\n  font-family: \"Roboto\", sans-serif;\n  font-size: 18px;\n  font-style: normal;\n  font-weight: 400;\n  line-height: 140%; \/* 25.2px *\/\n}\n#atsls-secondary-hero-block_510b162efa9a795c7a6a538b185c458f .cta-btn {\n  padding-top: 15px;\n}\n#atsls-secondary-hero-block_510b162efa9a795c7a6a538b185c458f .cta-btn a {\n  position: relative;\n  padding: 10px 40px !important;\n  transition: all ease 0.3s !important;\n  background-color: #9ACD4F;\n  text-decoration: none;\n  color: #071630;\n  font-size: 18px;\n}\n\n#atsls-secondary-hero-block_510b162efa9a795c7a6a538b185c458f .cta-btn a:before {\n  content: \"\" !important;\n  background-image: url('https:\/\/www.atslifesciences.com\/wp-content\/themes\/atsls-2024\/assets\/btn-icon.svg');\n  width: 30px;\n  height: 30px;\n  background-repeat: no-repeat;\n  background-position: center;\n  background-size: 30px 30px;\n  position: absolute;\n  top: 8px !important;\n  left: 20px !important;\n  opacity: 0;\n  transition: all ease 0.3s;\n}\n\n#atsls-secondary-hero-block_510b162efa9a795c7a6a538b185c458f .cta-btn a:hover {\n  padding-left: 60px !important;\n  padding-right: 20px !important;\n}\n#atsls-secondary-hero-block_510b162efa9a795c7a6a538b185c458f .cta-btn a:hover:before {\n  opacity: 1;\n}\n\n\n@media (max-width: 768px) {\n  #atsls-secondary-hero-block_510b162efa9a795c7a6a538b185c458f {\n    padding-top: 79px;\n  }\n  #atsls-secondary-hero-block_510b162efa9a795c7a6a538b185c458f .title-part h1 {\n    font-size: 30px;\n  }\n  #atsls-secondary-hero-block_510b162efa9a795c7a6a538b185c458f .inner-wrp {\n    padding-top: 0px;\n    padding-bottom: 32px;\n  }\n  #atsls-secondary-hero-block_510b162efa9a795c7a6a538b185c458f .inner-wrp::after {\n    width: 100%;\n    height: 100%;\n    left: 0;\n    top: 0;\n    transform: unset;\n    border: none;\n  }\n\n  #atsls-secondary-hero-block_510b162efa9a795c7a6a538b185c458f .inner-wrp .background-wrp {\n    width: 100%;\n    position: relative;\n    height: auto;\n    z-index: 2;\n    margin-bottom: 30px;\n  }\n  #atsls-secondary-hero-block_510b162efa9a795c7a6a538b185c458f .inner-wrp .background-wrp .img-wrp {\n    display: block;\n  }\n  #atsls-secondary-hero-block_510b162efa9a795c7a6a538b185c458f .inner-wrp .background-video-wrp {\n    width: 100%;\n    position: relative;\n    height: auto;\n    z-index: 2;\n    margin-bottom: 30px;\n  }\n}\n\n<\/style>\n\n\n<div class=\"gb-container gb-container-0fdfa3be alignfull\"><div class=\"gb-inside-container\">\n\n<h2 class=\"gb-headline gb-headline-9867b477 gb-headline-text\">Segmenti di mercato<\/h2>\n\n\n<div class=\"gb-grid-wrapper gb-grid-wrapper-c6daeb78 segments-card\">\n<div class=\"gb-grid-column gb-grid-column-fc0f74f5\"><div class=\"gb-container gb-container-fc0f74f5 card-item\"><div class=\"gb-inside-container\">\n\n<figure class=\"gb-block-image gb-block-image-d2a8fd54\"><img decoding=\"async\" loading=\"lazy\" width=\"794\" height=\"340\" class=\"gb-image gb-image-d2a8fd54\" src=\"https:\/\/www.atslifesciences.com\/wp-content\/uploads\/sites\/63\/2024\/06\/segment-1.jpg\" alt=\"\" title=\"segment-1\" srcset=\"https:\/\/www.atslifesciences.com\/wp-content\/uploads\/sites\/63\/2024\/06\/segment-1.jpg 794w, https:\/\/www.atslifesciences.com\/wp-content\/uploads\/sites\/63\/2024\/06\/segment-1.jpg?resize=300,128 300w, https:\/\/www.atslifesciences.com\/wp-content\/uploads\/sites\/63\/2024\/06\/segment-1.jpg?resize=768,329 768w\" sizes=\"auto, (max-width: 794px) 100vw, 794px\" \/><\/figure>\n\n\n\n<h3 class=\"gb-headline gb-headline-8bed751e gb-headline-text\">Dispositivi medici<\/h3>\n\n\n\n<p class=\"gb-headline gb-headline-181e7e46 gb-headline-text\">Processi e progetti di assemblaggio automatizzati per dispositivi medici ad alte prestazioni per l\u2019uso di emergenza o programmato<\/p>\n\n\n<div class=\"gb-button-wrapper gb-button-wrapper-4b25f6bd\">\n\n<a class=\"gb-button gb-button-ef9ca3f6 gb-button-text\" href=\"https:\/\/www.atslifesciences.com\/it\/segmenti-di-mercato-che-serviamo\/dispositivi-medici\/\">PER SAPERNE DI PI\u00d9<\/a>\n\n<\/div>\n<\/div><\/div><\/div>\n\n<div class=\"gb-grid-column gb-grid-column-2eb2437b\"><div class=\"gb-container gb-container-2eb2437b card-item\"><div class=\"gb-inside-container\">\n\n<figure class=\"gb-block-image gb-block-image-941ce3ae\"><img decoding=\"async\" loading=\"lazy\" width=\"2000\" height=\"2153\" class=\"gb-image gb-image-941ce3ae\" src=\"https:\/\/www.atslifesciences.com\/wp-content\/uploads\/sites\/63\/2023\/01\/Diagnostics.jpg\" alt=\"Medical Diagnostics\" title=\"Medical Diagnostics\" srcset=\"https:\/\/www.atslifesciences.com\/wp-content\/uploads\/sites\/63\/2023\/01\/Diagnostics.jpg 2000w, https:\/\/www.atslifesciences.com\/wp-content\/uploads\/sites\/63\/2023\/01\/Diagnostics.jpg?resize=279,300 279w, https:\/\/www.atslifesciences.com\/wp-content\/uploads\/sites\/63\/2023\/01\/Diagnostics.jpg?resize=768,827 768w, https:\/\/www.atslifesciences.com\/wp-content\/uploads\/sites\/63\/2023\/01\/Diagnostics.jpg?resize=951,1024 951w, https:\/\/www.atslifesciences.com\/wp-content\/uploads\/sites\/63\/2023\/01\/Diagnostics.jpg?resize=1427,1536 1427w, https:\/\/www.atslifesciences.com\/wp-content\/uploads\/sites\/63\/2023\/01\/Diagnostics.jpg?resize=1902,2048 1902w\" sizes=\"auto, (max-width: 2000px) 100vw, 2000px\" \/><\/figure>\n\n\n\n<h3 class=\"gb-headline gb-headline-deafe9db gb-headline-text\">Diagnostica<\/h3>\n\n\n\n<p class=\"gb-headline gb-headline-4765099c gb-headline-text\">Diagnosi e risultati di test accurati e affidabili sono importanti; scoprite tutte le capacit\u00e0 di diagnostica medica che vi offriamo.<\/p>\n\n\n<div class=\"gb-button-wrapper gb-button-wrapper-cf9f5abb\">\n\n<a class=\"gb-button gb-button-f95c3eb5 gb-button-text\" href=\"https:\/\/www.atslifesciences.com\/it\/segmenti-di-mercato-che-serviamo\/diagnostica-medica\/\">PER SAPERNE DI PI\u00d9<\/a>\n\n<\/div>\n<\/div><\/div><\/div>\n\n<div class=\"gb-grid-column gb-grid-column-597b8f59\"><div class=\"gb-container gb-container-597b8f59 card-item\"><div class=\"gb-inside-container\">\n\n<figure class=\"gb-block-image gb-block-image-d6a4dee0\"><img decoding=\"async\" loading=\"lazy\" width=\"4523\" height=\"3015\" class=\"gb-image gb-image-d6a4dee0\" src=\"https:\/\/www.atslifesciences.com\/wp-content\/uploads\/sites\/63\/2023\/01\/PHARMACEUTICALS.jpg\" alt=\"Pharmaceuticals\" title=\"Pharmaceuticals\" srcset=\"https:\/\/www.atslifesciences.com\/wp-content\/uploads\/sites\/63\/2023\/01\/PHARMACEUTICALS.jpg 4523w, https:\/\/www.atslifesciences.com\/wp-content\/uploads\/sites\/63\/2023\/01\/PHARMACEUTICALS.jpg?resize=300,200 300w, https:\/\/www.atslifesciences.com\/wp-content\/uploads\/sites\/63\/2023\/01\/PHARMACEUTICALS.jpg?resize=768,512 768w, https:\/\/www.atslifesciences.com\/wp-content\/uploads\/sites\/63\/2023\/01\/PHARMACEUTICALS.jpg?resize=1024,683 1024w, https:\/\/www.atslifesciences.com\/wp-content\/uploads\/sites\/63\/2023\/01\/PHARMACEUTICALS.jpg?resize=1536,1024 1536w, https:\/\/www.atslifesciences.com\/wp-content\/uploads\/sites\/63\/2023\/01\/PHARMACEUTICALS.jpg?resize=2048,1365 2048w\" sizes=\"auto, (max-width: 4523px) 100vw, 4523px\" \/><\/figure>\n\n\n\n<h3 class=\"gb-headline gb-headline-ced2a42e gb-headline-text\">Prodotti farmaceutici<\/h3>\n\n\n\n<p class=\"gb-headline gb-headline-0772a95b gb-headline-text\">I farmaci e le tecnologie mediche si evolvono; di conseguenza anche i formati di presentazione che richiedono la gestione e il confezionamento automatizzati devono tenere il passo.<\/p>\n\n\n<div class=\"gb-button-wrapper gb-button-wrapper-72112fde\">\n\n<a class=\"gb-button gb-button-b0c92da7 gb-button-text\" href=\"https:\/\/www.atslifesciences.com\/it\/segmenti-di-mercato-che-serviamo\/prodotti-farmaceutici\/\">PER SAPERNE DI PI\u00d9<\/a>\n\n<\/div>\n<\/div><\/div><\/div>\n\n<div class=\"gb-grid-column gb-grid-column-86eea9ef\"><div class=\"gb-container gb-container-86eea9ef card-item\"><div class=\"gb-inside-container\">\n\n<figure class=\"gb-block-image gb-block-image-3f62669e\"><img decoding=\"async\" loading=\"lazy\" width=\"1127\" height=\"751\" class=\"gb-image gb-image-3f62669e\" src=\"https:\/\/www.atslifesciences.com\/wp-content\/uploads\/sites\/63\/2023\/01\/Automated-Pharmacy.png\" alt=\"Pharmacies &amp; Laboratories\" title=\"Pharmacies &amp; Laboratories\" srcset=\"https:\/\/www.atslifesciences.com\/wp-content\/uploads\/sites\/63\/2023\/01\/Automated-Pharmacy.png 1127w, https:\/\/www.atslifesciences.com\/wp-content\/uploads\/sites\/63\/2023\/01\/Automated-Pharmacy.png?resize=300,200 300w, https:\/\/www.atslifesciences.com\/wp-content\/uploads\/sites\/63\/2023\/01\/Automated-Pharmacy.png?resize=768,512 768w, https:\/\/www.atslifesciences.com\/wp-content\/uploads\/sites\/63\/2023\/01\/Automated-Pharmacy.png?resize=1024,682 1024w\" sizes=\"auto, (max-width: 1127px) 100vw, 1127px\" \/><\/figure>\n\n\n\n<h3 class=\"gb-headline gb-headline-18eadc8f gb-headline-text\">Farmacie e laboratori<\/h3>\n\n\n\n<p class=\"gb-headline gb-headline-4bcb2a90 gb-headline-text\">Le soluzioni di automazione non sono pi\u00f9 irraggiungibili per le attivit\u00e0 di farmacia e laboratorio: ATS Life Sciences Systems pu\u00f2 offrirvi una valida soluzione di automazione con tecnologia ASRS e AMR.<\/p>\n\n\n<div class=\"gb-button-wrapper gb-button-wrapper-0e2a7f09\">\n\n<a class=\"gb-button gb-button-a99e2045 gb-button-text\" href=\"https:\/\/www.atslifesciences.com\/it\/segmenti-di-mercato-che-serviamo\/farmacie-e-laboratori\/\">PER SAPERNE DI PI\u00d9<\/a>\n\n<\/div>\n<\/div><\/div><\/div>\n<\/div>\n<\/div><\/div>\n\n<div class=\"gb-container gb-container-540083d9 alignfull\"><div class=\"gb-inside-container\">\n<div class=\"gb-grid-wrapper gb-grid-wrapper-8519a293\">\n<div class=\"gb-grid-column gb-grid-column-c397222b\"><div class=\"gb-container gb-container-c397222b\"><div class=\"gb-inside-container\">\n\n<h2 class=\"gb-headline gb-headline-d1e516a8 gb-headline-text\">Siete pronti a discutere del vostro progetto nel settore delle scienze della vita con uno specialista ATS?<\/h2>\n\n\n\n<p class=\"has-white-color has-text-color\">Possiamo offrirvi un approccio standardizzato per soddisfare le vostre esigenze immediate o una soluzione personalizzata per l\u2019implementazione del vostro piano di automazione a lungo termine.<\/p>\n\n\n<div class=\"gb-button-wrapper gb-button-wrapper-739011f7\">\n\n<a class=\"gb-button gb-button-e458903b gb-button-text atsls-btn atsls-modal-btn\" href=\"#\" data-id=\"atsls-modal-medium\">Contatti<\/a>\n\n<\/div>\n<\/div><\/div><\/div>\n\n<div class=\"gb-grid-column gb-grid-column-00949ae9\"><div class=\"gb-container gb-container-00949ae9\"><div class=\"gb-inside-container\"><\/div><\/div><\/div>\n<\/div>\n<\/div><\/div>\n\n<div class=\"gb-container gb-container-c4f2ffb8 atsls-modal atsls-modal-medium alignfull\" data-id=\"atsls-modal-medium\"><div class=\"gb-inside-container\">\n\n<h2 class=\"gb-headline gb-headline-63a91292 gb-headline-text\">GET IN TOUCH<\/h2>\n\n\n\n<p>Briefly tell us about your automation needs and we\u2019ll get back to you.<\/p>\n\n\n\n\n<!-- iframe plugin v.5.1 wordpress.org\/plugins\/iframe\/ -->\n<iframe loading=\"lazy\" data-cookieconsent=\"ignore\" id=\"pardot-iframe\" style=\"border: 0;\" src=\"https:\/\/go.atsautomation.com\/l\/651873\/2023-04-05\/h5mk32?Source_Page=segments\" width=\"100%\" frameborder=\"0\" height=\"500\" scrolling=\"yes\" class=\"iframe-class\"><\/iframe>\n\n\n<\/div><\/div>","protected":false},"excerpt":{"rendered":"<p>Segmenti di mercato GET IN TOUCH Briefly tell us about your automation needs and we\u2019ll get back to you.<\/p>\n","protected":false},"author":378,"featured_media":0,"parent":0,"menu_order":0,"comment_status":"closed","ping_status":"closed","template":"page-templates\/empty.php","meta":{"_acf_changed":false,"_cr_original_post":"","_cr_replace_post_id":"","_cr_replacing_post_id":"","inline_featured_image":false,"cover_image":0,"footnotes":""},"coauthors":[78],"class_list":["post-10618","page","type-page","status-publish","hentry"],"yoast_head":"<!-- This site is optimized with the Yoast SEO Premium plugin v26.8 (Yoast SEO v26.8) - https:\/\/yoast.com\/product\/yoast-seo-premium-wordpress\/ -->\n<title>SEGMENTI DI MERCATO CHE SERVIAMO - ATS Life Sciences<\/title>\n<meta name=\"robots\" content=\"index, follow, max-snippet:-1, max-image-preview:large, max-video-preview:-1\" \/>\n<link rel=\"canonical\" href=\"https:\/\/www.atslifesciences.com\/it\/segmenti-di-mercato-che-serviamo\/\" \/>\n<meta property=\"og:locale\" content=\"it_IT\" \/>\n<meta property=\"og:type\" content=\"article\" \/>\n<meta property=\"og:title\" content=\"SEGMENTI DI MERCATO CHE SERVIAMO\" \/>\n<meta property=\"og:description\" content=\"Segmenti di mercato GET IN TOUCH Briefly tell us about your automation needs and we\u2019ll get back to you.\" \/>\n<meta property=\"og:url\" content=\"https:\/\/www.atslifesciences.com\/it\/segmenti-di-mercato-che-serviamo\/\" \/>\n<meta property=\"og:site_name\" content=\"ATS Life Sciences\" \/>\n<meta property=\"article:modified_time\" content=\"2025-11-28T14:23:37+00:00\" \/>\n<meta property=\"og:image\" content=\"https:\/\/www.atslifesciences.com\/wp-content\/uploads\/sites\/63\/2024\/06\/segment-1.jpg\" \/>\n<meta name=\"twitter:card\" content=\"summary_large_image\" \/>\n<meta name=\"twitter:label1\" content=\"Tempo di lettura stimato\" \/>\n\t<meta name=\"twitter:data1\" content=\"2 minuti\" \/>\n\t<meta name=\"twitter:label2\" content=\"Written by\" \/>\n\t<meta name=\"twitter:data2\" content=\"akhatpe\" \/>\n<script type=\"application\/ld+json\" class=\"yoast-schema-graph\">{\"@context\":\"https:\/\/schema.org\",\"@graph\":[{\"@type\":\"WebPage\",\"@id\":\"https:\/\/www.atslifesciences.com\/it\/segmenti-di-mercato-che-serviamo\/\",\"url\":\"https:\/\/www.atslifesciences.com\/it\/segmenti-di-mercato-che-serviamo\/\",\"name\":\"SEGMENTI DI MERCATO CHE SERVIAMO - ATS Life Sciences\",\"isPartOf\":{\"@id\":\"https:\/\/www.atslifesciences.com\/it\/#website\"},\"primaryImageOfPage\":{\"@id\":\"https:\/\/www.atslifesciences.com\/it\/segmenti-di-mercato-che-serviamo\/#primaryimage\"},\"image\":{\"@id\":\"https:\/\/www.atslifesciences.com\/it\/segmenti-di-mercato-che-serviamo\/#primaryimage\"},\"thumbnailUrl\":\"https:\/\/www.atslifesciences.com\/wp-content\/uploads\/sites\/63\/2024\/06\/segment-1.jpg\",\"datePublished\":\"2023-01-30T21:24:52+00:00\",\"dateModified\":\"2025-11-28T14:23:37+00:00\",\"breadcrumb\":{\"@id\":\"https:\/\/www.atslifesciences.com\/it\/segmenti-di-mercato-che-serviamo\/#breadcrumb\"},\"inLanguage\":\"it-IT\",\"potentialAction\":[{\"@type\":\"ReadAction\",\"target\":[\"https:\/\/www.atslifesciences.com\/it\/segmenti-di-mercato-che-serviamo\/\"]}]},{\"@type\":\"ImageObject\",\"inLanguage\":\"it-IT\",\"@id\":\"https:\/\/www.atslifesciences.com\/it\/segmenti-di-mercato-che-serviamo\/#primaryimage\",\"url\":\"https:\/\/www.atslifesciences.com\/wp-content\/uploads\/sites\/63\/2024\/06\/segment-1.jpg\",\"contentUrl\":\"https:\/\/www.atslifesciences.com\/wp-content\/uploads\/sites\/63\/2024\/06\/segment-1.jpg\"},{\"@type\":\"BreadcrumbList\",\"@id\":\"https:\/\/www.atslifesciences.com\/it\/segmenti-di-mercato-che-serviamo\/#breadcrumb\",\"itemListElement\":[{\"@type\":\"ListItem\",\"position\":1,\"name\":\"Home\",\"item\":\"https:\/\/www.atslifesciences.com\/it\/\"},{\"@type\":\"ListItem\",\"position\":2,\"name\":\"SEGMENTI DI MERCATO CHE SERVIAMO\"}]},{\"@type\":\"WebSite\",\"@id\":\"https:\/\/www.atslifesciences.com\/it\/#website\",\"url\":\"https:\/\/www.atslifesciences.com\/it\/\",\"name\":\"ATS Life Sciences\",\"description\":\"\",\"potentialAction\":[{\"@type\":\"SearchAction\",\"target\":{\"@type\":\"EntryPoint\",\"urlTemplate\":\"https:\/\/www.atslifesciences.com\/it\/?s={search_term_string}\"},\"query-input\":{\"@type\":\"PropertyValueSpecification\",\"valueRequired\":true,\"valueName\":\"search_term_string\"}}],\"inLanguage\":\"it-IT\"}]}<\/script>\n<!-- \/ Yoast SEO Premium plugin. -->","yoast_head_json":{"title":"SEGMENTI DI MERCATO CHE SERVIAMO - ATS Life Sciences","robots":{"index":"index","follow":"follow","max-snippet":"max-snippet:-1","max-image-preview":"max-image-preview:large","max-video-preview":"max-video-preview:-1"},"canonical":"https:\/\/www.atslifesciences.com\/it\/segmenti-di-mercato-che-serviamo\/","og_locale":"it_IT","og_type":"article","og_title":"SEGMENTI DI MERCATO CHE SERVIAMO","og_description":"Segmenti di mercato GET IN TOUCH Briefly tell us about your automation needs and we\u2019ll get back to you.","og_url":"https:\/\/www.atslifesciences.com\/it\/segmenti-di-mercato-che-serviamo\/","og_site_name":"ATS Life Sciences","article_modified_time":"2025-11-28T14:23:37+00:00","og_image":[{"url":"https:\/\/www.atslifesciences.com\/wp-content\/uploads\/sites\/63\/2024\/06\/segment-1.jpg","type":"","width":"","height":""}],"twitter_card":"summary_large_image","twitter_misc":{"Tempo di lettura stimato":"2 minuti","Written by":"akhatpe"},"schema":{"@context":"https:\/\/schema.org","@graph":[{"@type":"WebPage","@id":"https:\/\/www.atslifesciences.com\/it\/segmenti-di-mercato-che-serviamo\/","url":"https:\/\/www.atslifesciences.com\/it\/segmenti-di-mercato-che-serviamo\/","name":"SEGMENTI DI MERCATO CHE SERVIAMO - ATS Life Sciences","isPartOf":{"@id":"https:\/\/www.atslifesciences.com\/it\/#website"},"primaryImageOfPage":{"@id":"https:\/\/www.atslifesciences.com\/it\/segmenti-di-mercato-che-serviamo\/#primaryimage"},"image":{"@id":"https:\/\/www.atslifesciences.com\/it\/segmenti-di-mercato-che-serviamo\/#primaryimage"},"thumbnailUrl":"https:\/\/www.atslifesciences.com\/wp-content\/uploads\/sites\/63\/2024\/06\/segment-1.jpg","datePublished":"2023-01-30T21:24:52+00:00","dateModified":"2025-11-28T14:23:37+00:00","breadcrumb":{"@id":"https:\/\/www.atslifesciences.com\/it\/segmenti-di-mercato-che-serviamo\/#breadcrumb"},"inLanguage":"it-IT","potentialAction":[{"@type":"ReadAction","target":["https:\/\/www.atslifesciences.com\/it\/segmenti-di-mercato-che-serviamo\/"]}]},{"@type":"ImageObject","inLanguage":"it-IT","@id":"https:\/\/www.atslifesciences.com\/it\/segmenti-di-mercato-che-serviamo\/#primaryimage","url":"https:\/\/www.atslifesciences.com\/wp-content\/uploads\/sites\/63\/2024\/06\/segment-1.jpg","contentUrl":"https:\/\/www.atslifesciences.com\/wp-content\/uploads\/sites\/63\/2024\/06\/segment-1.jpg"},{"@type":"BreadcrumbList","@id":"https:\/\/www.atslifesciences.com\/it\/segmenti-di-mercato-che-serviamo\/#breadcrumb","itemListElement":[{"@type":"ListItem","position":1,"name":"Home","item":"https:\/\/www.atslifesciences.com\/it\/"},{"@type":"ListItem","position":2,"name":"SEGMENTI DI MERCATO CHE SERVIAMO"}]},{"@type":"WebSite","@id":"https:\/\/www.atslifesciences.com\/it\/#website","url":"https:\/\/www.atslifesciences.com\/it\/","name":"ATS Life Sciences","description":"","potentialAction":[{"@type":"SearchAction","target":{"@type":"EntryPoint","urlTemplate":"https:\/\/www.atslifesciences.com\/it\/?s={search_term_string}"},"query-input":{"@type":"PropertyValueSpecification","valueRequired":true,"valueName":"search_term_string"}}],"inLanguage":"it-IT"}]}},"acf":[],"jetpack_sharing_enabled":true,"_links":{"self":[{"href":"https:\/\/www.atslifesciences.com\/it\/wp-json\/wp\/v2\/pages\/10618","targetHints":{"allow":["GET"]}}],"collection":[{"href":"https:\/\/www.atslifesciences.com\/it\/wp-json\/wp\/v2\/pages"}],"about":[{"href":"https:\/\/www.atslifesciences.com\/it\/wp-json\/wp\/v2\/types\/page"}],"author":[{"embeddable":true,"href":"https:\/\/www.atslifesciences.com\/it\/wp-json\/wp\/v2\/users\/378"}],"replies":[{"embeddable":true,"href":"https:\/\/www.atslifesciences.com\/it\/wp-json\/wp\/v2\/comments?post=10618"}],"version-history":[{"count":9,"href":"https:\/\/www.atslifesciences.com\/it\/wp-json\/wp\/v2\/pages\/10618\/revisions"}],"predecessor-version":[{"id":24995,"href":"https:\/\/www.atslifesciences.com\/it\/wp-json\/wp\/v2\/pages\/10618\/revisions\/24995"}],"wp:attachment":[{"href":"https:\/\/www.atslifesciences.com\/it\/wp-json\/wp\/v2\/media?parent=10618"}],"wp:term":[{"taxonomy":"author","embeddable":true,"href":"https:\/\/www.atslifesciences.com\/it\/wp-json\/wp\/v2\/coauthors?post=10618"}],"curies":[{"name":"wp","href":"https:\/\/api.w.org\/{rel}","templated":true}]}}