{"id":9889,"date":"2023-01-30T21:28:04","date_gmt":"2023-01-30T21:28:04","guid":{"rendered":"https:\/\/www.atslifesciences.com\/capabilities\/"},"modified":"2024-11-05T19:08:12","modified_gmt":"2024-11-05T19:08:12","slug":"expertise","status":"publish","type":"page","link":"https:\/\/www.atslifesciences.com\/de\/expertise\/","title":{"rendered":"Expertise"},"content":{"rendered":"\n<div class=\"atsls-secondary-hero\" id=\"atsls-secondary-hero-block_5a78280fb9c520553a764e5b6be536ec\">\n\n  <div class=\"inner-wrp\">\n\n    \n      <div class=\"background-wrp\" style=\"background-image: url(https:\/\/www.atslifesciences.com\/wp-content\/uploads\/sites\/63\/2024\/06\/Capabilities-Overview.jpg);\">\n                  <div class=\"img-wrp\">\n            <img decoding=\"async\" src=\"https:\/\/www.atslifesciences.com\/wp-content\/uploads\/sites\/63\/2024\/06\/Capabilities-Overview.jpg\">\n          <\/div>\n              <\/div>\n\n    \n    <div class=\"container\">\n\n      <div class=\"row\">\n\n        <div class=\"col-md-5\">\n\n          <div class=\"sub-title\">\n            <p>Automatisierungsl\u00f6sungen, die Menschenleben auf der ganzen Welt positiv beeinflussen<\/p>\n          <\/div>\n          \n          <div class=\"title-part\">\n            <h1>EXPERTISE<\/h1>\n          <\/div>\n\n          <div class=\"description\">\n            <p>Wir entwerfen und implementieren End-to-End-Systeme, die die Arbeitsabl\u00e4ufe unserer Kunden durch den Einsatz fortschrittlicher Prozess- und Fertigungsautomatisierung sowie innovativer Probleml\u00f6sungstechniken umgestalten, rationalisieren und optimieren, was zu einer h\u00f6heren Effizienz und Kosteneinsparungen f\u00fchrt.<\/p>\n          <\/div>\n\n          \n        <\/div>\n        \n      <\/div>\n\n    <\/div>\n  \n  <\/div>\n\n<\/div>\n\n<style type=\"text\/css\">\n#atsls-secondary-hero-block_5a78280fb9c520553a764e5b6be536ec {\n  padding-top: 100px;\n  background-color: #0A2463;\n}\n\n#atsls-secondary-hero-block_5a78280fb9c520553a764e5b6be536ec .inner-wrp {\n  padding-top: 6rem;\n  padding-bottom: 6rem;\n  position: relative;\n}\n\n\n#atsls-secondary-hero-block_5a78280fb9c520553a764e5b6be536ec .inner-wrp .background-wrp {\n  background-repeat: no-repeat;\n  background-position: center;\n  background-size: cover;\n  position: relative;\n  width: 55%;\n  height: 100%;\n  position: absolute;\n  top: 0;\n  right: 0;\n  z-index: 1;\n  overflow: hidden;\n}\n#atsls-secondary-hero-block_5a78280fb9c520553a764e5b6be536ec .inner-wrp .background-wrp .img-wrp {\n  display: none;\n  position: relative;\n  height: 0;\n  width: 100%;\n  padding-bottom: 56.25%;\n  margin-bottom: 0px;\n  overflow: hidden;\n}\n#atsls-secondary-hero-block_5a78280fb9c520553a764e5b6be536ec .inner-wrp .background-wrp .img-wrp img {\n  position: absolute;\n  width: 100%;\n  height: 100%;\n  top: 0;\n  left: 0;\n  object-fit: cover;\n  object-position: center;\n}\n\n#atsls-secondary-hero-block_5a78280fb9c520553a764e5b6be536ec .inner-wrp .background-video-wrp {\n  background-repeat: no-repeat;\n  background-position: center;\n  background-size: cover;\n  position: relative;\n  width: 55%;\n  height: 100%;\n  position: absolute;\n  top: 0;\n  right: 0;\n  z-index: 1;\n  overflow: hidden;\n}\n#atsls-secondary-hero-block_5a78280fb9c520553a764e5b6be536ec .inner-wrp .background-video-wrp .video-wrp {\n  display: block;\n  position: relative;\n  height: 0;\n  width: 100%;\n  padding-bottom: 60%;\n  margin-bottom: 0px;\n  overflow: hidden;\n}\n#atsls-secondary-hero-block_5a78280fb9c520553a764e5b6be536ec .inner-wrp .background-video-wrp .video-wrp video {\n  position: absolute;\n  width: 100%;\n  height: 100%;\n  top: 0;\n  left: 0;\n  object-fit: cover;\n  object-position: center;\n}\n\n#atsls-secondary-hero-block_5a78280fb9c520553a764e5b6be536ec .container {\n  position: relative;\n  z-index: 2;\n}\n\n#atsls-secondary-hero-block_5a78280fb9c520553a764e5b6be536ec .inner-wrp::after {\n  content: \"\";\n  width: 65%;\n  height: 100%;\n  position: absolute;\n  top: 0;\n  left: -10%;\n  transform: skew(-20deg);\n  background-color: #0A2463;\n  border-right: 6px solid #41BFAC;\n  z-index: 1;\n}\n#atsls-secondary-hero-block_5a78280fb9c520553a764e5b6be536ec .title-part h1, #atsls-secondary-hero-block_5a78280fb9c520553a764e5b6be536ec .title-part .h1 {\n  color: #FFF;\n  font-family: \"Roboto\", sans-serif;\n  font-size: 48px;\n  font-style: normal;\n  font-weight: 500;\n  line-height: normal;\n  margin-bottom: 15px;\n}\n.single-news-page #atsls-secondary-hero-block_5a78280fb9c520553a764e5b6be536ec .title-part h1 {\n  font-size: 28px;\n  text-transform: unset;\n}\n#atsls-secondary-hero-block_5a78280fb9c520553a764e5b6be536ec .sub-title p {\n  color: #9ACD4F;\n  \/* Subtitle *\/\n  font-family: \"Roboto\", sans-serif;\n  font-size: 16px;\n  font-style: normal;\n  font-weight: 500;\n  line-height: 140%; \/* 22.4px *\/\n  margin-bottom: 5px;\n}\n#atsls-secondary-hero-block_5a78280fb9c520553a764e5b6be536ec .description p {\n  color: #FFF;\n  \/* Paragraph *\/\n  font-family: \"Roboto\", sans-serif;\n  font-size: 18px;\n  font-style: normal;\n  font-weight: 400;\n  line-height: 140%; \/* 25.2px *\/\n}\n#atsls-secondary-hero-block_5a78280fb9c520553a764e5b6be536ec .cta-btn {\n  padding-top: 15px;\n}\n#atsls-secondary-hero-block_5a78280fb9c520553a764e5b6be536ec .cta-btn a {\n  position: relative;\n  padding: 10px 40px !important;\n  transition: all ease 0.3s !important;\n  background-color: #9ACD4F;\n  text-decoration: none;\n  color: #071630;\n  font-size: 18px;\n}\n\n#atsls-secondary-hero-block_5a78280fb9c520553a764e5b6be536ec .cta-btn a:before {\n  content: \"\" !important;\n  background-image: url('https:\/\/www.atslifesciences.com\/wp-content\/themes\/atsls-2024\/assets\/btn-icon.svg');\n  width: 30px;\n  height: 30px;\n  background-repeat: no-repeat;\n  background-position: center;\n  background-size: 30px 30px;\n  position: absolute;\n  top: 8px !important;\n  left: 20px !important;\n  opacity: 0;\n  transition: all ease 0.3s;\n}\n\n#atsls-secondary-hero-block_5a78280fb9c520553a764e5b6be536ec .cta-btn a:hover {\n  padding-left: 60px !important;\n  padding-right: 20px !important;\n}\n#atsls-secondary-hero-block_5a78280fb9c520553a764e5b6be536ec .cta-btn a:hover:before {\n  opacity: 1;\n}\n\n\n@media (max-width: 768px) {\n  #atsls-secondary-hero-block_5a78280fb9c520553a764e5b6be536ec {\n    padding-top: 79px;\n  }\n  #atsls-secondary-hero-block_5a78280fb9c520553a764e5b6be536ec .title-part h1 {\n    font-size: 30px;\n  }\n  #atsls-secondary-hero-block_5a78280fb9c520553a764e5b6be536ec .inner-wrp {\n    padding-top: 0px;\n    padding-bottom: 32px;\n  }\n  #atsls-secondary-hero-block_5a78280fb9c520553a764e5b6be536ec .inner-wrp::after {\n    width: 100%;\n    height: 100%;\n    left: 0;\n    top: 0;\n    transform: unset;\n    border: none;\n  }\n\n  #atsls-secondary-hero-block_5a78280fb9c520553a764e5b6be536ec .inner-wrp .background-wrp {\n    width: 100%;\n    position: relative;\n    height: auto;\n    z-index: 2;\n    margin-bottom: 30px;\n  }\n  #atsls-secondary-hero-block_5a78280fb9c520553a764e5b6be536ec .inner-wrp .background-wrp .img-wrp {\n    display: block;\n  }\n  #atsls-secondary-hero-block_5a78280fb9c520553a764e5b6be536ec .inner-wrp .background-video-wrp {\n    width: 100%;\n    position: relative;\n    height: auto;\n    z-index: 2;\n    margin-bottom: 30px;\n  }\n}\n\n<\/style>\n\n\n<div class=\"gb-container gb-container-0fdfa3be\"><div class=\"gb-inside-container\">\n\n<h2 class=\"gb-headline gb-headline-9867b477 gb-headline-text\"><strong>Warum ATS?<\/strong><\/h2>\n\n\n<div class=\"gb-grid-wrapper gb-grid-wrapper-c6daeb78 segments-card\">\n<div class=\"gb-grid-column gb-grid-column-2eb2437b\"><div class=\"gb-container gb-container-2eb2437b card-item\"><div class=\"gb-inside-container\">\n\n<figure class=\"gb-block-image gb-block-image-941ce3ae\"><img decoding=\"async\" loading=\"lazy\" width=\"794\" height=\"340\" class=\"gb-image gb-image-941ce3ae\" src=\"https:\/\/www.atslifesciences.com\/wp-content\/uploads\/sites\/63\/2023\/01\/Specialty-Processes.jpg\" alt=\"Unser Prozesse\" title=\"Unser Prozesse\" srcset=\"https:\/\/www.atslifesciences.com\/wp-content\/uploads\/sites\/63\/2023\/01\/Specialty-Processes.jpg 794w, https:\/\/www.atslifesciences.com\/wp-content\/uploads\/sites\/63\/2023\/01\/Specialty-Processes.jpg?resize=300,128 300w, https:\/\/www.atslifesciences.com\/wp-content\/uploads\/sites\/63\/2023\/01\/Specialty-Processes.jpg?resize=768,329 768w\" sizes=\"auto, (max-width: 794px) 100vw, 794px\" \/><\/figure>\n\n\n\n<h3 class=\"gb-headline gb-headline-deafe9db gb-headline-text\">Unsere Prozesse<\/h3>\n\n\n\n<p class=\"gb-headline gb-headline-4765099c gb-headline-text\">Dank unserer jahrzehntelangen Erfahrung kann ATS auf das Fachwissen unseres weltweiten Teams zur\u00fcckgreifen und Ihnen das Know-how zur Verf\u00fcgung stellen, das Sie f\u00fcr Ihre Produkte ben\u00f6tigen, ganz gleich, ob es sich um einen Spezialprozess handelt, der in eine Automatisierung integriert ist, oder um eine komplette End-to-End-L\u00f6sung.<\/p>\n\n\n<div class=\"gb-button-wrapper gb-button-wrapper-cf9f5abb\">\n\n<a class=\"gb-button gb-button-f95c3eb5 gb-button-text\" href=\"https:\/\/www.atslifesciences.com\/de\/produkte\/uberblick-uber-die-funktionen\/#h-kompetenzen\">MEhr<\/a>\n\n<\/div>\n<\/div><\/div><\/div>\n\n<div class=\"gb-grid-column gb-grid-column-597b8f59\"><div class=\"gb-container gb-container-597b8f59 card-item\"><div class=\"gb-inside-container\">\n\n<figure class=\"gb-block-image gb-block-image-d6a4dee0\"><img decoding=\"async\" loading=\"lazy\" width=\"750\" height=\"295\" class=\"gb-image gb-image-d6a4dee0\" src=\"https:\/\/www.atslifesciences.com\/wp-content\/uploads\/sites\/63\/2023\/01\/Innovation-Center.png\" alt=\"Innovation Center\" title=\"Innovation Center\" srcset=\"https:\/\/www.atslifesciences.com\/wp-content\/uploads\/sites\/63\/2023\/01\/Innovation-Center.png 750w, https:\/\/www.atslifesciences.com\/wp-content\/uploads\/sites\/63\/2023\/01\/Innovation-Center.png?resize=300,118 300w\" sizes=\"auto, (max-width: 750px) 100vw, 750px\" \/><\/figure>\n\n\n\n<h3 class=\"gb-headline gb-headline-ced2a42e gb-headline-text\">Innovation<\/h3>\n\n\n\n<p class=\"gb-headline gb-headline-0772a95b gb-headline-text\">Unser starkes Engagement in der Forschung und Entwicklung beschleunigt die Umsetzung neuer Ideen in innovative Produkte, Verfahren und Dienstleistungen, die die Bereitstellung weltweit f\u00fchrender Fertigungsl\u00f6sungen erm\u00f6glichen. Unsere Bem\u00fchungen im Bereich F&amp;E haben zu zahlreichen Innovationen und Patentanmeldungen gef\u00fchrt.<\/p>\n\n\n<div class=\"gb-button-wrapper gb-button-wrapper-72112fde\">\n\n<a class=\"gb-button gb-button-b0c92da7 gb-button-text\" href=\"https:\/\/www.atslifesciences.com\/de\/ueber-uns\/innovation\/\">MEhr<\/a>\n\n<\/div>\n<\/div><\/div><\/div>\n\n<div class=\"gb-grid-column gb-grid-column-86eea9ef\"><div class=\"gb-container gb-container-86eea9ef card-item\"><div class=\"gb-inside-container\">\n\n<figure class=\"gb-block-image gb-block-image-3f62669e\"><img decoding=\"async\" loading=\"lazy\" width=\"750\" height=\"295\" class=\"gb-image gb-image-3f62669e\" src=\"https:\/\/www.atslifesciences.com\/wp-content\/uploads\/sites\/63\/2023\/01\/Extensive-Knowledge-Base.png\" alt=\"Extensive Knowledge Base\" title=\"Extensive Knowledge Base\" srcset=\"https:\/\/www.atslifesciences.com\/wp-content\/uploads\/sites\/63\/2023\/01\/Extensive-Knowledge-Base.png 750w, https:\/\/www.atslifesciences.com\/wp-content\/uploads\/sites\/63\/2023\/01\/Extensive-Knowledge-Base.png?resize=300,118 300w\" sizes=\"auto, (max-width: 750px) 100vw, 750px\" \/><\/figure>\n\n\n\n<h3 class=\"gb-headline gb-headline-18eadc8f gb-headline-text\">ATS Life Sciences Group <\/h3>\n\n\n\n<p class=\"gb-headline gb-headline-4bcb2a90 gb-headline-text\">Die ATS Life Sciences-Unternehmensgruppe ist auf die Bereitstellung hochentwickelter Produkte und L\u00f6sungen spezialisiert. Deshalb schaffen wir End-to-End-L\u00f6sungen, die den h\u00f6chsten Qualit\u00e4ts- und Leistungsstandards entsprechen.<\/p>\n\n\n<div class=\"gb-button-wrapper gb-button-wrapper-0e2a7f09\">\n\n<a class=\"gb-button gb-button-a99e2045 gb-button-text\" href=\"https:\/\/atslifesciencesgroup.com\/\">Mehr<\/a>\n\n<\/div>\n<\/div><\/div><\/div>\n<\/div>\n<\/div><\/div>\n\n<div class=\"gb-container gb-container-540083d9 alignfull\"><div class=\"gb-inside-container\">\n<div class=\"gb-grid-wrapper gb-grid-wrapper-8519a293\">\n<div class=\"gb-grid-column gb-grid-column-c397222b\"><div class=\"gb-container gb-container-c397222b\"><div class=\"gb-inside-container\">\n\n<h2 class=\"gb-headline gb-headline-d1e516a8 gb-headline-text\">Jetzt mit einem Automatisierungs-Experten sprechen?<\/h2>\n\n\n\n<p class=\"has-white-color has-text-color\">Der ATS-Vorteil: Nutzen Sie jetzt unser umfangreiches Experten Know-How!\u200b<\/p>\n\n\n<div class=\"gb-button-wrapper gb-button-wrapper-739011f7\">\n\n<a class=\"gb-button gb-button-e458903b gb-button-text atsls-btn atsls-modal-btn\" href=\"#\" data-id=\"atsls-modal-medium\">Kontakt<\/a>\n\n<\/div>\n<\/div><\/div><\/div>\n\n<div class=\"gb-grid-column gb-grid-column-00949ae9\"><div class=\"gb-container gb-container-00949ae9\"><div class=\"gb-inside-container\"><\/div><\/div><\/div>\n<\/div>\n<\/div><\/div>\n\n<div class=\"gb-container gb-container-c4f2ffb8 atsls-modal atsls-modal-medium alignfull\" data-id=\"atsls-modal-medium\"><div class=\"gb-inside-container\">\n\n<h2 class=\"gb-headline gb-headline-63a91292 gb-headline-text\">Kontakt<\/h2>\n\n\n\n\n<!-- iframe plugin v.5.1 wordpress.org\/plugins\/iframe\/ -->\n<iframe loading=\"lazy\" data-cookieconsent=\"ignore\" id=\"pardot-iframe\" style=\"border: 0;\" src=\"https:\/\/go.atsautomation.com\/l\/651873\/2024-10-29\/h7hhlb?Source_Page=capabilities\" width=\"100%\" frameborder=\"0\" height=\"500\" scrolling=\"yes\" class=\"iframe-class\"><\/iframe>\n\n\n<\/div><\/div>","protected":false},"excerpt":{"rendered":"<p>Warum ATS? Kontakt<\/p>\n","protected":false},"author":378,"featured_media":10063,"parent":0,"menu_order":0,"comment_status":"closed","ping_status":"closed","template":"page-templates\/empty.php","meta":{"_acf_changed":false,"_cr_original_post":"","_cr_replace_post_id":"","_cr_replacing_post_id":"","inline_featured_image":false,"cover_image":0,"footnotes":""},"coauthors":[78],"class_list":["post-9889","page","type-page","status-publish","has-post-thumbnail","hentry"],"yoast_head":"<!-- This site is optimized with the Yoast SEO Premium plugin v26.8 (Yoast SEO v26.8) - https:\/\/yoast.com\/product\/yoast-seo-premium-wordpress\/ -->\n<title>Expertise - ATS Life Sciences<\/title>\n<meta name=\"robots\" content=\"index, follow, max-snippet:-1, max-image-preview:large, max-video-preview:-1\" \/>\n<link rel=\"canonical\" href=\"https:\/\/www.atslifesciences.com\/de\/expertise\/\" \/>\n<meta property=\"og:locale\" content=\"de_DE\" \/>\n<meta property=\"og:type\" content=\"article\" \/>\n<meta property=\"og:title\" content=\"Expertise\" \/>\n<meta property=\"og:description\" content=\"Warum ATS? Kontakt\" \/>\n<meta property=\"og:url\" content=\"https:\/\/www.atslifesciences.com\/de\/expertise\/\" \/>\n<meta property=\"og:site_name\" content=\"ATS Life Sciences\" \/>\n<meta property=\"article:modified_time\" content=\"2024-11-05T19:08:12+00:00\" \/>\n<meta property=\"og:image\" content=\"https:\/\/www.atslifesciences.com\/wp-content\/uploads\/sites\/63\/2024\/07\/site-preview-2.jpg\" \/>\n\t<meta property=\"og:image:width\" content=\"1200\" \/>\n\t<meta property=\"og:image:height\" content=\"630\" \/>\n\t<meta property=\"og:image:type\" content=\"image\/jpeg\" \/>\n<meta name=\"twitter:card\" content=\"summary_large_image\" \/>\n<meta name=\"twitter:label1\" content=\"Gesch\u00e4tzte Lesezeit\" \/>\n\t<meta name=\"twitter:data1\" content=\"2 Minuten\" \/>\n\t<meta name=\"twitter:label2\" content=\"Written by\" \/>\n\t<meta name=\"twitter:data2\" content=\"akhatpe\" \/>\n<script type=\"application\/ld+json\" class=\"yoast-schema-graph\">{\"@context\":\"https:\/\/schema.org\",\"@graph\":[{\"@type\":\"WebPage\",\"@id\":\"https:\/\/www.atslifesciences.com\/de\/expertise\/\",\"url\":\"https:\/\/www.atslifesciences.com\/de\/expertise\/\",\"name\":\"Expertise - ATS Life Sciences\",\"isPartOf\":{\"@id\":\"https:\/\/www.atslifesciences.com\/de\/#website\"},\"primaryImageOfPage\":{\"@id\":\"https:\/\/www.atslifesciences.com\/de\/expertise\/#primaryimage\"},\"image\":{\"@id\":\"https:\/\/www.atslifesciences.com\/de\/expertise\/#primaryimage\"},\"thumbnailUrl\":\"https:\/\/www.atslifesciences.com\/wp-content\/uploads\/sites\/63\/2023\/02\/Capabilities-Overview.jpg\",\"datePublished\":\"2023-01-30T21:28:04+00:00\",\"dateModified\":\"2024-11-05T19:08:12+00:00\",\"breadcrumb\":{\"@id\":\"https:\/\/www.atslifesciences.com\/de\/expertise\/#breadcrumb\"},\"inLanguage\":\"de-DE\",\"potentialAction\":[{\"@type\":\"ReadAction\",\"target\":[\"https:\/\/www.atslifesciences.com\/de\/expertise\/\"]}]},{\"@type\":\"ImageObject\",\"inLanguage\":\"de-DE\",\"@id\":\"https:\/\/www.atslifesciences.com\/de\/expertise\/#primaryimage\",\"url\":\"https:\/\/www.atslifesciences.com\/wp-content\/uploads\/sites\/63\/2023\/02\/Capabilities-Overview.jpg\",\"contentUrl\":\"https:\/\/www.atslifesciences.com\/wp-content\/uploads\/sites\/63\/2023\/02\/Capabilities-Overview.jpg\",\"width\":8000,\"height\":4000},{\"@type\":\"BreadcrumbList\",\"@id\":\"https:\/\/www.atslifesciences.com\/de\/expertise\/#breadcrumb\",\"itemListElement\":[{\"@type\":\"ListItem\",\"position\":1,\"name\":\"Home\",\"item\":\"https:\/\/www.atslifesciences.com\/de\/\"},{\"@type\":\"ListItem\",\"position\":2,\"name\":\"Expertise\"}]},{\"@type\":\"WebSite\",\"@id\":\"https:\/\/www.atslifesciences.com\/de\/#website\",\"url\":\"https:\/\/www.atslifesciences.com\/de\/\",\"name\":\"ATS Life Sciences\",\"description\":\"\",\"potentialAction\":[{\"@type\":\"SearchAction\",\"target\":{\"@type\":\"EntryPoint\",\"urlTemplate\":\"https:\/\/www.atslifesciences.com\/de\/?s={search_term_string}\"},\"query-input\":{\"@type\":\"PropertyValueSpecification\",\"valueRequired\":true,\"valueName\":\"search_term_string\"}}],\"inLanguage\":\"de-DE\"}]}<\/script>\n<!-- \/ Yoast SEO Premium plugin. -->","yoast_head_json":{"title":"Expertise - ATS Life Sciences","robots":{"index":"index","follow":"follow","max-snippet":"max-snippet:-1","max-image-preview":"max-image-preview:large","max-video-preview":"max-video-preview:-1"},"canonical":"https:\/\/www.atslifesciences.com\/de\/expertise\/","og_locale":"de_DE","og_type":"article","og_title":"Expertise","og_description":"Warum ATS? Kontakt","og_url":"https:\/\/www.atslifesciences.com\/de\/expertise\/","og_site_name":"ATS Life Sciences","article_modified_time":"2024-11-05T19:08:12+00:00","og_image":[{"width":1200,"height":630,"url":"https:\/\/www.atslifesciences.com\/wp-content\/uploads\/sites\/63\/2024\/07\/site-preview-2.jpg","type":"image\/jpeg"}],"twitter_card":"summary_large_image","twitter_misc":{"Gesch\u00e4tzte Lesezeit":"2 Minuten","Written by":"akhatpe"},"schema":{"@context":"https:\/\/schema.org","@graph":[{"@type":"WebPage","@id":"https:\/\/www.atslifesciences.com\/de\/expertise\/","url":"https:\/\/www.atslifesciences.com\/de\/expertise\/","name":"Expertise - ATS Life Sciences","isPartOf":{"@id":"https:\/\/www.atslifesciences.com\/de\/#website"},"primaryImageOfPage":{"@id":"https:\/\/www.atslifesciences.com\/de\/expertise\/#primaryimage"},"image":{"@id":"https:\/\/www.atslifesciences.com\/de\/expertise\/#primaryimage"},"thumbnailUrl":"https:\/\/www.atslifesciences.com\/wp-content\/uploads\/sites\/63\/2023\/02\/Capabilities-Overview.jpg","datePublished":"2023-01-30T21:28:04+00:00","dateModified":"2024-11-05T19:08:12+00:00","breadcrumb":{"@id":"https:\/\/www.atslifesciences.com\/de\/expertise\/#breadcrumb"},"inLanguage":"de-DE","potentialAction":[{"@type":"ReadAction","target":["https:\/\/www.atslifesciences.com\/de\/expertise\/"]}]},{"@type":"ImageObject","inLanguage":"de-DE","@id":"https:\/\/www.atslifesciences.com\/de\/expertise\/#primaryimage","url":"https:\/\/www.atslifesciences.com\/wp-content\/uploads\/sites\/63\/2023\/02\/Capabilities-Overview.jpg","contentUrl":"https:\/\/www.atslifesciences.com\/wp-content\/uploads\/sites\/63\/2023\/02\/Capabilities-Overview.jpg","width":8000,"height":4000},{"@type":"BreadcrumbList","@id":"https:\/\/www.atslifesciences.com\/de\/expertise\/#breadcrumb","itemListElement":[{"@type":"ListItem","position":1,"name":"Home","item":"https:\/\/www.atslifesciences.com\/de\/"},{"@type":"ListItem","position":2,"name":"Expertise"}]},{"@type":"WebSite","@id":"https:\/\/www.atslifesciences.com\/de\/#website","url":"https:\/\/www.atslifesciences.com\/de\/","name":"ATS Life Sciences","description":"","potentialAction":[{"@type":"SearchAction","target":{"@type":"EntryPoint","urlTemplate":"https:\/\/www.atslifesciences.com\/de\/?s={search_term_string}"},"query-input":{"@type":"PropertyValueSpecification","valueRequired":true,"valueName":"search_term_string"}}],"inLanguage":"de-DE"}]}},"acf":[],"jetpack_sharing_enabled":true,"_links":{"self":[{"href":"https:\/\/www.atslifesciences.com\/de\/wp-json\/wp\/v2\/pages\/9889","targetHints":{"allow":["GET"]}}],"collection":[{"href":"https:\/\/www.atslifesciences.com\/de\/wp-json\/wp\/v2\/pages"}],"about":[{"href":"https:\/\/www.atslifesciences.com\/de\/wp-json\/wp\/v2\/types\/page"}],"author":[{"embeddable":true,"href":"https:\/\/www.atslifesciences.com\/de\/wp-json\/wp\/v2\/users\/378"}],"replies":[{"embeddable":true,"href":"https:\/\/www.atslifesciences.com\/de\/wp-json\/wp\/v2\/comments?post=9889"}],"version-history":[{"count":11,"href":"https:\/\/www.atslifesciences.com\/de\/wp-json\/wp\/v2\/pages\/9889\/revisions"}],"predecessor-version":[{"id":21102,"href":"https:\/\/www.atslifesciences.com\/de\/wp-json\/wp\/v2\/pages\/9889\/revisions\/21102"}],"wp:featuredmedia":[{"embeddable":true,"href":"https:\/\/www.atslifesciences.com\/de\/wp-json\/wp\/v2\/media\/10063"}],"wp:attachment":[{"href":"https:\/\/www.atslifesciences.com\/de\/wp-json\/wp\/v2\/media?parent=9889"}],"wp:term":[{"taxonomy":"author","embeddable":true,"href":"https:\/\/www.atslifesciences.com\/de\/wp-json\/wp\/v2\/coauthors?post=9889"}],"curies":[{"name":"wp","href":"https:\/\/api.w.org\/{rel}","templated":true}]}}