{"id":9885,"date":"2023-01-30T21:32:04","date_gmt":"2023-01-30T21:32:04","guid":{"rendered":"https:\/\/www.atslifesciences.com\/services\/"},"modified":"2024-07-07T18:13:50","modified_gmt":"2024-07-07T18:13:50","slug":"services","status":"publish","type":"page","link":"https:\/\/www.atslifesciences.com\/de\/services\/","title":{"rendered":"SERVICES"},"content":{"rendered":"\n<div class=\"atsls-secondary-hero\" id=\"atsls-secondary-hero-block_b246cf7e529ff6c57bf0dc6219d34ff6\">\n\n  <div class=\"inner-wrp\">\n\n    \n      <div class=\"background-wrp\" style=\"background-image: url(https:\/\/www.atslifesciences.com\/wp-content\/uploads\/sites\/63\/2023\/02\/Services-page-header-image.jpg);\">\n                  <div class=\"img-wrp\">\n            <img decoding=\"async\" src=\"https:\/\/www.atslifesciences.com\/wp-content\/uploads\/sites\/63\/2023\/02\/Services-page-header-image.jpg\">\n          <\/div>\n              <\/div>\n\n    \n    <div class=\"container\">\n\n      <div class=\"row\">\n\n        <div class=\"col-md-5\">\n\n          <div class=\"sub-title\">\n            <p>Automatisierungsprojekt ist f\u00fcr uns mehr als nur die Maschine<\/p>\n          <\/div>\n          \n          <div class=\"title-part\">\n            <h1>SERVICES<\/h1>\n          <\/div>\n\n          <div class=\"description\">\n            <p>Unabh\u00e4ngig von der Phase des Lebenszyklus Ihres Produkts &#8211; Produktdesign, Produktentwicklung, klinische Versuche oder vollst\u00e4ndige kommerzielle Produktion &#8211; sind wir bei ATS Life Sciences Systems f\u00fcr Sie da.<\/p>\n          <\/div>\n\n          \n        <\/div>\n        \n      <\/div>\n\n    <\/div>\n  \n  <\/div>\n\n<\/div>\n\n<style type=\"text\/css\">\n#atsls-secondary-hero-block_b246cf7e529ff6c57bf0dc6219d34ff6 {\n  padding-top: 100px;\n  background-color: #0A2463;\n}\n\n#atsls-secondary-hero-block_b246cf7e529ff6c57bf0dc6219d34ff6 .inner-wrp {\n  padding-top: 6rem;\n  padding-bottom: 6rem;\n  position: relative;\n}\n\n\n#atsls-secondary-hero-block_b246cf7e529ff6c57bf0dc6219d34ff6 .inner-wrp .background-wrp {\n  background-repeat: no-repeat;\n  background-position: center;\n  background-size: cover;\n  position: relative;\n  width: 55%;\n  height: 100%;\n  position: absolute;\n  top: 0;\n  right: 0;\n  z-index: 1;\n  overflow: hidden;\n}\n#atsls-secondary-hero-block_b246cf7e529ff6c57bf0dc6219d34ff6 .inner-wrp .background-wrp .img-wrp {\n  display: none;\n  position: relative;\n  height: 0;\n  width: 100%;\n  padding-bottom: 56.25%;\n  margin-bottom: 0px;\n  overflow: hidden;\n}\n#atsls-secondary-hero-block_b246cf7e529ff6c57bf0dc6219d34ff6 .inner-wrp .background-wrp .img-wrp img {\n  position: absolute;\n  width: 100%;\n  height: 100%;\n  top: 0;\n  left: 0;\n  object-fit: cover;\n  object-position: center;\n}\n\n#atsls-secondary-hero-block_b246cf7e529ff6c57bf0dc6219d34ff6 .inner-wrp .background-video-wrp {\n  background-repeat: no-repeat;\n  background-position: center;\n  background-size: cover;\n  position: relative;\n  width: 55%;\n  height: 100%;\n  position: absolute;\n  top: 0;\n  right: 0;\n  z-index: 1;\n  overflow: hidden;\n}\n#atsls-secondary-hero-block_b246cf7e529ff6c57bf0dc6219d34ff6 .inner-wrp .background-video-wrp .video-wrp {\n  display: block;\n  position: relative;\n  height: 0;\n  width: 100%;\n  padding-bottom: 60%;\n  margin-bottom: 0px;\n  overflow: hidden;\n}\n#atsls-secondary-hero-block_b246cf7e529ff6c57bf0dc6219d34ff6 .inner-wrp .background-video-wrp .video-wrp video {\n  position: absolute;\n  width: 100%;\n  height: 100%;\n  top: 0;\n  left: 0;\n  object-fit: cover;\n  object-position: center;\n}\n\n#atsls-secondary-hero-block_b246cf7e529ff6c57bf0dc6219d34ff6 .container {\n  position: relative;\n  z-index: 2;\n}\n\n#atsls-secondary-hero-block_b246cf7e529ff6c57bf0dc6219d34ff6 .inner-wrp::after {\n  content: \"\";\n  width: 65%;\n  height: 100%;\n  position: absolute;\n  top: 0;\n  left: -10%;\n  transform: skew(-20deg);\n  background-color: #0A2463;\n  border-right: 6px solid #41BFAC;\n  z-index: 1;\n}\n#atsls-secondary-hero-block_b246cf7e529ff6c57bf0dc6219d34ff6 .title-part h1, #atsls-secondary-hero-block_b246cf7e529ff6c57bf0dc6219d34ff6 .title-part .h1 {\n  color: #FFF;\n  font-family: \"Roboto\", sans-serif;\n  font-size: 48px;\n  font-style: normal;\n  font-weight: 500;\n  line-height: normal;\n  margin-bottom: 15px;\n}\n.single-news-page #atsls-secondary-hero-block_b246cf7e529ff6c57bf0dc6219d34ff6 .title-part h1 {\n  font-size: 28px;\n  text-transform: unset;\n}\n#atsls-secondary-hero-block_b246cf7e529ff6c57bf0dc6219d34ff6 .sub-title p {\n  color: #9ACD4F;\n  \/* Subtitle *\/\n  font-family: \"Roboto\", sans-serif;\n  font-size: 16px;\n  font-style: normal;\n  font-weight: 500;\n  line-height: 140%; \/* 22.4px *\/\n  margin-bottom: 5px;\n}\n#atsls-secondary-hero-block_b246cf7e529ff6c57bf0dc6219d34ff6 .description p {\n  color: #FFF;\n  \/* Paragraph *\/\n  font-family: \"Roboto\", sans-serif;\n  font-size: 18px;\n  font-style: normal;\n  font-weight: 400;\n  line-height: 140%; \/* 25.2px *\/\n}\n#atsls-secondary-hero-block_b246cf7e529ff6c57bf0dc6219d34ff6 .cta-btn {\n  padding-top: 15px;\n}\n#atsls-secondary-hero-block_b246cf7e529ff6c57bf0dc6219d34ff6 .cta-btn a {\n  position: relative;\n  padding: 10px 40px !important;\n  transition: all ease 0.3s !important;\n  background-color: #9ACD4F;\n  text-decoration: none;\n  color: #071630;\n  font-size: 18px;\n}\n\n#atsls-secondary-hero-block_b246cf7e529ff6c57bf0dc6219d34ff6 .cta-btn a:before {\n  content: \"\" !important;\n  background-image: url('https:\/\/www.atslifesciences.com\/wp-content\/themes\/atsls-2024\/assets\/btn-icon.svg');\n  width: 30px;\n  height: 30px;\n  background-repeat: no-repeat;\n  background-position: center;\n  background-size: 30px 30px;\n  position: absolute;\n  top: 8px !important;\n  left: 20px !important;\n  opacity: 0;\n  transition: all ease 0.3s;\n}\n\n#atsls-secondary-hero-block_b246cf7e529ff6c57bf0dc6219d34ff6 .cta-btn a:hover {\n  padding-left: 60px !important;\n  padding-right: 20px !important;\n}\n#atsls-secondary-hero-block_b246cf7e529ff6c57bf0dc6219d34ff6 .cta-btn a:hover:before {\n  opacity: 1;\n}\n\n\n@media (max-width: 768px) {\n  #atsls-secondary-hero-block_b246cf7e529ff6c57bf0dc6219d34ff6 {\n    padding-top: 79px;\n  }\n  #atsls-secondary-hero-block_b246cf7e529ff6c57bf0dc6219d34ff6 .title-part h1 {\n    font-size: 30px;\n  }\n  #atsls-secondary-hero-block_b246cf7e529ff6c57bf0dc6219d34ff6 .inner-wrp {\n    padding-top: 0px;\n    padding-bottom: 32px;\n  }\n  #atsls-secondary-hero-block_b246cf7e529ff6c57bf0dc6219d34ff6 .inner-wrp::after {\n    width: 100%;\n    height: 100%;\n    left: 0;\n    top: 0;\n    transform: unset;\n    border: none;\n  }\n\n  #atsls-secondary-hero-block_b246cf7e529ff6c57bf0dc6219d34ff6 .inner-wrp .background-wrp {\n    width: 100%;\n    position: relative;\n    height: auto;\n    z-index: 2;\n    margin-bottom: 30px;\n  }\n  #atsls-secondary-hero-block_b246cf7e529ff6c57bf0dc6219d34ff6 .inner-wrp .background-wrp .img-wrp {\n    display: block;\n  }\n  #atsls-secondary-hero-block_b246cf7e529ff6c57bf0dc6219d34ff6 .inner-wrp .background-video-wrp {\n    width: 100%;\n    position: relative;\n    height: auto;\n    z-index: 2;\n    margin-bottom: 30px;\n  }\n}\n\n<\/style>\n\n\n<div class=\"gb-container gb-container-0fdfa3be\"><div class=\"gb-inside-container\">\n\n<h2 class=\"gb-headline gb-headline-9867b477 gb-headline-text\">Unsere Service-Expertise<\/h2>\n\n\n<div class=\"gb-grid-wrapper gb-grid-wrapper-c6daeb78 segments-card\">\n<div class=\"gb-grid-column gb-grid-column-2eb2437b\"><div class=\"gb-container gb-container-2eb2437b card-item\"><div class=\"gb-inside-container\">\n\n<figure class=\"gb-block-image gb-block-image-941ce3ae\"><img decoding=\"async\" loading=\"lazy\" width=\"794\" height=\"340\" class=\"gb-image gb-image-941ce3ae\" src=\"https:\/\/www.atslifesciences.com\/wp-content\/uploads\/sites\/63\/2023\/01\/Pre-automation.jpg\" alt=\"Pre-automation\" title=\"Pre-automation\" srcset=\"https:\/\/www.atslifesciences.com\/wp-content\/uploads\/sites\/63\/2023\/01\/Pre-automation.jpg 794w, https:\/\/www.atslifesciences.com\/wp-content\/uploads\/sites\/63\/2023\/01\/Pre-automation.jpg?resize=300,128 300w, https:\/\/www.atslifesciences.com\/wp-content\/uploads\/sites\/63\/2023\/01\/Pre-automation.jpg?resize=768,329 768w\" sizes=\"auto, (max-width: 794px) 100vw, 794px\" \/><\/figure>\n\n\n\n<h3 class=\"gb-headline gb-headline-deafe9db gb-headline-text\">Pre-Automation Services<\/h3>\n\n\n\n<p class=\"gb-headline gb-headline-4765099c gb-headline-text\">Ein sicheres Gef\u00fchl bei Ihren Investitionspl\u00e4nen beginnt mit einer gr\u00fcndlichen Bewertung und Planung. Lassen Sie uns Ihr Team erg\u00e4nzen, um die Anforderungen der wichtigsten Interessengruppen zu formalisieren, Annahmen in Frage zu stellen, m\u00f6gliche Vorgehensweisen zu ermitteln und eine Investitionsstrategie zu entwickeln, die Sie auf den Weg zum Klassenbesten bringt.<\/p>\n\n\n<div class=\"gb-button-wrapper gb-button-wrapper-cf9f5abb\">\n\n<a class=\"gb-button gb-button-f95c3eb5 gb-button-text\" href=\"https:\/\/www.atslifesciences.com\/de\/services\/pre-automatisierung\/\">Mehr<\/a>\n\n<\/div>\n<\/div><\/div><\/div>\n\n<div class=\"gb-grid-column gb-grid-column-4c7b7f77\"><div class=\"gb-container gb-container-4c7b7f77 card-item\"><div class=\"gb-inside-container\">\n\n<figure class=\"gb-block-image gb-block-image-7d765810\"><img decoding=\"async\" loading=\"lazy\" width=\"794\" height=\"340\" class=\"gb-image gb-image-7d765810\" src=\"https:\/\/www.atslifesciences.com\/wp-content\/uploads\/sites\/63\/2023\/01\/Project-Management.jpg\" alt=\"Project Management\" title=\"Project Management\" srcset=\"https:\/\/www.atslifesciences.com\/wp-content\/uploads\/sites\/63\/2023\/01\/Project-Management.jpg 794w, https:\/\/www.atslifesciences.com\/wp-content\/uploads\/sites\/63\/2023\/01\/Project-Management.jpg?resize=300,128 300w, https:\/\/www.atslifesciences.com\/wp-content\/uploads\/sites\/63\/2023\/01\/Project-Management.jpg?resize=768,329 768w\" sizes=\"auto, (max-width: 794px) 100vw, 794px\" \/><\/figure>\n\n\n\n<h3 class=\"gb-headline gb-headline-89fc6b04 gb-headline-text\">Projektmanagement<\/h3>\n\n\n\n<p class=\"gb-headline gb-headline-72e3d4b9 gb-headline-text\">Beim Projektmanagement geht es letztlich um Menschen, die etwas bewirken. Unsere hochqualifizierten Projektmanager haben eine nachweisliche Erfolgsbilanz bei der Umsetzung komplexer Programme. Wenn Sie mit unserem Team zusammenarbeiten, k\u00f6nnen Sie sicher sein, dass wir Ihre Anforderungen verinnerlichen, uns f\u00fcr Ihr Projekt einsetzen und ein au\u00dfergew\u00f6hnliches Ergebnis anstreben.<\/p>\n\n\n<div class=\"gb-button-wrapper gb-button-wrapper-062e14ca\">\n\n<a class=\"gb-button gb-button-afdfe1f0 gb-button-text\" href=\"https:\/\/www.atslifesciences.com\/de\/services\/projektmanagement\/\">Mehr<\/a>\n\n<\/div>\n<\/div><\/div><\/div>\n\n<div class=\"gb-grid-column gb-grid-column-597b8f59\"><div class=\"gb-container gb-container-597b8f59 card-item\"><div class=\"gb-inside-container\">\n\n<figure class=\"gb-block-image gb-block-image-d6a4dee0\"><img decoding=\"async\" loading=\"lazy\" width=\"794\" height=\"340\" class=\"gb-image gb-image-d6a4dee0\" src=\"https:\/\/www.atslifesciences.com\/wp-content\/uploads\/sites\/63\/2023\/01\/Post-automation.jpg\" alt=\"Post-automation\" title=\"Post-automation\" srcset=\"https:\/\/www.atslifesciences.com\/wp-content\/uploads\/sites\/63\/2023\/01\/Post-automation.jpg 794w, https:\/\/www.atslifesciences.com\/wp-content\/uploads\/sites\/63\/2023\/01\/Post-automation.jpg?resize=300,128 300w, https:\/\/www.atslifesciences.com\/wp-content\/uploads\/sites\/63\/2023\/01\/Post-automation.jpg?resize=768,329 768w\" sizes=\"auto, (max-width: 794px) 100vw, 794px\" \/><\/figure>\n\n\n\n<h3 class=\"gb-headline gb-headline-ced2a42e gb-headline-text\">After Sales Services<\/h3>\n\n\n\n<p class=\"gb-headline gb-headline-0772a95b gb-headline-text\">Wir bieten ein umfassendes Angebot an Dienstleistungen f\u00fcr die Zeit nach der Automatisierung, damit Ihr Betrieb reibungslos weiterl\u00e4uft. Dazu geh\u00f6ren Vor-Ort- und Fernsupport, Leistungs\u00fcberwachung und Zustandsmanagement, Notfallservice, Ersatzteilversorgung und -management, Systemumr\u00fcstung, Nachr\u00fcstungen, Upgrades und Verlagerungen.<\/p>\n\n\n<div class=\"gb-button-wrapper gb-button-wrapper-72112fde\">\n\n<a class=\"gb-button gb-button-b0c92da7 gb-button-text\" href=\"https:\/\/www.atslifesciences.com\/de\/services\/after-sales-services\/\">Mehr<\/a>\n\n<\/div>\n<\/div><\/div><\/div>\n\n<div class=\"gb-grid-column gb-grid-column-86eea9ef\"><div class=\"gb-container gb-container-86eea9ef card-item\"><div class=\"gb-inside-container\">\n\n<figure class=\"gb-block-image gb-block-image-3f62669e\"><img decoding=\"async\" loading=\"lazy\" width=\"794\" height=\"340\" class=\"gb-image gb-image-3f62669e\" src=\"https:\/\/www.atslifesciences.com\/wp-content\/uploads\/sites\/63\/2023\/01\/contract-manufacturing.jpg\" alt=\"contract manufacturing\" title=\"contract manufacturing\" srcset=\"https:\/\/www.atslifesciences.com\/wp-content\/uploads\/sites\/63\/2023\/01\/contract-manufacturing.jpg 794w, https:\/\/www.atslifesciences.com\/wp-content\/uploads\/sites\/63\/2023\/01\/contract-manufacturing.jpg?resize=300,128 300w, https:\/\/www.atslifesciences.com\/wp-content\/uploads\/sites\/63\/2023\/01\/contract-manufacturing.jpg?resize=768,329 768w\" sizes=\"auto, (max-width: 794px) 100vw, 794px\" \/><\/figure>\n\n\n\n<h3 class=\"gb-headline gb-headline-18eadc8f gb-headline-text\">Auftragsfertigung<\/h3>\n\n\n\n<p class=\"gb-headline gb-headline-4bcb2a90 gb-headline-text\">Bei der Auftragsfertigung, einschlie\u00dflich Build-to-Print-Services und der Fertigung von Serienger\u00e4ten (REM), kommen Lean-Methoden, Prozessflussoptimierungen, Value Engineering und Kostensenkungen in der Lieferkette zum Einsatz. Sie k\u00f6nnen sich darauf verlassen, dass ATS Sie bei der effizienten Umsetzung Ihrer Ramp-up- oder Bedarfsprognose unterst\u00fctzt.<\/p>\n\n\n<div class=\"gb-button-wrapper gb-button-wrapper-0e2a7f09\">\n\n<a class=\"gb-button gb-button-a99e2045 gb-button-text\" href=\"https:\/\/www.atslifesciences.com\/de\/services\/auftragsfertigung\/\">Mehr<\/a>\n\n<\/div>\n<\/div><\/div><\/div>\n<\/div>\n<\/div><\/div>\n\n<div class=\"gb-container gb-container-540083d9 alignfull\"><div class=\"gb-inside-container\">\n<div class=\"gb-grid-wrapper gb-grid-wrapper-8519a293\">\n<div class=\"gb-grid-column gb-grid-column-c397222b\"><div class=\"gb-container gb-container-c397222b\"><div class=\"gb-inside-container\">\n\n<h2 class=\"gb-headline gb-headline-d1e516a8 gb-headline-text\">Ben\u00f6tigen Sie Hilfe bei der Automatisierung Ihrer Produktion?<\/h2>\n\n\n\n<p class=\"has-white-color has-text-color\">Wir haben erfolgreich GMP-konforme L\u00f6sungen geliefert, indem wir geeignete Technologien und Ans\u00e4tze f\u00fcr die Automatisierung verschiedener Prozesse kreiert haben. Ganz gleich, wo Sie sich auf dem Weg zur Automatisierung befinden, wir k\u00f6nnen Sie bei Ihren Produkt- und Prozessanforderungen unterst\u00fctzen.<\/p>\n\n\n<div class=\"gb-button-wrapper gb-button-wrapper-739011f7\">\n\n<a class=\"gb-button gb-button-e458903b gb-button-text atsls-btn atsls-modal-btn\" href=\"#\" data-id=\"atsls-modal-medium\">Kontakt<\/a>\n\n<\/div>\n<\/div><\/div><\/div>\n\n<div class=\"gb-grid-column gb-grid-column-00949ae9\"><div class=\"gb-container gb-container-00949ae9\"><div class=\"gb-inside-container\"><\/div><\/div><\/div>\n<\/div>\n<\/div><\/div>\n\n<div class=\"gb-container gb-container-c4f2ffb8 atsls-modal atsls-modal-medium alignfull\" data-id=\"atsls-modal-medium\"><div class=\"gb-inside-container\">\n\n<h2 class=\"gb-headline gb-headline-63a91292 gb-headline-text\">Kontakt<\/h2>\n\n\n\n\n<!-- iframe plugin v.5.1 wordpress.org\/plugins\/iframe\/ -->\n<iframe loading=\"lazy\" data-cookieconsent=\"ignore\" id=\"pardot-iframe\" style=\"border: 0;\" src=\"https:\/\/go.atsautomation.com\/l\/651873\/2023-04-05\/h5mk32?Source_Page=services\" width=\"100%\" frameborder=\"0\" height=\"500\" scrolling=\"yes\" class=\"iframe-class\"><\/iframe>\n\n\n<\/div><\/div>","protected":false},"excerpt":{"rendered":"<p>Unsere Service-Expertise Kontakt<\/p>\n","protected":false},"author":378,"featured_media":10059,"parent":0,"menu_order":0,"comment_status":"closed","ping_status":"closed","template":"page-templates\/empty.php","meta":{"_acf_changed":false,"_cr_original_post":"","_cr_replace_post_id":"","_cr_replacing_post_id":"","inline_featured_image":false,"cover_image":0,"footnotes":""},"coauthors":[78],"class_list":["post-9885","page","type-page","status-publish","has-post-thumbnail","hentry"],"yoast_head":"<!-- This site is optimized with the Yoast SEO Premium plugin v26.8 (Yoast SEO v26.8) - https:\/\/yoast.com\/product\/yoast-seo-premium-wordpress\/ -->\n<title>SERVICES - ATS Life Sciences<\/title>\n<meta name=\"robots\" content=\"index, follow, max-snippet:-1, max-image-preview:large, max-video-preview:-1\" \/>\n<link rel=\"canonical\" href=\"https:\/\/www.atslifesciences.com\/de\/services\/\" \/>\n<meta property=\"og:locale\" content=\"de_DE\" \/>\n<meta property=\"og:type\" content=\"article\" \/>\n<meta property=\"og:title\" content=\"SERVICES\" \/>\n<meta property=\"og:description\" content=\"Unsere Service-Expertise Kontakt\" \/>\n<meta property=\"og:url\" content=\"https:\/\/www.atslifesciences.com\/de\/services\/\" \/>\n<meta property=\"og:site_name\" content=\"ATS Life Sciences\" \/>\n<meta property=\"article:modified_time\" content=\"2024-07-07T18:13:50+00:00\" \/>\n<meta property=\"og:image\" content=\"https:\/\/www.atslifesciences.com\/wp-content\/uploads\/sites\/63\/2023\/02\/Services-page-header-image.jpg\" \/>\n\t<meta property=\"og:image:width\" content=\"1236\" \/>\n\t<meta property=\"og:image:height\" content=\"660\" \/>\n\t<meta property=\"og:image:type\" content=\"image\/jpeg\" \/>\n<meta name=\"twitter:card\" content=\"summary_large_image\" \/>\n<meta name=\"twitter:label1\" content=\"Gesch\u00e4tzte Lesezeit\" \/>\n\t<meta name=\"twitter:data1\" content=\"2 Minuten\" \/>\n\t<meta name=\"twitter:label2\" content=\"Written by\" \/>\n\t<meta name=\"twitter:data2\" content=\"akhatpe\" \/>\n<script type=\"application\/ld+json\" class=\"yoast-schema-graph\">{\"@context\":\"https:\/\/schema.org\",\"@graph\":[{\"@type\":\"WebPage\",\"@id\":\"https:\/\/www.atslifesciences.com\/de\/services\/\",\"url\":\"https:\/\/www.atslifesciences.com\/de\/services\/\",\"name\":\"SERVICES - ATS Life Sciences\",\"isPartOf\":{\"@id\":\"https:\/\/www.atslifesciences.com\/de\/#website\"},\"primaryImageOfPage\":{\"@id\":\"https:\/\/www.atslifesciences.com\/de\/services\/#primaryimage\"},\"image\":{\"@id\":\"https:\/\/www.atslifesciences.com\/de\/services\/#primaryimage\"},\"thumbnailUrl\":\"https:\/\/www.atslifesciences.com\/wp-content\/uploads\/sites\/63\/2023\/02\/Services-page-header-image.jpg\",\"datePublished\":\"2023-01-30T21:32:04+00:00\",\"dateModified\":\"2024-07-07T18:13:50+00:00\",\"breadcrumb\":{\"@id\":\"https:\/\/www.atslifesciences.com\/de\/services\/#breadcrumb\"},\"inLanguage\":\"de-DE\",\"potentialAction\":[{\"@type\":\"ReadAction\",\"target\":[\"https:\/\/www.atslifesciences.com\/de\/services\/\"]}]},{\"@type\":\"ImageObject\",\"inLanguage\":\"de-DE\",\"@id\":\"https:\/\/www.atslifesciences.com\/de\/services\/#primaryimage\",\"url\":\"https:\/\/www.atslifesciences.com\/wp-content\/uploads\/sites\/63\/2023\/02\/Services-page-header-image.jpg\",\"contentUrl\":\"https:\/\/www.atslifesciences.com\/wp-content\/uploads\/sites\/63\/2023\/02\/Services-page-header-image.jpg\",\"width\":1236,\"height\":660},{\"@type\":\"BreadcrumbList\",\"@id\":\"https:\/\/www.atslifesciences.com\/de\/services\/#breadcrumb\",\"itemListElement\":[{\"@type\":\"ListItem\",\"position\":1,\"name\":\"Home\",\"item\":\"https:\/\/www.atslifesciences.com\/de\/\"},{\"@type\":\"ListItem\",\"position\":2,\"name\":\"SERVICES\"}]},{\"@type\":\"WebSite\",\"@id\":\"https:\/\/www.atslifesciences.com\/de\/#website\",\"url\":\"https:\/\/www.atslifesciences.com\/de\/\",\"name\":\"ATS Life Sciences\",\"description\":\"\",\"potentialAction\":[{\"@type\":\"SearchAction\",\"target\":{\"@type\":\"EntryPoint\",\"urlTemplate\":\"https:\/\/www.atslifesciences.com\/de\/?s={search_term_string}\"},\"query-input\":{\"@type\":\"PropertyValueSpecification\",\"valueRequired\":true,\"valueName\":\"search_term_string\"}}],\"inLanguage\":\"de-DE\"}]}<\/script>\n<!-- \/ Yoast SEO Premium plugin. -->","yoast_head_json":{"title":"SERVICES - ATS Life Sciences","robots":{"index":"index","follow":"follow","max-snippet":"max-snippet:-1","max-image-preview":"max-image-preview:large","max-video-preview":"max-video-preview:-1"},"canonical":"https:\/\/www.atslifesciences.com\/de\/services\/","og_locale":"de_DE","og_type":"article","og_title":"SERVICES","og_description":"Unsere Service-Expertise Kontakt","og_url":"https:\/\/www.atslifesciences.com\/de\/services\/","og_site_name":"ATS Life Sciences","article_modified_time":"2024-07-07T18:13:50+00:00","og_image":[{"width":1236,"height":660,"url":"https:\/\/www.atslifesciences.com\/wp-content\/uploads\/sites\/63\/2023\/02\/Services-page-header-image.jpg","type":"image\/jpeg"}],"twitter_card":"summary_large_image","twitter_misc":{"Gesch\u00e4tzte Lesezeit":"2 Minuten","Written by":"akhatpe"},"schema":{"@context":"https:\/\/schema.org","@graph":[{"@type":"WebPage","@id":"https:\/\/www.atslifesciences.com\/de\/services\/","url":"https:\/\/www.atslifesciences.com\/de\/services\/","name":"SERVICES - ATS Life Sciences","isPartOf":{"@id":"https:\/\/www.atslifesciences.com\/de\/#website"},"primaryImageOfPage":{"@id":"https:\/\/www.atslifesciences.com\/de\/services\/#primaryimage"},"image":{"@id":"https:\/\/www.atslifesciences.com\/de\/services\/#primaryimage"},"thumbnailUrl":"https:\/\/www.atslifesciences.com\/wp-content\/uploads\/sites\/63\/2023\/02\/Services-page-header-image.jpg","datePublished":"2023-01-30T21:32:04+00:00","dateModified":"2024-07-07T18:13:50+00:00","breadcrumb":{"@id":"https:\/\/www.atslifesciences.com\/de\/services\/#breadcrumb"},"inLanguage":"de-DE","potentialAction":[{"@type":"ReadAction","target":["https:\/\/www.atslifesciences.com\/de\/services\/"]}]},{"@type":"ImageObject","inLanguage":"de-DE","@id":"https:\/\/www.atslifesciences.com\/de\/services\/#primaryimage","url":"https:\/\/www.atslifesciences.com\/wp-content\/uploads\/sites\/63\/2023\/02\/Services-page-header-image.jpg","contentUrl":"https:\/\/www.atslifesciences.com\/wp-content\/uploads\/sites\/63\/2023\/02\/Services-page-header-image.jpg","width":1236,"height":660},{"@type":"BreadcrumbList","@id":"https:\/\/www.atslifesciences.com\/de\/services\/#breadcrumb","itemListElement":[{"@type":"ListItem","position":1,"name":"Home","item":"https:\/\/www.atslifesciences.com\/de\/"},{"@type":"ListItem","position":2,"name":"SERVICES"}]},{"@type":"WebSite","@id":"https:\/\/www.atslifesciences.com\/de\/#website","url":"https:\/\/www.atslifesciences.com\/de\/","name":"ATS Life Sciences","description":"","potentialAction":[{"@type":"SearchAction","target":{"@type":"EntryPoint","urlTemplate":"https:\/\/www.atslifesciences.com\/de\/?s={search_term_string}"},"query-input":{"@type":"PropertyValueSpecification","valueRequired":true,"valueName":"search_term_string"}}],"inLanguage":"de-DE"}]}},"acf":[],"jetpack_sharing_enabled":true,"_links":{"self":[{"href":"https:\/\/www.atslifesciences.com\/de\/wp-json\/wp\/v2\/pages\/9885","targetHints":{"allow":["GET"]}}],"collection":[{"href":"https:\/\/www.atslifesciences.com\/de\/wp-json\/wp\/v2\/pages"}],"about":[{"href":"https:\/\/www.atslifesciences.com\/de\/wp-json\/wp\/v2\/types\/page"}],"author":[{"embeddable":true,"href":"https:\/\/www.atslifesciences.com\/de\/wp-json\/wp\/v2\/users\/378"}],"replies":[{"embeddable":true,"href":"https:\/\/www.atslifesciences.com\/de\/wp-json\/wp\/v2\/comments?post=9885"}],"version-history":[{"count":15,"href":"https:\/\/www.atslifesciences.com\/de\/wp-json\/wp\/v2\/pages\/9885\/revisions"}],"predecessor-version":[{"id":19887,"href":"https:\/\/www.atslifesciences.com\/de\/wp-json\/wp\/v2\/pages\/9885\/revisions\/19887"}],"wp:featuredmedia":[{"embeddable":true,"href":"https:\/\/www.atslifesciences.com\/de\/wp-json\/wp\/v2\/media\/10059"}],"wp:attachment":[{"href":"https:\/\/www.atslifesciences.com\/de\/wp-json\/wp\/v2\/media?parent=9885"}],"wp:term":[{"taxonomy":"author","embeddable":true,"href":"https:\/\/www.atslifesciences.com\/de\/wp-json\/wp\/v2\/coauthors?post=9885"}],"curies":[{"name":"wp","href":"https:\/\/api.w.org\/{rel}","templated":true}]}}