{"id":6834,"date":"2022-10-26T18:06:04","date_gmt":"2022-10-26T18:06:04","guid":{"rendered":"https:\/\/www.atslifesciences.com\/bereit-zum-diskutieren\/"},"modified":"2022-10-27T12:13:12","modified_gmt":"2022-10-27T12:13:12","slug":"bereit-zum-diskutieren","status":"publish","type":"page","link":"https:\/\/www.atslifesciences.com\/de\/bereit-zum-diskutieren\/","title":{"rendered":"BEREIT ZUM DISKUTIEREN?"},"content":{"rendered":"\n<div class=\"wp-block-group is-style-atsls-dark\"><div class=\"wp-block-group__inner-container is-layout-flow wp-block-group-is-layout-flow\">\n<div class=\"wp-block-columns is-layout-flex wp-container-core-columns-is-layout-9d6595d7 wp-block-columns-is-layout-flex\">\n<div class=\"wp-block-column is-layout-flow wp-block-column-is-layout-flow\">\n<p><\/p>\n\n\n\n<p style=\"font-size:30px\">Optimieren Sie Ihre Anlage oder Ihr Projekt mit einer Vielzahl von F\u00e4higkeiten und Prozessen, um Ihre Produktion zu innovieren und zu verbessern. Kontaktieren Sie uns, um ein Treffen f\u00fcr Ihr Projekt oder Ihren Prozess zu vereinbaren. Gemeinsam finden wir die richtige L\u00f6sung, die die gew\u00fcnschten Ergebnisse liefert.<\/p>\n<\/div>\n\n\n\n<div class=\"wp-block-column is-layout-flow wp-block-column-is-layout-flow\">\n<iframe loading=\"lazy\" data-cookieconsent=\"ignore\"  src=\"https:\/\/go.atsautomation.com\/l\/651873\/2022-10-26\/f3gpxj\" width=\"100%\" height=\"850\" type=\"text\/html\" frameborder=\"0\" allowtransparency=\"true\" style=\"border: 0\"><\/iframe>\n<\/div>\n<\/div>\n<\/div><\/div>\n","protected":false},"excerpt":{"rendered":"<p>Optimieren Sie Ihre Anlage oder Ihr Projekt mit einer Vielzahl von F\u00e4higkeiten und Prozessen, um Ihre Produktion zu innovieren und zu verbessern. Kontaktieren Sie uns, um ein Treffen f\u00fcr Ihr Projekt oder Ihren Prozess zu vereinbaren. Gemeinsam finden wir die richtige L\u00f6sung, die die gew\u00fcnschten Ergebnisse liefert.<\/p>\n","protected":false},"author":378,"featured_media":0,"parent":0,"menu_order":0,"comment_status":"closed","ping_status":"closed","template":"","meta":{"_acf_changed":false,"_cr_original_post":"","_cr_replace_post_id":"","_cr_replacing_post_id":"","inline_featured_image":false,"cover_image":6156,"footnotes":""},"coauthors":[78],"class_list":["post-6834","page","type-page","status-publish","hentry"],"yoast_head":"<!-- This site is optimized with the Yoast SEO Premium plugin v26.8 (Yoast SEO v26.8) - https:\/\/yoast.com\/product\/yoast-seo-premium-wordpress\/ -->\n<title>BEREIT ZUM DISKUTIEREN? - ATS Life Sciences<\/title>\n<meta name=\"robots\" content=\"index, follow, max-snippet:-1, max-image-preview:large, max-video-preview:-1\" \/>\n<link rel=\"canonical\" href=\"https:\/\/www.atslifesciences.com\/de\/bereit-zum-diskutieren\/\" \/>\n<meta property=\"og:locale\" content=\"de_DE\" \/>\n<meta property=\"og:type\" content=\"article\" \/>\n<meta property=\"og:title\" content=\"BEREIT ZUM DISKUTIEREN?\" \/>\n<meta property=\"og:description\" content=\"Optimieren Sie Ihre Anlage oder Ihr Projekt mit einer Vielzahl von F\u00e4higkeiten und Prozessen, um Ihre Produktion zu innovieren und zu verbessern. Kontaktieren Sie uns, um ein Treffen f\u00fcr Ihr Projekt oder Ihren Prozess zu vereinbaren. Gemeinsam finden wir die richtige L\u00f6sung, die die gew\u00fcnschten Ergebnisse liefert.\" \/>\n<meta property=\"og:url\" content=\"https:\/\/www.atslifesciences.com\/de\/bereit-zum-diskutieren\/\" \/>\n<meta property=\"og:site_name\" content=\"ATS Life Sciences\" \/>\n<meta property=\"article:modified_time\" content=\"2022-10-27T12:13:12+00:00\" \/>\n<meta property=\"og:image\" content=\"https:\/\/www.atslifesciences.com\/wp-content\/uploads\/sites\/63\/2024\/07\/site-preview-2.jpg\" \/>\n\t<meta property=\"og:image:width\" content=\"1200\" \/>\n\t<meta property=\"og:image:height\" content=\"630\" \/>\n\t<meta property=\"og:image:type\" content=\"image\/jpeg\" \/>\n<meta name=\"twitter:card\" content=\"summary_large_image\" \/>\n<meta name=\"twitter:label1\" content=\"Gesch\u00e4tzte Lesezeit\" \/>\n\t<meta name=\"twitter:data1\" content=\"1 Minute\" \/>\n\t<meta name=\"twitter:label2\" content=\"Written by\" \/>\n\t<meta name=\"twitter:data2\" content=\"akhatpe\" \/>\n<script type=\"application\/ld+json\" class=\"yoast-schema-graph\">{\"@context\":\"https:\/\/schema.org\",\"@graph\":[{\"@type\":\"WebPage\",\"@id\":\"https:\/\/www.atslifesciences.com\/de\/bereit-zum-diskutieren\/\",\"url\":\"https:\/\/www.atslifesciences.com\/de\/bereit-zum-diskutieren\/\",\"name\":\"BEREIT ZUM DISKUTIEREN? - ATS Life Sciences\",\"isPartOf\":{\"@id\":\"https:\/\/www.atslifesciences.com\/de\/#website\"},\"datePublished\":\"2022-10-26T18:06:04+00:00\",\"dateModified\":\"2022-10-27T12:13:12+00:00\",\"breadcrumb\":{\"@id\":\"https:\/\/www.atslifesciences.com\/de\/bereit-zum-diskutieren\/#breadcrumb\"},\"inLanguage\":\"de-DE\",\"potentialAction\":[{\"@type\":\"ReadAction\",\"target\":[\"https:\/\/www.atslifesciences.com\/de\/bereit-zum-diskutieren\/\"]}]},{\"@type\":\"BreadcrumbList\",\"@id\":\"https:\/\/www.atslifesciences.com\/de\/bereit-zum-diskutieren\/#breadcrumb\",\"itemListElement\":[{\"@type\":\"ListItem\",\"position\":1,\"name\":\"Home\",\"item\":\"https:\/\/www.atslifesciences.com\/de\/\"},{\"@type\":\"ListItem\",\"position\":2,\"name\":\"BEREIT ZUM DISKUTIEREN?\"}]},{\"@type\":\"WebSite\",\"@id\":\"https:\/\/www.atslifesciences.com\/de\/#website\",\"url\":\"https:\/\/www.atslifesciences.com\/de\/\",\"name\":\"ATS Life Sciences\",\"description\":\"\",\"potentialAction\":[{\"@type\":\"SearchAction\",\"target\":{\"@type\":\"EntryPoint\",\"urlTemplate\":\"https:\/\/www.atslifesciences.com\/de\/?s={search_term_string}\"},\"query-input\":{\"@type\":\"PropertyValueSpecification\",\"valueRequired\":true,\"valueName\":\"search_term_string\"}}],\"inLanguage\":\"de-DE\"}]}<\/script>\n<!-- \/ Yoast SEO Premium plugin. -->","yoast_head_json":{"title":"BEREIT ZUM DISKUTIEREN? - ATS Life Sciences","robots":{"index":"index","follow":"follow","max-snippet":"max-snippet:-1","max-image-preview":"max-image-preview:large","max-video-preview":"max-video-preview:-1"},"canonical":"https:\/\/www.atslifesciences.com\/de\/bereit-zum-diskutieren\/","og_locale":"de_DE","og_type":"article","og_title":"BEREIT ZUM DISKUTIEREN?","og_description":"Optimieren Sie Ihre Anlage oder Ihr Projekt mit einer Vielzahl von F\u00e4higkeiten und Prozessen, um Ihre Produktion zu innovieren und zu verbessern. Kontaktieren Sie uns, um ein Treffen f\u00fcr Ihr Projekt oder Ihren Prozess zu vereinbaren. Gemeinsam finden wir die richtige L\u00f6sung, die die gew\u00fcnschten Ergebnisse liefert.","og_url":"https:\/\/www.atslifesciences.com\/de\/bereit-zum-diskutieren\/","og_site_name":"ATS Life Sciences","article_modified_time":"2022-10-27T12:13:12+00:00","og_image":[{"width":1200,"height":630,"url":"https:\/\/www.atslifesciences.com\/wp-content\/uploads\/sites\/63\/2024\/07\/site-preview-2.jpg","type":"image\/jpeg"}],"twitter_card":"summary_large_image","twitter_misc":{"Gesch\u00e4tzte Lesezeit":"1 Minute","Written by":"akhatpe"},"schema":{"@context":"https:\/\/schema.org","@graph":[{"@type":"WebPage","@id":"https:\/\/www.atslifesciences.com\/de\/bereit-zum-diskutieren\/","url":"https:\/\/www.atslifesciences.com\/de\/bereit-zum-diskutieren\/","name":"BEREIT ZUM DISKUTIEREN? - ATS Life Sciences","isPartOf":{"@id":"https:\/\/www.atslifesciences.com\/de\/#website"},"datePublished":"2022-10-26T18:06:04+00:00","dateModified":"2022-10-27T12:13:12+00:00","breadcrumb":{"@id":"https:\/\/www.atslifesciences.com\/de\/bereit-zum-diskutieren\/#breadcrumb"},"inLanguage":"de-DE","potentialAction":[{"@type":"ReadAction","target":["https:\/\/www.atslifesciences.com\/de\/bereit-zum-diskutieren\/"]}]},{"@type":"BreadcrumbList","@id":"https:\/\/www.atslifesciences.com\/de\/bereit-zum-diskutieren\/#breadcrumb","itemListElement":[{"@type":"ListItem","position":1,"name":"Home","item":"https:\/\/www.atslifesciences.com\/de\/"},{"@type":"ListItem","position":2,"name":"BEREIT ZUM DISKUTIEREN?"}]},{"@type":"WebSite","@id":"https:\/\/www.atslifesciences.com\/de\/#website","url":"https:\/\/www.atslifesciences.com\/de\/","name":"ATS Life Sciences","description":"","potentialAction":[{"@type":"SearchAction","target":{"@type":"EntryPoint","urlTemplate":"https:\/\/www.atslifesciences.com\/de\/?s={search_term_string}"},"query-input":{"@type":"PropertyValueSpecification","valueRequired":true,"valueName":"search_term_string"}}],"inLanguage":"de-DE"}]}},"acf":[],"jetpack_sharing_enabled":true,"_links":{"self":[{"href":"https:\/\/www.atslifesciences.com\/de\/wp-json\/wp\/v2\/pages\/6834","targetHints":{"allow":["GET"]}}],"collection":[{"href":"https:\/\/www.atslifesciences.com\/de\/wp-json\/wp\/v2\/pages"}],"about":[{"href":"https:\/\/www.atslifesciences.com\/de\/wp-json\/wp\/v2\/types\/page"}],"author":[{"embeddable":true,"href":"https:\/\/www.atslifesciences.com\/de\/wp-json\/wp\/v2\/users\/378"}],"replies":[{"embeddable":true,"href":"https:\/\/www.atslifesciences.com\/de\/wp-json\/wp\/v2\/comments?post=6834"}],"version-history":[{"count":1,"href":"https:\/\/www.atslifesciences.com\/de\/wp-json\/wp\/v2\/pages\/6834\/revisions"}],"predecessor-version":[{"id":6835,"href":"https:\/\/www.atslifesciences.com\/de\/wp-json\/wp\/v2\/pages\/6834\/revisions\/6835"}],"wp:attachment":[{"href":"https:\/\/www.atslifesciences.com\/de\/wp-json\/wp\/v2\/media?parent=6834"}],"wp:term":[{"taxonomy":"author","embeddable":true,"href":"https:\/\/www.atslifesciences.com\/de\/wp-json\/wp\/v2\/coauthors?post=6834"}],"curies":[{"name":"wp","href":"https:\/\/api.w.org\/{rel}","templated":true}]}}