{"id":6573,"date":"2022-10-12T08:15:42","date_gmt":"2022-10-12T08:15:42","guid":{"rendered":"https:\/\/www.atslifesciences.com\/?page_id=6573"},"modified":"2022-12-02T19:31:08","modified_gmt":"2022-12-02T19:31:08","slug":"lyobead-herstellung-2","status":"publish","type":"page","link":"https:\/\/www.atslifesciences.com\/de\/lyobead-herstellung-2\/","title":{"rendered":"Lyobead-Herstellung"},"content":{"rendered":"\n<div class=\"wp-block-group\"><div class=\"wp-block-group__inner-container is-layout-flow wp-block-group-is-layout-flow\">\n<div class=\"wp-block-group\"><div class=\"wp-block-group__inner-container is-layout-flow wp-block-group-is-layout-flow\">\n<p>Lyophilisierte Perlen oder Lyobeads sind eine hervorragende Alternative zu den herk\u00f6mmlichen gefriergetrockneten Kuchen. Sie bieten thermische Stabilit\u00e4t, langfristige Lagerung und logistische Vorteile. Entdecken Sie unsere Lyobead-Herstellungsanlagen.<\/p>\n<\/div><\/div>\n<\/div><\/div>\n\n\n\n<div class=\"wp-block-group is-style-atsls-dark-diagonal\"><div class=\"wp-block-group__inner-container is-layout-flow wp-block-group-is-layout-flow\">\n<div class=\"wp-block-columns is-layout-flex wp-container-core-columns-is-layout-9d6595d7 wp-block-columns-is-layout-flex\">\n<div class=\"wp-block-column is-layout-flow wp-block-column-is-layout-flow\">\n<h3 class=\"wp-block-heading\" id=\"h-speziell-fur-lyobeads-entwickelt\">Speziell f\u00fcr Lyobeads entwickelt!<\/h3>\n\n\n\n<p>Der Lyobead-Herstellungsprozess beginnt mit der Bead-Erzeugung &#8211; dem Dosieren und Einfrieren von Fl\u00fcssigkeiten, Reagenzien oder Arzneimitteln mithilfe von Technologien, die vereinzelte Beads in der gew\u00fcnschten Gr\u00f6\u00dfe und Form liefern. Zu den sekund\u00e4ren Prozessen geh\u00f6ren das Hinzuf\u00fcgen von Farbstoffen oder Beschichtungen, Qualit\u00e4tskontrollen und vieles mehr. Die Beads werden dann in den Gefriertrockner gegeben, wo sie zu den fertigen Lyobeads verarbeitet werden. Von dort aus k\u00f6nnen die Beads f\u00fcr die weitere Verarbeitung verpackt, je nach Rezeptur entweder einzeln oder zusammen mit anderen Beads in Fl\u00e4schchen oder andere Endbeh\u00e4ltnisse abgef\u00fcllt oder entnommen und in medizinische Diagnosekassetten oder Lab-on-Chip-Produkte eingesetzt werden. ATS verf\u00fcgt \u00fcber die erforderliche Ausr\u00fcstung zur Herstellung Ihrer Lyobead-Produkte.<\/p>\n<\/div>\n\n\n\n<div class=\"wp-block-column is-layout-flow wp-block-column-is-layout-flow\">\n<h3 class=\"wp-block-heading\" id=\"h-ihre-vorteile\">Ihre Vorteile<\/h3>\n\n\n\n<ul class=\"wp-block-list\"><li><span style=\"font-size: 1.1875rem\">Branchenf\u00fchrer in den Bereichen Fl\u00fcssigkeitsdosierung, Gefriertrocknung, Materialhandhabung, Montage und Fertigung, Etikettierung und Verpackung sowie Integration<\/span><\/li><li>Inspektionsm\u00f6glichkeiten mit Technologien wie ATS SmartVision\u2122<\/li><li>Steuerungsplattform-Optionen wie Rockwell oder Siemens<\/li><li>Daten Management by <a href=\"https:\/\/illuminatemi.com\/\" target=\"_blank\" rel=\"noreferrer noopener\">Illuminate\u00ad\u2122 Manufacturing Intelligence<\/a> <\/li><li>Globale Serviceangebote, einschlie\u00dflich Ersatzteile, Schulungen, Wartung, Nachr\u00fcstungen und Verlagerungen<\/li><\/ul>\n<\/div>\n<\/div>\n<\/div><\/div>\n\n\n\n<div class=\"wp-block-group is-style-atsls-light-diagonal\"><div class=\"wp-block-group__inner-container is-layout-flow wp-block-group-is-layout-flow\"><div class=\"wp-block-image\">\n<figure class=\"alignright size-large is-resized\"><img loading=\"lazy\" decoding=\"async\" src=\"https:\/\/www.atslifesciences.com\/wp-content\/uploads\/sites\/63\/2022\/07\/B8583-Lyobead-dispensing.jpg?w=1024\" alt=\"Equipment used for dispensing precise and small volumes of liquid\" class=\"wp-image-5498\" width=\"1024\" height=\"754\" srcset=\"https:\/\/www.atslifesciences.com\/wp-content\/uploads\/sites\/63\/2022\/07\/B8583-Lyobead-dispensing.jpg 1113w, https:\/\/www.atslifesciences.com\/wp-content\/uploads\/sites\/63\/2022\/07\/B8583-Lyobead-dispensing.jpg?resize=300,221 300w, https:\/\/www.atslifesciences.com\/wp-content\/uploads\/sites\/63\/2022\/07\/B8583-Lyobead-dispensing.jpg?resize=768,565 768w, https:\/\/www.atslifesciences.com\/wp-content\/uploads\/sites\/63\/2022\/07\/B8583-Lyobead-dispensing.jpg?resize=1024,754 1024w\" sizes=\"auto, (max-width: 1024px) 100vw, 1024px\" \/><\/figure>\n<\/div>\n\n\n<h2 class=\"is-style-default wp-block-heading\" id=\"h-perlen-herstellung\">Perlen-Herstellung<\/h2>\n\n\n\n<ul class=\"wp-block-list\"><li>BioDot-Hochgeschwindigkeitsdispenser f\u00fcr 2\u00b5L-30\u00b5L Einzeltropfen, ber\u00fchrungslos<\/li><li>1-4 Dispenserspitzen f\u00fcr ~7K-30K Beads pro Stunde<\/li><li>Stickstoffb\u00e4der oder Kryoplatten zum Einfrieren und zur Formkontrolle<\/li><\/ul>\n<\/div><\/div>\n\n\n\n<div class=\"wp-block-group is-style-atsls-light\"><div class=\"wp-block-group__inner-container is-layout-flow wp-block-group-is-layout-flow\">\n<div class=\"wp-block-columns is-layout-flex wp-container-core-columns-is-layout-9d6595d7 wp-block-columns-is-layout-flex\">\n<div class=\"wp-block-column is-vertically-aligned-top is-layout-flow wp-block-column-is-layout-flow\" style=\"flex-basis:41.67%\">\n<figure class=\"wp-block-image size-large\"><img loading=\"lazy\" decoding=\"async\" height=\"784\" width=\"1024\" src=\"https:\/\/www.atslifesciences.com\/wp-content\/uploads\/sites\/63\/2022\/07\/Benchmark-Freeze-Dryer-1.jpg?w=1024\" alt=\"Equipment used for freeze drying liquids\" class=\"wp-image-5513\" srcset=\"https:\/\/www.atslifesciences.com\/wp-content\/uploads\/sites\/63\/2022\/07\/Benchmark-Freeze-Dryer-1.jpg 1117w, https:\/\/www.atslifesciences.com\/wp-content\/uploads\/sites\/63\/2022\/07\/Benchmark-Freeze-Dryer-1.jpg?resize=300,230 300w, https:\/\/www.atslifesciences.com\/wp-content\/uploads\/sites\/63\/2022\/07\/Benchmark-Freeze-Dryer-1.jpg?resize=768,588 768w, https:\/\/www.atslifesciences.com\/wp-content\/uploads\/sites\/63\/2022\/07\/Benchmark-Freeze-Dryer-1.jpg?resize=1024,784 1024w\" sizes=\"auto, (max-width: 1024px) 100vw, 1024px\" \/><\/figure>\n<\/div>\n\n\n\n<div class=\"wp-block-column is-layout-flow wp-block-column-is-layout-flow\" style=\"flex-basis:58%\">\n<h2 class=\"wp-block-heading\" id=\"h-lyophilisierung\">Lyophilisierung<\/h2>\n\n\n\n<ul class=\"wp-block-list\"><li>SP VirTis-Gefriertrocknungsanlagen f\u00fcr gefriergetrocknete Perlen<\/li><li>Manuelles oder automatisches Laden der Beads in den Lyophilisator<\/li><li>Temperaturbereiche und Pull-Down je nach Zykluszeit und Produktanforderungen<\/li><\/ul>\n\n\n\n<div class=\"wp-block-buttons is-layout-flex wp-block-buttons-is-layout-flex\"><\/div>\n<\/div>\n<\/div>\n<\/div><\/div>\n\n\n\n<div class=\"wp-block-group is-style-atsls-light-diagonal-left\"><div class=\"wp-block-group__inner-container is-layout-flow wp-block-group-is-layout-flow\"><div class=\"wp-block-image\">\n<figure class=\"alignright size-large is-resized\"><img loading=\"lazy\" decoding=\"async\" src=\"https:\/\/www.atslifesciences.com\/wp-content\/uploads\/sites\/63\/2022\/07\/IMG_1955-e1659021996640.jpg?w=1024\" alt=\"A large automated assembly machine\" class=\"wp-image-5701\" width=\"1024\" height=\"768\"\/><\/figure>\n<\/div>\n\n\n<h2 class=\"is-style-default wp-block-heading\" id=\"h-handling-montage\">Handling &amp; Montage<\/h2>\n\n\n\n<ul class=\"wp-block-list\"><li>ATS-Automatisierungsl\u00f6sungen f\u00fcr die Biowissenschaften zur schonenden Handhabung von Bulk- und Einzelbeads zum Schutz von Geometrie, St\u00e4rke und Reinheit der Beads<\/li><li>Umgebungen mit Feuchtekontrolle<\/li><li>Reinraumumgebung nach Bedarf<\/li><li>Einzigartige Maschinen f\u00fcr die Abf\u00fcllung von Beads in Fl\u00e4schchen, die Platzierung von Beads in Diagnostik-Kartuschen oder Lab-on-Chip, die Zusammenstellung von Kits und mehr<\/li><\/ul>\n<\/div><\/div>\n\n\n\n<div class=\"wp-block-buttons is-content-justification-center is-layout-flex wp-container-core-buttons-is-layout-16018d1d wp-block-buttons-is-layout-flex\">\n<div class=\"wp-block-button\"><a class=\"wp-block-button__link\" href=\"https:\/\/www.atslifesciences.com\/lyobead-manufacturing-equipment\/lets-discuss-your-lyobead-project\">Angebot anfordern<\/a><\/div>\n<\/div>\n\n\n\n<div style=\"height:100px\" aria-hidden=\"true\" class=\"wp-block-spacer\"><\/div>\n","protected":false},"excerpt":{"rendered":"<p>Lyophilisierte Perlen oder Lyobeads sind eine hervorragende Alternative zu den herk\u00f6mmlichen gefriergetrockneten Kuchen. Sie bieten thermische Stabilit\u00e4t, langfristige Lagerung und logistische Vorteile. Entdecken Sie unsere Lyobead-Herstellungsanlagen. Speziell f\u00fcr Lyobeads entwickelt! Der Lyobead-Herstellungsprozess beginnt mit der Bead-Erzeugung &#8211; dem Dosieren und Einfrieren von Fl\u00fcssigkeiten, Reagenzien oder Arzneimitteln mithilfe von Technologien, die vereinzelte Beads in der gew\u00fcnschten<\/p>\n","protected":false},"author":24,"featured_media":0,"parent":0,"menu_order":0,"comment_status":"closed","ping_status":"closed","template":"","meta":{"_acf_changed":false,"_cr_original_post":"5484","_cr_replace_post_id":"","_cr_replacing_post_id":"","inline_featured_image":false,"cover_image":5485,"footnotes":""},"coauthors":[25],"class_list":["post-6573","page","type-page","status-publish","hentry"],"yoast_head":"<!-- This site is optimized with the Yoast SEO Premium plugin v26.8 (Yoast SEO v26.8) - https:\/\/yoast.com\/product\/yoast-seo-premium-wordpress\/ -->\n<title>Lyobead-Herstellung - ATS Life Sciences<\/title>\n<meta name=\"robots\" content=\"index, follow, max-snippet:-1, max-image-preview:large, max-video-preview:-1\" \/>\n<link rel=\"canonical\" href=\"https:\/\/www.atslifesciences.com\/de\/lyobead-herstellung-2\/\" \/>\n<meta property=\"og:locale\" content=\"de_DE\" \/>\n<meta property=\"og:type\" content=\"article\" \/>\n<meta property=\"og:title\" content=\"Lyobead-Herstellung\" \/>\n<meta property=\"og:description\" content=\"Lyophilisierte Perlen oder Lyobeads sind eine hervorragende Alternative zu den herk\u00f6mmlichen gefriergetrockneten Kuchen. Sie bieten thermische Stabilit\u00e4t, langfristige Lagerung und logistische Vorteile. Entdecken Sie unsere Lyobead-Herstellungsanlagen. Speziell f\u00fcr Lyobeads entwickelt! Der Lyobead-Herstellungsprozess beginnt mit der Bead-Erzeugung &#8211; dem Dosieren und Einfrieren von Fl\u00fcssigkeiten, Reagenzien oder Arzneimitteln mithilfe von Technologien, die vereinzelte Beads in der gew\u00fcnschten\" \/>\n<meta property=\"og:url\" content=\"https:\/\/www.atslifesciences.com\/de\/lyobead-herstellung-2\/\" \/>\n<meta property=\"og:site_name\" content=\"ATS Life Sciences\" \/>\n<meta property=\"article:modified_time\" content=\"2022-12-02T19:31:08+00:00\" \/>\n<meta property=\"og:image\" content=\"https:\/\/www.atslifesciences.com\/wp-content\/uploads\/sites\/63\/2022\/07\/B8583-Lyobead-dispensing.jpg?w=1024\" \/>\n<meta name=\"twitter:card\" content=\"summary_large_image\" \/>\n<meta name=\"twitter:label1\" content=\"Gesch\u00e4tzte Lesezeit\" \/>\n\t<meta name=\"twitter:data1\" content=\"2 Minuten\" \/>\n\t<meta name=\"twitter:label2\" content=\"Written by\" \/>\n\t<meta name=\"twitter:data2\" content=\"Catherine Thacker\" \/>\n<script type=\"application\/ld+json\" class=\"yoast-schema-graph\">{\"@context\":\"https:\/\/schema.org\",\"@graph\":[{\"@type\":\"WebPage\",\"@id\":\"https:\/\/www.atslifesciences.com\/de\/lyobead-herstellung-2\/\",\"url\":\"https:\/\/www.atslifesciences.com\/de\/lyobead-herstellung-2\/\",\"name\":\"Lyobead-Herstellung - ATS Life Sciences\",\"isPartOf\":{\"@id\":\"https:\/\/www.atslifesciences.com\/de\/#website\"},\"primaryImageOfPage\":{\"@id\":\"https:\/\/www.atslifesciences.com\/de\/lyobead-herstellung-2\/#primaryimage\"},\"image\":{\"@id\":\"https:\/\/www.atslifesciences.com\/de\/lyobead-herstellung-2\/#primaryimage\"},\"thumbnailUrl\":\"https:\/\/www.atslifesciences.com\/wp-content\/uploads\/sites\/63\/2022\/07\/B8583-Lyobead-dispensing.jpg?w=1024\",\"datePublished\":\"2022-10-12T08:15:42+00:00\",\"dateModified\":\"2022-12-02T19:31:08+00:00\",\"breadcrumb\":{\"@id\":\"https:\/\/www.atslifesciences.com\/de\/lyobead-herstellung-2\/#breadcrumb\"},\"inLanguage\":\"de-DE\",\"potentialAction\":[{\"@type\":\"ReadAction\",\"target\":[\"https:\/\/www.atslifesciences.com\/de\/lyobead-herstellung-2\/\"]}]},{\"@type\":\"ImageObject\",\"inLanguage\":\"de-DE\",\"@id\":\"https:\/\/www.atslifesciences.com\/de\/lyobead-herstellung-2\/#primaryimage\",\"url\":\"https:\/\/www.atslifesciences.com\/wp-content\/uploads\/sites\/63\/2022\/07\/B8583-Lyobead-dispensing.jpg?w=1024\",\"contentUrl\":\"https:\/\/www.atslifesciences.com\/wp-content\/uploads\/sites\/63\/2022\/07\/B8583-Lyobead-dispensing.jpg?w=1024\"},{\"@type\":\"BreadcrumbList\",\"@id\":\"https:\/\/www.atslifesciences.com\/de\/lyobead-herstellung-2\/#breadcrumb\",\"itemListElement\":[{\"@type\":\"ListItem\",\"position\":1,\"name\":\"Home\",\"item\":\"https:\/\/www.atslifesciences.com\/de\/\"},{\"@type\":\"ListItem\",\"position\":2,\"name\":\"Lyobead-Herstellung\"}]},{\"@type\":\"WebSite\",\"@id\":\"https:\/\/www.atslifesciences.com\/de\/#website\",\"url\":\"https:\/\/www.atslifesciences.com\/de\/\",\"name\":\"ATS Life Sciences\",\"description\":\"\",\"potentialAction\":[{\"@type\":\"SearchAction\",\"target\":{\"@type\":\"EntryPoint\",\"urlTemplate\":\"https:\/\/www.atslifesciences.com\/de\/?s={search_term_string}\"},\"query-input\":{\"@type\":\"PropertyValueSpecification\",\"valueRequired\":true,\"valueName\":\"search_term_string\"}}],\"inLanguage\":\"de-DE\"}]}<\/script>\n<!-- \/ Yoast SEO Premium plugin. -->","yoast_head_json":{"title":"Lyobead-Herstellung - ATS Life Sciences","robots":{"index":"index","follow":"follow","max-snippet":"max-snippet:-1","max-image-preview":"max-image-preview:large","max-video-preview":"max-video-preview:-1"},"canonical":"https:\/\/www.atslifesciences.com\/de\/lyobead-herstellung-2\/","og_locale":"de_DE","og_type":"article","og_title":"Lyobead-Herstellung","og_description":"Lyophilisierte Perlen oder Lyobeads sind eine hervorragende Alternative zu den herk\u00f6mmlichen gefriergetrockneten Kuchen. Sie bieten thermische Stabilit\u00e4t, langfristige Lagerung und logistische Vorteile. Entdecken Sie unsere Lyobead-Herstellungsanlagen. Speziell f\u00fcr Lyobeads entwickelt! Der Lyobead-Herstellungsprozess beginnt mit der Bead-Erzeugung &#8211; dem Dosieren und Einfrieren von Fl\u00fcssigkeiten, Reagenzien oder Arzneimitteln mithilfe von Technologien, die vereinzelte Beads in der gew\u00fcnschten","og_url":"https:\/\/www.atslifesciences.com\/de\/lyobead-herstellung-2\/","og_site_name":"ATS Life Sciences","article_modified_time":"2022-12-02T19:31:08+00:00","og_image":[{"url":"https:\/\/www.atslifesciences.com\/wp-content\/uploads\/sites\/63\/2022\/07\/B8583-Lyobead-dispensing.jpg?w=1024","type":"","width":"","height":""}],"twitter_card":"summary_large_image","twitter_misc":{"Gesch\u00e4tzte Lesezeit":"2 Minuten","Written by":"Catherine Thacker"},"schema":{"@context":"https:\/\/schema.org","@graph":[{"@type":"WebPage","@id":"https:\/\/www.atslifesciences.com\/de\/lyobead-herstellung-2\/","url":"https:\/\/www.atslifesciences.com\/de\/lyobead-herstellung-2\/","name":"Lyobead-Herstellung - ATS Life Sciences","isPartOf":{"@id":"https:\/\/www.atslifesciences.com\/de\/#website"},"primaryImageOfPage":{"@id":"https:\/\/www.atslifesciences.com\/de\/lyobead-herstellung-2\/#primaryimage"},"image":{"@id":"https:\/\/www.atslifesciences.com\/de\/lyobead-herstellung-2\/#primaryimage"},"thumbnailUrl":"https:\/\/www.atslifesciences.com\/wp-content\/uploads\/sites\/63\/2022\/07\/B8583-Lyobead-dispensing.jpg?w=1024","datePublished":"2022-10-12T08:15:42+00:00","dateModified":"2022-12-02T19:31:08+00:00","breadcrumb":{"@id":"https:\/\/www.atslifesciences.com\/de\/lyobead-herstellung-2\/#breadcrumb"},"inLanguage":"de-DE","potentialAction":[{"@type":"ReadAction","target":["https:\/\/www.atslifesciences.com\/de\/lyobead-herstellung-2\/"]}]},{"@type":"ImageObject","inLanguage":"de-DE","@id":"https:\/\/www.atslifesciences.com\/de\/lyobead-herstellung-2\/#primaryimage","url":"https:\/\/www.atslifesciences.com\/wp-content\/uploads\/sites\/63\/2022\/07\/B8583-Lyobead-dispensing.jpg?w=1024","contentUrl":"https:\/\/www.atslifesciences.com\/wp-content\/uploads\/sites\/63\/2022\/07\/B8583-Lyobead-dispensing.jpg?w=1024"},{"@type":"BreadcrumbList","@id":"https:\/\/www.atslifesciences.com\/de\/lyobead-herstellung-2\/#breadcrumb","itemListElement":[{"@type":"ListItem","position":1,"name":"Home","item":"https:\/\/www.atslifesciences.com\/de\/"},{"@type":"ListItem","position":2,"name":"Lyobead-Herstellung"}]},{"@type":"WebSite","@id":"https:\/\/www.atslifesciences.com\/de\/#website","url":"https:\/\/www.atslifesciences.com\/de\/","name":"ATS Life Sciences","description":"","potentialAction":[{"@type":"SearchAction","target":{"@type":"EntryPoint","urlTemplate":"https:\/\/www.atslifesciences.com\/de\/?s={search_term_string}"},"query-input":{"@type":"PropertyValueSpecification","valueRequired":true,"valueName":"search_term_string"}}],"inLanguage":"de-DE"}]}},"acf":[],"jetpack_sharing_enabled":true,"_links":{"self":[{"href":"https:\/\/www.atslifesciences.com\/de\/wp-json\/wp\/v2\/pages\/6573","targetHints":{"allow":["GET"]}}],"collection":[{"href":"https:\/\/www.atslifesciences.com\/de\/wp-json\/wp\/v2\/pages"}],"about":[{"href":"https:\/\/www.atslifesciences.com\/de\/wp-json\/wp\/v2\/types\/page"}],"author":[{"embeddable":true,"href":"https:\/\/www.atslifesciences.com\/de\/wp-json\/wp\/v2\/users\/24"}],"replies":[{"embeddable":true,"href":"https:\/\/www.atslifesciences.com\/de\/wp-json\/wp\/v2\/comments?post=6573"}],"version-history":[{"count":2,"href":"https:\/\/www.atslifesciences.com\/de\/wp-json\/wp\/v2\/pages\/6573\/revisions"}],"predecessor-version":[{"id":7155,"href":"https:\/\/www.atslifesciences.com\/de\/wp-json\/wp\/v2\/pages\/6573\/revisions\/7155"}],"wp:attachment":[{"href":"https:\/\/www.atslifesciences.com\/de\/wp-json\/wp\/v2\/media?parent=6573"}],"wp:term":[{"taxonomy":"author","embeddable":true,"href":"https:\/\/www.atslifesciences.com\/de\/wp-json\/wp\/v2\/coauthors?post=6573"}],"curies":[{"name":"wp","href":"https:\/\/api.w.org\/{rel}","templated":true}]}}