{"id":4676,"date":"2021-10-28T03:02:14","date_gmt":"2021-10-28T03:02:14","guid":{"rendered":"https:\/\/www.atslifesciences.com\/technologien\/materialhandling\/"},"modified":"2023-04-21T16:28:51","modified_gmt":"2023-04-21T16:28:51","slug":"materialhandling","status":"publish","type":"page","link":"https:\/\/www.atslifesciences.com\/de\/produkte\/materialhandling\/","title":{"rendered":"Materialhandling"},"content":{"rendered":"<div class=\"gb-container gb-container-480a32df\"><div class=\"gb-inside-container\">\n\n<p class=\"gb-headline gb-headline-c78c90ab gb-headline-text\">Die Schl\u00fcsselfaktoren eines effizienten Betriebs sind das Einschleusen und das Ausschleusen der Komponenten, Unterbaugruppen und fertigen Produkte in bzw. aus dem Automatisierungssystem.&nbsp; Zus\u00e4tzlich zu den kundenspezifischen L\u00f6sungen f\u00fcr Trays und Paletten bietet ATS Life Sciences au\u00dferdem mehrere standardisierte L\u00f6sungen zur Vereinfachung des Materialhandlings.<\/p>\n\n\n<div class=\"gb-button-wrapper gb-button-wrapper-c889171e segment-button-wrp\">\n\n<a class=\"gb-button gb-button-10b18692 gb-button-text\" href=\"https:\/\/www.atslifesciences.com\/de\/produkte\/materialhandling\/kontaktieren-sie-uns-um-mehr-uber-unsere-materialhandlinglosungen-zu-erfahren\/\">Kontaktieren Sie uns f\u00fcr weitere Informationen<\/a>\n\n<\/div>\n<\/div><\/div>\n\n\n<hr class=\"wp-block-separator has-text-color has-css-opacity has-background is-style-wide\" style=\"background-color:#d4d9de;color:#d4d9de\"\/>\n\n\n\n<div class=\"wp-block-group\"><div class=\"wp-block-group__inner-container is-layout-flow wp-block-group-is-layout-flow\">\n<h2 class=\"is-style-section-heading wp-block-heading\" id=\"h-ats-clearliner-tray-paletten-handlingsystem\">ATS Clearliner\u2122<sup> <\/sup>\u2013 Tray-\/Paletten-Handlingsystem<\/h2>\n\n\n\n<div class=\"wp-block-columns is-layout-flex wp-container-core-columns-is-layout-9d6595d7 wp-block-columns-is-layout-flex\">\n<div class=\"wp-block-column is-vertically-aligned-top is-layout-flow wp-block-column-is-layout-flow\" style=\"flex-basis:41.67%\">\n<figure class=\"wp-block-video\"><video controls poster=\"https:\/\/www.atslifesciences.com\/wp-content\/uploads\/sites\/63\/2021\/11\/Clearliner_stainless_NOLOGO.jpg\" src=\"https:\/\/cdn1-originals.webdamdb.com\/13831_125143129?cache=1627473211&amp;response-content-disposition=inline;filename=ATS%2520Glashandling%2520Cartridges%2520%25281%2529.mp4&amp;Policy=eyJTdGF0ZW1lbnQiOlt7IlJlc291cmNlIjoiaHR0cCo6Ly9jZG4xLW9yaWdpbmFscy53ZWJkYW1kYi5jb20vMTM4MzFfMTI1MTQzMTI5P2NhY2hlPTE2Mjc0NzMyMTEmcmVzcG9uc2UtY29udGVudC1kaXNwb3NpdGlvbj1pbmxpbmU7ZmlsZW5hbWU9QVRTJTI1MjBHbGFzaGFuZGxpbmclMjUyMENhcnRyaWRnZXMlMjUyMCUyNTI4MSUyNTI5Lm1wNCIsIkNvbmRpdGlvbiI6eyJEYXRlTGVzc1RoYW4iOnsiQVdTOkVwb2NoVGltZSI6MjE0NzQxNDQwMH19fV19&amp;Signature=n-K2cjBCjwgq~Pl3Zjjja7LcStbUcvWlt-WAqz2gFiBBP35ufK4gE8NgnDzpu1V85cDBDzwZJKL3XPttIfLsF93itggBKC-6p9RKWFQxttSySTEvePbtQhL~vHYLIjmIICMcx7AVtmDfvH0bMiF~abJVr~WRbZ6HGG4UlD7Etg1CpodTbGDU9sYZtBQ8InuowjU6vIRJzTVrns5Vtx5gVE6kCnF3TwCbw4xrmAj06pnGmrWCKEjyPt3SD0Iq3uMXL5k0XkuQAPzYfIpseG0FdL0z0mY4MW4J-1jDou4qn2G2GLyTDxmioXWRLCL1i7uis6r~it1QvsHb~y03EHsGPg__&amp;Key-Pair-Id=APKAI2ASI2IOLRFF2RHA\"><\/video><\/figure>\n<\/div>\n\n\n\n<div class=\"wp-block-column is-layout-flow wp-block-column-is-layout-flow\" style=\"flex-basis:58%\">\n<ul class=\"wp-block-list\"><li>Ideal f\u00fcr alle Trays und ISO-\/Europaletten mit einer Gr\u00f6\u00dfe von 400 bis 1000&nbsp;mm<\/li><li>Integrierbare F\u00f6rderb\u00e4nder oder Wagen f\u00fcr die Entnahme aus und die Bef\u00fcllung von Trays und Paletten<\/li><li>Verf\u00fcgbare Tray-Systeme mit einer Achse, in einer Speed-Version mit zwei Achsen und in einer Version f\u00fcr Reinr\u00e4ume bis zur Klasse&nbsp;1000 (ISO&nbsp;6)<\/li><li>Verf\u00fcgbare Paletten-Handlingsysteme sowohl mit als auch ohne eigenes F\u00f6rderband und in einer Version f\u00fcr Reinr\u00e4ume bis zur Klasse&nbsp;10&nbsp;000 (ISO&nbsp;7)<\/li><li>Geeignet f\u00fcr viele Medizinproduktkomponenten, Unterbaugruppen und fertige Produkte, einschlie\u00dflich Autoinjektoren und Glaskartuschen<\/li><\/ul>\n\n\n<div class=\"gb-container gb-container-0f5d53c2\"><div class=\"gb-inside-container\">\n<div class=\"gb-grid-wrapper gb-grid-wrapper-22390e4d\">\n<div class=\"gb-grid-column gb-grid-column-eb19c7d0\"><div class=\"gb-container gb-container-eb19c7d0\"><div class=\"gb-inside-container\">\n<div class=\"gb-grid-wrapper gb-grid-wrapper-35fdbf33\">\n<div class=\"gb-grid-column gb-grid-column-c26aa941\"><div class=\"gb-container gb-container-c26aa941\"><div class=\"gb-inside-container\">\n<div class=\"gb-grid-wrapper gb-grid-wrapper-995fd5c0\">\n<div class=\"gb-grid-column gb-grid-column-35a9ddc0\"><div class=\"gb-container gb-container-35a9ddc0\"><div class=\"gb-inside-container\">\n<div class=\"gb-button-wrapper gb-button-wrapper-939f2a5a segment-button-wrp\">\n\n<a class=\"gb-button gb-button-709bfd63 gb-button-text\" href=\"https:\/\/cdn1-originals.webdamdb.com\/13831_125483713?cache=1636381437&amp;response-content-disposition=inline;filename=ATS-Clearliner-1000-English.pdf&amp;response-content-type=application\/pdf&amp;Policy=eyJTdGF0ZW1lbnQiOlt7IlJlc291cmNlIjoiaHR0cCo6Ly9jZG4xLW9yaWdpbmFscy53ZWJkYW1kYi5jb20vMTM4MzFfMTI1NDgzNzEzP2NhY2hlPTE2MzYzODE0MzcmcmVzcG9uc2UtY29udGVudC1kaXNwb3NpdGlvbj1pbmxpbmU7ZmlsZW5hbWU9QVRTLUNsZWFybGluZXItMTAwMC1FbmdsaXNoLnBkZiZyZXNwb25zZS1jb250ZW50LXR5cGU9YXBwbGljYXRpb24vcGRmIiwiQ29uZGl0aW9uIjp7IkRhdGVMZXNzVGhhbiI6eyJBV1M6RXBvY2hUaW1lIjoyMTQ3NDE0NDAwfX19XX0_&amp;Signature=OFQKWbk7g4pbpntE-ro0NGNj41rymdyusWyFIVbwFMfwFy9ItB--J3hg~zbCY9tcP5OlNUuLm~vJofIQgnfPPc9za7rsTfiyl78QDFQgAgS9GZngrqDSLu7pW00EPDnYZsfCB6s9Cml-4iIuS046Q~KXGSS2jM1yMk3oTr8LUcPUtxyhP901QnQW0c3zE0S-4IYfhpPo2n8vlcFflx355y0p79~V8PHK2WYGS-Mm3TmVbKncsbdoBbWQFCsigHcO3M9yXsHph77Vq87DAjzQaAK5LIlLc0zkquSgxcbn58GhuPbAxcgDo38RePUtQBiZ5Eb6-kPe4~0O3ijGHWfodQ__&amp;Key-Pair-Id=APKAI2ASI2IOLRFF2RHA\">Brosch\u00fcre CL 1000<\/a>\n\n<\/div>\n<\/div><\/div><\/div>\n\n<div class=\"gb-grid-column gb-grid-column-623e3a59\"><div class=\"gb-container gb-container-623e3a59\"><div class=\"gb-inside-container\">\n<div class=\"gb-button-wrapper gb-button-wrapper-df92e67f segment-button-wrp\">\n\n<a class=\"gb-button gb-button-9b1822ac gb-button-text\" href=\"https:\/\/www.atslifesciences.com\/wp-content\/uploads\/sites\/63\/2023\/03\/Clearliner-400V-1.pdf\">Brosch\u00fcre CL 400V<\/a>\n\n<\/div>\n<\/div><\/div><\/div>\n<\/div>\n<\/div><\/div><\/div>\n<\/div>\n<\/div><\/div><\/div>\n\n<div class=\"gb-grid-column gb-grid-column-50252cf3\"><div class=\"gb-container gb-container-50252cf3\"><div class=\"gb-inside-container\">\n<div class=\"gb-grid-wrapper gb-grid-wrapper-ebeb0011\">\n<div class=\"gb-grid-column gb-grid-column-1e8a65d1\"><div class=\"gb-container gb-container-1e8a65d1\"><div class=\"gb-inside-container\">\n<div class=\"gb-button-wrapper gb-button-wrapper-5315cc90 segment-button-wrp\">\n\n<a class=\"gb-button gb-button-01df4da7 gb-button-text\" href=\"https:\/\/www.atslifesciences.com\/wp-content\/uploads\/sites\/63\/2023\/03\/Clearliner-400M-1.pdf\">Brosch\u00fcre CL 400M<\/a>\n\n<\/div>\n<\/div><\/div><\/div>\n\n<div class=\"gb-grid-column gb-grid-column-5c5b9304\"><div class=\"gb-container gb-container-5c5b9304\"><div class=\"gb-inside-container\">\n<div class=\"gb-button-wrapper gb-button-wrapper-41dce1ca segment-button-wrp\">\n\n<a class=\"gb-button gb-button-a63e7273 gb-button-text\" href=\"https:\/\/www.atslifesciences.com\/wp-content\/uploads\/sites\/63\/2023\/03\/Clearliner-400-400S-400T-2.pdf\">Brosch\u00fcre CL 40oS-T<\/a>\n\n<\/div>\n<\/div><\/div><\/div>\n<\/div>\n<\/div><\/div><\/div>\n<\/div>\n<\/div><\/div><\/div>\n<\/div>\n<\/div><\/div>\n\n\n\n<div class=\"wp-block-group\"><div class=\"wp-block-group__inner-container is-layout-flow wp-block-group-is-layout-flow\">\n<h2 class=\"is-style-section-heading wp-block-heading\" id=\"h-ats-robotik-losungen\">ATS ROBOTik-L\u00f6sungen<\/h2>\n\n\n\n<p><a href=\"https:\/\/www.atslifesciences.com\/products\/material-handling\/#h-robotic-automation-solutions\"><\/a><\/p>\n\n\n\n<div class=\"wp-block-columns is-layout-flex wp-container-core-columns-is-layout-9d6595d7 wp-block-columns-is-layout-flex\">\n<div class=\"wp-block-column is-vertically-aligned-top is-layout-flow wp-block-column-is-layout-flow\" style=\"flex-basis:41.67%\">\n<figure class=\"wp-block-image size-large\"><img loading=\"lazy\" decoding=\"async\" height=\"768\" width=\"1024\" src=\"https:\/\/www.atslifesciences.com\/wp-content\/uploads\/sites\/63\/2022\/06\/Robotic-material-handling.jpg?w=1024\" alt=\"Robots used to move trays of components\" class=\"wp-image-5134\" srcset=\"https:\/\/www.atslifesciences.com\/wp-content\/uploads\/sites\/63\/2022\/06\/Robotic-material-handling.jpg 4032w, https:\/\/www.atslifesciences.com\/wp-content\/uploads\/sites\/63\/2022\/06\/Robotic-material-handling.jpg?resize=300,225 300w, https:\/\/www.atslifesciences.com\/wp-content\/uploads\/sites\/63\/2022\/06\/Robotic-material-handling.jpg?resize=768,576 768w, https:\/\/www.atslifesciences.com\/wp-content\/uploads\/sites\/63\/2022\/06\/Robotic-material-handling.jpg?resize=1024,768 1024w, https:\/\/www.atslifesciences.com\/wp-content\/uploads\/sites\/63\/2022\/06\/Robotic-material-handling.jpg?resize=1536,1152 1536w, https:\/\/www.atslifesciences.com\/wp-content\/uploads\/sites\/63\/2022\/06\/Robotic-material-handling.jpg?resize=2048,1536 2048w\" sizes=\"auto, (max-width: 1024px) 100vw, 1024px\" \/><\/figure>\n<\/div>\n\n\n\n<div class=\"wp-block-column is-layout-flow wp-block-column-is-layout-flow\" style=\"flex-basis:58%\">\n<ul class=\"wp-block-list\"><li>Schl\u00fcsselfertige L\u00f6sungen, die skalierbar, flexibel und innovativ sind<\/li><li>Geeignet f\u00fcr Trayhandling, Palettierung, Beh\u00e4lterkommissionierung, Teilekommissionierung, Verpackung und viele andere kundenspezifische L\u00f6sungen<\/li><li>Optimiertes kompaktes Fl\u00e4chendesign<\/li><li>Erfahrung mit der Integration einer Vielzahl von Robotern, die je nach den spezifischen Kunden- und Prozessanforderungen ausgew\u00e4hlt werden<\/li><li>Kollaborative L\u00f6sungen zur Erleichterung der Interaktion zwischen Mensch und Maschine verf\u00fcgbar<\/li><\/ul>\n\n\n<div class=\"gb-button-wrapper gb-button-wrapper-725ec12e segment-button-wrp\">\n\n<a class=\"gb-button gb-button-e4104305 gb-button-text\" href=\"https:\/\/www.atslifesciences.com\/de\/robotik-automatisierungsloesungen\/\">Mehr<\/a>\n\n<\/div><\/div>\n<\/div>\n<\/div><\/div>\n\n\n\n<div class=\"wp-block-group\"><div class=\"wp-block-group__inner-container is-layout-flow wp-block-group-is-layout-flow\">\n<h2 class=\"is-style-section-heading wp-block-heading\" id=\"h-labelling-von-ats\">Labelling von ATS<\/h2>\n\n\n\n<p><a href=\"https:\/\/www.atslifesciences.com\/products\/material-handling\/#h-robotic-automation-solutions\"><\/a><\/p>\n\n\n\n<div class=\"wp-block-columns is-layout-flex wp-container-core-columns-is-layout-9d6595d7 wp-block-columns-is-layout-flex\">\n<div class=\"wp-block-column is-vertically-aligned-top is-layout-flow wp-block-column-is-layout-flow\" style=\"flex-basis:41.67%\">\n<figure class=\"wp-block-video\"><video height=\"720\" style=\"aspect-ratio: 1280 \/ 720;\" width=\"1280\" controls poster=\"https:\/\/www.atslifesciences.com\/wp-content\/uploads\/sites\/63\/2022\/10\/ATS-Labelling-Machine_0027.jpg\" src=\"https:\/\/www.atslifesciences.com\/wp-content\/uploads\/sites\/63\/2022\/10\/ATS-Automation-Labelling-Machine_ATS-LOGO.mp4\"><\/video><\/figure>\n<\/div>\n\n\n\n<div class=\"wp-block-column is-layout-flow wp-block-column-is-layout-flow\" style=\"flex-basis:58%\">\n<ul class=\"wp-block-list\"><li>Kundenspezifisches Etikettiersystem<\/li><li>Deckt eine breite Palette von Etikettenformen und -ausf\u00fchrungen ab<\/li><li>Anwendbar f\u00fcr viele Produktformen und -gr\u00f6\u00dfen&nbsp;<\/li><li>M\u00f6gliche Einbindung von Drucksystemen und Sichtkontrollen<\/li><li>Integration in den Montageprozess<\/li><\/ul>\n\n\n\n<div style=\"height:\" aria-hidden=\"true\" class=\"wp-block-spacer\"><\/div>\n\n\n<div class=\"gb-button-wrapper gb-button-wrapper-16b01dda segment-button-wrp\">\n\n<a class=\"gb-button gb-button-5507fcbc gb-button-text\" href=\"https:\/\/www.atslifesciences.com\/wp-content\/uploads\/sites\/63\/2023\/04\/ATS-Top-Labeler-1.pdf\" target=\"_blank\" rel=\"noopener noreferrer\">Brosch\u00fcre ToP Labeler<\/a>\n\n\n\n<a class=\"gb-button gb-button-d531cfb8 gb-button-text\" href=\"https:\/\/www.atslifesciences.com\/wp-content\/uploads\/sites\/63\/2023\/02\/Flyer-Rundumetikettierung-undef-English.pdf\">Brosch\u00fcre Wrap-around Labeler<\/a>\n\n<\/div><\/div>\n<\/div>\n<\/div><\/div>\n\n\n\n<p><\/p>\n","protected":false},"excerpt":{"rendered":"<p>Die Schl\u00fcsselfaktoren eines effizienten Betriebs sind das Einschleusen und das Ausschleusen der Komponenten, Unterbaugruppen und fertigen Produkte in bzw. aus dem Automatisierungssystem.&nbsp; Zus\u00e4tzlich zu den kundenspezifischen L\u00f6sungen f\u00fcr Trays und Paletten bietet ATS Life Sciences au\u00dferdem mehrere standardisierte L\u00f6sungen zur Vereinfachung des Materialhandlings. ATS Clearliner\u2122 \u2013 Tray-\/Paletten-Handlingsystem Ideal f\u00fcr alle Trays und ISO-\/Europaletten mit einer<\/p>\n","protected":false},"author":149,"featured_media":0,"parent":4639,"menu_order":0,"comment_status":"closed","ping_status":"closed","template":"page-templates\/empty.php","meta":{"_acf_changed":false,"_cr_original_post":"","_cr_replace_post_id":"","_cr_replacing_post_id":"","inline_featured_image":false,"cover_image":3862,"footnotes":""},"coauthors":[17],"class_list":["post-4676","page","type-page","status-publish","hentry"],"yoast_head":"<!-- This site is optimized with the Yoast SEO Premium plugin v26.8 (Yoast SEO v26.8) - https:\/\/yoast.com\/product\/yoast-seo-premium-wordpress\/ -->\n<title>Materialhandling - ATS Life Sciences<\/title>\n<meta name=\"robots\" content=\"index, follow, max-snippet:-1, max-image-preview:large, max-video-preview:-1\" \/>\n<link rel=\"canonical\" href=\"https:\/\/www.atslifesciences.com\/de\/produkte\/materialhandling\/\" \/>\n<meta property=\"og:locale\" content=\"de_DE\" \/>\n<meta property=\"og:type\" content=\"article\" \/>\n<meta property=\"og:title\" content=\"Materialhandling\" \/>\n<meta property=\"og:description\" content=\"Die Schl\u00fcsselfaktoren eines effizienten Betriebs sind das Einschleusen und das Ausschleusen der Komponenten, Unterbaugruppen und fertigen Produkte in bzw. aus dem Automatisierungssystem.&nbsp; Zus\u00e4tzlich zu den kundenspezifischen L\u00f6sungen f\u00fcr Trays und Paletten bietet ATS Life Sciences au\u00dferdem mehrere standardisierte L\u00f6sungen zur Vereinfachung des Materialhandlings. ATS Clearliner\u2122 \u2013 Tray-\/Paletten-Handlingsystem Ideal f\u00fcr alle Trays und ISO-\/Europaletten mit einer\" \/>\n<meta property=\"og:url\" content=\"https:\/\/www.atslifesciences.com\/de\/produkte\/materialhandling\/\" \/>\n<meta property=\"og:site_name\" content=\"ATS Life Sciences\" \/>\n<meta property=\"article:modified_time\" content=\"2023-04-21T16:28:51+00:00\" \/>\n<meta property=\"og:image\" content=\"https:\/\/www.atslifesciences.com\/wp-content\/uploads\/sites\/63\/2022\/06\/Robotic-material-handling.jpg?w=1024\" \/>\n<meta name=\"twitter:card\" content=\"summary_large_image\" \/>\n<meta name=\"twitter:label1\" content=\"Gesch\u00e4tzte Lesezeit\" \/>\n\t<meta name=\"twitter:data1\" content=\"2 Minuten\" \/>\n\t<meta name=\"twitter:label2\" content=\"Written by\" \/>\n\t<meta name=\"twitter:data2\" content=\"pete\" \/>\n<script type=\"application\/ld+json\" class=\"yoast-schema-graph\">{\"@context\":\"https:\/\/schema.org\",\"@graph\":[{\"@type\":\"WebPage\",\"@id\":\"https:\/\/www.atslifesciences.com\/de\/produkte\/materialhandling\/\",\"url\":\"https:\/\/www.atslifesciences.com\/de\/produkte\/materialhandling\/\",\"name\":\"Materialhandling - ATS Life Sciences\",\"isPartOf\":{\"@id\":\"https:\/\/www.atslifesciences.com\/de\/#website\"},\"primaryImageOfPage\":{\"@id\":\"https:\/\/www.atslifesciences.com\/de\/produkte\/materialhandling\/#primaryimage\"},\"image\":{\"@id\":\"https:\/\/www.atslifesciences.com\/de\/produkte\/materialhandling\/#primaryimage\"},\"thumbnailUrl\":\"https:\/\/www.atslifesciences.com\/wp-content\/uploads\/sites\/63\/2022\/06\/Robotic-material-handling.jpg?w=1024\",\"datePublished\":\"2021-10-28T03:02:14+00:00\",\"dateModified\":\"2023-04-21T16:28:51+00:00\",\"breadcrumb\":{\"@id\":\"https:\/\/www.atslifesciences.com\/de\/produkte\/materialhandling\/#breadcrumb\"},\"inLanguage\":\"de-DE\",\"potentialAction\":[{\"@type\":\"ReadAction\",\"target\":[\"https:\/\/www.atslifesciences.com\/de\/produkte\/materialhandling\/\"]}]},{\"@type\":\"ImageObject\",\"inLanguage\":\"de-DE\",\"@id\":\"https:\/\/www.atslifesciences.com\/de\/produkte\/materialhandling\/#primaryimage\",\"url\":\"https:\/\/www.atslifesciences.com\/wp-content\/uploads\/sites\/63\/2022\/06\/Robotic-material-handling.jpg?w=1024\",\"contentUrl\":\"https:\/\/www.atslifesciences.com\/wp-content\/uploads\/sites\/63\/2022\/06\/Robotic-material-handling.jpg?w=1024\"},{\"@type\":\"BreadcrumbList\",\"@id\":\"https:\/\/www.atslifesciences.com\/de\/produkte\/materialhandling\/#breadcrumb\",\"itemListElement\":[{\"@type\":\"ListItem\",\"position\":1,\"name\":\"Home\",\"item\":\"https:\/\/www.atslifesciences.com\/de\/\"},{\"@type\":\"ListItem\",\"position\":2,\"name\":\"Technologien\",\"item\":\"https:\/\/www.atslifesciences.com\/de\/products\/\"},{\"@type\":\"ListItem\",\"position\":3,\"name\":\"Materialhandling\"}]},{\"@type\":\"WebSite\",\"@id\":\"https:\/\/www.atslifesciences.com\/de\/#website\",\"url\":\"https:\/\/www.atslifesciences.com\/de\/\",\"name\":\"ATS Life Sciences\",\"description\":\"\",\"potentialAction\":[{\"@type\":\"SearchAction\",\"target\":{\"@type\":\"EntryPoint\",\"urlTemplate\":\"https:\/\/www.atslifesciences.com\/de\/?s={search_term_string}\"},\"query-input\":{\"@type\":\"PropertyValueSpecification\",\"valueRequired\":true,\"valueName\":\"search_term_string\"}}],\"inLanguage\":\"de-DE\"}]}<\/script>\n<!-- \/ Yoast SEO Premium plugin. -->","yoast_head_json":{"title":"Materialhandling - ATS Life Sciences","robots":{"index":"index","follow":"follow","max-snippet":"max-snippet:-1","max-image-preview":"max-image-preview:large","max-video-preview":"max-video-preview:-1"},"canonical":"https:\/\/www.atslifesciences.com\/de\/produkte\/materialhandling\/","og_locale":"de_DE","og_type":"article","og_title":"Materialhandling","og_description":"Die Schl\u00fcsselfaktoren eines effizienten Betriebs sind das Einschleusen und das Ausschleusen der Komponenten, Unterbaugruppen und fertigen Produkte in bzw. aus dem Automatisierungssystem.&nbsp; Zus\u00e4tzlich zu den kundenspezifischen L\u00f6sungen f\u00fcr Trays und Paletten bietet ATS Life Sciences au\u00dferdem mehrere standardisierte L\u00f6sungen zur Vereinfachung des Materialhandlings. ATS Clearliner\u2122 \u2013 Tray-\/Paletten-Handlingsystem Ideal f\u00fcr alle Trays und ISO-\/Europaletten mit einer","og_url":"https:\/\/www.atslifesciences.com\/de\/produkte\/materialhandling\/","og_site_name":"ATS Life Sciences","article_modified_time":"2023-04-21T16:28:51+00:00","og_image":[{"url":"https:\/\/www.atslifesciences.com\/wp-content\/uploads\/sites\/63\/2022\/06\/Robotic-material-handling.jpg?w=1024","type":"","width":"","height":""}],"twitter_card":"summary_large_image","twitter_misc":{"Gesch\u00e4tzte Lesezeit":"2 Minuten","Written by":"pete"},"schema":{"@context":"https:\/\/schema.org","@graph":[{"@type":"WebPage","@id":"https:\/\/www.atslifesciences.com\/de\/produkte\/materialhandling\/","url":"https:\/\/www.atslifesciences.com\/de\/produkte\/materialhandling\/","name":"Materialhandling - ATS Life Sciences","isPartOf":{"@id":"https:\/\/www.atslifesciences.com\/de\/#website"},"primaryImageOfPage":{"@id":"https:\/\/www.atslifesciences.com\/de\/produkte\/materialhandling\/#primaryimage"},"image":{"@id":"https:\/\/www.atslifesciences.com\/de\/produkte\/materialhandling\/#primaryimage"},"thumbnailUrl":"https:\/\/www.atslifesciences.com\/wp-content\/uploads\/sites\/63\/2022\/06\/Robotic-material-handling.jpg?w=1024","datePublished":"2021-10-28T03:02:14+00:00","dateModified":"2023-04-21T16:28:51+00:00","breadcrumb":{"@id":"https:\/\/www.atslifesciences.com\/de\/produkte\/materialhandling\/#breadcrumb"},"inLanguage":"de-DE","potentialAction":[{"@type":"ReadAction","target":["https:\/\/www.atslifesciences.com\/de\/produkte\/materialhandling\/"]}]},{"@type":"ImageObject","inLanguage":"de-DE","@id":"https:\/\/www.atslifesciences.com\/de\/produkte\/materialhandling\/#primaryimage","url":"https:\/\/www.atslifesciences.com\/wp-content\/uploads\/sites\/63\/2022\/06\/Robotic-material-handling.jpg?w=1024","contentUrl":"https:\/\/www.atslifesciences.com\/wp-content\/uploads\/sites\/63\/2022\/06\/Robotic-material-handling.jpg?w=1024"},{"@type":"BreadcrumbList","@id":"https:\/\/www.atslifesciences.com\/de\/produkte\/materialhandling\/#breadcrumb","itemListElement":[{"@type":"ListItem","position":1,"name":"Home","item":"https:\/\/www.atslifesciences.com\/de\/"},{"@type":"ListItem","position":2,"name":"Technologien","item":"https:\/\/www.atslifesciences.com\/de\/products\/"},{"@type":"ListItem","position":3,"name":"Materialhandling"}]},{"@type":"WebSite","@id":"https:\/\/www.atslifesciences.com\/de\/#website","url":"https:\/\/www.atslifesciences.com\/de\/","name":"ATS Life Sciences","description":"","potentialAction":[{"@type":"SearchAction","target":{"@type":"EntryPoint","urlTemplate":"https:\/\/www.atslifesciences.com\/de\/?s={search_term_string}"},"query-input":{"@type":"PropertyValueSpecification","valueRequired":true,"valueName":"search_term_string"}}],"inLanguage":"de-DE"}]}},"acf":[],"jetpack_sharing_enabled":true,"_links":{"self":[{"href":"https:\/\/www.atslifesciences.com\/de\/wp-json\/wp\/v2\/pages\/4676","targetHints":{"allow":["GET"]}}],"collection":[{"href":"https:\/\/www.atslifesciences.com\/de\/wp-json\/wp\/v2\/pages"}],"about":[{"href":"https:\/\/www.atslifesciences.com\/de\/wp-json\/wp\/v2\/types\/page"}],"author":[{"embeddable":true,"href":"https:\/\/www.atslifesciences.com\/de\/wp-json\/wp\/v2\/users\/149"}],"replies":[{"embeddable":true,"href":"https:\/\/www.atslifesciences.com\/de\/wp-json\/wp\/v2\/comments?post=4676"}],"version-history":[{"count":17,"href":"https:\/\/www.atslifesciences.com\/de\/wp-json\/wp\/v2\/pages\/4676\/revisions"}],"predecessor-version":[{"id":12159,"href":"https:\/\/www.atslifesciences.com\/de\/wp-json\/wp\/v2\/pages\/4676\/revisions\/12159"}],"up":[{"embeddable":true,"href":"https:\/\/www.atslifesciences.com\/de\/wp-json\/wp\/v2\/pages\/4639"}],"wp:attachment":[{"href":"https:\/\/www.atslifesciences.com\/de\/wp-json\/wp\/v2\/media?parent=4676"}],"wp:term":[{"taxonomy":"author","embeddable":true,"href":"https:\/\/www.atslifesciences.com\/de\/wp-json\/wp\/v2\/coauthors?post=4676"}],"curies":[{"name":"wp","href":"https:\/\/api.w.org\/{rel}","templated":true}]}}