{"id":4625,"date":"2021-12-23T17:31:00","date_gmt":"2021-12-23T17:31:00","guid":{"rendered":"https:\/\/www.atslifesciences.com\/kontaktieren-sie-uns-wenn-sie-hilfe-bei-ihren-besonderen-automatisierungsanforderungen-benotigen\/"},"modified":"2022-06-20T16:35:31","modified_gmt":"2022-06-20T16:35:31","slug":"kontaktieren-sie-uns-wenn-sie-hilfe-bei-ihren-besonderen-automatisierungsanforderungen-benotigen","status":"publish","type":"page","link":"https:\/\/www.atslifesciences.com\/de\/montagetechnologien\/kontaktieren-sie-uns-wenn-sie-hilfe-bei-ihren-besonderen-automatisierungsanforderungen-benotigen\/","title":{"rendered":"Kontaktieren Sie uns, wenn Sie Hilfe bei Ihren besonderen Automatisierungsanforderungen ben\u00f6tigen"},"content":{"rendered":"\n<hr class=\"wp-block-separator has-css-opacity is-style-wide\" \/>\n\n\n\n<div class=\"wp-block-group is-style-atsls-dark-diagonal\"><div class=\"wp-block-group__inner-container is-layout-flow wp-block-group-is-layout-flow\">\n<div class=\"wp-block-columns is-layout-flex wp-container-core-columns-is-layout-9d6595d7 wp-block-columns-is-layout-flex\">\n<div class=\"wp-block-column is-layout-flow wp-block-column-is-layout-flow\" style=\"flex-basis:40%\">\n<h2 class=\"wp-block-heading\" id=\"h-need-help-with-automating-the-manufacturing-of-your-product\">Ben\u00f6tigen Sie Hilfe bei der Automatisierung der Herstellung Ihres Produkts?<\/h2>\n\n\n\n<p>Viele Kunden mit unterschiedlichen Life-Sciences-Produkten haben bereits mit ATS Life Sciences zusammengearbeitet, um ihre Produktionserfordernisse zu erf\u00fcllen. Dank der Erforschung geeigneter Technologien und Ans\u00e4tze f\u00fcr die Automatisierung verschiedener Prozesse konnten wir erfolgreich L\u00f6sungen bereitstellen, die mit der Guten Herstellungspraxis (Good Manufacturing Practice, GMP) im Einklang stehen. Kontaktieren Sie uns, um mehr dar\u00fcber zu erfahren, wie wir Ihnen mit unserer Erfahrung bei Ihren besonderen Produkt- und Prozessanforderungen helfen k\u00f6nnen. Gerne zeigen wir Ihnen, wie eine Zusammenarbeit aussehen k\u00f6nnte.<\/p>\n<\/div>\n\n\n\n<div class=\"wp-block-column is-layout-flow wp-block-column-is-layout-flow\" style=\"flex-basis:5%\"><\/div>\n\n\n\n<div class=\"wp-block-column is-layout-flow wp-block-column-is-layout-flow\">\n<p><\/p>\n<\/div>\n<\/div>\n<\/div><\/div>\n\n\n\n<hr class=\"wp-block-separator has-css-opacity is-style-wide\" \/>\n","protected":false},"excerpt":{"rendered":"<p>Ben\u00f6tigen Sie Hilfe bei der Automatisierung der Herstellung Ihres Produkts? Viele Kunden mit unterschiedlichen Life-Sciences-Produkten haben bereits mit ATS Life Sciences zusammengearbeitet, um ihre Produktionserfordernisse zu erf\u00fcllen. Dank der Erforschung geeigneter Technologien und Ans\u00e4tze f\u00fcr die Automatisierung verschiedener Prozesse konnten wir erfolgreich L\u00f6sungen bereitstellen, die mit der Guten Herstellungspraxis (Good Manufacturing Practice, GMP) im Einklang<\/p>\n","protected":false},"author":24,"featured_media":0,"parent":4637,"menu_order":0,"comment_status":"closed","ping_status":"closed","template":"","meta":{"_acf_changed":false,"_cr_original_post":"","_cr_replace_post_id":"","_cr_replacing_post_id":"","inline_featured_image":false,"cover_image":3836,"footnotes":""},"coauthors":[25],"class_list":["post-4625","page","type-page","status-publish","hentry"],"yoast_head":"<!-- This site is optimized with the Yoast SEO Premium plugin v26.8 (Yoast SEO v26.8) - https:\/\/yoast.com\/product\/yoast-seo-premium-wordpress\/ -->\n<title>Kontaktieren Sie uns, wenn Sie Hilfe bei Ihren besonderen Automatisierungsanforderungen ben\u00f6tigen - ATS Life Sciences<\/title>\n<meta name=\"robots\" content=\"noindex, nofollow\" \/>\n<meta property=\"og:locale\" content=\"de_DE\" \/>\n<meta property=\"og:type\" content=\"article\" \/>\n<meta property=\"og:title\" content=\"Kontaktieren Sie uns, wenn Sie Hilfe bei Ihren besonderen Automatisierungsanforderungen ben\u00f6tigen\" \/>\n<meta property=\"og:description\" content=\"Ben\u00f6tigen Sie Hilfe bei der Automatisierung der Herstellung Ihres Produkts? Viele Kunden mit unterschiedlichen Life-Sciences-Produkten haben bereits mit ATS Life Sciences zusammengearbeitet, um ihre Produktionserfordernisse zu erf\u00fcllen. Dank der Erforschung geeigneter Technologien und Ans\u00e4tze f\u00fcr die Automatisierung verschiedener Prozesse konnten wir erfolgreich L\u00f6sungen bereitstellen, die mit der Guten Herstellungspraxis (Good Manufacturing Practice, GMP) im Einklang\" \/>\n<meta property=\"og:url\" content=\"https:\/\/www.atslifesciences.com\/de\/montagetechnologien\/kontaktieren-sie-uns-wenn-sie-hilfe-bei-ihren-besonderen-automatisierungsanforderungen-benotigen\/\" \/>\n<meta property=\"og:site_name\" content=\"ATS Life Sciences\" \/>\n<meta property=\"article:modified_time\" content=\"2022-06-20T16:35:31+00:00\" \/>\n<meta property=\"og:image\" content=\"https:\/\/www.atslifesciences.com\/wp-content\/uploads\/sites\/63\/2024\/07\/site-preview-2.jpg\" \/>\n\t<meta property=\"og:image:width\" content=\"1200\" \/>\n\t<meta property=\"og:image:height\" content=\"630\" \/>\n\t<meta property=\"og:image:type\" content=\"image\/jpeg\" \/>\n<meta name=\"twitter:card\" content=\"summary_large_image\" \/>\n<meta name=\"twitter:label1\" content=\"Gesch\u00e4tzte Lesezeit\" \/>\n\t<meta name=\"twitter:data1\" content=\"1 Minute\" \/>\n\t<meta name=\"twitter:label2\" content=\"Written by\" \/>\n\t<meta name=\"twitter:data2\" content=\"Catherine Thacker\" \/>\n<script type=\"application\/ld+json\" class=\"yoast-schema-graph\">{\"@context\":\"https:\/\/schema.org\",\"@graph\":[{\"@type\":\"WebPage\",\"@id\":\"https:\/\/www.atslifesciences.com\/de\/montagetechnologien\/kontaktieren-sie-uns-wenn-sie-hilfe-bei-ihren-besonderen-automatisierungsanforderungen-benotigen\/\",\"url\":\"https:\/\/www.atslifesciences.com\/de\/montagetechnologien\/kontaktieren-sie-uns-wenn-sie-hilfe-bei-ihren-besonderen-automatisierungsanforderungen-benotigen\/\",\"name\":\"Kontaktieren Sie uns, wenn Sie Hilfe bei Ihren besonderen Automatisierungsanforderungen ben\u00f6tigen - ATS Life Sciences\",\"isPartOf\":{\"@id\":\"https:\/\/www.atslifesciences.com\/de\/#website\"},\"datePublished\":\"2021-12-23T17:31:00+00:00\",\"dateModified\":\"2022-06-20T16:35:31+00:00\",\"breadcrumb\":{\"@id\":\"https:\/\/www.atslifesciences.com\/de\/montagetechnologien\/kontaktieren-sie-uns-wenn-sie-hilfe-bei-ihren-besonderen-automatisierungsanforderungen-benotigen\/#breadcrumb\"},\"inLanguage\":\"de-DE\",\"potentialAction\":[{\"@type\":\"ReadAction\",\"target\":[\"https:\/\/www.atslifesciences.com\/de\/montagetechnologien\/kontaktieren-sie-uns-wenn-sie-hilfe-bei-ihren-besonderen-automatisierungsanforderungen-benotigen\/\"]}]},{\"@type\":\"BreadcrumbList\",\"@id\":\"https:\/\/www.atslifesciences.com\/de\/montagetechnologien\/kontaktieren-sie-uns-wenn-sie-hilfe-bei-ihren-besonderen-automatisierungsanforderungen-benotigen\/#breadcrumb\",\"itemListElement\":[{\"@type\":\"ListItem\",\"position\":1,\"name\":\"Home\",\"item\":\"https:\/\/www.atslifesciences.com\/de\/\"},{\"@type\":\"ListItem\",\"position\":2,\"name\":\"Automatisierung f\u00fcr Ihre Produktionsprozesse\",\"item\":\"https:\/\/www.atslifesciences.com\/de\/montagetechnologien\/\"},{\"@type\":\"ListItem\",\"position\":3,\"name\":\"Kontaktieren Sie uns, wenn Sie Hilfe bei Ihren besonderen Automatisierungsanforderungen ben\u00f6tigen\"}]},{\"@type\":\"WebSite\",\"@id\":\"https:\/\/www.atslifesciences.com\/de\/#website\",\"url\":\"https:\/\/www.atslifesciences.com\/de\/\",\"name\":\"ATS Life Sciences\",\"description\":\"\",\"potentialAction\":[{\"@type\":\"SearchAction\",\"target\":{\"@type\":\"EntryPoint\",\"urlTemplate\":\"https:\/\/www.atslifesciences.com\/de\/?s={search_term_string}\"},\"query-input\":{\"@type\":\"PropertyValueSpecification\",\"valueRequired\":true,\"valueName\":\"search_term_string\"}}],\"inLanguage\":\"de-DE\"}]}<\/script>\n<!-- \/ Yoast SEO Premium plugin. -->","yoast_head_json":{"title":"Kontaktieren Sie uns, wenn Sie Hilfe bei Ihren besonderen Automatisierungsanforderungen ben\u00f6tigen - ATS Life Sciences","robots":{"index":"noindex","follow":"nofollow"},"og_locale":"de_DE","og_type":"article","og_title":"Kontaktieren Sie uns, wenn Sie Hilfe bei Ihren besonderen Automatisierungsanforderungen ben\u00f6tigen","og_description":"Ben\u00f6tigen Sie Hilfe bei der Automatisierung der Herstellung Ihres Produkts? Viele Kunden mit unterschiedlichen Life-Sciences-Produkten haben bereits mit ATS Life Sciences zusammengearbeitet, um ihre Produktionserfordernisse zu erf\u00fcllen. Dank der Erforschung geeigneter Technologien und Ans\u00e4tze f\u00fcr die Automatisierung verschiedener Prozesse konnten wir erfolgreich L\u00f6sungen bereitstellen, die mit der Guten Herstellungspraxis (Good Manufacturing Practice, GMP) im Einklang","og_url":"https:\/\/www.atslifesciences.com\/de\/montagetechnologien\/kontaktieren-sie-uns-wenn-sie-hilfe-bei-ihren-besonderen-automatisierungsanforderungen-benotigen\/","og_site_name":"ATS Life Sciences","article_modified_time":"2022-06-20T16:35:31+00:00","og_image":[{"width":1200,"height":630,"url":"https:\/\/www.atslifesciences.com\/wp-content\/uploads\/sites\/63\/2024\/07\/site-preview-2.jpg","type":"image\/jpeg"}],"twitter_card":"summary_large_image","twitter_misc":{"Gesch\u00e4tzte Lesezeit":"1 Minute","Written by":"Catherine Thacker"},"schema":{"@context":"https:\/\/schema.org","@graph":[{"@type":"WebPage","@id":"https:\/\/www.atslifesciences.com\/de\/montagetechnologien\/kontaktieren-sie-uns-wenn-sie-hilfe-bei-ihren-besonderen-automatisierungsanforderungen-benotigen\/","url":"https:\/\/www.atslifesciences.com\/de\/montagetechnologien\/kontaktieren-sie-uns-wenn-sie-hilfe-bei-ihren-besonderen-automatisierungsanforderungen-benotigen\/","name":"Kontaktieren Sie uns, wenn Sie Hilfe bei Ihren besonderen Automatisierungsanforderungen ben\u00f6tigen - ATS Life Sciences","isPartOf":{"@id":"https:\/\/www.atslifesciences.com\/de\/#website"},"datePublished":"2021-12-23T17:31:00+00:00","dateModified":"2022-06-20T16:35:31+00:00","breadcrumb":{"@id":"https:\/\/www.atslifesciences.com\/de\/montagetechnologien\/kontaktieren-sie-uns-wenn-sie-hilfe-bei-ihren-besonderen-automatisierungsanforderungen-benotigen\/#breadcrumb"},"inLanguage":"de-DE","potentialAction":[{"@type":"ReadAction","target":["https:\/\/www.atslifesciences.com\/de\/montagetechnologien\/kontaktieren-sie-uns-wenn-sie-hilfe-bei-ihren-besonderen-automatisierungsanforderungen-benotigen\/"]}]},{"@type":"BreadcrumbList","@id":"https:\/\/www.atslifesciences.com\/de\/montagetechnologien\/kontaktieren-sie-uns-wenn-sie-hilfe-bei-ihren-besonderen-automatisierungsanforderungen-benotigen\/#breadcrumb","itemListElement":[{"@type":"ListItem","position":1,"name":"Home","item":"https:\/\/www.atslifesciences.com\/de\/"},{"@type":"ListItem","position":2,"name":"Automatisierung f\u00fcr Ihre Produktionsprozesse","item":"https:\/\/www.atslifesciences.com\/de\/montagetechnologien\/"},{"@type":"ListItem","position":3,"name":"Kontaktieren Sie uns, wenn Sie Hilfe bei Ihren besonderen Automatisierungsanforderungen ben\u00f6tigen"}]},{"@type":"WebSite","@id":"https:\/\/www.atslifesciences.com\/de\/#website","url":"https:\/\/www.atslifesciences.com\/de\/","name":"ATS Life Sciences","description":"","potentialAction":[{"@type":"SearchAction","target":{"@type":"EntryPoint","urlTemplate":"https:\/\/www.atslifesciences.com\/de\/?s={search_term_string}"},"query-input":{"@type":"PropertyValueSpecification","valueRequired":true,"valueName":"search_term_string"}}],"inLanguage":"de-DE"}]}},"acf":[],"jetpack_sharing_enabled":true,"_links":{"self":[{"href":"https:\/\/www.atslifesciences.com\/de\/wp-json\/wp\/v2\/pages\/4625","targetHints":{"allow":["GET"]}}],"collection":[{"href":"https:\/\/www.atslifesciences.com\/de\/wp-json\/wp\/v2\/pages"}],"about":[{"href":"https:\/\/www.atslifesciences.com\/de\/wp-json\/wp\/v2\/types\/page"}],"author":[{"embeddable":true,"href":"https:\/\/www.atslifesciences.com\/de\/wp-json\/wp\/v2\/users\/24"}],"replies":[{"embeddable":true,"href":"https:\/\/www.atslifesciences.com\/de\/wp-json\/wp\/v2\/comments?post=4625"}],"version-history":[{"count":2,"href":"https:\/\/www.atslifesciences.com\/de\/wp-json\/wp\/v2\/pages\/4625\/revisions"}],"predecessor-version":[{"id":5305,"href":"https:\/\/www.atslifesciences.com\/de\/wp-json\/wp\/v2\/pages\/4625\/revisions\/5305"}],"up":[{"embeddable":true,"href":"https:\/\/www.atslifesciences.com\/de\/wp-json\/wp\/v2\/pages\/4637"}],"wp:attachment":[{"href":"https:\/\/www.atslifesciences.com\/de\/wp-json\/wp\/v2\/media?parent=4625"}],"wp:term":[{"taxonomy":"author","embeddable":true,"href":"https:\/\/www.atslifesciences.com\/de\/wp-json\/wp\/v2\/coauthors?post=4625"}],"curies":[{"name":"wp","href":"https:\/\/api.w.org\/{rel}","templated":true}]}}