{"id":4624,"date":"2021-12-23T17:40:00","date_gmt":"2021-12-23T17:40:00","guid":{"rendered":"https:\/\/www.atslifesciences.com\/kontaktieren-sie-uns-wenn-sie-mehr-uber-unsere-support-services-erfahren-mochten\/"},"modified":"2022-06-20T11:24:38","modified_gmt":"2022-06-20T11:24:38","slug":"kontaktieren-sie-uns-wenn-sie-mehr-uber-unsere-support-services-erfahren-mochten","status":"publish","type":"page","link":"https:\/\/www.atslifesciences.com\/de\/leistungsumfang\/kontaktieren-sie-uns-wenn-sie-mehr-uber-unsere-support-services-erfahren-mochten\/","title":{"rendered":"Kontaktieren Sie uns, wenn Sie mehr \u00fcber unsere Support-Services erfahren m\u00f6chten"},"content":{"rendered":"\n<hr class=\"wp-block-separator has-css-opacity is-style-wide\" \/>\n\n\n\n<div class=\"wp-block-group is-style-atsls-dark-diagonal\"><div class=\"wp-block-group__inner-container is-layout-flow wp-block-group-is-layout-flow\">\n<div class=\"wp-block-columns is-layout-flex wp-container-core-columns-is-layout-9d6595d7 wp-block-columns-is-layout-flex\">\n<div class=\"wp-block-column is-layout-flow wp-block-column-is-layout-flow\" style=\"flex-basis:40%\">\n<h2 class=\"wp-block-heading\" id=\"h-a-successful-automation-project-is-more-than-a-machine-1\">F\u00fcr ein erfolgreiches Automatisierungsprojekt ist mehr als nur ein Ger\u00e4t notwendig<\/h2>\n\n\n\n<p>Automatisierte Produktionsprojekte haben wie Ihr Produkt einen Lebenszyklus. Kontaktieren Sie uns, um herauszufinden, wie wir Ihnen helfen k\u00f6nnen:<\/p>\n\n\n\n<ul class=\"wp-block-list\"><li>Planung der Automatisierung<\/li><li>Implementierung der Automatisierung<\/li><li>Erhaltung sowie Verbesserung der Automatisierung und letztendlich<\/li><li>Zunutzemachen der Automatisierungsintelligenz<\/li><\/ul>\n<\/div>\n\n\n\n<div class=\"wp-block-column is-layout-flow wp-block-column-is-layout-flow\" style=\"flex-basis:5%\"><\/div>\n\n\n\n<div class=\"wp-block-column is-layout-flow wp-block-column-is-layout-flow\">\n<p><\/p>\n<\/div>\n<\/div>\n<\/div><\/div>\n\n\n\n<hr class=\"wp-block-separator has-css-opacity is-style-wide\" \/>\n","protected":false},"excerpt":{"rendered":"<p>F\u00fcr ein erfolgreiches Automatisierungsprojekt ist mehr als nur ein Ger\u00e4t notwendig Automatisierte Produktionsprojekte haben wie Ihr Produkt einen Lebenszyklus. Kontaktieren Sie uns, um herauszufinden, wie wir Ihnen helfen k\u00f6nnen: Planung der Automatisierung Implementierung der Automatisierung Erhaltung sowie Verbesserung der Automatisierung und letztendlich Zunutzemachen der Automatisierungsintelligenz<\/p>\n","protected":false},"author":24,"featured_media":0,"parent":4638,"menu_order":0,"comment_status":"closed","ping_status":"closed","template":"","meta":{"_acf_changed":false,"_cr_original_post":"","_cr_replace_post_id":"","_cr_replacing_post_id":"","inline_featured_image":false,"cover_image":3860,"footnotes":""},"coauthors":[25],"class_list":["post-4624","page","type-page","status-publish","hentry"],"yoast_head":"<!-- This site is optimized with the Yoast SEO Premium plugin v26.8 (Yoast SEO v26.8) - https:\/\/yoast.com\/product\/yoast-seo-premium-wordpress\/ -->\n<title>Kontaktieren Sie uns, wenn Sie mehr \u00fcber unsere Support-Services erfahren m\u00f6chten - ATS Life Sciences<\/title>\n<meta name=\"robots\" content=\"noindex, nofollow\" \/>\n<meta property=\"og:locale\" content=\"de_DE\" \/>\n<meta property=\"og:type\" content=\"article\" \/>\n<meta property=\"og:title\" content=\"Kontaktieren Sie uns, wenn Sie mehr \u00fcber unsere Support-Services erfahren m\u00f6chten\" \/>\n<meta property=\"og:description\" content=\"F\u00fcr ein erfolgreiches Automatisierungsprojekt ist mehr als nur ein Ger\u00e4t notwendig Automatisierte Produktionsprojekte haben wie Ihr Produkt einen Lebenszyklus. Kontaktieren Sie uns, um herauszufinden, wie wir Ihnen helfen k\u00f6nnen: Planung der Automatisierung Implementierung der Automatisierung Erhaltung sowie Verbesserung der Automatisierung und letztendlich Zunutzemachen der Automatisierungsintelligenz\" \/>\n<meta property=\"og:url\" content=\"https:\/\/www.atslifesciences.com\/de\/leistungsumfang\/kontaktieren-sie-uns-wenn-sie-mehr-uber-unsere-support-services-erfahren-mochten\/\" \/>\n<meta property=\"og:site_name\" content=\"ATS Life Sciences\" \/>\n<meta property=\"article:modified_time\" content=\"2022-06-20T11:24:38+00:00\" \/>\n<meta property=\"og:image\" content=\"https:\/\/www.atslifesciences.com\/wp-content\/uploads\/sites\/63\/2024\/07\/site-preview-2.jpg\" \/>\n\t<meta property=\"og:image:width\" content=\"1200\" \/>\n\t<meta property=\"og:image:height\" content=\"630\" \/>\n\t<meta property=\"og:image:type\" content=\"image\/jpeg\" \/>\n<meta name=\"twitter:card\" content=\"summary_large_image\" \/>\n<meta name=\"twitter:label1\" content=\"Gesch\u00e4tzte Lesezeit\" \/>\n\t<meta name=\"twitter:data1\" content=\"1 Minute\" \/>\n\t<meta name=\"twitter:label2\" content=\"Written by\" \/>\n\t<meta name=\"twitter:data2\" content=\"Catherine Thacker\" \/>\n<script type=\"application\/ld+json\" class=\"yoast-schema-graph\">{\"@context\":\"https:\/\/schema.org\",\"@graph\":[{\"@type\":\"WebPage\",\"@id\":\"https:\/\/www.atslifesciences.com\/de\/leistungsumfang\/kontaktieren-sie-uns-wenn-sie-mehr-uber-unsere-support-services-erfahren-mochten\/\",\"url\":\"https:\/\/www.atslifesciences.com\/de\/leistungsumfang\/kontaktieren-sie-uns-wenn-sie-mehr-uber-unsere-support-services-erfahren-mochten\/\",\"name\":\"Kontaktieren Sie uns, wenn Sie mehr \u00fcber unsere Support-Services erfahren m\u00f6chten - ATS Life Sciences\",\"isPartOf\":{\"@id\":\"https:\/\/www.atslifesciences.com\/de\/#website\"},\"datePublished\":\"2021-12-23T17:40:00+00:00\",\"dateModified\":\"2022-06-20T11:24:38+00:00\",\"breadcrumb\":{\"@id\":\"https:\/\/www.atslifesciences.com\/de\/leistungsumfang\/kontaktieren-sie-uns-wenn-sie-mehr-uber-unsere-support-services-erfahren-mochten\/#breadcrumb\"},\"inLanguage\":\"de-DE\",\"potentialAction\":[{\"@type\":\"ReadAction\",\"target\":[\"https:\/\/www.atslifesciences.com\/de\/leistungsumfang\/kontaktieren-sie-uns-wenn-sie-mehr-uber-unsere-support-services-erfahren-mochten\/\"]}]},{\"@type\":\"BreadcrumbList\",\"@id\":\"https:\/\/www.atslifesciences.com\/de\/leistungsumfang\/kontaktieren-sie-uns-wenn-sie-mehr-uber-unsere-support-services-erfahren-mochten\/#breadcrumb\",\"itemListElement\":[{\"@type\":\"ListItem\",\"position\":1,\"name\":\"Home\",\"item\":\"https:\/\/www.atslifesciences.com\/de\/\"},{\"@type\":\"ListItem\",\"position\":2,\"name\":\"Support-Services\",\"item\":\"https:\/\/www.atslifesciences.com\/de\/leistungsumfang\/\"},{\"@type\":\"ListItem\",\"position\":3,\"name\":\"Kontaktieren Sie uns, wenn Sie mehr \u00fcber unsere Support-Services erfahren m\u00f6chten\"}]},{\"@type\":\"WebSite\",\"@id\":\"https:\/\/www.atslifesciences.com\/de\/#website\",\"url\":\"https:\/\/www.atslifesciences.com\/de\/\",\"name\":\"ATS Life Sciences\",\"description\":\"\",\"potentialAction\":[{\"@type\":\"SearchAction\",\"target\":{\"@type\":\"EntryPoint\",\"urlTemplate\":\"https:\/\/www.atslifesciences.com\/de\/?s={search_term_string}\"},\"query-input\":{\"@type\":\"PropertyValueSpecification\",\"valueRequired\":true,\"valueName\":\"search_term_string\"}}],\"inLanguage\":\"de-DE\"}]}<\/script>\n<!-- \/ Yoast SEO Premium plugin. -->","yoast_head_json":{"title":"Kontaktieren Sie uns, wenn Sie mehr \u00fcber unsere Support-Services erfahren m\u00f6chten - ATS Life Sciences","robots":{"index":"noindex","follow":"nofollow"},"og_locale":"de_DE","og_type":"article","og_title":"Kontaktieren Sie uns, wenn Sie mehr \u00fcber unsere Support-Services erfahren m\u00f6chten","og_description":"F\u00fcr ein erfolgreiches Automatisierungsprojekt ist mehr als nur ein Ger\u00e4t notwendig Automatisierte Produktionsprojekte haben wie Ihr Produkt einen Lebenszyklus. Kontaktieren Sie uns, um herauszufinden, wie wir Ihnen helfen k\u00f6nnen: Planung der Automatisierung Implementierung der Automatisierung Erhaltung sowie Verbesserung der Automatisierung und letztendlich Zunutzemachen der Automatisierungsintelligenz","og_url":"https:\/\/www.atslifesciences.com\/de\/leistungsumfang\/kontaktieren-sie-uns-wenn-sie-mehr-uber-unsere-support-services-erfahren-mochten\/","og_site_name":"ATS Life Sciences","article_modified_time":"2022-06-20T11:24:38+00:00","og_image":[{"width":1200,"height":630,"url":"https:\/\/www.atslifesciences.com\/wp-content\/uploads\/sites\/63\/2024\/07\/site-preview-2.jpg","type":"image\/jpeg"}],"twitter_card":"summary_large_image","twitter_misc":{"Gesch\u00e4tzte Lesezeit":"1 Minute","Written by":"Catherine Thacker"},"schema":{"@context":"https:\/\/schema.org","@graph":[{"@type":"WebPage","@id":"https:\/\/www.atslifesciences.com\/de\/leistungsumfang\/kontaktieren-sie-uns-wenn-sie-mehr-uber-unsere-support-services-erfahren-mochten\/","url":"https:\/\/www.atslifesciences.com\/de\/leistungsumfang\/kontaktieren-sie-uns-wenn-sie-mehr-uber-unsere-support-services-erfahren-mochten\/","name":"Kontaktieren Sie uns, wenn Sie mehr \u00fcber unsere Support-Services erfahren m\u00f6chten - ATS Life Sciences","isPartOf":{"@id":"https:\/\/www.atslifesciences.com\/de\/#website"},"datePublished":"2021-12-23T17:40:00+00:00","dateModified":"2022-06-20T11:24:38+00:00","breadcrumb":{"@id":"https:\/\/www.atslifesciences.com\/de\/leistungsumfang\/kontaktieren-sie-uns-wenn-sie-mehr-uber-unsere-support-services-erfahren-mochten\/#breadcrumb"},"inLanguage":"de-DE","potentialAction":[{"@type":"ReadAction","target":["https:\/\/www.atslifesciences.com\/de\/leistungsumfang\/kontaktieren-sie-uns-wenn-sie-mehr-uber-unsere-support-services-erfahren-mochten\/"]}]},{"@type":"BreadcrumbList","@id":"https:\/\/www.atslifesciences.com\/de\/leistungsumfang\/kontaktieren-sie-uns-wenn-sie-mehr-uber-unsere-support-services-erfahren-mochten\/#breadcrumb","itemListElement":[{"@type":"ListItem","position":1,"name":"Home","item":"https:\/\/www.atslifesciences.com\/de\/"},{"@type":"ListItem","position":2,"name":"Support-Services","item":"https:\/\/www.atslifesciences.com\/de\/leistungsumfang\/"},{"@type":"ListItem","position":3,"name":"Kontaktieren Sie uns, wenn Sie mehr \u00fcber unsere Support-Services erfahren m\u00f6chten"}]},{"@type":"WebSite","@id":"https:\/\/www.atslifesciences.com\/de\/#website","url":"https:\/\/www.atslifesciences.com\/de\/","name":"ATS Life Sciences","description":"","potentialAction":[{"@type":"SearchAction","target":{"@type":"EntryPoint","urlTemplate":"https:\/\/www.atslifesciences.com\/de\/?s={search_term_string}"},"query-input":{"@type":"PropertyValueSpecification","valueRequired":true,"valueName":"search_term_string"}}],"inLanguage":"de-DE"}]}},"acf":[],"jetpack_sharing_enabled":true,"_links":{"self":[{"href":"https:\/\/www.atslifesciences.com\/de\/wp-json\/wp\/v2\/pages\/4624","targetHints":{"allow":["GET"]}}],"collection":[{"href":"https:\/\/www.atslifesciences.com\/de\/wp-json\/wp\/v2\/pages"}],"about":[{"href":"https:\/\/www.atslifesciences.com\/de\/wp-json\/wp\/v2\/types\/page"}],"author":[{"embeddable":true,"href":"https:\/\/www.atslifesciences.com\/de\/wp-json\/wp\/v2\/users\/24"}],"replies":[{"embeddable":true,"href":"https:\/\/www.atslifesciences.com\/de\/wp-json\/wp\/v2\/comments?post=4624"}],"version-history":[{"count":2,"href":"https:\/\/www.atslifesciences.com\/de\/wp-json\/wp\/v2\/pages\/4624\/revisions"}],"predecessor-version":[{"id":5296,"href":"https:\/\/www.atslifesciences.com\/de\/wp-json\/wp\/v2\/pages\/4624\/revisions\/5296"}],"up":[{"embeddable":true,"href":"https:\/\/www.atslifesciences.com\/de\/wp-json\/wp\/v2\/pages\/4638"}],"wp:attachment":[{"href":"https:\/\/www.atslifesciences.com\/de\/wp-json\/wp\/v2\/media?parent=4624"}],"wp:term":[{"taxonomy":"author","embeddable":true,"href":"https:\/\/www.atslifesciences.com\/de\/wp-json\/wp\/v2\/coauthors?post=4624"}],"curies":[{"name":"wp","href":"https:\/\/api.w.org\/{rel}","templated":true}]}}