{"id":4621,"date":"2021-12-23T20:11:06","date_gmt":"2021-12-23T20:11:06","guid":{"rendered":"https:\/\/www.atslifesciences.com\/kontaktieren-sie-uns-um-mehr-uber-unsere-materialhandlinglosungen-zu-erfahren\/"},"modified":"2022-06-20T11:29:18","modified_gmt":"2022-06-20T11:29:18","slug":"kontaktieren-sie-uns-um-mehr-uber-unsere-materialhandlinglosungen-zu-erfahren","status":"publish","type":"page","link":"https:\/\/www.atslifesciences.com\/de\/produkte\/materialhandling\/kontaktieren-sie-uns-um-mehr-uber-unsere-materialhandlinglosungen-zu-erfahren\/","title":{"rendered":"Kontaktieren Sie uns, um mehr \u00fcber unsere Materialhandlingl\u00f6sungen zu erfahren"},"content":{"rendered":"\n<hr class=\"wp-block-separator has-css-opacity is-style-wide\" \/>\n\n\n\n<div class=\"wp-block-group is-style-atsls-dark-diagonal\"><div class=\"wp-block-group__inner-container is-layout-flow wp-block-group-is-layout-flow\">\n<div class=\"wp-block-columns is-layout-flex wp-container-core-columns-is-layout-9d6595d7 wp-block-columns-is-layout-flex\">\n<div class=\"wp-block-column is-layout-flow wp-block-column-is-layout-flow\" style=\"flex-basis:40%\">\n<h2 class=\"wp-block-heading\" id=\"h-how-do-we-handle-trays-of-parts\">Wie erfolgt das Handling von Trays mit Produktteilen?<\/h2>\n\n\n\n<p>Manchmal m\u00fcssen Produktteile in Trays aufbewahrt werden. Dabei k\u00f6nnen sich jedoch Herausforderungen ergeben, n\u00e4mlich beim Ein- und Ausschleusen dieser Teile in bzw. aus den automatisierten Produktionsanlagen. Kontaktieren Sie uns, um mehr \u00fcber unsere Standardl\u00f6sungen f\u00fcr das Handling von Trays mit Komponenten, fertigen Baugruppen und Produkten zu erfahren.<\/p>\n<\/div>\n\n\n\n<div class=\"wp-block-column is-layout-flow wp-block-column-is-layout-flow\" style=\"flex-basis:5%\"><\/div>\n\n\n\n<div class=\"wp-block-column is-layout-flow wp-block-column-is-layout-flow\">\n<p><\/p>\n<\/div>\n<\/div>\n<\/div><\/div>\n\n\n\n<hr class=\"wp-block-separator has-css-opacity is-style-wide\" \/>\n","protected":false},"excerpt":{"rendered":"<p>Wie erfolgt das Handling von Trays mit Produktteilen? Manchmal m\u00fcssen Produktteile in Trays aufbewahrt werden. Dabei k\u00f6nnen sich jedoch Herausforderungen ergeben, n\u00e4mlich beim Ein- und Ausschleusen dieser Teile in bzw. aus den automatisierten Produktionsanlagen. Kontaktieren Sie uns, um mehr \u00fcber unsere Standardl\u00f6sungen f\u00fcr das Handling von Trays mit Komponenten, fertigen Baugruppen und Produkten zu erfahren.<\/p>\n","protected":false},"author":24,"featured_media":0,"parent":4676,"menu_order":0,"comment_status":"closed","ping_status":"closed","template":"page-templates\/empty.php","meta":{"_acf_changed":false,"_cr_original_post":"","_cr_replace_post_id":"","_cr_replacing_post_id":"","inline_featured_image":false,"cover_image":3862,"footnotes":""},"coauthors":[25],"class_list":["post-4621","page","type-page","status-publish","hentry"],"yoast_head":"<!-- This site is optimized with the Yoast SEO Premium plugin v26.8 (Yoast SEO v26.8) - https:\/\/yoast.com\/product\/yoast-seo-premium-wordpress\/ -->\n<title>Kontaktieren Sie uns, um mehr \u00fcber unsere Materialhandlingl\u00f6sungen zu erfahren - ATS Life Sciences<\/title>\n<meta name=\"robots\" content=\"noindex, nofollow\" \/>\n<meta property=\"og:locale\" content=\"de_DE\" \/>\n<meta property=\"og:type\" content=\"article\" \/>\n<meta property=\"og:title\" content=\"Kontaktieren Sie uns, um mehr \u00fcber unsere Materialhandlingl\u00f6sungen zu erfahren\" \/>\n<meta property=\"og:description\" content=\"Wie erfolgt das Handling von Trays mit Produktteilen? Manchmal m\u00fcssen Produktteile in Trays aufbewahrt werden. Dabei k\u00f6nnen sich jedoch Herausforderungen ergeben, n\u00e4mlich beim Ein- und Ausschleusen dieser Teile in bzw. aus den automatisierten Produktionsanlagen. Kontaktieren Sie uns, um mehr \u00fcber unsere Standardl\u00f6sungen f\u00fcr das Handling von Trays mit Komponenten, fertigen Baugruppen und Produkten zu erfahren.\" \/>\n<meta property=\"og:url\" content=\"https:\/\/www.atslifesciences.com\/de\/produkte\/materialhandling\/kontaktieren-sie-uns-um-mehr-uber-unsere-materialhandlinglosungen-zu-erfahren\/\" \/>\n<meta property=\"og:site_name\" content=\"ATS Life Sciences\" \/>\n<meta property=\"article:modified_time\" content=\"2022-06-20T11:29:18+00:00\" \/>\n<meta property=\"og:image\" content=\"https:\/\/www.atslifesciences.com\/wp-content\/uploads\/sites\/63\/2024\/07\/site-preview-2.jpg\" \/>\n\t<meta property=\"og:image:width\" content=\"1200\" \/>\n\t<meta property=\"og:image:height\" content=\"630\" \/>\n\t<meta property=\"og:image:type\" content=\"image\/jpeg\" \/>\n<meta name=\"twitter:card\" content=\"summary_large_image\" \/>\n<meta name=\"twitter:label1\" content=\"Gesch\u00e4tzte Lesezeit\" \/>\n\t<meta name=\"twitter:data1\" content=\"1 Minute\" \/>\n\t<meta name=\"twitter:label2\" content=\"Written by\" \/>\n\t<meta name=\"twitter:data2\" content=\"Catherine Thacker\" \/>\n<script type=\"application\/ld+json\" class=\"yoast-schema-graph\">{\"@context\":\"https:\/\/schema.org\",\"@graph\":[{\"@type\":\"WebPage\",\"@id\":\"https:\/\/www.atslifesciences.com\/de\/produkte\/materialhandling\/kontaktieren-sie-uns-um-mehr-uber-unsere-materialhandlinglosungen-zu-erfahren\/\",\"url\":\"https:\/\/www.atslifesciences.com\/de\/produkte\/materialhandling\/kontaktieren-sie-uns-um-mehr-uber-unsere-materialhandlinglosungen-zu-erfahren\/\",\"name\":\"Kontaktieren Sie uns, um mehr \u00fcber unsere Materialhandlingl\u00f6sungen zu erfahren - ATS Life Sciences\",\"isPartOf\":{\"@id\":\"https:\/\/www.atslifesciences.com\/de\/#website\"},\"datePublished\":\"2021-12-23T20:11:06+00:00\",\"dateModified\":\"2022-06-20T11:29:18+00:00\",\"breadcrumb\":{\"@id\":\"https:\/\/www.atslifesciences.com\/de\/produkte\/materialhandling\/kontaktieren-sie-uns-um-mehr-uber-unsere-materialhandlinglosungen-zu-erfahren\/#breadcrumb\"},\"inLanguage\":\"de-DE\",\"potentialAction\":[{\"@type\":\"ReadAction\",\"target\":[\"https:\/\/www.atslifesciences.com\/de\/produkte\/materialhandling\/kontaktieren-sie-uns-um-mehr-uber-unsere-materialhandlinglosungen-zu-erfahren\/\"]}]},{\"@type\":\"BreadcrumbList\",\"@id\":\"https:\/\/www.atslifesciences.com\/de\/produkte\/materialhandling\/kontaktieren-sie-uns-um-mehr-uber-unsere-materialhandlinglosungen-zu-erfahren\/#breadcrumb\",\"itemListElement\":[{\"@type\":\"ListItem\",\"position\":1,\"name\":\"Home\",\"item\":\"https:\/\/www.atslifesciences.com\/de\/\"},{\"@type\":\"ListItem\",\"position\":2,\"name\":\"Technologien\",\"item\":\"https:\/\/www.atslifesciences.com\/de\/products\/\"},{\"@type\":\"ListItem\",\"position\":3,\"name\":\"Materialhandling\",\"item\":\"https:\/\/www.atslifesciences.com\/de\/produkte\/materialhandling\/\"},{\"@type\":\"ListItem\",\"position\":4,\"name\":\"Kontaktieren Sie uns, um mehr \u00fcber unsere Materialhandlingl\u00f6sungen zu erfahren\"}]},{\"@type\":\"WebSite\",\"@id\":\"https:\/\/www.atslifesciences.com\/de\/#website\",\"url\":\"https:\/\/www.atslifesciences.com\/de\/\",\"name\":\"ATS Life Sciences\",\"description\":\"\",\"potentialAction\":[{\"@type\":\"SearchAction\",\"target\":{\"@type\":\"EntryPoint\",\"urlTemplate\":\"https:\/\/www.atslifesciences.com\/de\/?s={search_term_string}\"},\"query-input\":{\"@type\":\"PropertyValueSpecification\",\"valueRequired\":true,\"valueName\":\"search_term_string\"}}],\"inLanguage\":\"de-DE\"}]}<\/script>\n<!-- \/ Yoast SEO Premium plugin. -->","yoast_head_json":{"title":"Kontaktieren Sie uns, um mehr \u00fcber unsere Materialhandlingl\u00f6sungen zu erfahren - ATS Life Sciences","robots":{"index":"noindex","follow":"nofollow"},"og_locale":"de_DE","og_type":"article","og_title":"Kontaktieren Sie uns, um mehr \u00fcber unsere Materialhandlingl\u00f6sungen zu erfahren","og_description":"Wie erfolgt das Handling von Trays mit Produktteilen? Manchmal m\u00fcssen Produktteile in Trays aufbewahrt werden. Dabei k\u00f6nnen sich jedoch Herausforderungen ergeben, n\u00e4mlich beim Ein- und Ausschleusen dieser Teile in bzw. aus den automatisierten Produktionsanlagen. Kontaktieren Sie uns, um mehr \u00fcber unsere Standardl\u00f6sungen f\u00fcr das Handling von Trays mit Komponenten, fertigen Baugruppen und Produkten zu erfahren.","og_url":"https:\/\/www.atslifesciences.com\/de\/produkte\/materialhandling\/kontaktieren-sie-uns-um-mehr-uber-unsere-materialhandlinglosungen-zu-erfahren\/","og_site_name":"ATS Life Sciences","article_modified_time":"2022-06-20T11:29:18+00:00","og_image":[{"width":1200,"height":630,"url":"https:\/\/www.atslifesciences.com\/wp-content\/uploads\/sites\/63\/2024\/07\/site-preview-2.jpg","type":"image\/jpeg"}],"twitter_card":"summary_large_image","twitter_misc":{"Gesch\u00e4tzte Lesezeit":"1 Minute","Written by":"Catherine Thacker"},"schema":{"@context":"https:\/\/schema.org","@graph":[{"@type":"WebPage","@id":"https:\/\/www.atslifesciences.com\/de\/produkte\/materialhandling\/kontaktieren-sie-uns-um-mehr-uber-unsere-materialhandlinglosungen-zu-erfahren\/","url":"https:\/\/www.atslifesciences.com\/de\/produkte\/materialhandling\/kontaktieren-sie-uns-um-mehr-uber-unsere-materialhandlinglosungen-zu-erfahren\/","name":"Kontaktieren Sie uns, um mehr \u00fcber unsere Materialhandlingl\u00f6sungen zu erfahren - ATS Life Sciences","isPartOf":{"@id":"https:\/\/www.atslifesciences.com\/de\/#website"},"datePublished":"2021-12-23T20:11:06+00:00","dateModified":"2022-06-20T11:29:18+00:00","breadcrumb":{"@id":"https:\/\/www.atslifesciences.com\/de\/produkte\/materialhandling\/kontaktieren-sie-uns-um-mehr-uber-unsere-materialhandlinglosungen-zu-erfahren\/#breadcrumb"},"inLanguage":"de-DE","potentialAction":[{"@type":"ReadAction","target":["https:\/\/www.atslifesciences.com\/de\/produkte\/materialhandling\/kontaktieren-sie-uns-um-mehr-uber-unsere-materialhandlinglosungen-zu-erfahren\/"]}]},{"@type":"BreadcrumbList","@id":"https:\/\/www.atslifesciences.com\/de\/produkte\/materialhandling\/kontaktieren-sie-uns-um-mehr-uber-unsere-materialhandlinglosungen-zu-erfahren\/#breadcrumb","itemListElement":[{"@type":"ListItem","position":1,"name":"Home","item":"https:\/\/www.atslifesciences.com\/de\/"},{"@type":"ListItem","position":2,"name":"Technologien","item":"https:\/\/www.atslifesciences.com\/de\/products\/"},{"@type":"ListItem","position":3,"name":"Materialhandling","item":"https:\/\/www.atslifesciences.com\/de\/produkte\/materialhandling\/"},{"@type":"ListItem","position":4,"name":"Kontaktieren Sie uns, um mehr \u00fcber unsere Materialhandlingl\u00f6sungen zu erfahren"}]},{"@type":"WebSite","@id":"https:\/\/www.atslifesciences.com\/de\/#website","url":"https:\/\/www.atslifesciences.com\/de\/","name":"ATS Life Sciences","description":"","potentialAction":[{"@type":"SearchAction","target":{"@type":"EntryPoint","urlTemplate":"https:\/\/www.atslifesciences.com\/de\/?s={search_term_string}"},"query-input":{"@type":"PropertyValueSpecification","valueRequired":true,"valueName":"search_term_string"}}],"inLanguage":"de-DE"}]}},"acf":[],"jetpack_sharing_enabled":true,"_links":{"self":[{"href":"https:\/\/www.atslifesciences.com\/de\/wp-json\/wp\/v2\/pages\/4621","targetHints":{"allow":["GET"]}}],"collection":[{"href":"https:\/\/www.atslifesciences.com\/de\/wp-json\/wp\/v2\/pages"}],"about":[{"href":"https:\/\/www.atslifesciences.com\/de\/wp-json\/wp\/v2\/types\/page"}],"author":[{"embeddable":true,"href":"https:\/\/www.atslifesciences.com\/de\/wp-json\/wp\/v2\/users\/24"}],"replies":[{"embeddable":true,"href":"https:\/\/www.atslifesciences.com\/de\/wp-json\/wp\/v2\/comments?post=4621"}],"version-history":[{"count":2,"href":"https:\/\/www.atslifesciences.com\/de\/wp-json\/wp\/v2\/pages\/4621\/revisions"}],"predecessor-version":[{"id":5300,"href":"https:\/\/www.atslifesciences.com\/de\/wp-json\/wp\/v2\/pages\/4621\/revisions\/5300"}],"up":[{"embeddable":true,"href":"https:\/\/www.atslifesciences.com\/de\/wp-json\/wp\/v2\/pages\/4676"}],"wp:attachment":[{"href":"https:\/\/www.atslifesciences.com\/de\/wp-json\/wp\/v2\/media?parent=4621"}],"wp:term":[{"taxonomy":"author","embeddable":true,"href":"https:\/\/www.atslifesciences.com\/de\/wp-json\/wp\/v2\/coauthors?post=4621"}],"curies":[{"name":"wp","href":"https:\/\/api.w.org\/{rel}","templated":true}]}}