{"id":25194,"date":"2023-01-30T19:30:02","date_gmt":"2023-01-30T19:30:02","guid":{"rendered":"https:\/\/www.atslifesciences.com\/?page_id=25194"},"modified":"2025-12-16T20:33:45","modified_gmt":"2025-12-16T20:33:45","slug":"automatisierungsloesungen2","status":"publish","type":"page","link":"https:\/\/www.atslifesciences.com\/de\/automatisierungsloesungen2\/","title":{"rendered":"Automatisierungsloesungen"},"content":{"rendered":"\n<div class=\"atsls-secondary-hero\" id=\"atsls-secondary-hero-block_28598c2076931db9fbe11f85dc5ad99c\">\n\n  <div class=\"inner-wrp\">\n\n    \n      <div class=\"background-wrp\" style=\"background-image: url(https:\/\/www.atslifesciences.com\/wp-content\/uploads\/sites\/63\/2023\/05\/Header-Image-1-1.jpg);\">\n                  <div class=\"img-wrp\">\n            <img decoding=\"async\" src=\"https:\/\/www.atslifesciences.com\/wp-content\/uploads\/sites\/63\/2023\/05\/Header-Image-1-1.jpg\">\n          <\/div>\n              <\/div>\n\n    \n    <div class=\"container\">\n\n      <div class=\"row\">\n\n        <div class=\"col-md-5\">\n\n          <div class=\"sub-title\">\n            <p>Automatisierte Montage- und Handlingl\u00f6sungen f\u00fcr Ihre Fertigung<\/p>\n          <\/div>\n          \n          <div class=\"title-part\">\n            <h1>Automatisierungsl\u00f6sungen<\/h1>\n          <\/div>\n\n          <div class=\"description\">\n            <p>Wir entwickeln kundenspezifische Maschinen oder helfen Ihnen bei der Suche nach den richtigen Maschinen f\u00fcr Ihre Anforderungen in den Bereichen Montage, Materialhandhabung, F\u00f6rdertechnik, Fertigung, Vision Testing und Software (IIoT)<\/p>\n          <\/div>\n\n          \n        <\/div>\n        \n      <\/div>\n\n    <\/div>\n  \n  <\/div>\n\n<\/div>\n\n<style type=\"text\/css\">\n#atsls-secondary-hero-block_28598c2076931db9fbe11f85dc5ad99c {\n  padding-top: 100px;\n  background-color: #0A2463;\n}\n\n#atsls-secondary-hero-block_28598c2076931db9fbe11f85dc5ad99c .inner-wrp {\n  padding-top: 6rem;\n  padding-bottom: 6rem;\n  position: relative;\n}\n\n\n#atsls-secondary-hero-block_28598c2076931db9fbe11f85dc5ad99c .inner-wrp .background-wrp {\n  background-repeat: no-repeat;\n  background-position: center;\n  background-size: cover;\n  position: relative;\n  width: 55%;\n  height: 100%;\n  position: absolute;\n  top: 0;\n  right: 0;\n  z-index: 1;\n  overflow: hidden;\n}\n#atsls-secondary-hero-block_28598c2076931db9fbe11f85dc5ad99c .inner-wrp .background-wrp .img-wrp {\n  display: none;\n  position: relative;\n  height: 0;\n  width: 100%;\n  padding-bottom: 56.25%;\n  margin-bottom: 0px;\n  overflow: hidden;\n}\n#atsls-secondary-hero-block_28598c2076931db9fbe11f85dc5ad99c .inner-wrp .background-wrp .img-wrp img {\n  position: absolute;\n  width: 100%;\n  height: 100%;\n  top: 0;\n  left: 0;\n  object-fit: cover;\n  object-position: center;\n}\n\n#atsls-secondary-hero-block_28598c2076931db9fbe11f85dc5ad99c .inner-wrp .background-video-wrp {\n  background-repeat: no-repeat;\n  background-position: center;\n  background-size: cover;\n  position: relative;\n  width: 55%;\n  height: 100%;\n  position: absolute;\n  top: 0;\n  right: 0;\n  z-index: 1;\n  overflow: hidden;\n}\n#atsls-secondary-hero-block_28598c2076931db9fbe11f85dc5ad99c .inner-wrp .background-video-wrp .video-wrp {\n  display: block;\n  position: relative;\n  height: 0;\n  width: 100%;\n  padding-bottom: 60%;\n  margin-bottom: 0px;\n  overflow: hidden;\n}\n#atsls-secondary-hero-block_28598c2076931db9fbe11f85dc5ad99c .inner-wrp .background-video-wrp .video-wrp video {\n  position: absolute;\n  width: 100%;\n  height: 100%;\n  top: 0;\n  left: 0;\n  object-fit: cover;\n  object-position: center;\n}\n\n#atsls-secondary-hero-block_28598c2076931db9fbe11f85dc5ad99c .container {\n  position: relative;\n  z-index: 2;\n}\n\n#atsls-secondary-hero-block_28598c2076931db9fbe11f85dc5ad99c .inner-wrp::after {\n  content: \"\";\n  width: 65%;\n  height: 100%;\n  position: absolute;\n  top: 0;\n  left: -10%;\n  transform: skew(-20deg);\n  background-color: #0A2463;\n  border-right: 6px solid #41BFAC;\n  z-index: 1;\n}\n#atsls-secondary-hero-block_28598c2076931db9fbe11f85dc5ad99c .title-part h1, #atsls-secondary-hero-block_28598c2076931db9fbe11f85dc5ad99c .title-part .h1 {\n  color: #FFF;\n  font-family: \"Roboto\", sans-serif;\n  font-size: 48px;\n  font-style: normal;\n  font-weight: 500;\n  line-height: normal;\n  margin-bottom: 15px;\n}\n.single-news-page #atsls-secondary-hero-block_28598c2076931db9fbe11f85dc5ad99c .title-part h1 {\n  font-size: 28px;\n  text-transform: unset;\n}\n#atsls-secondary-hero-block_28598c2076931db9fbe11f85dc5ad99c .sub-title p {\n  color: #9ACD4F;\n  \/* Subtitle *\/\n  font-family: \"Roboto\", sans-serif;\n  font-size: 16px;\n  font-style: normal;\n  font-weight: 500;\n  line-height: 140%; \/* 22.4px *\/\n  margin-bottom: 5px;\n}\n#atsls-secondary-hero-block_28598c2076931db9fbe11f85dc5ad99c .description p {\n  color: #FFF;\n  \/* Paragraph *\/\n  font-family: \"Roboto\", sans-serif;\n  font-size: 18px;\n  font-style: normal;\n  font-weight: 400;\n  line-height: 140%; \/* 25.2px *\/\n}\n#atsls-secondary-hero-block_28598c2076931db9fbe11f85dc5ad99c .cta-btn {\n  padding-top: 15px;\n}\n#atsls-secondary-hero-block_28598c2076931db9fbe11f85dc5ad99c .cta-btn a {\n  position: relative;\n  padding: 10px 40px !important;\n  transition: all ease 0.3s !important;\n  background-color: #9ACD4F;\n  text-decoration: none;\n  color: #071630;\n  font-size: 18px;\n}\n\n#atsls-secondary-hero-block_28598c2076931db9fbe11f85dc5ad99c .cta-btn a:before {\n  content: \"\" !important;\n  background-image: url('https:\/\/www.atslifesciences.com\/wp-content\/themes\/atsls-2024\/assets\/btn-icon.svg');\n  width: 30px;\n  height: 30px;\n  background-repeat: no-repeat;\n  background-position: center;\n  background-size: 30px 30px;\n  position: absolute;\n  top: 8px !important;\n  left: 20px !important;\n  opacity: 0;\n  transition: all ease 0.3s;\n}\n\n#atsls-secondary-hero-block_28598c2076931db9fbe11f85dc5ad99c .cta-btn a:hover {\n  padding-left: 60px !important;\n  padding-right: 20px !important;\n}\n#atsls-secondary-hero-block_28598c2076931db9fbe11f85dc5ad99c .cta-btn a:hover:before {\n  opacity: 1;\n}\n\n\n@media (max-width: 768px) {\n  #atsls-secondary-hero-block_28598c2076931db9fbe11f85dc5ad99c {\n    padding-top: 79px;\n  }\n  #atsls-secondary-hero-block_28598c2076931db9fbe11f85dc5ad99c .title-part h1 {\n    font-size: 30px;\n  }\n  #atsls-secondary-hero-block_28598c2076931db9fbe11f85dc5ad99c .inner-wrp {\n    padding-top: 0px;\n    padding-bottom: 32px;\n  }\n  #atsls-secondary-hero-block_28598c2076931db9fbe11f85dc5ad99c .inner-wrp::after {\n    width: 100%;\n    height: 100%;\n    left: 0;\n    top: 0;\n    transform: unset;\n    border: none;\n  }\n\n  #atsls-secondary-hero-block_28598c2076931db9fbe11f85dc5ad99c .inner-wrp .background-wrp {\n    width: 100%;\n    position: relative;\n    height: auto;\n    z-index: 2;\n    margin-bottom: 30px;\n  }\n  #atsls-secondary-hero-block_28598c2076931db9fbe11f85dc5ad99c .inner-wrp .background-wrp .img-wrp {\n    display: block;\n  }\n  #atsls-secondary-hero-block_28598c2076931db9fbe11f85dc5ad99c .inner-wrp .background-video-wrp {\n    width: 100%;\n    position: relative;\n    height: auto;\n    z-index: 2;\n    margin-bottom: 30px;\n  }\n}\n\n<\/style>\n\n\n<div class=\"gb-container gb-container-0fdfa3be alignfull\"><div class=\"gb-inside-container\">\n\n<h2 class=\"gb-headline gb-headline-9867b477 gb-headline-text\">Unsere Expertise<\/h2>\n\n\n<div class=\"gb-grid-wrapper gb-grid-wrapper-c6daeb78 segments-card\">\n<div class=\"gb-grid-column gb-grid-column-fc0f74f5\"><div class=\"gb-container gb-container-fc0f74f5 card-item\"><div class=\"gb-inside-container\">\n\n<figure class=\"gb-block-image gb-block-image-d2a8fd54\"><img decoding=\"async\" loading=\"lazy\" width=\"806\" height=\"453\" class=\"gb-image gb-image-d2a8fd54\" src=\"https:\/\/www.atslifesciences.com\/wp-content\/uploads\/sites\/63\/2023\/01\/Assembly-Automations-Solutions-page.jpg\" alt=\"Assembly - Automations Solutions\" title=\"Assembly - Automation Solutions\" srcset=\"https:\/\/www.atslifesciences.com\/wp-content\/uploads\/sites\/63\/2023\/01\/Assembly-Automations-Solutions-page.jpg 806w, https:\/\/www.atslifesciences.com\/wp-content\/uploads\/sites\/63\/2023\/01\/Assembly-Automations-Solutions-page.jpg?resize=300,169 300w, https:\/\/www.atslifesciences.com\/wp-content\/uploads\/sites\/63\/2023\/01\/Assembly-Automations-Solutions-page.jpg?resize=768,432 768w\" sizes=\"auto, (max-width: 806px) 100vw, 806px\" \/><\/figure>\n\n\n\n<h3 class=\"gb-headline gb-headline-8bed751e gb-headline-text\">Montage<\/h3>\n\n\n\n<p class=\"gb-headline gb-headline-181e7e46 gb-headline-text\">Vormontage bis Endmontage, halbautomatische bis vollautomatische Systeme, die auf spezifische Anforderungen zugeschnitten sind<\/p>\n\n\n<div class=\"gb-button-wrapper gb-button-wrapper-4b25f6bd\">\n\n<a class=\"gb-button gb-button-ef9ca3f6 gb-button-text\" href=\"https:\/\/www.atslifesciences.com\/de\/automatisierungsloesungen\/montage\/\">Mehr<\/a>\n\n<\/div>\n<\/div><\/div><\/div>\n\n<div class=\"gb-grid-column gb-grid-column-2eb2437b\"><div class=\"gb-container gb-container-2eb2437b card-item\"><div class=\"gb-inside-container\">\n\n<figure class=\"gb-block-image gb-block-image-941ce3ae\"><img decoding=\"async\" loading=\"lazy\" width=\"4256\" height=\"2832\" class=\"gb-image gb-image-941ce3ae\" src=\"https:\/\/www.atslifesciences.com\/wp-content\/uploads\/sites\/63\/2023\/01\/Conveyance-Automations-Solutions-page.jpg\" alt=\"Conveyance - Automations Solutions\" title=\"Conveyance - Automation Solutions\" srcset=\"https:\/\/www.atslifesciences.com\/wp-content\/uploads\/sites\/63\/2023\/01\/Conveyance-Automations-Solutions-page.jpg 4256w, https:\/\/www.atslifesciences.com\/wp-content\/uploads\/sites\/63\/2023\/01\/Conveyance-Automations-Solutions-page.jpg?resize=300,200 300w, https:\/\/www.atslifesciences.com\/wp-content\/uploads\/sites\/63\/2023\/01\/Conveyance-Automations-Solutions-page.jpg?resize=768,511 768w, https:\/\/www.atslifesciences.com\/wp-content\/uploads\/sites\/63\/2023\/01\/Conveyance-Automations-Solutions-page.jpg?resize=1024,681 1024w, https:\/\/www.atslifesciences.com\/wp-content\/uploads\/sites\/63\/2023\/01\/Conveyance-Automations-Solutions-page.jpg?resize=1536,1022 1536w, https:\/\/www.atslifesciences.com\/wp-content\/uploads\/sites\/63\/2023\/01\/Conveyance-Automations-Solutions-page.jpg?resize=2048,1363 2048w\" sizes=\"auto, (max-width: 4256px) 100vw, 4256px\" \/><\/figure>\n\n\n\n<h3 class=\"gb-headline gb-headline-deafe9db gb-headline-text\">F\u00f6rdertechnik<\/h3>\n\n\n\n<p class=\"gb-headline gb-headline-4765099c gb-headline-text\">Lineare Bef\u00f6rderungsplattformen, die synchrone und asynchrone Verarbeitung und konfigurierbare Transfersysteme f\u00fcr aseptische Umgebungen erm\u00f6glichen<\/p>\n\n\n<div class=\"gb-button-wrapper gb-button-wrapper-cf9f5abb\">\n\n<a class=\"gb-button gb-button-f95c3eb5 gb-button-text\" href=\"https:\/\/www.atslifesciences.com\/de\/automatisierungsloesungen\/foerdertechnik\/\">Mehr<\/a>\n\n<\/div>\n<\/div><\/div><\/div>\n\n<div class=\"gb-grid-column gb-grid-column-597b8f59\"><div class=\"gb-container gb-container-597b8f59 card-item\"><div class=\"gb-inside-container\">\n\n<figure class=\"gb-block-image gb-block-image-d6a4dee0\"><img decoding=\"async\" loading=\"lazy\" width=\"967\" height=\"644\" class=\"gb-image gb-image-d6a4dee0\" src=\"https:\/\/www.atslifesciences.com\/wp-content\/uploads\/sites\/63\/2023\/01\/Material-Handling-Automations-Solutions-page.png\" alt=\"Material-Handling-Automations-Solutions\" title=\"Material Handling - Automations-Solutions\" srcset=\"https:\/\/www.atslifesciences.com\/wp-content\/uploads\/sites\/63\/2023\/01\/Material-Handling-Automations-Solutions-page.png 967w, https:\/\/www.atslifesciences.com\/wp-content\/uploads\/sites\/63\/2023\/01\/Material-Handling-Automations-Solutions-page.png?resize=300,200 300w, https:\/\/www.atslifesciences.com\/wp-content\/uploads\/sites\/63\/2023\/01\/Material-Handling-Automations-Solutions-page.png?resize=768,511 768w\" sizes=\"auto, (max-width: 967px) 100vw, 967px\" \/><\/figure>\n\n\n\n<h3 class=\"gb-headline gb-headline-ced2a42e gb-headline-text\">Materialhandling<\/h3>\n\n\n\n<p class=\"gb-headline gb-headline-0772a95b gb-headline-text\">Das Einf\u00fchren und Entnehmen von Bauteilen, Unterbaugruppen und Fertigprodukten ist ein wichtiger Aspekt eines effizienten Betriebs.<\/p>\n\n\n<div class=\"gb-button-wrapper gb-button-wrapper-72112fde\">\n\n<a class=\"gb-button gb-button-b0c92da7 gb-button-text\" href=\"https:\/\/www.atslifesciences.com\/de\/produkte\/materialhandling\/\">Mehr<\/a>\n\n<\/div>\n<\/div><\/div><\/div>\n\n<div class=\"gb-grid-column gb-grid-column-86eea9ef\"><div class=\"gb-container gb-container-86eea9ef card-item\"><div class=\"gb-inside-container\">\n\n<figure class=\"gb-block-image gb-block-image-3f62669e\"><img decoding=\"async\" loading=\"lazy\" width=\"1500\" height=\"998\" class=\"gb-image gb-image-3f62669e\" src=\"https:\/\/www.atslifesciences.com\/wp-content\/uploads\/sites\/63\/2023\/01\/Vision-and-Testing-Automations-Solutions-page.png\" alt=\"Vision and Testing - Automations Solutions\" title=\"Vision and Testing - Automations Solutions\" srcset=\"https:\/\/www.atslifesciences.com\/wp-content\/uploads\/sites\/63\/2023\/01\/Vision-and-Testing-Automations-Solutions-page.png 1500w, https:\/\/www.atslifesciences.com\/wp-content\/uploads\/sites\/63\/2023\/01\/Vision-and-Testing-Automations-Solutions-page.png?resize=300,200 300w, https:\/\/www.atslifesciences.com\/wp-content\/uploads\/sites\/63\/2023\/01\/Vision-and-Testing-Automations-Solutions-page.png?resize=768,511 768w, https:\/\/www.atslifesciences.com\/wp-content\/uploads\/sites\/63\/2023\/01\/Vision-and-Testing-Automations-Solutions-page.png?resize=1024,681 1024w\" sizes=\"auto, (max-width: 1500px) 100vw, 1500px\" \/><\/figure>\n\n\n\n<h3 class=\"gb-headline gb-headline-18eadc8f gb-headline-text\">Sichtpr\u00fcfung und Tests<\/h3>\n\n\n\n<p class=\"gb-headline gb-headline-4bcb2a90 gb-headline-text\">Automatisierte Erfassung von Inspektionsbildern, kombiniert mit Klassifizierung und R\u00fcckverfolgbarkeit<\/p>\n\n\n<div class=\"gb-button-wrapper gb-button-wrapper-0e2a7f09\">\n\n<a class=\"gb-button gb-button-a99e2045 gb-button-text\" href=\"https:\/\/www.atslifesciences.com\/de\/automatisierungsloesungen\/sichtpruefung-und-tests\/\">Mehr<\/a>\n\n<\/div>\n<\/div><\/div><\/div>\n\n<div class=\"gb-grid-column gb-grid-column-8556de91\"><div class=\"gb-container gb-container-8556de91 card-item\"><div class=\"gb-inside-container\">\n\n<figure class=\"gb-block-image gb-block-image-1b730484\"><img decoding=\"async\" loading=\"lazy\" width=\"5984\" height=\"3989\" class=\"gb-image gb-image-1b730484\" src=\"https:\/\/www.atslifesciences.com\/wp-content\/uploads\/sites\/63\/2023\/01\/Software-IIoT-Automations-Solutions-page.jpg\" alt=\"Software IIoT - Automations Solutions\" title=\"Software IIoT - Automations Solutions \" srcset=\"https:\/\/www.atslifesciences.com\/wp-content\/uploads\/sites\/63\/2023\/01\/Software-IIoT-Automations-Solutions-page.jpg 5984w, https:\/\/www.atslifesciences.com\/wp-content\/uploads\/sites\/63\/2023\/01\/Software-IIoT-Automations-Solutions-page.jpg?resize=300,200 300w, https:\/\/www.atslifesciences.com\/wp-content\/uploads\/sites\/63\/2023\/01\/Software-IIoT-Automations-Solutions-page.jpg?resize=768,512 768w, https:\/\/www.atslifesciences.com\/wp-content\/uploads\/sites\/63\/2023\/01\/Software-IIoT-Automations-Solutions-page.jpg?resize=1024,683 1024w, https:\/\/www.atslifesciences.com\/wp-content\/uploads\/sites\/63\/2023\/01\/Software-IIoT-Automations-Solutions-page.jpg?resize=1536,1024 1536w, https:\/\/www.atslifesciences.com\/wp-content\/uploads\/sites\/63\/2023\/01\/Software-IIoT-Automations-Solutions-page.jpg?resize=2048,1365 2048w\" sizes=\"auto, (max-width: 5984px) 100vw, 5984px\" \/><\/figure>\n\n\n\n<h3 class=\"gb-headline gb-headline-e8e75085 gb-headline-text\">Software (IIoT)<\/h3>\n\n\n\n<p class=\"gb-headline gb-headline-0119377d gb-headline-text\">Produktqualit\u00e4tskontrolle und -sicherung durch intelligente Tests, Inspektion und digitale \u00dcberwachung<\/p>\n\n\n<div class=\"gb-button-wrapper gb-button-wrapper-679ad847\">\n\n<a class=\"gb-button gb-button-1e195e0a gb-button-text\" href=\"https:\/\/www.atslifesciences.com\/de\/automatisierungsloesungen\/software-iiot\/\">Mehr<\/a>\n\n<\/div>\n<\/div><\/div><\/div>\n<\/div>\n<\/div><\/div>\n\n<div class=\"gb-container gb-container-540083d9 alignfull\"><div class=\"gb-inside-container\">\n<div class=\"gb-grid-wrapper gb-grid-wrapper-8519a293\">\n<div class=\"gb-grid-column gb-grid-column-c397222b\"><div class=\"gb-container gb-container-c397222b\"><div class=\"gb-inside-container\">\n\n<h2 class=\"gb-headline gb-headline-d1e516a8 gb-headline-text\">Jetzt mit einem Automatisierungs-Experten sprechen?<\/h2>\n\n\n\n<p class=\"has-white-color has-text-color\">Wir k\u00f6nnen einen standardisierten Ansatz anbieten, um Ihren unmittelbaren Bedarf zu decken, oder eine ma\u00dfgeschneiderte L\u00f6sung f\u00fcr Ihren l\u00e4ngerfristigen Automatisierungsplan.<\/p>\n\n\n<div class=\"gb-button-wrapper gb-button-wrapper-739011f7\">\n\n<a class=\"gb-button gb-button-e458903b gb-button-text atsls-btn atsls-modal-btn\" href=\"#\" data-id=\"atsls-modal-medium\">Kontakt<\/a>\n\n<\/div>\n<\/div><\/div><\/div>\n\n<div class=\"gb-grid-column gb-grid-column-00949ae9\"><div class=\"gb-container gb-container-00949ae9\"><div class=\"gb-inside-container\"><\/div><\/div><\/div>\n<\/div>\n<\/div><\/div>\n\n<div class=\"gb-container gb-container-c4f2ffb8 atsls-modal atsls-modal-medium alignfull\" data-id=\"atsls-modal-medium\"><div class=\"gb-inside-container\">\n\n<h2 class=\"gb-headline gb-headline-63a91292 gb-headline-text\">Kontakt<\/h2>\n\n\n\n\n<!-- iframe plugin v.5.1 wordpress.org\/plugins\/iframe\/ -->\n<iframe loading=\"lazy\" data-cookieconsent=\"ignore\" id=\"pardot-iframe\" style=\"border: 0;\" src=\"https:\/\/go.atsautomation.com\/l\/651873\/2023-04-05\/h5mk32?Source_Page=automation-solutions\" width=\"100%\" frameborder=\"0\" height=\"500\" scrolling=\"yes\" class=\"iframe-class\"><\/iframe>\n\n\n<\/div><\/div>","protected":false},"excerpt":{"rendered":"<p>Unsere Expertise Kontakt<\/p>\n","protected":false},"author":378,"featured_media":0,"parent":0,"menu_order":0,"comment_status":"closed","ping_status":"closed","template":"page-templates\/empty.php","meta":{"_acf_changed":false,"_cr_original_post":"","_cr_replace_post_id":"","_cr_replacing_post_id":"","inline_featured_image":false,"cover_image":0,"footnotes":""},"coauthors":[78],"class_list":["post-25194","page","type-page","status-publish","hentry"],"yoast_head":"<!-- This site is optimized with the Yoast SEO Premium plugin v26.8 (Yoast SEO v26.8) - https:\/\/yoast.com\/product\/yoast-seo-premium-wordpress\/ -->\n<title>Automatisierungsloesungen - ATS Life Sciences<\/title>\n<meta name=\"robots\" content=\"index, follow, max-snippet:-1, max-image-preview:large, max-video-preview:-1\" \/>\n<link rel=\"canonical\" href=\"https:\/\/www.atslifesciences.com\/de\/automatisierungsloesungen2\/\" \/>\n<meta property=\"og:locale\" content=\"de_DE\" \/>\n<meta property=\"og:type\" content=\"article\" \/>\n<meta property=\"og:title\" content=\"Automatisierungsloesungen\" \/>\n<meta property=\"og:description\" content=\"Unsere Expertise Kontakt\" \/>\n<meta property=\"og:url\" content=\"https:\/\/www.atslifesciences.com\/de\/automatisierungsloesungen2\/\" \/>\n<meta property=\"og:site_name\" content=\"ATS Life Sciences\" \/>\n<meta property=\"article:modified_time\" content=\"2025-12-16T20:33:45+00:00\" \/>\n<meta property=\"og:image\" content=\"https:\/\/www.atslifesciences.com\/wp-content\/uploads\/sites\/63\/2023\/01\/Assembly-Automations-Solutions-page.jpg\" \/>\n<meta name=\"twitter:card\" content=\"summary_large_image\" \/>\n<meta name=\"twitter:label1\" content=\"Gesch\u00e4tzte Lesezeit\" \/>\n\t<meta name=\"twitter:data1\" content=\"2 Minuten\" \/>\n\t<meta name=\"twitter:label2\" content=\"Written by\" \/>\n\t<meta name=\"twitter:data2\" content=\"akhatpe\" \/>\n<script type=\"application\/ld+json\" class=\"yoast-schema-graph\">{\"@context\":\"https:\/\/schema.org\",\"@graph\":[{\"@type\":\"WebPage\",\"@id\":\"https:\/\/www.atslifesciences.com\/de\/automatisierungsloesungen2\/\",\"url\":\"https:\/\/www.atslifesciences.com\/de\/automatisierungsloesungen2\/\",\"name\":\"Automatisierungsloesungen - ATS Life Sciences\",\"isPartOf\":{\"@id\":\"https:\/\/www.atslifesciences.com\/de\/#website\"},\"primaryImageOfPage\":{\"@id\":\"https:\/\/www.atslifesciences.com\/de\/automatisierungsloesungen2\/#primaryimage\"},\"image\":{\"@id\":\"https:\/\/www.atslifesciences.com\/de\/automatisierungsloesungen2\/#primaryimage\"},\"thumbnailUrl\":\"https:\/\/www.atslifesciences.com\/wp-content\/uploads\/sites\/63\/2023\/01\/Assembly-Automations-Solutions-page.jpg\",\"datePublished\":\"2023-01-30T19:30:02+00:00\",\"dateModified\":\"2025-12-16T20:33:45+00:00\",\"breadcrumb\":{\"@id\":\"https:\/\/www.atslifesciences.com\/de\/automatisierungsloesungen2\/#breadcrumb\"},\"inLanguage\":\"de-DE\",\"potentialAction\":[{\"@type\":\"ReadAction\",\"target\":[\"https:\/\/www.atslifesciences.com\/de\/automatisierungsloesungen2\/\"]}]},{\"@type\":\"ImageObject\",\"inLanguage\":\"de-DE\",\"@id\":\"https:\/\/www.atslifesciences.com\/de\/automatisierungsloesungen2\/#primaryimage\",\"url\":\"https:\/\/www.atslifesciences.com\/wp-content\/uploads\/sites\/63\/2023\/01\/Assembly-Automations-Solutions-page.jpg\",\"contentUrl\":\"https:\/\/www.atslifesciences.com\/wp-content\/uploads\/sites\/63\/2023\/01\/Assembly-Automations-Solutions-page.jpg\"},{\"@type\":\"BreadcrumbList\",\"@id\":\"https:\/\/www.atslifesciences.com\/de\/automatisierungsloesungen2\/#breadcrumb\",\"itemListElement\":[{\"@type\":\"ListItem\",\"position\":1,\"name\":\"Home\",\"item\":\"https:\/\/www.atslifesciences.com\/de\/\"},{\"@type\":\"ListItem\",\"position\":2,\"name\":\"Automatisierungsloesungen\"}]},{\"@type\":\"WebSite\",\"@id\":\"https:\/\/www.atslifesciences.com\/de\/#website\",\"url\":\"https:\/\/www.atslifesciences.com\/de\/\",\"name\":\"ATS Life Sciences\",\"description\":\"\",\"potentialAction\":[{\"@type\":\"SearchAction\",\"target\":{\"@type\":\"EntryPoint\",\"urlTemplate\":\"https:\/\/www.atslifesciences.com\/de\/?s={search_term_string}\"},\"query-input\":{\"@type\":\"PropertyValueSpecification\",\"valueRequired\":true,\"valueName\":\"search_term_string\"}}],\"inLanguage\":\"de-DE\"}]}<\/script>\n<!-- \/ Yoast SEO Premium plugin. -->","yoast_head_json":{"title":"Automatisierungsloesungen - ATS Life Sciences","robots":{"index":"index","follow":"follow","max-snippet":"max-snippet:-1","max-image-preview":"max-image-preview:large","max-video-preview":"max-video-preview:-1"},"canonical":"https:\/\/www.atslifesciences.com\/de\/automatisierungsloesungen2\/","og_locale":"de_DE","og_type":"article","og_title":"Automatisierungsloesungen","og_description":"Unsere Expertise Kontakt","og_url":"https:\/\/www.atslifesciences.com\/de\/automatisierungsloesungen2\/","og_site_name":"ATS Life Sciences","article_modified_time":"2025-12-16T20:33:45+00:00","og_image":[{"url":"https:\/\/www.atslifesciences.com\/wp-content\/uploads\/sites\/63\/2023\/01\/Assembly-Automations-Solutions-page.jpg","type":"","width":"","height":""}],"twitter_card":"summary_large_image","twitter_misc":{"Gesch\u00e4tzte Lesezeit":"2 Minuten","Written by":"akhatpe"},"schema":{"@context":"https:\/\/schema.org","@graph":[{"@type":"WebPage","@id":"https:\/\/www.atslifesciences.com\/de\/automatisierungsloesungen2\/","url":"https:\/\/www.atslifesciences.com\/de\/automatisierungsloesungen2\/","name":"Automatisierungsloesungen - ATS Life Sciences","isPartOf":{"@id":"https:\/\/www.atslifesciences.com\/de\/#website"},"primaryImageOfPage":{"@id":"https:\/\/www.atslifesciences.com\/de\/automatisierungsloesungen2\/#primaryimage"},"image":{"@id":"https:\/\/www.atslifesciences.com\/de\/automatisierungsloesungen2\/#primaryimage"},"thumbnailUrl":"https:\/\/www.atslifesciences.com\/wp-content\/uploads\/sites\/63\/2023\/01\/Assembly-Automations-Solutions-page.jpg","datePublished":"2023-01-30T19:30:02+00:00","dateModified":"2025-12-16T20:33:45+00:00","breadcrumb":{"@id":"https:\/\/www.atslifesciences.com\/de\/automatisierungsloesungen2\/#breadcrumb"},"inLanguage":"de-DE","potentialAction":[{"@type":"ReadAction","target":["https:\/\/www.atslifesciences.com\/de\/automatisierungsloesungen2\/"]}]},{"@type":"ImageObject","inLanguage":"de-DE","@id":"https:\/\/www.atslifesciences.com\/de\/automatisierungsloesungen2\/#primaryimage","url":"https:\/\/www.atslifesciences.com\/wp-content\/uploads\/sites\/63\/2023\/01\/Assembly-Automations-Solutions-page.jpg","contentUrl":"https:\/\/www.atslifesciences.com\/wp-content\/uploads\/sites\/63\/2023\/01\/Assembly-Automations-Solutions-page.jpg"},{"@type":"BreadcrumbList","@id":"https:\/\/www.atslifesciences.com\/de\/automatisierungsloesungen2\/#breadcrumb","itemListElement":[{"@type":"ListItem","position":1,"name":"Home","item":"https:\/\/www.atslifesciences.com\/de\/"},{"@type":"ListItem","position":2,"name":"Automatisierungsloesungen"}]},{"@type":"WebSite","@id":"https:\/\/www.atslifesciences.com\/de\/#website","url":"https:\/\/www.atslifesciences.com\/de\/","name":"ATS Life Sciences","description":"","potentialAction":[{"@type":"SearchAction","target":{"@type":"EntryPoint","urlTemplate":"https:\/\/www.atslifesciences.com\/de\/?s={search_term_string}"},"query-input":{"@type":"PropertyValueSpecification","valueRequired":true,"valueName":"search_term_string"}}],"inLanguage":"de-DE"}]}},"acf":[],"jetpack_sharing_enabled":true,"_links":{"self":[{"href":"https:\/\/www.atslifesciences.com\/de\/wp-json\/wp\/v2\/pages\/25194","targetHints":{"allow":["GET"]}}],"collection":[{"href":"https:\/\/www.atslifesciences.com\/de\/wp-json\/wp\/v2\/pages"}],"about":[{"href":"https:\/\/www.atslifesciences.com\/de\/wp-json\/wp\/v2\/types\/page"}],"author":[{"embeddable":true,"href":"https:\/\/www.atslifesciences.com\/de\/wp-json\/wp\/v2\/users\/378"}],"replies":[{"embeddable":true,"href":"https:\/\/www.atslifesciences.com\/de\/wp-json\/wp\/v2\/comments?post=25194"}],"version-history":[{"count":2,"href":"https:\/\/www.atslifesciences.com\/de\/wp-json\/wp\/v2\/pages\/25194\/revisions"}],"predecessor-version":[{"id":25196,"href":"https:\/\/www.atslifesciences.com\/de\/wp-json\/wp\/v2\/pages\/25194\/revisions\/25196"}],"wp:attachment":[{"href":"https:\/\/www.atslifesciences.com\/de\/wp-json\/wp\/v2\/media?parent=25194"}],"wp:term":[{"taxonomy":"author","embeddable":true,"href":"https:\/\/www.atslifesciences.com\/de\/wp-json\/wp\/v2\/coauthors?post=25194"}],"curies":[{"name":"wp","href":"https:\/\/api.w.org\/{rel}","templated":true}]}}