{"id":20418,"date":"2024-03-26T13:16:34","date_gmt":"2024-03-26T13:16:34","guid":{"rendered":"https:\/\/www.atslifesciences.com\/?page_id=20418"},"modified":"2024-09-16T02:47:47","modified_gmt":"2024-09-16T02:47:47","slug":"plattformen","status":"publish","type":"page","link":"https:\/\/www.atslifesciences.com\/de\/plattformen\/","title":{"rendered":"Plattformen"},"content":{"rendered":"\n<div class=\"atsls-secondary-hero\" id=\"atsls-secondary-hero-block_89de511f4b0e0446ac6e7ba07ff74d8a\">\n\n  <div class=\"inner-wrp\">\n\n    \n      <div class=\"background-wrp\" style=\"background-image: url(https:\/\/www.atslifesciences.com\/wp-content\/uploads\/sites\/63\/2024\/06\/segments-hero.jpg);\">\n                  <div class=\"img-wrp\">\n            <img decoding=\"async\" src=\"https:\/\/www.atslifesciences.com\/wp-content\/uploads\/sites\/63\/2024\/06\/segments-hero.jpg\">\n          <\/div>\n              <\/div>\n\n    \n    <div class=\"container\">\n\n      <div class=\"row\">\n\n        <div class=\"col-md-5\">\n\n          <div class=\"sub-title\">\n            <p>Modular und erweiterbar<\/p>\n          <\/div>\n          \n          <div class=\"title-part\">\n            <h1>KONFIGURIERBARE PLATTFORMEN<\/h1>\n          <\/div>\n\n          <div class=\"description\">\n            <p>Von der klinischen \u00fcber die Kleinserie bis hin zur kommerziellen Produktion, wenn die Nachfrage steigt. Basierend auf bew\u00e4hrter Technologie, bereit f\u00fcr die Anpassung an Ihre Anwendung.<\/p>\n          <\/div>\n\n          \n        <\/div>\n        \n      <\/div>\n\n    <\/div>\n  \n  <\/div>\n\n<\/div>\n\n<style type=\"text\/css\">\n#atsls-secondary-hero-block_89de511f4b0e0446ac6e7ba07ff74d8a {\n  padding-top: 100px;\n  background-color: #0a2463;\n}\n\n#atsls-secondary-hero-block_89de511f4b0e0446ac6e7ba07ff74d8a .inner-wrp {\n  padding-top: 6rem;\n  padding-bottom: 6rem;\n  position: relative;\n}\n\n\n#atsls-secondary-hero-block_89de511f4b0e0446ac6e7ba07ff74d8a .inner-wrp .background-wrp {\n  background-repeat: no-repeat;\n  background-position: center;\n  background-size: cover;\n  position: relative;\n  width: 55%;\n  height: 100%;\n  position: absolute;\n  top: 0;\n  right: 0;\n  z-index: 1;\n  overflow: hidden;\n}\n#atsls-secondary-hero-block_89de511f4b0e0446ac6e7ba07ff74d8a .inner-wrp .background-wrp .img-wrp {\n  display: none;\n  position: relative;\n  height: 0;\n  width: 100%;\n  padding-bottom: 56.25%;\n  margin-bottom: 0px;\n  overflow: hidden;\n}\n#atsls-secondary-hero-block_89de511f4b0e0446ac6e7ba07ff74d8a .inner-wrp .background-wrp .img-wrp img {\n  position: absolute;\n  width: 100%;\n  height: 100%;\n  top: 0;\n  left: 0;\n  object-fit: cover;\n  object-position: center;\n}\n\n#atsls-secondary-hero-block_89de511f4b0e0446ac6e7ba07ff74d8a .inner-wrp .background-video-wrp {\n  background-repeat: no-repeat;\n  background-position: center;\n  background-size: cover;\n  position: relative;\n  width: 55%;\n  height: 100%;\n  position: absolute;\n  top: 0;\n  right: 0;\n  z-index: 1;\n  overflow: hidden;\n}\n#atsls-secondary-hero-block_89de511f4b0e0446ac6e7ba07ff74d8a .inner-wrp .background-video-wrp .video-wrp {\n  display: block;\n  position: relative;\n  height: 0;\n  width: 100%;\n  padding-bottom: 60%;\n  margin-bottom: 0px;\n  overflow: hidden;\n}\n#atsls-secondary-hero-block_89de511f4b0e0446ac6e7ba07ff74d8a .inner-wrp .background-video-wrp .video-wrp video {\n  position: absolute;\n  width: 100%;\n  height: 100%;\n  top: 0;\n  left: 0;\n  object-fit: cover;\n  object-position: center;\n}\n\n#atsls-secondary-hero-block_89de511f4b0e0446ac6e7ba07ff74d8a .container {\n  position: relative;\n  z-index: 2;\n}\n\n#atsls-secondary-hero-block_89de511f4b0e0446ac6e7ba07ff74d8a .inner-wrp::after {\n  content: \"\";\n  width: 65%;\n  height: 100%;\n  position: absolute;\n  top: 0;\n  left: -10%;\n  transform: skew(-20deg);\n  background-color: #0a2463;\n  border-right: 6px solid #41BFAC;\n  z-index: 1;\n}\n#atsls-secondary-hero-block_89de511f4b0e0446ac6e7ba07ff74d8a .title-part h1, #atsls-secondary-hero-block_89de511f4b0e0446ac6e7ba07ff74d8a .title-part .h1 {\n  color: #FFF;\n  font-family: \"Roboto\", sans-serif;\n  font-size: 48px;\n  font-style: normal;\n  font-weight: 500;\n  line-height: normal;\n  margin-bottom: 15px;\n}\n.single-news-page #atsls-secondary-hero-block_89de511f4b0e0446ac6e7ba07ff74d8a .title-part h1 {\n  font-size: 28px;\n  text-transform: unset;\n}\n#atsls-secondary-hero-block_89de511f4b0e0446ac6e7ba07ff74d8a .sub-title p {\n  color: #9ACD4F;\n  \/* Subtitle *\/\n  font-family: \"Roboto\", sans-serif;\n  font-size: 16px;\n  font-style: normal;\n  font-weight: 500;\n  line-height: 140%; \/* 22.4px *\/\n  margin-bottom: 5px;\n}\n#atsls-secondary-hero-block_89de511f4b0e0446ac6e7ba07ff74d8a .description p {\n  color: #FFF;\n  \/* Paragraph *\/\n  font-family: \"Roboto\", sans-serif;\n  font-size: 18px;\n  font-style: normal;\n  font-weight: 400;\n  line-height: 140%; \/* 25.2px *\/\n}\n#atsls-secondary-hero-block_89de511f4b0e0446ac6e7ba07ff74d8a .cta-btn {\n  padding-top: 15px;\n}\n#atsls-secondary-hero-block_89de511f4b0e0446ac6e7ba07ff74d8a .cta-btn a {\n  position: relative;\n  padding: 10px 40px !important;\n  transition: all ease 0.3s !important;\n  background-color: #9ACD4F;\n  text-decoration: none;\n  color: #071630;\n  font-size: 18px;\n}\n\n#atsls-secondary-hero-block_89de511f4b0e0446ac6e7ba07ff74d8a .cta-btn a:before {\n  content: \"\" !important;\n  background-image: url('https:\/\/www.atslifesciences.com\/wp-content\/themes\/atsls-2024\/assets\/btn-icon.svg');\n  width: 30px;\n  height: 30px;\n  background-repeat: no-repeat;\n  background-position: center;\n  background-size: 30px 30px;\n  position: absolute;\n  top: 8px !important;\n  left: 20px !important;\n  opacity: 0;\n  transition: all ease 0.3s;\n}\n\n#atsls-secondary-hero-block_89de511f4b0e0446ac6e7ba07ff74d8a .cta-btn a:hover {\n  padding-left: 60px !important;\n  padding-right: 20px !important;\n}\n#atsls-secondary-hero-block_89de511f4b0e0446ac6e7ba07ff74d8a .cta-btn a:hover:before {\n  opacity: 1;\n}\n\n\n@media (max-width: 768px) {\n  #atsls-secondary-hero-block_89de511f4b0e0446ac6e7ba07ff74d8a {\n    padding-top: 79px;\n  }\n  #atsls-secondary-hero-block_89de511f4b0e0446ac6e7ba07ff74d8a .title-part h1 {\n    font-size: 30px;\n  }\n  #atsls-secondary-hero-block_89de511f4b0e0446ac6e7ba07ff74d8a .inner-wrp {\n    padding-top: 0px;\n    padding-bottom: 32px;\n  }\n  #atsls-secondary-hero-block_89de511f4b0e0446ac6e7ba07ff74d8a .inner-wrp::after {\n    width: 100%;\n    height: 100%;\n    left: 0;\n    top: 0;\n    transform: unset;\n    border: none;\n  }\n\n  #atsls-secondary-hero-block_89de511f4b0e0446ac6e7ba07ff74d8a .inner-wrp .background-wrp {\n    width: 100%;\n    position: relative;\n    height: auto;\n    z-index: 2;\n    margin-bottom: 30px;\n  }\n  #atsls-secondary-hero-block_89de511f4b0e0446ac6e7ba07ff74d8a .inner-wrp .background-wrp .img-wrp {\n    display: block;\n  }\n  #atsls-secondary-hero-block_89de511f4b0e0446ac6e7ba07ff74d8a .inner-wrp .background-video-wrp {\n    width: 100%;\n    position: relative;\n    height: auto;\n    z-index: 2;\n    margin-bottom: 30px;\n  }\n}\n\n<\/style>\n\n\n<div class=\"gb-container gb-container-0fdfa3be alignfull\"><div class=\"gb-inside-container\">\n\n<h2 class=\"gb-headline gb-headline-9867b477 gb-headline-text\">KONFIGURIERBARE PLATTFORMEN<\/h2>\n\n\n<div class=\"gb-grid-wrapper gb-grid-wrapper-900f53a9 segments-card\">\n<div class=\"gb-grid-column gb-grid-column-bd2e2157\"><div class=\"gb-container gb-container-bd2e2157 card-item\"><div class=\"gb-inside-container\">\n\n<figure class=\"gb-block-image gb-block-image-ebb6ac6b\"><img decoding=\"async\" loading=\"lazy\" width=\"2000\" height=\"1059\" class=\"gb-image gb-image-ebb6ac6b\" src=\"https:\/\/www.atslifesciences.com\/wp-content\/uploads\/sites\/63\/2024\/06\/Machine-Render_60PPM_Hero-Image.jpg\" alt=\"\" title=\"Machine-Render_60PPM_Hero-Image\" srcset=\"https:\/\/www.atslifesciences.com\/wp-content\/uploads\/sites\/63\/2024\/06\/Machine-Render_60PPM_Hero-Image.jpg 2000w, https:\/\/www.atslifesciences.com\/wp-content\/uploads\/sites\/63\/2024\/06\/Machine-Render_60PPM_Hero-Image.jpg?resize=300,159 300w, https:\/\/www.atslifesciences.com\/wp-content\/uploads\/sites\/63\/2024\/06\/Machine-Render_60PPM_Hero-Image.jpg?resize=768,407 768w, https:\/\/www.atslifesciences.com\/wp-content\/uploads\/sites\/63\/2024\/06\/Machine-Render_60PPM_Hero-Image.jpg?resize=1024,542 1024w, https:\/\/www.atslifesciences.com\/wp-content\/uploads\/sites\/63\/2024\/06\/Machine-Render_60PPM_Hero-Image.jpg?resize=1536,813 1536w\" sizes=\"auto, (max-width: 2000px) 100vw, 2000px\" \/><\/figure>\n\n\n\n<h3 class=\"gb-headline gb-headline-c8b7fe68 gb-headline-text\">SCHLAUCHSETS<\/h3>\n\n\n\n<p class=\"gb-headline gb-headline-f9617b0d gb-headline-text\">Unsere fortschrittlichen Montageplattformen bieten hohe Geschwindigkeit und Qualit\u00e4t f\u00fcr komplexe gewickelte und gerade Endst\u00fccke.<\/p>\n\n\n<div class=\"gb-button-wrapper gb-button-wrapper-df0fd366\">\n\n<a class=\"gb-button gb-button-f4adee8d gb-button-text\" href=\"https:\/\/www.atslifesciences.com\/de\/plattformen\/schlauchsets\/\">MEHR ERFAHREN<\/a>\n\n<\/div>\n<\/div><\/div><\/div>\n\n<div class=\"gb-grid-column gb-grid-column-9286e277\"><div class=\"gb-container gb-container-9286e277 card-item\"><div class=\"gb-inside-container\">\n\n<figure class=\"gb-block-image gb-block-image-064a17f1\"><img decoding=\"async\" loading=\"lazy\" width=\"800\" height=\"533\" class=\"gb-image gb-image-064a17f1\" src=\"https:\/\/www.atslifesciences.com\/wp-content\/uploads\/sites\/63\/2024\/01\/1-18-24-Left-Side.jpg\" alt=\"\" title=\"1-18-24-Left-Side\" srcset=\"https:\/\/www.atslifesciences.com\/wp-content\/uploads\/sites\/63\/2024\/01\/1-18-24-Left-Side.jpg 800w, https:\/\/www.atslifesciences.com\/wp-content\/uploads\/sites\/63\/2024\/01\/1-18-24-Left-Side.jpg?resize=300,200 300w, https:\/\/www.atslifesciences.com\/wp-content\/uploads\/sites\/63\/2024\/01\/1-18-24-Left-Side.jpg?resize=768,512 768w\" sizes=\"auto, (max-width: 800px) 100vw, 800px\" \/><\/figure>\n\n\n\n<h3 class=\"gb-headline gb-headline-3167a113 gb-headline-text\">MINIATURISIERTE DIAGNOSTIK<\/h3>\n\n\n\n<p class=\"gb-headline gb-headline-6f99bd2b gb-headline-text\">Modulare Dosier- und intelligente Transportplattform f\u00fcr die Montage von Point-of-Care- und Diagnoseger\u00e4ten.<\/p>\n\n\n<div class=\"gb-button-wrapper gb-button-wrapper-642281b6\">\n\n<a class=\"gb-button gb-button-baa16f91 gb-button-text\" href=\"https:\/\/www.atslifesciences.com\/de\/miniaturisierte-diagnostikherstellung\/\">MEHR ERFAHREN<\/a>\n\n<\/div>\n<\/div><\/div><\/div>\n\n<div class=\"gb-grid-column gb-grid-column-62a54134\"><div class=\"gb-container gb-container-62a54134 card-item\"><div class=\"gb-inside-container\">\n\n<figure class=\"gb-block-image gb-block-image-d940a40f\"><img decoding=\"async\" loading=\"lazy\" width=\"560\" height=\"392\" class=\"gb-image gb-image-d940a40f\" src=\"https:\/\/www.atslifesciences.com\/wp-content\/uploads\/sites\/63\/2024\/04\/pharmaflow2.jpg\" alt=\"\" title=\"pharmaflow2\" srcset=\"https:\/\/www.atslifesciences.com\/wp-content\/uploads\/sites\/63\/2024\/04\/pharmaflow2.jpg 560w, https:\/\/www.atslifesciences.com\/wp-content\/uploads\/sites\/63\/2024\/04\/pharmaflow2.jpg?resize=300,210 300w\" sizes=\"auto, (max-width: 560px) 100vw, 560px\" \/><\/figure>\n\n\n\n<h3 class=\"gb-headline gb-headline-65735712 gb-headline-text\">PHARMAFLOW<sup>TM<\/sup><\/h3>\n\n\n\n<p class=\"gb-headline gb-headline-36fc45b9 gb-headline-text\">Aseptische Beutelhandhabung, Abf\u00fcllung und Verschluss.<\/p>\n\n\n<div class=\"gb-button-wrapper gb-button-wrapper-24ca9fae\">\n\n<a class=\"gb-button gb-button-4e0fe914 gb-button-text\" href=\"https:\/\/www.atslifesciences.com\/de\/plattformen\/pharmaflow-aseptische-beutelabfuellung\/\">MEHR ERFAHREN<\/a>\n\n<\/div>\n<\/div><\/div><\/div>\n<\/div>\n<\/div><\/div>\n\n<div class=\"gb-container gb-container-8f2b40f6 alignfull\"><div class=\"gb-inside-container\">\n<div class=\"gb-grid-wrapper gb-grid-wrapper-e38c66c3\">\n<div class=\"gb-grid-column gb-grid-column-f4ea0eac\"><div class=\"gb-container gb-container-f4ea0eac\"><div class=\"gb-inside-container\">\n\n<h2 class=\"gb-headline gb-headline-5adb5275 gb-headline-text\">Sind Sie bereit, Ihr Life Sciences-Projekt mit einem ATS-Spezialisten zu besprechen?<\/h2>\n\n\n\n<p class=\"has-white-color has-text-color\">Wir k\u00f6nnen einen standardisierten Ansatz anbieten, um Ihren unmittelbaren Bedarf zu decken, oder eine ma\u00dfgeschneiderte L\u00f6sung f\u00fcr Ihren l\u00e4ngerfristigen Automatisierungsplan.<\/p>\n\n\n<div class=\"gb-button-wrapper gb-button-wrapper-739011f7\">\n\n<a class=\"gb-button gb-button-e458903b gb-button-text atsls-btn atsls-modal-btn\" href=\"#\" data-id=\"atsls-modal-medium\">KONTAKT<\/a>\n\n<\/div>\n<\/div><\/div><\/div>\n\n<div class=\"gb-grid-column gb-grid-column-6a420282\"><div class=\"gb-container gb-container-6a420282\"><div class=\"gb-inside-container\"><\/div><\/div><\/div>\n<\/div>\n<\/div><\/div>\n\n<div class=\"gb-container gb-container-c4f2ffb8 atsls-modal atsls-modal-medium alignfull\" data-id=\"atsls-modal-medium\"><div class=\"gb-inside-container\">\n\n<h2 class=\"gb-headline gb-headline-63a91292 gb-headline-text\">GET IN TOUCH<\/h2>\n\n\n\n<p>Briefly tell us about your automation needs and we\u2019ll get back to you.<\/p>\n\n\n\n\n<!-- iframe plugin v.5.1 wordpress.org\/plugins\/iframe\/ -->\n<iframe loading=\"lazy\" data-cookieconsent=\"ignore\" id=\"pardot-iframe\" style=\"border: 0;\" src=\"https:\/\/go.atsautomation.com\/l\/651873\/2023-04-05\/h5mk32?Source_Page=platforms\" width=\"100%\" frameborder=\"0\" height=\"500\" scrolling=\"yes\" class=\"iframe-class\"><\/iframe>\n\n\n<\/div><\/div>","protected":false},"excerpt":{"rendered":"<p>KONFIGURIERBARE PLATTFORMEN GET IN TOUCH Briefly tell us about your automation needs and we\u2019ll get back to you.<\/p>\n","protected":false},"author":547,"featured_media":0,"parent":0,"menu_order":0,"comment_status":"closed","ping_status":"closed","template":"page-templates\/empty.php","meta":{"_acf_changed":false,"_cr_original_post":"","_cr_replace_post_id":"","_cr_replacing_post_id":"","inline_featured_image":false,"cover_image":0,"footnotes":""},"coauthors":[175],"class_list":["post-20418","page","type-page","status-publish","hentry"],"yoast_head":"<!-- This site is optimized with the Yoast SEO Premium plugin v26.8 (Yoast SEO v26.8) - https:\/\/yoast.com\/product\/yoast-seo-premium-wordpress\/ -->\n<title>Plattformen - ATS Life Sciences<\/title>\n<meta name=\"robots\" content=\"index, follow, max-snippet:-1, max-image-preview:large, max-video-preview:-1\" \/>\n<link rel=\"canonical\" href=\"https:\/\/www.atslifesciences.com\/de\/plattformen\/\" \/>\n<meta property=\"og:locale\" content=\"de_DE\" \/>\n<meta property=\"og:type\" content=\"article\" \/>\n<meta property=\"og:title\" content=\"Plattformen\" \/>\n<meta property=\"og:description\" content=\"KONFIGURIERBARE PLATTFORMEN GET IN TOUCH Briefly tell us about your automation needs and we\u2019ll get back to you.\" \/>\n<meta property=\"og:url\" content=\"https:\/\/www.atslifesciences.com\/de\/plattformen\/\" \/>\n<meta property=\"og:site_name\" content=\"ATS Life Sciences\" \/>\n<meta property=\"article:modified_time\" content=\"2024-09-16T02:47:47+00:00\" \/>\n<meta property=\"og:image\" content=\"https:\/\/www.atslifesciences.com\/wp-content\/uploads\/sites\/63\/2024\/06\/Machine-Render_60PPM_Hero-Image.jpg\" \/>\n<meta name=\"twitter:card\" content=\"summary_large_image\" \/>\n<meta name=\"twitter:label1\" content=\"Gesch\u00e4tzte Lesezeit\" \/>\n\t<meta name=\"twitter:data1\" content=\"2 Minuten\" \/>\n\t<meta name=\"twitter:label2\" content=\"Written by\" \/>\n\t<meta name=\"twitter:data2\" content=\"khaqanmahmood\" \/>\n<script type=\"application\/ld+json\" class=\"yoast-schema-graph\">{\"@context\":\"https:\/\/schema.org\",\"@graph\":[{\"@type\":\"WebPage\",\"@id\":\"https:\/\/www.atslifesciences.com\/de\/plattformen\/\",\"url\":\"https:\/\/www.atslifesciences.com\/de\/plattformen\/\",\"name\":\"Plattformen - ATS Life Sciences\",\"isPartOf\":{\"@id\":\"https:\/\/www.atslifesciences.com\/de\/#website\"},\"primaryImageOfPage\":{\"@id\":\"https:\/\/www.atslifesciences.com\/de\/plattformen\/#primaryimage\"},\"image\":{\"@id\":\"https:\/\/www.atslifesciences.com\/de\/plattformen\/#primaryimage\"},\"thumbnailUrl\":\"https:\/\/www.atslifesciences.com\/wp-content\/uploads\/sites\/63\/2024\/06\/Machine-Render_60PPM_Hero-Image.jpg\",\"datePublished\":\"2024-03-26T13:16:34+00:00\",\"dateModified\":\"2024-09-16T02:47:47+00:00\",\"breadcrumb\":{\"@id\":\"https:\/\/www.atslifesciences.com\/de\/plattformen\/#breadcrumb\"},\"inLanguage\":\"de-DE\",\"potentialAction\":[{\"@type\":\"ReadAction\",\"target\":[\"https:\/\/www.atslifesciences.com\/de\/plattformen\/\"]}]},{\"@type\":\"ImageObject\",\"inLanguage\":\"de-DE\",\"@id\":\"https:\/\/www.atslifesciences.com\/de\/plattformen\/#primaryimage\",\"url\":\"https:\/\/www.atslifesciences.com\/wp-content\/uploads\/sites\/63\/2024\/06\/Machine-Render_60PPM_Hero-Image.jpg\",\"contentUrl\":\"https:\/\/www.atslifesciences.com\/wp-content\/uploads\/sites\/63\/2024\/06\/Machine-Render_60PPM_Hero-Image.jpg\"},{\"@type\":\"BreadcrumbList\",\"@id\":\"https:\/\/www.atslifesciences.com\/de\/plattformen\/#breadcrumb\",\"itemListElement\":[{\"@type\":\"ListItem\",\"position\":1,\"name\":\"Home\",\"item\":\"https:\/\/www.atslifesciences.com\/de\/\"},{\"@type\":\"ListItem\",\"position\":2,\"name\":\"Plattformen\"}]},{\"@type\":\"WebSite\",\"@id\":\"https:\/\/www.atslifesciences.com\/de\/#website\",\"url\":\"https:\/\/www.atslifesciences.com\/de\/\",\"name\":\"ATS Life Sciences\",\"description\":\"\",\"potentialAction\":[{\"@type\":\"SearchAction\",\"target\":{\"@type\":\"EntryPoint\",\"urlTemplate\":\"https:\/\/www.atslifesciences.com\/de\/?s={search_term_string}\"},\"query-input\":{\"@type\":\"PropertyValueSpecification\",\"valueRequired\":true,\"valueName\":\"search_term_string\"}}],\"inLanguage\":\"de-DE\"}]}<\/script>\n<!-- \/ Yoast SEO Premium plugin. -->","yoast_head_json":{"title":"Plattformen - ATS Life Sciences","robots":{"index":"index","follow":"follow","max-snippet":"max-snippet:-1","max-image-preview":"max-image-preview:large","max-video-preview":"max-video-preview:-1"},"canonical":"https:\/\/www.atslifesciences.com\/de\/plattformen\/","og_locale":"de_DE","og_type":"article","og_title":"Plattformen","og_description":"KONFIGURIERBARE PLATTFORMEN GET IN TOUCH Briefly tell us about your automation needs and we\u2019ll get back to you.","og_url":"https:\/\/www.atslifesciences.com\/de\/plattformen\/","og_site_name":"ATS Life Sciences","article_modified_time":"2024-09-16T02:47:47+00:00","og_image":[{"url":"https:\/\/www.atslifesciences.com\/wp-content\/uploads\/sites\/63\/2024\/06\/Machine-Render_60PPM_Hero-Image.jpg","type":"","width":"","height":""}],"twitter_card":"summary_large_image","twitter_misc":{"Gesch\u00e4tzte Lesezeit":"2 Minuten","Written by":"khaqanmahmood"},"schema":{"@context":"https:\/\/schema.org","@graph":[{"@type":"WebPage","@id":"https:\/\/www.atslifesciences.com\/de\/plattformen\/","url":"https:\/\/www.atslifesciences.com\/de\/plattformen\/","name":"Plattformen - ATS Life Sciences","isPartOf":{"@id":"https:\/\/www.atslifesciences.com\/de\/#website"},"primaryImageOfPage":{"@id":"https:\/\/www.atslifesciences.com\/de\/plattformen\/#primaryimage"},"image":{"@id":"https:\/\/www.atslifesciences.com\/de\/plattformen\/#primaryimage"},"thumbnailUrl":"https:\/\/www.atslifesciences.com\/wp-content\/uploads\/sites\/63\/2024\/06\/Machine-Render_60PPM_Hero-Image.jpg","datePublished":"2024-03-26T13:16:34+00:00","dateModified":"2024-09-16T02:47:47+00:00","breadcrumb":{"@id":"https:\/\/www.atslifesciences.com\/de\/plattformen\/#breadcrumb"},"inLanguage":"de-DE","potentialAction":[{"@type":"ReadAction","target":["https:\/\/www.atslifesciences.com\/de\/plattformen\/"]}]},{"@type":"ImageObject","inLanguage":"de-DE","@id":"https:\/\/www.atslifesciences.com\/de\/plattformen\/#primaryimage","url":"https:\/\/www.atslifesciences.com\/wp-content\/uploads\/sites\/63\/2024\/06\/Machine-Render_60PPM_Hero-Image.jpg","contentUrl":"https:\/\/www.atslifesciences.com\/wp-content\/uploads\/sites\/63\/2024\/06\/Machine-Render_60PPM_Hero-Image.jpg"},{"@type":"BreadcrumbList","@id":"https:\/\/www.atslifesciences.com\/de\/plattformen\/#breadcrumb","itemListElement":[{"@type":"ListItem","position":1,"name":"Home","item":"https:\/\/www.atslifesciences.com\/de\/"},{"@type":"ListItem","position":2,"name":"Plattformen"}]},{"@type":"WebSite","@id":"https:\/\/www.atslifesciences.com\/de\/#website","url":"https:\/\/www.atslifesciences.com\/de\/","name":"ATS Life Sciences","description":"","potentialAction":[{"@type":"SearchAction","target":{"@type":"EntryPoint","urlTemplate":"https:\/\/www.atslifesciences.com\/de\/?s={search_term_string}"},"query-input":{"@type":"PropertyValueSpecification","valueRequired":true,"valueName":"search_term_string"}}],"inLanguage":"de-DE"}]}},"acf":[],"jetpack_sharing_enabled":true,"_links":{"self":[{"href":"https:\/\/www.atslifesciences.com\/de\/wp-json\/wp\/v2\/pages\/20418","targetHints":{"allow":["GET"]}}],"collection":[{"href":"https:\/\/www.atslifesciences.com\/de\/wp-json\/wp\/v2\/pages"}],"about":[{"href":"https:\/\/www.atslifesciences.com\/de\/wp-json\/wp\/v2\/types\/page"}],"author":[{"embeddable":true,"href":"https:\/\/www.atslifesciences.com\/de\/wp-json\/wp\/v2\/users\/547"}],"replies":[{"embeddable":true,"href":"https:\/\/www.atslifesciences.com\/de\/wp-json\/wp\/v2\/comments?post=20418"}],"version-history":[{"count":5,"href":"https:\/\/www.atslifesciences.com\/de\/wp-json\/wp\/v2\/pages\/20418\/revisions"}],"predecessor-version":[{"id":20747,"href":"https:\/\/www.atslifesciences.com\/de\/wp-json\/wp\/v2\/pages\/20418\/revisions\/20747"}],"wp:attachment":[{"href":"https:\/\/www.atslifesciences.com\/de\/wp-json\/wp\/v2\/media?parent=20418"}],"wp:term":[{"taxonomy":"author","embeddable":true,"href":"https:\/\/www.atslifesciences.com\/de\/wp-json\/wp\/v2\/coauthors?post=20418"}],"curies":[{"name":"wp","href":"https:\/\/api.w.org\/{rel}","templated":true}]}}