{"id":14436,"date":"2023-05-11T16:19:59","date_gmt":"2023-05-11T16:19:59","guid":{"rendered":"https:\/\/www.atslifesciences.com\/?page_id=14436"},"modified":"2024-11-07T21:35:49","modified_gmt":"2024-11-07T21:35:49","slug":"processes","status":"publish","type":"page","link":"https:\/\/www.atslifesciences.com\/de\/expertise\/processes\/","title":{"rendered":"Prozesse"},"content":{"rendered":"\n<div class=\"atsls-secondary-hero\" id=\"atsls-secondary-hero-block_a215035ac2f9382f6d6ac354e0d77fbf\">\n\n  <div class=\"inner-wrp\">\n\n    \n      <div class=\"background-wrp\" style=\"background-image: url(https:\/\/www.atslifesciences.com\/wp-content\/uploads\/sites\/63\/2024\/06\/processes.jpg);\">\n                  <div class=\"img-wrp\">\n            <img decoding=\"async\" src=\"https:\/\/www.atslifesciences.com\/wp-content\/uploads\/sites\/63\/2024\/06\/processes.jpg\">\n          <\/div>\n              <\/div>\n\n    \n    <div class=\"container\">\n\n      <div class=\"row\">\n\n        <div class=\"col-md-5\">\n\n          <div class=\"sub-title\">\n            <p>Spezialverfahren f\u00fcr die automatisierte Fertigung<\/p>\n          <\/div>\n          \n          <div class=\"title-part\">\n            <h1>SPEZIFISCHE FERTIGUNGSPROZESSE<\/h1>\n          <\/div>\n\n          <div class=\"description\">\n            <p>Fertigungsprozesse k\u00f6nnen hochkomplex sein. Sie haben hohe Qualit\u00e4tsstandards, um die GMP-Vorgaben einzuhalten und sichere Produkte auf den Markt zu bringen. Die Sicherstellung der Produktqualit\u00e4t und eine robuste Lieferkette sind erfolgsentscheidend.<\/p>\n          <\/div>\n\n          \n        <\/div>\n        \n      <\/div>\n\n    <\/div>\n  \n  <\/div>\n\n<\/div>\n\n<style type=\"text\/css\">\n#atsls-secondary-hero-block_a215035ac2f9382f6d6ac354e0d77fbf {\n  padding-top: 100px;\n  background-color: #0A2463;\n}\n\n#atsls-secondary-hero-block_a215035ac2f9382f6d6ac354e0d77fbf .inner-wrp {\n  padding-top: 6rem;\n  padding-bottom: 6rem;\n  position: relative;\n}\n\n\n#atsls-secondary-hero-block_a215035ac2f9382f6d6ac354e0d77fbf .inner-wrp .background-wrp {\n  background-repeat: no-repeat;\n  background-position: center;\n  background-size: cover;\n  position: relative;\n  width: 55%;\n  height: 100%;\n  position: absolute;\n  top: 0;\n  right: 0;\n  z-index: 1;\n  overflow: hidden;\n}\n#atsls-secondary-hero-block_a215035ac2f9382f6d6ac354e0d77fbf .inner-wrp .background-wrp .img-wrp {\n  display: none;\n  position: relative;\n  height: 0;\n  width: 100%;\n  padding-bottom: 56.25%;\n  margin-bottom: 0px;\n  overflow: hidden;\n}\n#atsls-secondary-hero-block_a215035ac2f9382f6d6ac354e0d77fbf .inner-wrp .background-wrp .img-wrp img {\n  position: absolute;\n  width: 100%;\n  height: 100%;\n  top: 0;\n  left: 0;\n  object-fit: cover;\n  object-position: center;\n}\n\n#atsls-secondary-hero-block_a215035ac2f9382f6d6ac354e0d77fbf .inner-wrp .background-video-wrp {\n  background-repeat: no-repeat;\n  background-position: center;\n  background-size: cover;\n  position: relative;\n  width: 55%;\n  height: 100%;\n  position: absolute;\n  top: 0;\n  right: 0;\n  z-index: 1;\n  overflow: hidden;\n}\n#atsls-secondary-hero-block_a215035ac2f9382f6d6ac354e0d77fbf .inner-wrp .background-video-wrp .video-wrp {\n  display: block;\n  position: relative;\n  height: 0;\n  width: 100%;\n  padding-bottom: 60%;\n  margin-bottom: 0px;\n  overflow: hidden;\n}\n#atsls-secondary-hero-block_a215035ac2f9382f6d6ac354e0d77fbf .inner-wrp .background-video-wrp .video-wrp video {\n  position: absolute;\n  width: 100%;\n  height: 100%;\n  top: 0;\n  left: 0;\n  object-fit: cover;\n  object-position: center;\n}\n\n#atsls-secondary-hero-block_a215035ac2f9382f6d6ac354e0d77fbf .container {\n  position: relative;\n  z-index: 2;\n}\n\n#atsls-secondary-hero-block_a215035ac2f9382f6d6ac354e0d77fbf .inner-wrp::after {\n  content: \"\";\n  width: 65%;\n  height: 100%;\n  position: absolute;\n  top: 0;\n  left: -10%;\n  transform: skew(-20deg);\n  background-color: #0A2463;\n  border-right: 6px solid #41BFAC;\n  z-index: 1;\n}\n#atsls-secondary-hero-block_a215035ac2f9382f6d6ac354e0d77fbf .title-part h1, #atsls-secondary-hero-block_a215035ac2f9382f6d6ac354e0d77fbf .title-part .h1 {\n  color: #FFF;\n  font-family: \"Roboto\", sans-serif;\n  font-size: 48px;\n  font-style: normal;\n  font-weight: 500;\n  line-height: normal;\n  margin-bottom: 15px;\n}\n.single-news-page #atsls-secondary-hero-block_a215035ac2f9382f6d6ac354e0d77fbf .title-part h1 {\n  font-size: 28px;\n  text-transform: unset;\n}\n#atsls-secondary-hero-block_a215035ac2f9382f6d6ac354e0d77fbf .sub-title p {\n  color: #9ACD4F;\n  \/* Subtitle *\/\n  font-family: \"Roboto\", sans-serif;\n  font-size: 16px;\n  font-style: normal;\n  font-weight: 500;\n  line-height: 140%; \/* 22.4px *\/\n  margin-bottom: 5px;\n}\n#atsls-secondary-hero-block_a215035ac2f9382f6d6ac354e0d77fbf .description p {\n  color: #FFF;\n  \/* Paragraph *\/\n  font-family: \"Roboto\", sans-serif;\n  font-size: 18px;\n  font-style: normal;\n  font-weight: 400;\n  line-height: 140%; \/* 25.2px *\/\n}\n#atsls-secondary-hero-block_a215035ac2f9382f6d6ac354e0d77fbf .cta-btn {\n  padding-top: 15px;\n}\n#atsls-secondary-hero-block_a215035ac2f9382f6d6ac354e0d77fbf .cta-btn a {\n  position: relative;\n  padding: 10px 40px !important;\n  transition: all ease 0.3s !important;\n  background-color: #9ACD4F;\n  text-decoration: none;\n  color: #071630;\n  font-size: 18px;\n}\n\n#atsls-secondary-hero-block_a215035ac2f9382f6d6ac354e0d77fbf .cta-btn a:before {\n  content: \"\" !important;\n  background-image: url('https:\/\/www.atslifesciences.com\/wp-content\/themes\/atsls-2024\/assets\/btn-icon.svg');\n  width: 30px;\n  height: 30px;\n  background-repeat: no-repeat;\n  background-position: center;\n  background-size: 30px 30px;\n  position: absolute;\n  top: 8px !important;\n  left: 20px !important;\n  opacity: 0;\n  transition: all ease 0.3s;\n}\n\n#atsls-secondary-hero-block_a215035ac2f9382f6d6ac354e0d77fbf .cta-btn a:hover {\n  padding-left: 60px !important;\n  padding-right: 20px !important;\n}\n#atsls-secondary-hero-block_a215035ac2f9382f6d6ac354e0d77fbf .cta-btn a:hover:before {\n  opacity: 1;\n}\n\n\n@media (max-width: 768px) {\n  #atsls-secondary-hero-block_a215035ac2f9382f6d6ac354e0d77fbf {\n    padding-top: 79px;\n  }\n  #atsls-secondary-hero-block_a215035ac2f9382f6d6ac354e0d77fbf .title-part h1 {\n    font-size: 30px;\n  }\n  #atsls-secondary-hero-block_a215035ac2f9382f6d6ac354e0d77fbf .inner-wrp {\n    padding-top: 0px;\n    padding-bottom: 32px;\n  }\n  #atsls-secondary-hero-block_a215035ac2f9382f6d6ac354e0d77fbf .inner-wrp::after {\n    width: 100%;\n    height: 100%;\n    left: 0;\n    top: 0;\n    transform: unset;\n    border: none;\n  }\n\n  #atsls-secondary-hero-block_a215035ac2f9382f6d6ac354e0d77fbf .inner-wrp .background-wrp {\n    width: 100%;\n    position: relative;\n    height: auto;\n    z-index: 2;\n    margin-bottom: 30px;\n  }\n  #atsls-secondary-hero-block_a215035ac2f9382f6d6ac354e0d77fbf .inner-wrp .background-wrp .img-wrp {\n    display: block;\n  }\n  #atsls-secondary-hero-block_a215035ac2f9382f6d6ac354e0d77fbf .inner-wrp .background-video-wrp {\n    width: 100%;\n    position: relative;\n    height: auto;\n    z-index: 2;\n    margin-bottom: 30px;\n  }\n}\n\n<\/style>\n\n\n<div class=\"gb-container gb-container-bdf86036\"><div class=\"gb-inside-container\">\n\n<h2 class=\"gb-headline gb-headline-727bb375 gb-headline-text\">Prozessf\u00e4higkeiten<\/h2>\n\n\n<div class=\"gb-grid-wrapper gb-grid-wrapper-2766c946 segments-card\">\n<div class=\"gb-grid-column gb-grid-column-c4b008d6\"><div class=\"gb-container gb-container-c4b008d6 card-item\"><div class=\"gb-inside-container\">\n\n<figure class=\"gb-block-image gb-block-image-45ba7da6\"><img decoding=\"async\" loading=\"lazy\" width=\"455\" height=\"250\" class=\"gb-image gb-image-45ba7da6\" src=\"https:\/\/ats-automation-develop.go-vip.net\/atsls2\/wp-content\/uploads\/sites\/65\/2023\/05\/8_3-rotating-drum-success-story.png\" alt=\"\" title=\"8_3-rotating-drum-success-story\" srcset=\"https:\/\/www.atslifesciences.com\/wp-content\/uploads\/sites\/63\/2023\/05\/8_3-rotating-drum-success-story.png 455w, https:\/\/www.atslifesciences.com\/wp-content\/uploads\/sites\/63\/2023\/05\/8_3-rotating-drum-success-story.png?resize=300,165 300w\" sizes=\"auto, (max-width: 455px) 100vw, 455px\" \/><\/figure>\n\n\n\n<h3 class=\"gb-headline gb-headline-961c6128 gb-headline-text\">Handhabung<\/h3>\n\n\n\n<p class=\"gb-headline gb-headline-85bd6cb5 gb-headline-text\">Materialhandling f\u00fcr den Transport von Bauteilen, Unterbaugruppen und Fertigprodukten, einschlie\u00dflich Bauteillogistik, Zuf\u00fchrung, Vorbehandlung und Qualit\u00e4tskontrolle. L\u00f6sungen f\u00fcr gestapelte Trays, Paletten, Massenkomponenten und mehr.<\/p>\n\n\n<div class=\"gb-button-wrapper gb-button-wrapper-65302de5\">\n\n<a class=\"gb-button gb-button-1872fabc gb-button-text\" href=\"https:\/\/atslifesciences.com\/de\/expertise\/processes\/handling\/\">Mehr erfahren<\/a>\n\n<\/div>\n<\/div><\/div><\/div>\n\n<div class=\"gb-grid-column gb-grid-column-e6a748b0\"><div class=\"gb-container gb-container-e6a748b0 card-item\"><div class=\"gb-inside-container\">\n\n<figure class=\"gb-block-image gb-block-image-ef4d1365\"><img decoding=\"async\" loading=\"lazy\" width=\"3001\" height=\"3000\" class=\"gb-image gb-image-ef4d1365\" src=\"https:\/\/ats-automation-develop.go-vip.net\/atsls2\/wp-content\/uploads\/sites\/65\/2023\/05\/manufacture.png\" alt=\"\" title=\"manufacture\" srcset=\"https:\/\/www.atslifesciences.com\/wp-content\/uploads\/sites\/63\/2023\/05\/manufacture.png 3001w, https:\/\/www.atslifesciences.com\/wp-content\/uploads\/sites\/63\/2023\/05\/manufacture.png?resize=150,150 150w, https:\/\/www.atslifesciences.com\/wp-content\/uploads\/sites\/63\/2023\/05\/manufacture.png?resize=300,300 300w, https:\/\/www.atslifesciences.com\/wp-content\/uploads\/sites\/63\/2023\/05\/manufacture.png?resize=768,768 768w, https:\/\/www.atslifesciences.com\/wp-content\/uploads\/sites\/63\/2023\/05\/manufacture.png?resize=1024,1024 1024w, https:\/\/www.atslifesciences.com\/wp-content\/uploads\/sites\/63\/2023\/05\/manufacture.png?resize=1536,1536 1536w, https:\/\/www.atslifesciences.com\/wp-content\/uploads\/sites\/63\/2023\/05\/manufacture.png?resize=2048,2048 2048w\" sizes=\"auto, (max-width: 3001px) 100vw, 3001px\" \/><\/figure>\n\n\n\n<h3 class=\"gb-headline gb-headline-e176cf28 gb-headline-text\">Herstellung<\/h3>\n\n\n\n<p class=\"gb-headline gb-headline-6578c42b gb-headline-text\">An der Fertigung Ihrer Produkte k\u00f6nnen viele verschiedene Prozesskombinationen beteiligt sein. Wir erf\u00fcllen Ihre Anforderungen f\u00fcr fl\u00fcssigkeitenbasierte Prozesse, Formung, Komponentenmanipulationen, Anbringen, Befestigen und Verkleben \u2013 mittels Laser, Ultraschall, Klebstoff.<\/p>\n\n\n<div class=\"gb-button-wrapper gb-button-wrapper-4fc2b496\">\n\n<a class=\"gb-button gb-button-b04cfb1a gb-button-text\" href=\"https:\/\/atslifesciences.com\/de\/expertise\/processes\/fertigung\/\">Mehr erfahren<\/a>\n\n<\/div>\n<\/div><\/div><\/div>\n\n<div class=\"gb-grid-column gb-grid-column-50000094\"><div class=\"gb-container gb-container-50000094 card-item\"><div class=\"gb-inside-container\">\n\n<figure class=\"gb-block-image gb-block-image-f3c5173c\"><img decoding=\"async\" loading=\"lazy\" width=\"1500\" height=\"1097\" class=\"gb-image gb-image-f3c5173c\" src=\"https:\/\/ats-automation-develop.go-vip.net\/atsls2\/wp-content\/uploads\/sites\/65\/2023\/05\/12270_034.png\" alt=\"\" title=\"12270_034\" srcset=\"https:\/\/www.atslifesciences.com\/wp-content\/uploads\/sites\/63\/2023\/05\/12270_034.png 1500w, https:\/\/www.atslifesciences.com\/wp-content\/uploads\/sites\/63\/2023\/05\/12270_034.png?resize=300,219 300w, https:\/\/www.atslifesciences.com\/wp-content\/uploads\/sites\/63\/2023\/05\/12270_034.png?resize=768,562 768w, https:\/\/www.atslifesciences.com\/wp-content\/uploads\/sites\/63\/2023\/05\/12270_034.png?resize=1024,749 1024w\" sizes=\"auto, (max-width: 1500px) 100vw, 1500px\" \/><\/figure>\n\n\n\n<h3 class=\"gb-headline gb-headline-dc68bec1 gb-headline-text\">Tests<\/h3>\n\n\n\n<p class=\"gb-headline gb-headline-0f11666e gb-headline-text\">Von intelligenten Sensoren bis hin zu Messsystemen setzen wir die entsprechenden Kontrollen und Verifizierungen ein, um die Betriebsumgebung, die Prozessschritte sowie das Prozess- und Endprodukt zu validieren. Bildverarbeitungssysteme, Echtzeit-Daten, Produktproben w\u00e4hrend des Prozesses.<\/p>\n\n\n<div class=\"gb-button-wrapper gb-button-wrapper-93c383d2\">\n\n<a class=\"gb-button gb-button-6a5cd3ef gb-button-text\" href=\"https:\/\/atslifesciences.com\/de\/expertise\/processes\/tests\/\">Mehr erfahren<\/a>\n\n<\/div>\n<\/div><\/div><\/div>\n\n<div class=\"gb-grid-column gb-grid-column-75e8241e\"><div class=\"gb-container gb-container-75e8241e card-item\"><div class=\"gb-inside-container\">\n\n<figure class=\"gb-block-image gb-block-image-660e774c\"><img decoding=\"async\" loading=\"lazy\" width=\"1185\" height=\"510\" class=\"gb-image gb-image-660e774c\" src=\"https:\/\/ats-automation-develop.go-vip.net\/atsls2\/wp-content\/uploads\/sites\/65\/2023\/05\/end-of-line.png\" alt=\"\" title=\"end of line\" srcset=\"https:\/\/www.atslifesciences.com\/wp-content\/uploads\/sites\/63\/2023\/05\/end-of-line.png 1185w, https:\/\/www.atslifesciences.com\/wp-content\/uploads\/sites\/63\/2023\/05\/end-of-line.png?resize=300,129 300w, https:\/\/www.atslifesciences.com\/wp-content\/uploads\/sites\/63\/2023\/05\/end-of-line.png?resize=768,331 768w, https:\/\/www.atslifesciences.com\/wp-content\/uploads\/sites\/63\/2023\/05\/end-of-line.png?resize=1024,441 1024w\" sizes=\"auto, (max-width: 1185px) 100vw, 1185px\" \/><\/figure>\n\n\n\n<h3 class=\"gb-headline gb-headline-d6d68224 gb-headline-text\">End-of-Line<\/h3>\n\n\n\n<p class=\"gb-headline gb-headline-ece7129c gb-headline-text\">Fertigerzeugnisse k\u00f6nnen in Schalen, Klappblister, Blister, Becher oder Beutel abgef\u00fcllt und anschlie\u00dfend in Form von Kits, Bechern oder Schalen mit mehreren F\u00e4chern weiter verpackt werden, bevor sie etikettiert und kartoniert werden. Desinfektions-, Palettier- und AMR-L\u00f6sungen vervollst\u00e4ndigen das Angebot.<\/p>\n\n\n<div class=\"gb-button-wrapper gb-button-wrapper-b54f8b80\">\n\n<a class=\"gb-button gb-button-bea4414e gb-button-text\" href=\"https:\/\/atslifesciences.com\/de\/expertise\/processes\/end-of-line\/\">Mehr erfahren<\/a>\n\n<\/div>\n<\/div><\/div><\/div>\n<\/div>\n\n<div class=\"gb-container gb-container-d8e03906\"><div class=\"gb-inside-container\"><\/div><\/div>\n<\/div><\/div>\n\n<div class=\"gb-container gb-container-8f2b40f6 alignfull\"><div class=\"gb-inside-container\">\n<div class=\"gb-grid-wrapper gb-grid-wrapper-e38c66c3\">\n<div class=\"gb-grid-column gb-grid-column-f4ea0eac\"><div class=\"gb-container gb-container-f4ea0eac\"><div class=\"gb-inside-container\">\n\n<h2 class=\"gb-headline gb-headline-5adb5275 gb-headline-text\">Spezifische Prozesse f\u00fcr Ihre Fertigungsautomatisierung<\/h2>\n\n\n\n<p class=\"has-white-color has-text-color\">Unsere Produkte und Dienstleistungen unterst\u00fctzen den gesamten Fertigungsprozess, von der Materialannahme bis zum fertigen und verpackten Produkt. Ganz gleich, ob Sie ein ma\u00dfgeschneidertes System, ein Standardger\u00e4t oder eine vollst\u00e4ndig integrierte Produktionslinie ben\u00f6tigen: Wir k\u00f6nnen Ihnen helfen.<\/p>\n\n\n<div class=\"gb-button-wrapper gb-button-wrapper-739011f7\">\n\n<a class=\"gb-button gb-button-e458903b gb-button-text atsls-btn atsls-modal-btn\" href=\"#\" data-id=\"atsls-modal-medium\">CONTACT US<\/a>\n\n<\/div>\n<\/div><\/div><\/div>\n\n<div class=\"gb-grid-column gb-grid-column-6a420282\"><div class=\"gb-container gb-container-6a420282\"><div class=\"gb-inside-container\"><\/div><\/div><\/div>\n<\/div>\n<\/div><\/div>\n\n<div class=\"gb-container gb-container-c4f2ffb8 atsls-modal atsls-modal-medium alignfull\" data-id=\"atsls-modal-medium\"><div class=\"gb-inside-container\">\n\n<h2 class=\"gb-headline gb-headline-63a91292 gb-headline-text\">GET IN TOUCH<\/h2>\n\n\n\n<p>Briefly tell us about your automation needs and we\u2019ll get back to you.<\/p>\n\n\n\n\n<!-- iframe plugin v.5.1 wordpress.org\/plugins\/iframe\/ -->\n<iframe loading=\"lazy\" id=\"pardot-iframe\" style=\"border: 0;\" src=\"https:\/\/go.atsautomation.com\/l\/651873\/2024-10-29\/h7hhlb?Source_Page=processes\" width=\"100%\" frameborder=\"0\" data-cookieconsent=\"marketing\" height=\"500\" scrolling=\"yes\" class=\"iframe-class\"><\/iframe>\n\n\n<\/div><\/div>","protected":false},"excerpt":{"rendered":"<p>Prozessf\u00e4higkeiten GET IN TOUCH Briefly tell us about your automation needs and we\u2019ll get back to you.<\/p>\n","protected":false},"author":435,"featured_media":0,"parent":9889,"menu_order":0,"comment_status":"closed","ping_status":"closed","template":"page-templates\/empty.php","meta":{"_acf_changed":false,"_cr_original_post":"","_cr_replace_post_id":"","_cr_replacing_post_id":"","inline_featured_image":false,"cover_image":0,"footnotes":""},"coauthors":[126],"class_list":["post-14436","page","type-page","status-publish","hentry"],"yoast_head":"<!-- This site is optimized with the Yoast SEO Premium plugin v26.8 (Yoast SEO v26.8) - https:\/\/yoast.com\/product\/yoast-seo-premium-wordpress\/ -->\n<title>Prozesse - ATS Life Sciences<\/title>\n<meta name=\"robots\" content=\"index, follow, max-snippet:-1, max-image-preview:large, max-video-preview:-1\" \/>\n<link rel=\"canonical\" href=\"https:\/\/www.atslifesciences.com\/de\/expertise\/processes\/\" \/>\n<meta property=\"og:locale\" content=\"de_DE\" \/>\n<meta property=\"og:type\" content=\"article\" \/>\n<meta property=\"og:title\" content=\"Prozesse\" \/>\n<meta property=\"og:description\" content=\"Prozessf\u00e4higkeiten GET IN TOUCH Briefly tell us about your automation needs and we\u2019ll get back to you.\" \/>\n<meta property=\"og:url\" content=\"https:\/\/www.atslifesciences.com\/de\/expertise\/processes\/\" \/>\n<meta property=\"og:site_name\" content=\"ATS Life Sciences\" \/>\n<meta property=\"article:modified_time\" content=\"2024-11-07T21:35:49+00:00\" \/>\n<meta property=\"og:image\" content=\"https:\/\/ats-automation-develop.go-vip.net\/atsls2\/wp-content\/uploads\/sites\/65\/2023\/05\/8_3-rotating-drum-success-story.png\" \/>\n<meta name=\"twitter:card\" content=\"summary_large_image\" \/>\n<meta name=\"twitter:label1\" content=\"Gesch\u00e4tzte Lesezeit\" \/>\n\t<meta name=\"twitter:data1\" content=\"2 Minuten\" \/>\n\t<meta name=\"twitter:label2\" content=\"Written by\" \/>\n\t<meta name=\"twitter:data2\" content=\"dave\" \/>\n<script type=\"application\/ld+json\" class=\"yoast-schema-graph\">{\"@context\":\"https:\/\/schema.org\",\"@graph\":[{\"@type\":\"WebPage\",\"@id\":\"https:\/\/www.atslifesciences.com\/de\/expertise\/processes\/\",\"url\":\"https:\/\/www.atslifesciences.com\/de\/expertise\/processes\/\",\"name\":\"Prozesse - ATS Life Sciences\",\"isPartOf\":{\"@id\":\"https:\/\/www.atslifesciences.com\/de\/#website\"},\"primaryImageOfPage\":{\"@id\":\"https:\/\/www.atslifesciences.com\/de\/expertise\/processes\/#primaryimage\"},\"image\":{\"@id\":\"https:\/\/www.atslifesciences.com\/de\/expertise\/processes\/#primaryimage\"},\"thumbnailUrl\":\"https:\/\/ats-automation-develop.go-vip.net\/atsls2\/wp-content\/uploads\/sites\/65\/2023\/05\/8_3-rotating-drum-success-story.png\",\"datePublished\":\"2023-05-11T16:19:59+00:00\",\"dateModified\":\"2024-11-07T21:35:49+00:00\",\"breadcrumb\":{\"@id\":\"https:\/\/www.atslifesciences.com\/de\/expertise\/processes\/#breadcrumb\"},\"inLanguage\":\"de-DE\",\"potentialAction\":[{\"@type\":\"ReadAction\",\"target\":[\"https:\/\/www.atslifesciences.com\/de\/expertise\/processes\/\"]}]},{\"@type\":\"ImageObject\",\"inLanguage\":\"de-DE\",\"@id\":\"https:\/\/www.atslifesciences.com\/de\/expertise\/processes\/#primaryimage\",\"url\":\"https:\/\/ats-automation-develop.go-vip.net\/atsls2\/wp-content\/uploads\/sites\/65\/2023\/05\/8_3-rotating-drum-success-story.png\",\"contentUrl\":\"https:\/\/ats-automation-develop.go-vip.net\/atsls2\/wp-content\/uploads\/sites\/65\/2023\/05\/8_3-rotating-drum-success-story.png\"},{\"@type\":\"BreadcrumbList\",\"@id\":\"https:\/\/www.atslifesciences.com\/de\/expertise\/processes\/#breadcrumb\",\"itemListElement\":[{\"@type\":\"ListItem\",\"position\":1,\"name\":\"Home\",\"item\":\"https:\/\/www.atslifesciences.com\/de\/\"},{\"@type\":\"ListItem\",\"position\":2,\"name\":\"Expertise\",\"item\":\"https:\/\/www.atslifesciences.com\/de\/expertise\/\"},{\"@type\":\"ListItem\",\"position\":3,\"name\":\"Prozesse\"}]},{\"@type\":\"WebSite\",\"@id\":\"https:\/\/www.atslifesciences.com\/de\/#website\",\"url\":\"https:\/\/www.atslifesciences.com\/de\/\",\"name\":\"ATS Life Sciences\",\"description\":\"\",\"potentialAction\":[{\"@type\":\"SearchAction\",\"target\":{\"@type\":\"EntryPoint\",\"urlTemplate\":\"https:\/\/www.atslifesciences.com\/de\/?s={search_term_string}\"},\"query-input\":{\"@type\":\"PropertyValueSpecification\",\"valueRequired\":true,\"valueName\":\"search_term_string\"}}],\"inLanguage\":\"de-DE\"}]}<\/script>\n<!-- \/ Yoast SEO Premium plugin. -->","yoast_head_json":{"title":"Prozesse - ATS Life Sciences","robots":{"index":"index","follow":"follow","max-snippet":"max-snippet:-1","max-image-preview":"max-image-preview:large","max-video-preview":"max-video-preview:-1"},"canonical":"https:\/\/www.atslifesciences.com\/de\/expertise\/processes\/","og_locale":"de_DE","og_type":"article","og_title":"Prozesse","og_description":"Prozessf\u00e4higkeiten GET IN TOUCH Briefly tell us about your automation needs and we\u2019ll get back to you.","og_url":"https:\/\/www.atslifesciences.com\/de\/expertise\/processes\/","og_site_name":"ATS Life Sciences","article_modified_time":"2024-11-07T21:35:49+00:00","og_image":[{"url":"https:\/\/ats-automation-develop.go-vip.net\/atsls2\/wp-content\/uploads\/sites\/65\/2023\/05\/8_3-rotating-drum-success-story.png","type":"","width":"","height":""}],"twitter_card":"summary_large_image","twitter_misc":{"Gesch\u00e4tzte Lesezeit":"2 Minuten","Written by":"dave"},"schema":{"@context":"https:\/\/schema.org","@graph":[{"@type":"WebPage","@id":"https:\/\/www.atslifesciences.com\/de\/expertise\/processes\/","url":"https:\/\/www.atslifesciences.com\/de\/expertise\/processes\/","name":"Prozesse - ATS Life Sciences","isPartOf":{"@id":"https:\/\/www.atslifesciences.com\/de\/#website"},"primaryImageOfPage":{"@id":"https:\/\/www.atslifesciences.com\/de\/expertise\/processes\/#primaryimage"},"image":{"@id":"https:\/\/www.atslifesciences.com\/de\/expertise\/processes\/#primaryimage"},"thumbnailUrl":"https:\/\/ats-automation-develop.go-vip.net\/atsls2\/wp-content\/uploads\/sites\/65\/2023\/05\/8_3-rotating-drum-success-story.png","datePublished":"2023-05-11T16:19:59+00:00","dateModified":"2024-11-07T21:35:49+00:00","breadcrumb":{"@id":"https:\/\/www.atslifesciences.com\/de\/expertise\/processes\/#breadcrumb"},"inLanguage":"de-DE","potentialAction":[{"@type":"ReadAction","target":["https:\/\/www.atslifesciences.com\/de\/expertise\/processes\/"]}]},{"@type":"ImageObject","inLanguage":"de-DE","@id":"https:\/\/www.atslifesciences.com\/de\/expertise\/processes\/#primaryimage","url":"https:\/\/ats-automation-develop.go-vip.net\/atsls2\/wp-content\/uploads\/sites\/65\/2023\/05\/8_3-rotating-drum-success-story.png","contentUrl":"https:\/\/ats-automation-develop.go-vip.net\/atsls2\/wp-content\/uploads\/sites\/65\/2023\/05\/8_3-rotating-drum-success-story.png"},{"@type":"BreadcrumbList","@id":"https:\/\/www.atslifesciences.com\/de\/expertise\/processes\/#breadcrumb","itemListElement":[{"@type":"ListItem","position":1,"name":"Home","item":"https:\/\/www.atslifesciences.com\/de\/"},{"@type":"ListItem","position":2,"name":"Expertise","item":"https:\/\/www.atslifesciences.com\/de\/expertise\/"},{"@type":"ListItem","position":3,"name":"Prozesse"}]},{"@type":"WebSite","@id":"https:\/\/www.atslifesciences.com\/de\/#website","url":"https:\/\/www.atslifesciences.com\/de\/","name":"ATS Life Sciences","description":"","potentialAction":[{"@type":"SearchAction","target":{"@type":"EntryPoint","urlTemplate":"https:\/\/www.atslifesciences.com\/de\/?s={search_term_string}"},"query-input":{"@type":"PropertyValueSpecification","valueRequired":true,"valueName":"search_term_string"}}],"inLanguage":"de-DE"}]}},"acf":[],"jetpack_sharing_enabled":true,"_links":{"self":[{"href":"https:\/\/www.atslifesciences.com\/de\/wp-json\/wp\/v2\/pages\/14436","targetHints":{"allow":["GET"]}}],"collection":[{"href":"https:\/\/www.atslifesciences.com\/de\/wp-json\/wp\/v2\/pages"}],"about":[{"href":"https:\/\/www.atslifesciences.com\/de\/wp-json\/wp\/v2\/types\/page"}],"author":[{"embeddable":true,"href":"https:\/\/www.atslifesciences.com\/de\/wp-json\/wp\/v2\/users\/435"}],"replies":[{"embeddable":true,"href":"https:\/\/www.atslifesciences.com\/de\/wp-json\/wp\/v2\/comments?post=14436"}],"version-history":[{"count":4,"href":"https:\/\/www.atslifesciences.com\/de\/wp-json\/wp\/v2\/pages\/14436\/revisions"}],"predecessor-version":[{"id":21205,"href":"https:\/\/www.atslifesciences.com\/de\/wp-json\/wp\/v2\/pages\/14436\/revisions\/21205"}],"up":[{"embeddable":true,"href":"https:\/\/www.atslifesciences.com\/de\/wp-json\/wp\/v2\/pages\/9889"}],"wp:attachment":[{"href":"https:\/\/www.atslifesciences.com\/de\/wp-json\/wp\/v2\/media?parent=14436"}],"wp:term":[{"taxonomy":"author","embeddable":true,"href":"https:\/\/www.atslifesciences.com\/de\/wp-json\/wp\/v2\/coauthors?post=14436"}],"curies":[{"name":"wp","href":"https:\/\/api.w.org\/{rel}","templated":true}]}}