{"id":13928,"date":"2023-04-26T17:23:24","date_gmt":"2023-04-26T17:23:24","guid":{"rendered":"https:\/\/www.atslifesciences.com\/automatisierungsloesungen\/montage\/autoinjektor-montage\/"},"modified":"2025-11-28T16:39:01","modified_gmt":"2025-11-28T16:39:01","slug":"autoinjektor-montage","status":"publish","type":"page","link":"https:\/\/www.atslifesciences.com\/de\/automatisierungsloesungen2\/montage\/autoinjektor-montage\/","title":{"rendered":"Autoinjektor-Montage"},"content":{"rendered":"\n<div class=\"atsls-secondary-hero\" id=\"atsls-secondary-hero-block_66709cd68a87b44e26ecf083a3bca535\">\n\n  <div class=\"inner-wrp\">\n\n    \n      <div class=\"background-wrp\" style=\"background-image: url(https:\/\/www.atslifesciences.com\/wp-content\/uploads\/sites\/63\/2024\/06\/autoinjector.jpg);\">\n                  <div class=\"img-wrp\">\n            <img decoding=\"async\" src=\"https:\/\/www.atslifesciences.com\/wp-content\/uploads\/sites\/63\/2024\/06\/autoinjector.jpg\">\n          <\/div>\n              <\/div>\n\n    \n    <div class=\"container\">\n\n      <div class=\"row\">\n\n        <div class=\"col-md-5\">\n\n          <div class=\"sub-title\">\n            <p>Marktf\u00fchrende Automatisierungsl\u00f6sungen f\u00fcr Autoinjektoren<\/p>\n          <\/div>\n          \n          <div class=\"title-part\">\n            <h1>AUTOINJEKTOR-Montage<\/h1>\n          <\/div>\n\n          <div class=\"description\">\n            <p>Mit der steigenden Nachfrage nach Hilfsmitteln f\u00fcr die Selbstverabreichung von Medikamenten werden auch die Rufe nach sicheren, zuverl\u00e4ssigen, standardkonformen, zeitsparenden und anpassbaren Herstellungsprozessen lauter. Bei uns erhalten Sie marktf\u00fchrende Automatisierungsl\u00f6sungen f\u00fcr die Herstellung von Autoinjektoren aus einer Hand.<\/p>\n          <\/div>\n\n          \n        <\/div>\n        \n      <\/div>\n\n    <\/div>\n  \n  <\/div>\n\n<\/div>\n\n<style type=\"text\/css\">\n#atsls-secondary-hero-block_66709cd68a87b44e26ecf083a3bca535 {\n  padding-top: 100px;\n  background-color: #0A2463;\n}\n\n#atsls-secondary-hero-block_66709cd68a87b44e26ecf083a3bca535 .inner-wrp {\n  padding-top: 6rem;\n  padding-bottom: 6rem;\n  position: relative;\n}\n\n\n#atsls-secondary-hero-block_66709cd68a87b44e26ecf083a3bca535 .inner-wrp .background-wrp {\n  background-repeat: no-repeat;\n  background-position: center;\n  background-size: cover;\n  position: relative;\n  width: 55%;\n  height: 100%;\n  position: absolute;\n  top: 0;\n  right: 0;\n  z-index: 1;\n  overflow: hidden;\n}\n#atsls-secondary-hero-block_66709cd68a87b44e26ecf083a3bca535 .inner-wrp .background-wrp .img-wrp {\n  display: none;\n  position: relative;\n  height: 0;\n  width: 100%;\n  padding-bottom: 56.25%;\n  margin-bottom: 0px;\n  overflow: hidden;\n}\n#atsls-secondary-hero-block_66709cd68a87b44e26ecf083a3bca535 .inner-wrp .background-wrp .img-wrp img {\n  position: absolute;\n  width: 100%;\n  height: 100%;\n  top: 0;\n  left: 0;\n  object-fit: cover;\n  object-position: center;\n}\n\n#atsls-secondary-hero-block_66709cd68a87b44e26ecf083a3bca535 .inner-wrp .background-video-wrp {\n  background-repeat: no-repeat;\n  background-position: center;\n  background-size: cover;\n  position: relative;\n  width: 55%;\n  height: 100%;\n  position: absolute;\n  top: 0;\n  right: 0;\n  z-index: 1;\n  overflow: hidden;\n}\n#atsls-secondary-hero-block_66709cd68a87b44e26ecf083a3bca535 .inner-wrp .background-video-wrp .video-wrp {\n  display: block;\n  position: relative;\n  height: 0;\n  width: 100%;\n  padding-bottom: 60%;\n  margin-bottom: 0px;\n  overflow: hidden;\n}\n#atsls-secondary-hero-block_66709cd68a87b44e26ecf083a3bca535 .inner-wrp .background-video-wrp .video-wrp video {\n  position: absolute;\n  width: 100%;\n  height: 100%;\n  top: 0;\n  left: 0;\n  object-fit: cover;\n  object-position: center;\n}\n\n#atsls-secondary-hero-block_66709cd68a87b44e26ecf083a3bca535 .container {\n  position: relative;\n  z-index: 2;\n}\n\n#atsls-secondary-hero-block_66709cd68a87b44e26ecf083a3bca535 .inner-wrp::after {\n  content: \"\";\n  width: 65%;\n  height: 100%;\n  position: absolute;\n  top: 0;\n  left: -10%;\n  transform: skew(-20deg);\n  background-color: #0A2463;\n  border-right: 6px solid #41BFAC;\n  z-index: 1;\n}\n#atsls-secondary-hero-block_66709cd68a87b44e26ecf083a3bca535 .title-part h1, #atsls-secondary-hero-block_66709cd68a87b44e26ecf083a3bca535 .title-part .h1 {\n  color: #FFF;\n  font-family: \"Roboto\", sans-serif;\n  font-size: 48px;\n  font-style: normal;\n  font-weight: 500;\n  line-height: normal;\n  margin-bottom: 15px;\n}\n.single-news-page #atsls-secondary-hero-block_66709cd68a87b44e26ecf083a3bca535 .title-part h1 {\n  font-size: 28px;\n  text-transform: unset;\n}\n#atsls-secondary-hero-block_66709cd68a87b44e26ecf083a3bca535 .sub-title p {\n  color: #9ACD4F;\n  \/* Subtitle *\/\n  font-family: \"Roboto\", sans-serif;\n  font-size: 16px;\n  font-style: normal;\n  font-weight: 500;\n  line-height: 140%; \/* 22.4px *\/\n  margin-bottom: 5px;\n}\n#atsls-secondary-hero-block_66709cd68a87b44e26ecf083a3bca535 .description p {\n  color: #FFF;\n  \/* Paragraph *\/\n  font-family: \"Roboto\", sans-serif;\n  font-size: 18px;\n  font-style: normal;\n  font-weight: 400;\n  line-height: 140%; \/* 25.2px *\/\n}\n#atsls-secondary-hero-block_66709cd68a87b44e26ecf083a3bca535 .cta-btn {\n  padding-top: 15px;\n}\n#atsls-secondary-hero-block_66709cd68a87b44e26ecf083a3bca535 .cta-btn a {\n  position: relative;\n  padding: 10px 40px !important;\n  transition: all ease 0.3s !important;\n  background-color: #9ACD4F;\n  text-decoration: none;\n  color: #071630;\n  font-size: 18px;\n}\n\n#atsls-secondary-hero-block_66709cd68a87b44e26ecf083a3bca535 .cta-btn a:before {\n  content: \"\" !important;\n  background-image: url('https:\/\/www.atslifesciences.com\/wp-content\/themes\/atsls-2024\/assets\/btn-icon.svg');\n  width: 30px;\n  height: 30px;\n  background-repeat: no-repeat;\n  background-position: center;\n  background-size: 30px 30px;\n  position: absolute;\n  top: 8px !important;\n  left: 20px !important;\n  opacity: 0;\n  transition: all ease 0.3s;\n}\n\n#atsls-secondary-hero-block_66709cd68a87b44e26ecf083a3bca535 .cta-btn a:hover {\n  padding-left: 60px !important;\n  padding-right: 20px !important;\n}\n#atsls-secondary-hero-block_66709cd68a87b44e26ecf083a3bca535 .cta-btn a:hover:before {\n  opacity: 1;\n}\n\n\n@media (max-width: 768px) {\n  #atsls-secondary-hero-block_66709cd68a87b44e26ecf083a3bca535 {\n    padding-top: 79px;\n  }\n  #atsls-secondary-hero-block_66709cd68a87b44e26ecf083a3bca535 .title-part h1 {\n    font-size: 30px;\n  }\n  #atsls-secondary-hero-block_66709cd68a87b44e26ecf083a3bca535 .inner-wrp {\n    padding-top: 0px;\n    padding-bottom: 32px;\n  }\n  #atsls-secondary-hero-block_66709cd68a87b44e26ecf083a3bca535 .inner-wrp::after {\n    width: 100%;\n    height: 100%;\n    left: 0;\n    top: 0;\n    transform: unset;\n    border: none;\n  }\n\n  #atsls-secondary-hero-block_66709cd68a87b44e26ecf083a3bca535 .inner-wrp .background-wrp {\n    width: 100%;\n    position: relative;\n    height: auto;\n    z-index: 2;\n    margin-bottom: 30px;\n  }\n  #atsls-secondary-hero-block_66709cd68a87b44e26ecf083a3bca535 .inner-wrp .background-wrp .img-wrp {\n    display: block;\n  }\n  #atsls-secondary-hero-block_66709cd68a87b44e26ecf083a3bca535 .inner-wrp .background-video-wrp {\n    width: 100%;\n    position: relative;\n    height: auto;\n    z-index: 2;\n    margin-bottom: 30px;\n  }\n}\n\n<\/style>\n\n\n<div class=\"gb-container gb-container-0fdfa3be alignfull\"><div class=\"gb-inside-container\">\n\n<h2 class=\"gb-headline gb-headline-9867b477 gb-headline-text\">Autoinjektor-Plattformen<\/h2>\n\n\n<div class=\"gb-grid-wrapper gb-grid-wrapper-c6daeb78 segments-card\">\n<div class=\"gb-grid-column gb-grid-column-fc0f74f5\"><div class=\"gb-container gb-container-fc0f74f5 card-item\"><div class=\"gb-inside-container\">\n\n<figure class=\"gb-block-image gb-block-image-d2a8fd54\"><img decoding=\"async\" loading=\"lazy\" width=\"1000\" height=\"667\" class=\"gb-image gb-image-d2a8fd54\" src=\"https:\/\/www.atslifesciences.com\/wp-content\/uploads\/sites\/63\/2023\/04\/shutterstock_1848164518.jpg\" alt=\"Autoinjector pre-assembly\" title=\"autoinjector pre-assembly\" srcset=\"https:\/\/www.atslifesciences.com\/wp-content\/uploads\/sites\/63\/2023\/04\/shutterstock_1848164518.jpg 1000w, https:\/\/www.atslifesciences.com\/wp-content\/uploads\/sites\/63\/2023\/04\/shutterstock_1848164518.jpg?resize=300,200 300w, https:\/\/www.atslifesciences.com\/wp-content\/uploads\/sites\/63\/2023\/04\/shutterstock_1848164518.jpg?resize=768,512 768w\" sizes=\"auto, (max-width: 1000px) 100vw, 1000px\" \/><\/figure>\n\n\n\n<h3 class=\"gb-headline gb-headline-8bed751e gb-headline-text\">Vormontage<\/h3>\n\n\n\n<p class=\"gb-headline gb-headline-181e7e46 gb-headline-text\">Unsere Systeme bewerkstelligen die Vormontage von mechanischen Teilen (\u00fcblicherweise 10 bis 15&nbsp;Teile) wie auch die Vormontage der Pen-Kan\u00fcle (mit Kan\u00fcle verklebter Kan\u00fclenansatz, Schutzkappe und abgedichteter Beh\u00e4lter).<\/p>\n\n\n<div class=\"gb-button-wrapper gb-button-wrapper-4b25f6bd\">\n\n<a class=\"gb-button gb-button-ef9ca3f6 gb-button-text\" href=\"https:\/\/www.atslifesciences.com\/de\/automatisierungsloesungen\/montage\/autoinjektor-montage\/autoinjektor-vormontage\/\">Mehr erfahren<\/a>\n\n<\/div>\n<\/div><\/div><\/div>\n\n<div class=\"gb-grid-column gb-grid-column-48a2d229\"><div class=\"gb-container gb-container-48a2d229 card-item\"><div class=\"gb-inside-container\">\n\n<figure class=\"gb-block-image gb-block-image-b84aa56e\"><img decoding=\"async\" loading=\"lazy\" width=\"2048\" height=\"1365\" class=\"gb-image gb-image-b84aa56e\" src=\"https:\/\/www.atslifesciences.com\/wp-content\/uploads\/sites\/63\/2023\/03\/Autoinjectors-and-Pens.jpg\" alt=\"\" title=\"Autoinjector-Pens\" srcset=\"https:\/\/www.atslifesciences.com\/wp-content\/uploads\/sites\/63\/2023\/03\/Autoinjectors-and-Pens.jpg 2048w, https:\/\/www.atslifesciences.com\/wp-content\/uploads\/sites\/63\/2023\/03\/Autoinjectors-and-Pens.jpg?resize=300,200 300w, https:\/\/www.atslifesciences.com\/wp-content\/uploads\/sites\/63\/2023\/03\/Autoinjectors-and-Pens.jpg?resize=768,512 768w, https:\/\/www.atslifesciences.com\/wp-content\/uploads\/sites\/63\/2023\/03\/Autoinjectors-and-Pens.jpg?resize=1024,683 1024w, https:\/\/www.atslifesciences.com\/wp-content\/uploads\/sites\/63\/2023\/03\/Autoinjectors-and-Pens.jpg?resize=1536,1024 1536w\" sizes=\"auto, (max-width: 2048px) 100vw, 2048px\" \/><\/figure>\n\n\n\n<h3 class=\"gb-headline gb-headline-5e90f485 gb-headline-text\">Endmontage<\/h3>\n\n\n\n<p class=\"gb-headline gb-headline-c5fc3842 gb-headline-text\">Unsere Autoinjektor-Montagesysteme eignen sich f\u00fcr alle Arten von Autoinjektoren und bieten skalierbare Ausbringungsraten von 2&nbsp;Teilen pro Minute bis 320&nbsp;Teilen pro Minute. Sie sind wahlweise in Standardausf\u00fchrungen oder als Sonderkonstruktionen erh\u00e4ltlich.<\/p>\n\n\n<div class=\"gb-button-wrapper gb-button-wrapper-be6e3192\">\n\n<a class=\"gb-button gb-button-bb857de5 gb-button-text\" href=\"https:\/\/www.atslifesciences.com\/de\/automatisierungsloesungen\/montage\/autoinjektor-montage\/autoinjektor-endmontage\/\">Mehr erfahren<\/a>\n\n<\/div>\n<\/div><\/div><\/div>\n\n<div class=\"gb-grid-column gb-grid-column-2eb2437b\"><div class=\"gb-container gb-container-2eb2437b card-item\"><div class=\"gb-inside-container\">\n\n<figure class=\"gb-block-image gb-block-image-941ce3ae\"><img decoding=\"async\" loading=\"lazy\" width=\"1500\" height=\"994\" class=\"gb-image gb-image-941ce3ae\" src=\"https:\/\/www.atslifesciences.com\/wp-content\/uploads\/sites\/63\/2023\/04\/Insulin-Pens-135416747.png\" alt=\"\" title=\"Insulin-Pens-135416747\" srcset=\"https:\/\/www.atslifesciences.com\/wp-content\/uploads\/sites\/63\/2023\/04\/Insulin-Pens-135416747.png 1500w, https:\/\/www.atslifesciences.com\/wp-content\/uploads\/sites\/63\/2023\/04\/Insulin-Pens-135416747.png?resize=300,199 300w, https:\/\/www.atslifesciences.com\/wp-content\/uploads\/sites\/63\/2023\/04\/Insulin-Pens-135416747.png?resize=768,509 768w, https:\/\/www.atslifesciences.com\/wp-content\/uploads\/sites\/63\/2023\/04\/Insulin-Pens-135416747.png?resize=1024,679 1024w\" sizes=\"auto, (max-width: 1500px) 100vw, 1500px\" \/><\/figure>\n\n\n\n<h3 class=\"gb-headline gb-headline-deafe9db gb-headline-text\">Montage von Pen-Nadeln<\/h3>\n\n\n\n<p class=\"gb-headline gb-headline-4765099c gb-headline-text\">Bei uns finden Sie verschiedene Optionen f\u00fcr die Montage von Pen-Korpus und Pen-Nadel sowie f\u00fcr die Endmontage von Pen, Standard- und Sicherheitsnadeln und Endverpackung. Wahlweise sind Konfigurationen mit einem oder mehreren Modulen verf\u00fcgbar.<\/p>\n\n\n<div class=\"gb-button-wrapper gb-button-wrapper-cf9f5abb\">\n\n<a class=\"gb-button gb-button-f95c3eb5 gb-button-text\" href=\"https:\/\/www.atslifesciences.com\/de\/automatisierungsloesungen\/montage\/autoinjektor-montage\/pen-nadel-montage\/\">Mehr erfahren<\/a>\n\n<\/div>\n<\/div><\/div><\/div>\n<\/div>\n<\/div><\/div>\n\n<div class=\"gb-container gb-container-3dfa0c66 alignfull\"><div class=\"gb-inside-container\">\n<div class=\"gb-grid-wrapper gb-grid-wrapper-c5453c37\">\n<div class=\"gb-grid-column gb-grid-column-a931818f\"><div class=\"gb-container gb-container-a931818f\"><div class=\"gb-inside-container\">\n\n<h2 class=\"gb-headline gb-headline-1a9fa1b7 gb-headline-text\">Sie suchen nach einer standardisierten Plattform oder m\u00f6chten das Potenzial einer ma\u00dfgeschneiderten Option ausloten?<\/h2>\n\n\n\n<p class=\"has-white-color has-text-color\">Bei uns finden Sie bew\u00e4hrte L\u00f6sungen, mit denen Sie Ihre Fertigungskapazit\u00e4ten in Bezug auf Autoinjektoren und Pens zum Einmalgebrauch f\u00fcr kurzfristig erzielbare Resultate hochfahren k\u00f6nnen. Alternativ erarbeiten wir gemeinsam mit Ihnen eine vollst\u00e4ndig ma\u00dfgeschneiderte Linie f\u00fcr mehrere Produkte.<\/p>\n\n\n<div class=\"gb-button-wrapper gb-button-wrapper-739011f7\">\n\n<a class=\"gb-button gb-button-e458903b gb-button-text atsls-btn atsls-modal-btn\" href=\"#\" data-id=\"atsls-modal-medium\">Kontakt<\/a>\n\n<\/div>\n<\/div><\/div><\/div>\n\n<div class=\"gb-grid-column gb-grid-column-e5dee76f\"><div class=\"gb-container gb-container-e5dee76f\"><div class=\"gb-inside-container\"><\/div><\/div><\/div>\n<\/div>\n<\/div><\/div>\n\n<div class=\"gb-container gb-container-c4f2ffb8 atsls-modal atsls-modal-medium alignfull\" data-id=\"atsls-modal-medium\"><div class=\"gb-inside-container\">\n\n<h2 class=\"gb-headline gb-headline-63a91292 gb-headline-text\">KONTAKT<\/h2>\n\n\n\n\n<!-- iframe plugin v.5.1 wordpress.org\/plugins\/iframe\/ -->\n<iframe loading=\"lazy\" data-cookieconsent=\"ignore\" id=\"pardot-iframe\" style=\"border: 0;\" src=\"https:\/\/go.atsautomation.com\/l\/651873\/2024-10-29\/h7hhlb?Source_Page=autoinjector\" width=\"100%\" frameborder=\"0\" height=\"500\" scrolling=\"yes\" class=\"iframe-class\"><\/iframe>\n <script type=\"text\/javascript\">\nvar pardot_iframe= document.getElementById('pardot-iframe');\npardot_iframe.src = pardot_iframe.src + '&' + window.location.search.substr(1);\n<\/script>\n\n<\/div><\/div>","protected":false},"excerpt":{"rendered":"<p>Autoinjektor-Plattformen KONTAKT<\/p>\n","protected":false},"author":435,"featured_media":0,"parent":13884,"menu_order":0,"comment_status":"closed","ping_status":"closed","template":"page-templates\/empty.php","meta":{"_acf_changed":false,"_cr_original_post":"","_cr_replace_post_id":"","_cr_replacing_post_id":"","inline_featured_image":false,"cover_image":0,"footnotes":""},"coauthors":[126],"class_list":["post-13928","page","type-page","status-publish","hentry"],"yoast_head":"<!-- This site is optimized with the Yoast SEO Premium plugin v26.8 (Yoast SEO v26.8) - https:\/\/yoast.com\/product\/yoast-seo-premium-wordpress\/ -->\n<title>Autoinjektor-Montage - ATS Life Sciences<\/title>\n<meta name=\"description\" content=\"Skalieren Sie die Produktion von Autoinjektoren mit bew\u00e4hrter, anpassbarer Automatisierung. Von Vormontage bis zur Endverpackung \u2013 ATS liefert. Jetzt informieren!\" \/>\n<meta name=\"robots\" content=\"index, follow, max-snippet:-1, max-image-preview:large, max-video-preview:-1\" \/>\n<link rel=\"canonical\" href=\"https:\/\/www.atslifesciences.com\/de\/automatisierungsloesungen2\/montage\/autoinjektor-montage\/\" \/>\n<meta property=\"og:locale\" content=\"de_DE\" \/>\n<meta property=\"og:type\" content=\"article\" \/>\n<meta property=\"og:title\" content=\"Autoinjektor-Montage\" \/>\n<meta property=\"og:description\" content=\"Skalieren Sie die Produktion von Autoinjektoren mit bew\u00e4hrter, anpassbarer Automatisierung. Von Vormontage bis zur Endverpackung \u2013 ATS liefert. Jetzt informieren!\" \/>\n<meta property=\"og:url\" content=\"https:\/\/www.atslifesciences.com\/de\/automatisierungsloesungen2\/montage\/autoinjektor-montage\/\" \/>\n<meta property=\"og:site_name\" content=\"ATS Life Sciences\" \/>\n<meta property=\"article:modified_time\" content=\"2025-11-28T16:39:01+00:00\" \/>\n<meta property=\"og:image\" content=\"https:\/\/www.atslifesciences.com\/wp-content\/uploads\/sites\/63\/2023\/04\/shutterstock_1848164518.jpg\" \/>\n<meta name=\"twitter:card\" content=\"summary_large_image\" \/>\n<meta name=\"twitter:label1\" content=\"Gesch\u00e4tzte Lesezeit\" \/>\n\t<meta name=\"twitter:data1\" content=\"2 Minuten\" \/>\n\t<meta name=\"twitter:label2\" content=\"Written by\" \/>\n\t<meta name=\"twitter:data2\" content=\"dave\" \/>\n<script type=\"application\/ld+json\" class=\"yoast-schema-graph\">{\"@context\":\"https:\/\/schema.org\",\"@graph\":[{\"@type\":\"WebPage\",\"@id\":\"https:\/\/www.atslifesciences.com\/de\/automatisierungsloesungen2\/montage\/autoinjektor-montage\/\",\"url\":\"https:\/\/www.atslifesciences.com\/de\/automatisierungsloesungen2\/montage\/autoinjektor-montage\/\",\"name\":\"Autoinjektor-Montage - ATS Life Sciences\",\"isPartOf\":{\"@id\":\"https:\/\/www.atslifesciences.com\/de\/#website\"},\"primaryImageOfPage\":{\"@id\":\"https:\/\/www.atslifesciences.com\/de\/automatisierungsloesungen2\/montage\/autoinjektor-montage\/#primaryimage\"},\"image\":{\"@id\":\"https:\/\/www.atslifesciences.com\/de\/automatisierungsloesungen2\/montage\/autoinjektor-montage\/#primaryimage\"},\"thumbnailUrl\":\"https:\/\/www.atslifesciences.com\/wp-content\/uploads\/sites\/63\/2023\/04\/shutterstock_1848164518.jpg\",\"datePublished\":\"2023-04-26T17:23:24+00:00\",\"dateModified\":\"2025-11-28T16:39:01+00:00\",\"description\":\"Skalieren Sie die Produktion von Autoinjektoren mit bew\u00e4hrter, anpassbarer Automatisierung. Von Vormontage bis zur Endverpackung \u2013 ATS liefert. Jetzt informieren!\",\"breadcrumb\":{\"@id\":\"https:\/\/www.atslifesciences.com\/de\/automatisierungsloesungen2\/montage\/autoinjektor-montage\/#breadcrumb\"},\"inLanguage\":\"de-DE\",\"potentialAction\":[{\"@type\":\"ReadAction\",\"target\":[\"https:\/\/www.atslifesciences.com\/de\/automatisierungsloesungen2\/montage\/autoinjektor-montage\/\"]}]},{\"@type\":\"ImageObject\",\"inLanguage\":\"de-DE\",\"@id\":\"https:\/\/www.atslifesciences.com\/de\/automatisierungsloesungen2\/montage\/autoinjektor-montage\/#primaryimage\",\"url\":\"https:\/\/www.atslifesciences.com\/wp-content\/uploads\/sites\/63\/2023\/04\/shutterstock_1848164518.jpg\",\"contentUrl\":\"https:\/\/www.atslifesciences.com\/wp-content\/uploads\/sites\/63\/2023\/04\/shutterstock_1848164518.jpg\"},{\"@type\":\"BreadcrumbList\",\"@id\":\"https:\/\/www.atslifesciences.com\/de\/automatisierungsloesungen2\/montage\/autoinjektor-montage\/#breadcrumb\",\"itemListElement\":[{\"@type\":\"ListItem\",\"position\":1,\"name\":\"Home\",\"item\":\"https:\/\/www.atslifesciences.com\/de\/\"},{\"@type\":\"ListItem\",\"position\":2,\"name\":\"MONTAGE\",\"item\":\"https:\/\/www.atslifesciences.com\/de\/automatisierungsloesungen__trashed\/montage\/\"},{\"@type\":\"ListItem\",\"position\":3,\"name\":\"Autoinjektor-Montage\"}]},{\"@type\":\"WebSite\",\"@id\":\"https:\/\/www.atslifesciences.com\/de\/#website\",\"url\":\"https:\/\/www.atslifesciences.com\/de\/\",\"name\":\"ATS Life Sciences\",\"description\":\"\",\"potentialAction\":[{\"@type\":\"SearchAction\",\"target\":{\"@type\":\"EntryPoint\",\"urlTemplate\":\"https:\/\/www.atslifesciences.com\/de\/?s={search_term_string}\"},\"query-input\":{\"@type\":\"PropertyValueSpecification\",\"valueRequired\":true,\"valueName\":\"search_term_string\"}}],\"inLanguage\":\"de-DE\"}]}<\/script>\n<!-- \/ Yoast SEO Premium plugin. -->","yoast_head_json":{"title":"Autoinjektor-Montage - ATS Life Sciences","description":"Skalieren Sie die Produktion von Autoinjektoren mit bew\u00e4hrter, anpassbarer Automatisierung. Von Vormontage bis zur Endverpackung \u2013 ATS liefert. Jetzt informieren!","robots":{"index":"index","follow":"follow","max-snippet":"max-snippet:-1","max-image-preview":"max-image-preview:large","max-video-preview":"max-video-preview:-1"},"canonical":"https:\/\/www.atslifesciences.com\/de\/automatisierungsloesungen2\/montage\/autoinjektor-montage\/","og_locale":"de_DE","og_type":"article","og_title":"Autoinjektor-Montage","og_description":"Skalieren Sie die Produktion von Autoinjektoren mit bew\u00e4hrter, anpassbarer Automatisierung. Von Vormontage bis zur Endverpackung \u2013 ATS liefert. Jetzt informieren!","og_url":"https:\/\/www.atslifesciences.com\/de\/automatisierungsloesungen2\/montage\/autoinjektor-montage\/","og_site_name":"ATS Life Sciences","article_modified_time":"2025-11-28T16:39:01+00:00","og_image":[{"url":"https:\/\/www.atslifesciences.com\/wp-content\/uploads\/sites\/63\/2023\/04\/shutterstock_1848164518.jpg","type":"","width":"","height":""}],"twitter_card":"summary_large_image","twitter_misc":{"Gesch\u00e4tzte Lesezeit":"2 Minuten","Written by":"dave"},"schema":{"@context":"https:\/\/schema.org","@graph":[{"@type":"WebPage","@id":"https:\/\/www.atslifesciences.com\/de\/automatisierungsloesungen2\/montage\/autoinjektor-montage\/","url":"https:\/\/www.atslifesciences.com\/de\/automatisierungsloesungen2\/montage\/autoinjektor-montage\/","name":"Autoinjektor-Montage - ATS Life Sciences","isPartOf":{"@id":"https:\/\/www.atslifesciences.com\/de\/#website"},"primaryImageOfPage":{"@id":"https:\/\/www.atslifesciences.com\/de\/automatisierungsloesungen2\/montage\/autoinjektor-montage\/#primaryimage"},"image":{"@id":"https:\/\/www.atslifesciences.com\/de\/automatisierungsloesungen2\/montage\/autoinjektor-montage\/#primaryimage"},"thumbnailUrl":"https:\/\/www.atslifesciences.com\/wp-content\/uploads\/sites\/63\/2023\/04\/shutterstock_1848164518.jpg","datePublished":"2023-04-26T17:23:24+00:00","dateModified":"2025-11-28T16:39:01+00:00","description":"Skalieren Sie die Produktion von Autoinjektoren mit bew\u00e4hrter, anpassbarer Automatisierung. Von Vormontage bis zur Endverpackung \u2013 ATS liefert. Jetzt informieren!","breadcrumb":{"@id":"https:\/\/www.atslifesciences.com\/de\/automatisierungsloesungen2\/montage\/autoinjektor-montage\/#breadcrumb"},"inLanguage":"de-DE","potentialAction":[{"@type":"ReadAction","target":["https:\/\/www.atslifesciences.com\/de\/automatisierungsloesungen2\/montage\/autoinjektor-montage\/"]}]},{"@type":"ImageObject","inLanguage":"de-DE","@id":"https:\/\/www.atslifesciences.com\/de\/automatisierungsloesungen2\/montage\/autoinjektor-montage\/#primaryimage","url":"https:\/\/www.atslifesciences.com\/wp-content\/uploads\/sites\/63\/2023\/04\/shutterstock_1848164518.jpg","contentUrl":"https:\/\/www.atslifesciences.com\/wp-content\/uploads\/sites\/63\/2023\/04\/shutterstock_1848164518.jpg"},{"@type":"BreadcrumbList","@id":"https:\/\/www.atslifesciences.com\/de\/automatisierungsloesungen2\/montage\/autoinjektor-montage\/#breadcrumb","itemListElement":[{"@type":"ListItem","position":1,"name":"Home","item":"https:\/\/www.atslifesciences.com\/de\/"},{"@type":"ListItem","position":2,"name":"MONTAGE","item":"https:\/\/www.atslifesciences.com\/de\/automatisierungsloesungen__trashed\/montage\/"},{"@type":"ListItem","position":3,"name":"Autoinjektor-Montage"}]},{"@type":"WebSite","@id":"https:\/\/www.atslifesciences.com\/de\/#website","url":"https:\/\/www.atslifesciences.com\/de\/","name":"ATS Life Sciences","description":"","potentialAction":[{"@type":"SearchAction","target":{"@type":"EntryPoint","urlTemplate":"https:\/\/www.atslifesciences.com\/de\/?s={search_term_string}"},"query-input":{"@type":"PropertyValueSpecification","valueRequired":true,"valueName":"search_term_string"}}],"inLanguage":"de-DE"}]}},"acf":[],"jetpack_sharing_enabled":true,"_links":{"self":[{"href":"https:\/\/www.atslifesciences.com\/de\/wp-json\/wp\/v2\/pages\/13928","targetHints":{"allow":["GET"]}}],"collection":[{"href":"https:\/\/www.atslifesciences.com\/de\/wp-json\/wp\/v2\/pages"}],"about":[{"href":"https:\/\/www.atslifesciences.com\/de\/wp-json\/wp\/v2\/types\/page"}],"author":[{"embeddable":true,"href":"https:\/\/www.atslifesciences.com\/de\/wp-json\/wp\/v2\/users\/435"}],"replies":[{"embeddable":true,"href":"https:\/\/www.atslifesciences.com\/de\/wp-json\/wp\/v2\/comments?post=13928"}],"version-history":[{"count":9,"href":"https:\/\/www.atslifesciences.com\/de\/wp-json\/wp\/v2\/pages\/13928\/revisions"}],"predecessor-version":[{"id":23158,"href":"https:\/\/www.atslifesciences.com\/de\/wp-json\/wp\/v2\/pages\/13928\/revisions\/23158"}],"up":[{"embeddable":true,"href":"https:\/\/www.atslifesciences.com\/de\/wp-json\/wp\/v2\/pages\/13884"}],"wp:attachment":[{"href":"https:\/\/www.atslifesciences.com\/de\/wp-json\/wp\/v2\/media?parent=13928"}],"wp:term":[{"taxonomy":"author","embeddable":true,"href":"https:\/\/www.atslifesciences.com\/de\/wp-json\/wp\/v2\/coauthors?post=13928"}],"curies":[{"name":"wp","href":"https:\/\/api.w.org\/{rel}","templated":true}]}}