{"id":13926,"date":"2023-04-26T08:09:26","date_gmt":"2023-04-26T08:09:26","guid":{"rendered":"https:\/\/www.atslifesciences.com\/automatisierungsloesungen\/montage\/spritzenmontage\/"},"modified":"2025-11-28T16:44:41","modified_gmt":"2025-11-28T16:44:41","slug":"spritzenmontage","status":"publish","type":"page","link":"https:\/\/www.atslifesciences.com\/de\/automatisierungsloesungen2\/montage\/spritzenmontage\/","title":{"rendered":"SPRITZENMONTAGE"},"content":{"rendered":"\n<p><\/p>\n\n\n\n<div class=\"atsls-secondary-hero\" id=\"atsls-secondary-hero-block_58b90b465e9a4d5b81f73dd0fdc9f455\">\n\n  <div class=\"inner-wrp\">\n\n    \n      <div class=\"background-wrp\" style=\"background-image: url(https:\/\/www.atslifesciences.com\/wp-content\/uploads\/sites\/63\/2024\/06\/SYRINGE-ASSEMBLY.jpg);\">\n                  <div class=\"img-wrp\">\n            <img decoding=\"async\" src=\"https:\/\/www.atslifesciences.com\/wp-content\/uploads\/sites\/63\/2024\/06\/SYRINGE-ASSEMBLY.jpg\">\n          <\/div>\n              <\/div>\n\n    \n    <div class=\"container\">\n\n      <div class=\"row\">\n\n        <div class=\"col-md-5\">\n\n          <div class=\"sub-title\">\n            <p>Einweg-, Mehrweg- oder selbstzerst\u00f6rende Spritzen<\/p>\n          <\/div>\n          \n          <div class=\"title-part\">\n            <h1>SPRITZENMONTAGE<\/h1>\n          <\/div>\n\n          <div class=\"description\">\n            <p>Wir sind auf die Vormontage von Glasspritzen (Glaszylinder mit Kan\u00fcle) und Kunststoffspritzen mit Kan\u00fcle sowie auf die Endmontage von Kunststoffspritzen aus mehreren Komponenten spezialisiert.<\/p>\n          <\/div>\n\n          \n        <\/div>\n        \n      <\/div>\n\n    <\/div>\n  \n  <\/div>\n\n<\/div>\n\n<style type=\"text\/css\">\n#atsls-secondary-hero-block_58b90b465e9a4d5b81f73dd0fdc9f455 {\n  padding-top: 100px;\n  background-color: #0A2463;\n}\n\n#atsls-secondary-hero-block_58b90b465e9a4d5b81f73dd0fdc9f455 .inner-wrp {\n  padding-top: 6rem;\n  padding-bottom: 6rem;\n  position: relative;\n}\n\n\n#atsls-secondary-hero-block_58b90b465e9a4d5b81f73dd0fdc9f455 .inner-wrp .background-wrp {\n  background-repeat: no-repeat;\n  background-position: center;\n  background-size: cover;\n  position: relative;\n  width: 55%;\n  height: 100%;\n  position: absolute;\n  top: 0;\n  right: 0;\n  z-index: 1;\n  overflow: hidden;\n}\n#atsls-secondary-hero-block_58b90b465e9a4d5b81f73dd0fdc9f455 .inner-wrp .background-wrp .img-wrp {\n  display: none;\n  position: relative;\n  height: 0;\n  width: 100%;\n  padding-bottom: 56.25%;\n  margin-bottom: 0px;\n  overflow: hidden;\n}\n#atsls-secondary-hero-block_58b90b465e9a4d5b81f73dd0fdc9f455 .inner-wrp .background-wrp .img-wrp img {\n  position: absolute;\n  width: 100%;\n  height: 100%;\n  top: 0;\n  left: 0;\n  object-fit: cover;\n  object-position: center;\n}\n\n#atsls-secondary-hero-block_58b90b465e9a4d5b81f73dd0fdc9f455 .inner-wrp .background-video-wrp {\n  background-repeat: no-repeat;\n  background-position: center;\n  background-size: cover;\n  position: relative;\n  width: 55%;\n  height: 100%;\n  position: absolute;\n  top: 0;\n  right: 0;\n  z-index: 1;\n  overflow: hidden;\n}\n#atsls-secondary-hero-block_58b90b465e9a4d5b81f73dd0fdc9f455 .inner-wrp .background-video-wrp .video-wrp {\n  display: block;\n  position: relative;\n  height: 0;\n  width: 100%;\n  padding-bottom: 60%;\n  margin-bottom: 0px;\n  overflow: hidden;\n}\n#atsls-secondary-hero-block_58b90b465e9a4d5b81f73dd0fdc9f455 .inner-wrp .background-video-wrp .video-wrp video {\n  position: absolute;\n  width: 100%;\n  height: 100%;\n  top: 0;\n  left: 0;\n  object-fit: cover;\n  object-position: center;\n}\n\n#atsls-secondary-hero-block_58b90b465e9a4d5b81f73dd0fdc9f455 .container {\n  position: relative;\n  z-index: 2;\n}\n\n#atsls-secondary-hero-block_58b90b465e9a4d5b81f73dd0fdc9f455 .inner-wrp::after {\n  content: \"\";\n  width: 65%;\n  height: 100%;\n  position: absolute;\n  top: 0;\n  left: -10%;\n  transform: skew(-20deg);\n  background-color: #0A2463;\n  border-right: 6px solid #41BFAC;\n  z-index: 1;\n}\n#atsls-secondary-hero-block_58b90b465e9a4d5b81f73dd0fdc9f455 .title-part h1, #atsls-secondary-hero-block_58b90b465e9a4d5b81f73dd0fdc9f455 .title-part .h1 {\n  color: #FFF;\n  font-family: \"Roboto\", sans-serif;\n  font-size: 48px;\n  font-style: normal;\n  font-weight: 500;\n  line-height: normal;\n  margin-bottom: 15px;\n}\n.single-news-page #atsls-secondary-hero-block_58b90b465e9a4d5b81f73dd0fdc9f455 .title-part h1 {\n  font-size: 28px;\n  text-transform: unset;\n}\n#atsls-secondary-hero-block_58b90b465e9a4d5b81f73dd0fdc9f455 .sub-title p {\n  color: #9ACD4F;\n  \/* Subtitle *\/\n  font-family: \"Roboto\", sans-serif;\n  font-size: 16px;\n  font-style: normal;\n  font-weight: 500;\n  line-height: 140%; \/* 22.4px *\/\n  margin-bottom: 5px;\n}\n#atsls-secondary-hero-block_58b90b465e9a4d5b81f73dd0fdc9f455 .description p {\n  color: #FFF;\n  \/* Paragraph *\/\n  font-family: \"Roboto\", sans-serif;\n  font-size: 18px;\n  font-style: normal;\n  font-weight: 400;\n  line-height: 140%; \/* 25.2px *\/\n}\n#atsls-secondary-hero-block_58b90b465e9a4d5b81f73dd0fdc9f455 .cta-btn {\n  padding-top: 15px;\n}\n#atsls-secondary-hero-block_58b90b465e9a4d5b81f73dd0fdc9f455 .cta-btn a {\n  position: relative;\n  padding: 10px 40px !important;\n  transition: all ease 0.3s !important;\n  background-color: #9ACD4F;\n  text-decoration: none;\n  color: #071630;\n  font-size: 18px;\n}\n\n#atsls-secondary-hero-block_58b90b465e9a4d5b81f73dd0fdc9f455 .cta-btn a:before {\n  content: \"\" !important;\n  background-image: url('https:\/\/www.atslifesciences.com\/wp-content\/themes\/atsls-2024\/assets\/btn-icon.svg');\n  width: 30px;\n  height: 30px;\n  background-repeat: no-repeat;\n  background-position: center;\n  background-size: 30px 30px;\n  position: absolute;\n  top: 8px !important;\n  left: 20px !important;\n  opacity: 0;\n  transition: all ease 0.3s;\n}\n\n#atsls-secondary-hero-block_58b90b465e9a4d5b81f73dd0fdc9f455 .cta-btn a:hover {\n  padding-left: 60px !important;\n  padding-right: 20px !important;\n}\n#atsls-secondary-hero-block_58b90b465e9a4d5b81f73dd0fdc9f455 .cta-btn a:hover:before {\n  opacity: 1;\n}\n\n\n@media (max-width: 768px) {\n  #atsls-secondary-hero-block_58b90b465e9a4d5b81f73dd0fdc9f455 {\n    padding-top: 79px;\n  }\n  #atsls-secondary-hero-block_58b90b465e9a4d5b81f73dd0fdc9f455 .title-part h1 {\n    font-size: 30px;\n  }\n  #atsls-secondary-hero-block_58b90b465e9a4d5b81f73dd0fdc9f455 .inner-wrp {\n    padding-top: 0px;\n    padding-bottom: 32px;\n  }\n  #atsls-secondary-hero-block_58b90b465e9a4d5b81f73dd0fdc9f455 .inner-wrp::after {\n    width: 100%;\n    height: 100%;\n    left: 0;\n    top: 0;\n    transform: unset;\n    border: none;\n  }\n\n  #atsls-secondary-hero-block_58b90b465e9a4d5b81f73dd0fdc9f455 .inner-wrp .background-wrp {\n    width: 100%;\n    position: relative;\n    height: auto;\n    z-index: 2;\n    margin-bottom: 30px;\n  }\n  #atsls-secondary-hero-block_58b90b465e9a4d5b81f73dd0fdc9f455 .inner-wrp .background-wrp .img-wrp {\n    display: block;\n  }\n  #atsls-secondary-hero-block_58b90b465e9a4d5b81f73dd0fdc9f455 .inner-wrp .background-video-wrp {\n    width: 100%;\n    position: relative;\n    height: auto;\n    z-index: 2;\n    margin-bottom: 30px;\n  }\n}\n\n<\/style>\n\n\n<div class=\"gb-container gb-container-5ed2b593\"><div class=\"gb-inside-container\">\n<div class=\"gb-grid-wrapper gb-grid-wrapper-5720446a\">\n<div class=\"gb-grid-column gb-grid-column-cceefbc0\"><div class=\"gb-container gb-container-cceefbc0\"><div class=\"gb-inside-container\">\n\n<figure class=\"wp-block-video\"><video height=\"1080\" style=\"aspect-ratio: 1920 \/ 1080;\" width=\"1920\" controls src=\"https:\/\/www.atslifesciences.com\/wp-content\/uploads\/sites\/63\/2023\/04\/ATS-Glass-Syringes-Assembly.mp4\"><\/video><\/figure>\n\n<\/div><\/div><\/div>\n\n<div class=\"gb-grid-column gb-grid-column-def75a10\"><div class=\"gb-container gb-container-def75a10\"><div class=\"gb-inside-container\">\n\n<h2 class=\"gb-headline gb-headline-b9f77f65 gb-headline-text\">Montage von Glas- und Kunststoffspritzen<\/h2>\n\n\n\n<p>Angesichts zahlreicher erfolgreicher Projekte f\u00fcr die Herstellung von Spritzen einschlie\u00dflich unseres Patents f\u00fcr die UV-Aush\u00e4rtung von Klebstoffen nehmen wir eine marktf\u00fchrende Stellung in diesem Segment ein<\/p>\n\n\n\n<ul class=\"has-black-color has-text-color wp-block-list\" style=\"letter-spacing:0px\">\n<li>Montage von selbstzerst\u00f6renden oder einziehbaren Spritzen aus Kunststoff<\/li>\n\n\n\n<li>Montage von Spritzen mit abgeflachtem oder rundem Flansch aus Glas<\/li>\n\n\n\n<li>Schonender Umgang bei der \u00dcbergabe von Komponenten, Unterbaugruppen und Fertigerzeugnissen einschlie\u00dflich gestapelter Trays, Paletten, Massenkomponenten und mehr<\/li>\n<\/ul>\n\n<\/div><\/div><\/div>\n<\/div>\n<\/div><\/div>\n\n<div class=\"gb-container gb-container-0fdfa3be alignfull\"><div class=\"gb-inside-container\">\n\n<h2 class=\"gb-headline gb-headline-9867b477 gb-headline-text\">Sachverstand<\/h2>\n\n\n<div class=\"gb-grid-wrapper gb-grid-wrapper-c6daeb78 segments-card\">\n<div class=\"gb-grid-column gb-grid-column-fc0f74f5\"><div class=\"gb-container gb-container-fc0f74f5 card-item\"><div class=\"gb-inside-container\">\n\n<figure class=\"gb-block-image gb-block-image-d2a8fd54\"><img decoding=\"async\" loading=\"lazy\" width=\"2048\" height=\"1151\" class=\"gb-image gb-image-d2a8fd54\" src=\"https:\/\/www.atslifesciences.com\/wp-content\/uploads\/sites\/63\/2023\/03\/Glass-syringes.jpg\" alt=\"\" title=\"Glass syringes\" srcset=\"https:\/\/www.atslifesciences.com\/wp-content\/uploads\/sites\/63\/2023\/03\/Glass-syringes.jpg 2048w, https:\/\/www.atslifesciences.com\/wp-content\/uploads\/sites\/63\/2023\/03\/Glass-syringes.jpg?resize=300,169 300w, https:\/\/www.atslifesciences.com\/wp-content\/uploads\/sites\/63\/2023\/03\/Glass-syringes.jpg?resize=768,432 768w, https:\/\/www.atslifesciences.com\/wp-content\/uploads\/sites\/63\/2023\/03\/Glass-syringes.jpg?resize=1024,576 1024w, https:\/\/www.atslifesciences.com\/wp-content\/uploads\/sites\/63\/2023\/03\/Glass-syringes.jpg?resize=1536,863 1536w\" sizes=\"auto, (max-width: 2048px) 100vw, 2048px\" \/><\/figure>\n\n\n\n<h3 class=\"gb-headline gb-headline-8bed751e gb-headline-text\">Glasspritzen<\/h3>\n\n\n\n<p class=\"gb-headline gb-headline-181e7e46 gb-headline-text\">Vor dem Hintergrund von zahlreichen erfolgreichen Projekten f\u00fcr die Herstellung von Glasspritzen und unserem einzigartigen Patent f\u00fcr die UV-Aush\u00e4rtung von Klebstoffen k\u00f6nnen unsere Maschinen mit vielen verschiedenen Varianten umgehen.<\/p>\n\n\n<div class=\"gb-button-wrapper gb-button-wrapper-4b25f6bd\">\n\n<a class=\"gb-button gb-button-ef9ca3f6 gb-button-text\" href=\"https:\/\/www.atslifesciences.com\/de\/automatisierungsloesungen\/montage\/spritzenmontage\/glasspritzenmontage\/\">Mehr erfahren<\/a>\n\n<\/div>\n<\/div><\/div><\/div>\n\n<div class=\"gb-grid-column gb-grid-column-2eb2437b\"><div class=\"gb-container gb-container-2eb2437b card-item\"><div class=\"gb-inside-container\">\n\n<figure class=\"gb-block-image gb-block-image-941ce3ae\"><img decoding=\"async\" loading=\"lazy\" width=\"801\" height=\"534\" class=\"gb-image gb-image-941ce3ae\" src=\"https:\/\/www.atslifesciences.com\/wp-content\/uploads\/sites\/63\/2023\/04\/plastic-syringe-2.png\" alt=\"\" title=\"plastic syringe\" srcset=\"https:\/\/www.atslifesciences.com\/wp-content\/uploads\/sites\/63\/2023\/04\/plastic-syringe-2.png 801w, https:\/\/www.atslifesciences.com\/wp-content\/uploads\/sites\/63\/2023\/04\/plastic-syringe-2.png?resize=300,200 300w, https:\/\/www.atslifesciences.com\/wp-content\/uploads\/sites\/63\/2023\/04\/plastic-syringe-2.png?resize=768,512 768w\" sizes=\"auto, (max-width: 801px) 100vw, 801px\" \/><\/figure>\n\n\n\n<h3 class=\"gb-headline gb-headline-deafe9db gb-headline-text\">Kunststoffspritzen<\/h3>\n\n\n\n<p class=\"gb-headline gb-headline-4765099c gb-headline-text\">Unsere Maschinen bewerkstelligen die Vormontage von Kunststoffspritzen mit Kan\u00fcle sowie die Endmontage von mehreren Komponenten.<\/p>\n\n\n<div class=\"gb-button-wrapper gb-button-wrapper-cf9f5abb\">\n\n<a class=\"gb-button gb-button-f95c3eb5 gb-button-text\" href=\"https:\/\/www.atslifesciences.com\/de\/automatisierungsloesungen\/montage\/spritzenmontage\/kunststoffspritzenmontage\/\">Mehr erfahren<\/a>\n\n<\/div>\n<\/div><\/div><\/div>\n\n<div class=\"gb-grid-column gb-grid-column-24e69622\"><div class=\"gb-container gb-container-24e69622 card-item\"><div class=\"gb-inside-container\">\n\n<figure class=\"gb-block-image gb-block-image-012339d4\"><img decoding=\"async\" loading=\"lazy\" width=\"5184\" height=\"3456\" class=\"gb-image gb-image-012339d4\" src=\"https:\/\/www.atslifesciences.com\/wp-content\/uploads\/sites\/63\/2023\/04\/Low-Volume-Injector-Assembly-Cell-Injector-Pen-Focus-1.png\" alt=\"\" title=\"Low Volume Injector Assembly Cell - Injector Pen Focus\" srcset=\"https:\/\/www.atslifesciences.com\/wp-content\/uploads\/sites\/63\/2023\/04\/Low-Volume-Injector-Assembly-Cell-Injector-Pen-Focus-1.png 5184w, https:\/\/www.atslifesciences.com\/wp-content\/uploads\/sites\/63\/2023\/04\/Low-Volume-Injector-Assembly-Cell-Injector-Pen-Focus-1.png?resize=300,200 300w, https:\/\/www.atslifesciences.com\/wp-content\/uploads\/sites\/63\/2023\/04\/Low-Volume-Injector-Assembly-Cell-Injector-Pen-Focus-1.png?resize=768,512 768w, https:\/\/www.atslifesciences.com\/wp-content\/uploads\/sites\/63\/2023\/04\/Low-Volume-Injector-Assembly-Cell-Injector-Pen-Focus-1.png?resize=1024,683 1024w, https:\/\/www.atslifesciences.com\/wp-content\/uploads\/sites\/63\/2023\/04\/Low-Volume-Injector-Assembly-Cell-Injector-Pen-Focus-1.png?resize=1536,1024 1536w, https:\/\/www.atslifesciences.com\/wp-content\/uploads\/sites\/63\/2023\/04\/Low-Volume-Injector-Assembly-Cell-Injector-Pen-Focus-1.png?resize=2048,1365 2048w\" sizes=\"auto, (max-width: 5184px) 100vw, 5184px\" \/><\/figure>\n\n\n\n<h3 class=\"gb-headline gb-headline-54a0d43f gb-headline-text\">Autoinjektoren<\/h3>\n\n\n\n<p class=\"gb-headline gb-headline-3b6d58b9 gb-headline-text\">Mit unseren Maschinen k\u00f6nnen die Vor- und Endmontage von Einwegsystemen zur Selbstverabreichung von Medikamenten automatisiert abgewickelt werden.<\/p>\n\n\n<div class=\"gb-button-wrapper gb-button-wrapper-e4d31154\">\n\n<a class=\"gb-button gb-button-a053abfd gb-button-text\" href=\"https:\/\/www.atslifesciences.com\/de\/automatisierungsloesungen\/montage\/autoinjektor-montage\/\">Mehr erfahren<\/a>\n\n<\/div>\n<\/div><\/div><\/div>\n<\/div>\n<\/div><\/div>\n\n<div class=\"gb-container gb-container-d5298cc8 alignfull\"><div class=\"gb-inside-container\">\n<div class=\"gb-grid-wrapper gb-grid-wrapper-043b3ca3\">\n<div class=\"gb-grid-column gb-grid-column-c10ba68e\"><div class=\"gb-container gb-container-c10ba68e\"><div class=\"gb-inside-container\">\n\n<h2 class=\"gb-headline gb-headline-c5484936 gb-headline-text\">Sie suchen nach einer standardisierten Plattform oder m\u00f6chten das Potenzial einer ma\u00dfgeschneiderten Option ausloten?<\/h2>\n\n\n\n<p class=\"has-white-color has-text-color\">Bei uns finden Sie bew\u00e4hrte L\u00f6sungen, mit denen Sie Ihre Fertigungskapazit\u00e4ten f\u00fcr kurzfristig erzielbare Resultate hochfahren k\u00f6nnen. Alternativ erarbeiten wir gemeinsam mit Ihnen eine vollst\u00e4ndig ma\u00dfgeschneiderte Linie f\u00fcr die Spritzenmontage.<\/p>\n\n\n<div class=\"gb-button-wrapper gb-button-wrapper-739011f7\">\n\n<a class=\"gb-button gb-button-e458903b gb-button-text atsls-btn atsls-modal-btn\" href=\"#\" data-id=\"atsls-modal-medium\">KONTAKT<\/a>\n\n<\/div>\n<\/div><\/div><\/div>\n\n<div class=\"gb-grid-column gb-grid-column-8223a641\"><div class=\"gb-container gb-container-8223a641\"><div class=\"gb-inside-container\"><\/div><\/div><\/div>\n<\/div>\n<\/div><\/div>\n\n<div class=\"gb-container gb-container-c4f2ffb8 atsls-modal atsls-modal-medium alignfull\" data-id=\"atsls-modal-medium\"><div class=\"gb-inside-container\">\n\n<h2 class=\"gb-headline gb-headline-63a91292 gb-headline-text\">Kontakt<\/h2>\n\n\n\n\n<!-- iframe plugin v.5.1 wordpress.org\/plugins\/iframe\/ -->\n<iframe loading=\"lazy\" data-cookieconsent=\"ignore\" id=\"pardot-iframe\" style=\"border: 0;\" src=\"https:\/\/go.atsautomation.com\/l\/651873\/2024-10-29\/h7hhlb?Source_Page=glass-syringe-assembly\" width=\"100%\" frameborder=\"0\" height=\"500\" scrolling=\"yes\" class=\"iframe-class\"><\/iframe>\n\n\n<\/div><\/div>","protected":false},"excerpt":{"rendered":"<p>Sachverstand Kontakt<\/p>\n","protected":false},"author":435,"featured_media":0,"parent":13884,"menu_order":0,"comment_status":"closed","ping_status":"closed","template":"page-templates\/empty.php","meta":{"_acf_changed":false,"_cr_original_post":"","_cr_replace_post_id":"","_cr_replacing_post_id":"","inline_featured_image":false,"cover_image":0,"footnotes":""},"coauthors":[126],"class_list":["post-13926","page","type-page","status-publish","hentry"],"yoast_head":"<!-- This site is optimized with the Yoast SEO Premium plugin v26.8 (Yoast SEO v26.8) - https:\/\/yoast.com\/product\/yoast-seo-premium-wordpress\/ -->\n<title>SPRITZENMONTAGE - ATS Life Sciences<\/title>\n<meta name=\"description\" content=\"Automation Ihrer Spritzenmontage mit Pr\u00e4zision \u2013 Glas, Plastik oder Autoinjektoren. Entdecken Sie unsere patentierte UV-H\u00e4rtungstechnologie - Jetzt mehr erfahren!\" \/>\n<meta name=\"robots\" content=\"index, follow, max-snippet:-1, max-image-preview:large, max-video-preview:-1\" \/>\n<link rel=\"canonical\" href=\"https:\/\/www.atslifesciences.com\/de\/automatisierungsloesungen2\/montage\/spritzenmontage\/\" \/>\n<meta property=\"og:locale\" content=\"de_DE\" \/>\n<meta property=\"og:type\" content=\"article\" \/>\n<meta property=\"og:title\" content=\"SPRITZENMONTAGE\" \/>\n<meta property=\"og:description\" content=\"Automation Ihrer Spritzenmontage mit Pr\u00e4zision \u2013 Glas, Plastik oder Autoinjektoren. Entdecken Sie unsere patentierte UV-H\u00e4rtungstechnologie - Jetzt mehr erfahren!\" \/>\n<meta property=\"og:url\" content=\"https:\/\/www.atslifesciences.com\/de\/automatisierungsloesungen2\/montage\/spritzenmontage\/\" \/>\n<meta property=\"og:site_name\" content=\"ATS Life Sciences\" \/>\n<meta property=\"article:modified_time\" content=\"2025-11-28T16:44:41+00:00\" \/>\n<meta property=\"og:image\" content=\"https:\/\/www.atslifesciences.com\/wp-content\/uploads\/sites\/63\/2023\/03\/Glass-syringes.jpg\" \/>\n<meta name=\"twitter:card\" content=\"summary_large_image\" \/>\n<meta name=\"twitter:label1\" content=\"Gesch\u00e4tzte Lesezeit\" \/>\n\t<meta name=\"twitter:data1\" content=\"2 Minuten\" \/>\n\t<meta name=\"twitter:label2\" content=\"Written by\" \/>\n\t<meta name=\"twitter:data2\" content=\"dave\" \/>\n<script type=\"application\/ld+json\" class=\"yoast-schema-graph\">{\"@context\":\"https:\/\/schema.org\",\"@graph\":[{\"@type\":\"WebPage\",\"@id\":\"https:\/\/www.atslifesciences.com\/de\/automatisierungsloesungen2\/montage\/spritzenmontage\/\",\"url\":\"https:\/\/www.atslifesciences.com\/de\/automatisierungsloesungen2\/montage\/spritzenmontage\/\",\"name\":\"SPRITZENMONTAGE - ATS Life Sciences\",\"isPartOf\":{\"@id\":\"https:\/\/www.atslifesciences.com\/de\/#website\"},\"primaryImageOfPage\":{\"@id\":\"https:\/\/www.atslifesciences.com\/de\/automatisierungsloesungen2\/montage\/spritzenmontage\/#primaryimage\"},\"image\":{\"@id\":\"https:\/\/www.atslifesciences.com\/de\/automatisierungsloesungen2\/montage\/spritzenmontage\/#primaryimage\"},\"thumbnailUrl\":\"https:\/\/www.atslifesciences.com\/wp-content\/uploads\/sites\/63\/2023\/03\/Glass-syringes.jpg\",\"datePublished\":\"2023-04-26T08:09:26+00:00\",\"dateModified\":\"2025-11-28T16:44:41+00:00\",\"description\":\"Automation Ihrer Spritzenmontage mit Pr\u00e4zision \u2013 Glas, Plastik oder Autoinjektoren. Entdecken Sie unsere patentierte UV-H\u00e4rtungstechnologie - Jetzt mehr erfahren!\",\"breadcrumb\":{\"@id\":\"https:\/\/www.atslifesciences.com\/de\/automatisierungsloesungen2\/montage\/spritzenmontage\/#breadcrumb\"},\"inLanguage\":\"de-DE\",\"potentialAction\":[{\"@type\":\"ReadAction\",\"target\":[\"https:\/\/www.atslifesciences.com\/de\/automatisierungsloesungen2\/montage\/spritzenmontage\/\"]}]},{\"@type\":\"ImageObject\",\"inLanguage\":\"de-DE\",\"@id\":\"https:\/\/www.atslifesciences.com\/de\/automatisierungsloesungen2\/montage\/spritzenmontage\/#primaryimage\",\"url\":\"https:\/\/www.atslifesciences.com\/wp-content\/uploads\/sites\/63\/2023\/03\/Glass-syringes.jpg\",\"contentUrl\":\"https:\/\/www.atslifesciences.com\/wp-content\/uploads\/sites\/63\/2023\/03\/Glass-syringes.jpg\"},{\"@type\":\"BreadcrumbList\",\"@id\":\"https:\/\/www.atslifesciences.com\/de\/automatisierungsloesungen2\/montage\/spritzenmontage\/#breadcrumb\",\"itemListElement\":[{\"@type\":\"ListItem\",\"position\":1,\"name\":\"Home\",\"item\":\"https:\/\/www.atslifesciences.com\/de\/\"},{\"@type\":\"ListItem\",\"position\":2,\"name\":\"MONTAGE\",\"item\":\"https:\/\/www.atslifesciences.com\/de\/automatisierungsloesungen__trashed\/montage\/\"},{\"@type\":\"ListItem\",\"position\":3,\"name\":\"SPRITZENMONTAGE\"}]},{\"@type\":\"WebSite\",\"@id\":\"https:\/\/www.atslifesciences.com\/de\/#website\",\"url\":\"https:\/\/www.atslifesciences.com\/de\/\",\"name\":\"ATS Life Sciences\",\"description\":\"\",\"potentialAction\":[{\"@type\":\"SearchAction\",\"target\":{\"@type\":\"EntryPoint\",\"urlTemplate\":\"https:\/\/www.atslifesciences.com\/de\/?s={search_term_string}\"},\"query-input\":{\"@type\":\"PropertyValueSpecification\",\"valueRequired\":true,\"valueName\":\"search_term_string\"}}],\"inLanguage\":\"de-DE\"}]}<\/script>\n<!-- \/ Yoast SEO Premium plugin. -->","yoast_head_json":{"title":"SPRITZENMONTAGE - ATS Life Sciences","description":"Automation Ihrer Spritzenmontage mit Pr\u00e4zision \u2013 Glas, Plastik oder Autoinjektoren. Entdecken Sie unsere patentierte UV-H\u00e4rtungstechnologie - Jetzt mehr erfahren!","robots":{"index":"index","follow":"follow","max-snippet":"max-snippet:-1","max-image-preview":"max-image-preview:large","max-video-preview":"max-video-preview:-1"},"canonical":"https:\/\/www.atslifesciences.com\/de\/automatisierungsloesungen2\/montage\/spritzenmontage\/","og_locale":"de_DE","og_type":"article","og_title":"SPRITZENMONTAGE","og_description":"Automation Ihrer Spritzenmontage mit Pr\u00e4zision \u2013 Glas, Plastik oder Autoinjektoren. Entdecken Sie unsere patentierte UV-H\u00e4rtungstechnologie - Jetzt mehr erfahren!","og_url":"https:\/\/www.atslifesciences.com\/de\/automatisierungsloesungen2\/montage\/spritzenmontage\/","og_site_name":"ATS Life Sciences","article_modified_time":"2025-11-28T16:44:41+00:00","og_image":[{"url":"https:\/\/www.atslifesciences.com\/wp-content\/uploads\/sites\/63\/2023\/03\/Glass-syringes.jpg","type":"","width":"","height":""}],"twitter_card":"summary_large_image","twitter_misc":{"Gesch\u00e4tzte Lesezeit":"2 Minuten","Written by":"dave"},"schema":{"@context":"https:\/\/schema.org","@graph":[{"@type":"WebPage","@id":"https:\/\/www.atslifesciences.com\/de\/automatisierungsloesungen2\/montage\/spritzenmontage\/","url":"https:\/\/www.atslifesciences.com\/de\/automatisierungsloesungen2\/montage\/spritzenmontage\/","name":"SPRITZENMONTAGE - ATS Life Sciences","isPartOf":{"@id":"https:\/\/www.atslifesciences.com\/de\/#website"},"primaryImageOfPage":{"@id":"https:\/\/www.atslifesciences.com\/de\/automatisierungsloesungen2\/montage\/spritzenmontage\/#primaryimage"},"image":{"@id":"https:\/\/www.atslifesciences.com\/de\/automatisierungsloesungen2\/montage\/spritzenmontage\/#primaryimage"},"thumbnailUrl":"https:\/\/www.atslifesciences.com\/wp-content\/uploads\/sites\/63\/2023\/03\/Glass-syringes.jpg","datePublished":"2023-04-26T08:09:26+00:00","dateModified":"2025-11-28T16:44:41+00:00","description":"Automation Ihrer Spritzenmontage mit Pr\u00e4zision \u2013 Glas, Plastik oder Autoinjektoren. Entdecken Sie unsere patentierte UV-H\u00e4rtungstechnologie - Jetzt mehr erfahren!","breadcrumb":{"@id":"https:\/\/www.atslifesciences.com\/de\/automatisierungsloesungen2\/montage\/spritzenmontage\/#breadcrumb"},"inLanguage":"de-DE","potentialAction":[{"@type":"ReadAction","target":["https:\/\/www.atslifesciences.com\/de\/automatisierungsloesungen2\/montage\/spritzenmontage\/"]}]},{"@type":"ImageObject","inLanguage":"de-DE","@id":"https:\/\/www.atslifesciences.com\/de\/automatisierungsloesungen2\/montage\/spritzenmontage\/#primaryimage","url":"https:\/\/www.atslifesciences.com\/wp-content\/uploads\/sites\/63\/2023\/03\/Glass-syringes.jpg","contentUrl":"https:\/\/www.atslifesciences.com\/wp-content\/uploads\/sites\/63\/2023\/03\/Glass-syringes.jpg"},{"@type":"BreadcrumbList","@id":"https:\/\/www.atslifesciences.com\/de\/automatisierungsloesungen2\/montage\/spritzenmontage\/#breadcrumb","itemListElement":[{"@type":"ListItem","position":1,"name":"Home","item":"https:\/\/www.atslifesciences.com\/de\/"},{"@type":"ListItem","position":2,"name":"MONTAGE","item":"https:\/\/www.atslifesciences.com\/de\/automatisierungsloesungen__trashed\/montage\/"},{"@type":"ListItem","position":3,"name":"SPRITZENMONTAGE"}]},{"@type":"WebSite","@id":"https:\/\/www.atslifesciences.com\/de\/#website","url":"https:\/\/www.atslifesciences.com\/de\/","name":"ATS Life Sciences","description":"","potentialAction":[{"@type":"SearchAction","target":{"@type":"EntryPoint","urlTemplate":"https:\/\/www.atslifesciences.com\/de\/?s={search_term_string}"},"query-input":{"@type":"PropertyValueSpecification","valueRequired":true,"valueName":"search_term_string"}}],"inLanguage":"de-DE"}]}},"acf":[],"jetpack_sharing_enabled":true,"_links":{"self":[{"href":"https:\/\/www.atslifesciences.com\/de\/wp-json\/wp\/v2\/pages\/13926","targetHints":{"allow":["GET"]}}],"collection":[{"href":"https:\/\/www.atslifesciences.com\/de\/wp-json\/wp\/v2\/pages"}],"about":[{"href":"https:\/\/www.atslifesciences.com\/de\/wp-json\/wp\/v2\/types\/page"}],"author":[{"embeddable":true,"href":"https:\/\/www.atslifesciences.com\/de\/wp-json\/wp\/v2\/users\/435"}],"replies":[{"embeddable":true,"href":"https:\/\/www.atslifesciences.com\/de\/wp-json\/wp\/v2\/comments?post=13926"}],"version-history":[{"count":15,"href":"https:\/\/www.atslifesciences.com\/de\/wp-json\/wp\/v2\/pages\/13926\/revisions"}],"predecessor-version":[{"id":25030,"href":"https:\/\/www.atslifesciences.com\/de\/wp-json\/wp\/v2\/pages\/13926\/revisions\/25030"}],"up":[{"embeddable":true,"href":"https:\/\/www.atslifesciences.com\/de\/wp-json\/wp\/v2\/pages\/13884"}],"wp:attachment":[{"href":"https:\/\/www.atslifesciences.com\/de\/wp-json\/wp\/v2\/media?parent=13926"}],"wp:term":[{"taxonomy":"author","embeddable":true,"href":"https:\/\/www.atslifesciences.com\/de\/wp-json\/wp\/v2\/coauthors?post=13926"}],"curies":[{"name":"wp","href":"https:\/\/api.w.org\/{rel}","templated":true}]}}