{"id":13908,"date":"2023-04-20T15:08:23","date_gmt":"2023-04-20T15:08:23","guid":{"rendered":"https:\/\/www.atslifesciences.com\/automatisierungsloesungen\/foerdertechnik\/supertrak-micro\/"},"modified":"2025-11-28T16:32:25","modified_gmt":"2025-11-28T16:32:25","slug":"supertrak-micro","status":"publish","type":"page","link":"https:\/\/www.atslifesciences.com\/de\/automatisierungsloesungen2\/foerdertechnik\/supertrak-micro\/","title":{"rendered":"SuperTrak Micro\u2122"},"content":{"rendered":"\n<div class=\"atsls-secondary-hero\" id=\"atsls-secondary-hero-block_bb7e27241eeac0d7efed0e14d51618e4\">\n\n  <div class=\"inner-wrp\">\n\n    \n      <div class=\"background-wrp\" style=\"background-image: url(https:\/\/www.atslifesciences.com\/wp-content\/uploads\/sites\/63\/2024\/06\/Micro.jpg);\">\n                  <div class=\"img-wrp\">\n            <img decoding=\"async\" src=\"https:\/\/www.atslifesciences.com\/wp-content\/uploads\/sites\/63\/2024\/06\/Micro.jpg\">\n          <\/div>\n              <\/div>\n\n    \n    <div class=\"container\">\n\n      <div class=\"row\">\n\n        <div class=\"col-md-5\">\n\n          <div class=\"sub-title\">\n            <p>Teilefluss f\u00fcr Kleinserien oder Einzelteile<\/p>\n          <\/div>\n          \n          <div class=\"title-part\">\n            <h1>SuperTrak MICRO\u2122<\/h1>\n          <\/div>\n\n          <div class=\"description\">\n            <p>Ein beispielloses Zusammenspiel aus Flexibilit\u00e4t und Hochgeschwindigkeitsleistung: Dieses F\u00f6rdersystem ist pr\u00e4destiniert f\u00fcr die Montage und Verarbeitung von Kleinteilen.<\/p>\n          <\/div>\n\n          \n        <\/div>\n        \n      <\/div>\n\n    <\/div>\n  \n  <\/div>\n\n<\/div>\n\n<style type=\"text\/css\">\n#atsls-secondary-hero-block_bb7e27241eeac0d7efed0e14d51618e4 {\n  padding-top: 100px;\n  background-color: #0A2463;\n}\n\n#atsls-secondary-hero-block_bb7e27241eeac0d7efed0e14d51618e4 .inner-wrp {\n  padding-top: 6rem;\n  padding-bottom: 6rem;\n  position: relative;\n}\n\n\n#atsls-secondary-hero-block_bb7e27241eeac0d7efed0e14d51618e4 .inner-wrp .background-wrp {\n  background-repeat: no-repeat;\n  background-position: center;\n  background-size: cover;\n  position: relative;\n  width: 55%;\n  height: 100%;\n  position: absolute;\n  top: 0;\n  right: 0;\n  z-index: 1;\n  overflow: hidden;\n}\n#atsls-secondary-hero-block_bb7e27241eeac0d7efed0e14d51618e4 .inner-wrp .background-wrp .img-wrp {\n  display: none;\n  position: relative;\n  height: 0;\n  width: 100%;\n  padding-bottom: 56.25%;\n  margin-bottom: 0px;\n  overflow: hidden;\n}\n#atsls-secondary-hero-block_bb7e27241eeac0d7efed0e14d51618e4 .inner-wrp .background-wrp .img-wrp img {\n  position: absolute;\n  width: 100%;\n  height: 100%;\n  top: 0;\n  left: 0;\n  object-fit: cover;\n  object-position: center;\n}\n\n#atsls-secondary-hero-block_bb7e27241eeac0d7efed0e14d51618e4 .inner-wrp .background-video-wrp {\n  background-repeat: no-repeat;\n  background-position: center;\n  background-size: cover;\n  position: relative;\n  width: 55%;\n  height: 100%;\n  position: absolute;\n  top: 0;\n  right: 0;\n  z-index: 1;\n  overflow: hidden;\n}\n#atsls-secondary-hero-block_bb7e27241eeac0d7efed0e14d51618e4 .inner-wrp .background-video-wrp .video-wrp {\n  display: block;\n  position: relative;\n  height: 0;\n  width: 100%;\n  padding-bottom: 60%;\n  margin-bottom: 0px;\n  overflow: hidden;\n}\n#atsls-secondary-hero-block_bb7e27241eeac0d7efed0e14d51618e4 .inner-wrp .background-video-wrp .video-wrp video {\n  position: absolute;\n  width: 100%;\n  height: 100%;\n  top: 0;\n  left: 0;\n  object-fit: cover;\n  object-position: center;\n}\n\n#atsls-secondary-hero-block_bb7e27241eeac0d7efed0e14d51618e4 .container {\n  position: relative;\n  z-index: 2;\n}\n\n#atsls-secondary-hero-block_bb7e27241eeac0d7efed0e14d51618e4 .inner-wrp::after {\n  content: \"\";\n  width: 65%;\n  height: 100%;\n  position: absolute;\n  top: 0;\n  left: -10%;\n  transform: skew(-20deg);\n  background-color: #0A2463;\n  border-right: 6px solid #41BFAC;\n  z-index: 1;\n}\n#atsls-secondary-hero-block_bb7e27241eeac0d7efed0e14d51618e4 .title-part h1, #atsls-secondary-hero-block_bb7e27241eeac0d7efed0e14d51618e4 .title-part .h1 {\n  color: #FFF;\n  font-family: \"Roboto\", sans-serif;\n  font-size: 48px;\n  font-style: normal;\n  font-weight: 500;\n  line-height: normal;\n  margin-bottom: 15px;\n}\n.single-news-page #atsls-secondary-hero-block_bb7e27241eeac0d7efed0e14d51618e4 .title-part h1 {\n  font-size: 28px;\n  text-transform: unset;\n}\n#atsls-secondary-hero-block_bb7e27241eeac0d7efed0e14d51618e4 .sub-title p {\n  color: #9ACD4F;\n  \/* Subtitle *\/\n  font-family: \"Roboto\", sans-serif;\n  font-size: 16px;\n  font-style: normal;\n  font-weight: 500;\n  line-height: 140%; \/* 22.4px *\/\n  margin-bottom: 5px;\n}\n#atsls-secondary-hero-block_bb7e27241eeac0d7efed0e14d51618e4 .description p {\n  color: #FFF;\n  \/* Paragraph *\/\n  font-family: \"Roboto\", sans-serif;\n  font-size: 18px;\n  font-style: normal;\n  font-weight: 400;\n  line-height: 140%; \/* 25.2px *\/\n}\n#atsls-secondary-hero-block_bb7e27241eeac0d7efed0e14d51618e4 .cta-btn {\n  padding-top: 15px;\n}\n#atsls-secondary-hero-block_bb7e27241eeac0d7efed0e14d51618e4 .cta-btn a {\n  position: relative;\n  padding: 10px 40px !important;\n  transition: all ease 0.3s !important;\n  background-color: #9ACD4F;\n  text-decoration: none;\n  color: #071630;\n  font-size: 18px;\n}\n\n#atsls-secondary-hero-block_bb7e27241eeac0d7efed0e14d51618e4 .cta-btn a:before {\n  content: \"\" !important;\n  background-image: url('https:\/\/www.atslifesciences.com\/wp-content\/themes\/atsls-2024\/assets\/btn-icon.svg');\n  width: 30px;\n  height: 30px;\n  background-repeat: no-repeat;\n  background-position: center;\n  background-size: 30px 30px;\n  position: absolute;\n  top: 8px !important;\n  left: 20px !important;\n  opacity: 0;\n  transition: all ease 0.3s;\n}\n\n#atsls-secondary-hero-block_bb7e27241eeac0d7efed0e14d51618e4 .cta-btn a:hover {\n  padding-left: 60px !important;\n  padding-right: 20px !important;\n}\n#atsls-secondary-hero-block_bb7e27241eeac0d7efed0e14d51618e4 .cta-btn a:hover:before {\n  opacity: 1;\n}\n\n\n@media (max-width: 768px) {\n  #atsls-secondary-hero-block_bb7e27241eeac0d7efed0e14d51618e4 {\n    padding-top: 79px;\n  }\n  #atsls-secondary-hero-block_bb7e27241eeac0d7efed0e14d51618e4 .title-part h1 {\n    font-size: 30px;\n  }\n  #atsls-secondary-hero-block_bb7e27241eeac0d7efed0e14d51618e4 .inner-wrp {\n    padding-top: 0px;\n    padding-bottom: 32px;\n  }\n  #atsls-secondary-hero-block_bb7e27241eeac0d7efed0e14d51618e4 .inner-wrp::after {\n    width: 100%;\n    height: 100%;\n    left: 0;\n    top: 0;\n    transform: unset;\n    border: none;\n  }\n\n  #atsls-secondary-hero-block_bb7e27241eeac0d7efed0e14d51618e4 .inner-wrp .background-wrp {\n    width: 100%;\n    position: relative;\n    height: auto;\n    z-index: 2;\n    margin-bottom: 30px;\n  }\n  #atsls-secondary-hero-block_bb7e27241eeac0d7efed0e14d51618e4 .inner-wrp .background-wrp .img-wrp {\n    display: block;\n  }\n  #atsls-secondary-hero-block_bb7e27241eeac0d7efed0e14d51618e4 .inner-wrp .background-video-wrp {\n    width: 100%;\n    position: relative;\n    height: auto;\n    z-index: 2;\n    margin-bottom: 30px;\n  }\n}\n\n<\/style>\n\n\n<div class=\"gb-container gb-container-5ed2b593\"><div class=\"gb-inside-container\">\n<div class=\"gb-grid-wrapper gb-grid-wrapper-5720446a\">\n<div class=\"gb-grid-column gb-grid-column-cceefbc0\"><div class=\"gb-container gb-container-cceefbc0\"><div class=\"gb-inside-container\">\n\n<figure class=\"wp-block-video\"><video height=\"1080\" style=\"aspect-ratio: 1920 \/ 1080;\" width=\"1920\" controls poster=\"https:\/\/www.atslifesciences.com\/wp-content\/uploads\/sites\/63\/2024\/07\/st-micro.jpg\" src=\"https:\/\/www.atslifesciences.com\/wp-content\/uploads\/sites\/63\/2023\/04\/SuperTrak-Micro.mp4\"><\/video><\/figure>\n\n<\/div><\/div><\/div>\n\n<div class=\"gb-grid-column gb-grid-column-def75a10\"><div class=\"gb-container gb-container-def75a10\"><div class=\"gb-inside-container\">\n\n<h2 class=\"gb-headline gb-headline-b9f77f65 gb-headline-text\">SuperTrak MICRO\u2122<\/h2>\n\n\n\n<p>Geht mit einer Nutzlast von bis zu 1,5&nbsp;kg und Teileabst\u00e4nden von nur 50&nbsp;mm F\u00f6rderproblematiken im Zusammenhang mit dem Teilefluss bei Kleinserien oder Einzelteilen an.<\/p>\n\n\n\n<ul class=\"has-black-color has-text-color wp-block-list\" style=\"letter-spacing:0px\">\n<li>An spezifische Anforderungen anpassbare modulare Komponenten<\/li>\n\n\n\n<li>Teilung und Zusammenf\u00fchrung \u00fcberall und bei voller Geschwindigkeit<\/li>\n\n\n\n<li>Geeignet f\u00fcr medizinische Anwendungen dank Edelstahlgeh\u00e4use in Reinraumqualit\u00e4t<\/li>\n<\/ul>\n\n<\/div><\/div><\/div>\n<\/div>\n<\/div><\/div>\n\n<div class=\"gb-container gb-container-ebfa4bd5 atsls-tabs-section alignfull\"><div class=\"gb-inside-container\">\n<div class=\"gb-container gb-container-6419dbf9 alignfull\"><div class=\"gb-inside-container\">\n<div class=\"gb-container gb-container-ddf72a95 active\" id=\"content-1\" data-tab-content=\"1\"><div class=\"gb-inside-container\">\n<div class=\"gb-grid-wrapper gb-grid-wrapper-314a318c\">\n<div class=\"gb-grid-column gb-grid-column-c134f826\"><div class=\"gb-container gb-container-c134f826\"><div class=\"gb-inside-container\">\n\n<h3 class=\"gb-headline gb-headline-2bcc7e63 gb-headline-text gb-headline-h3-global\">Kenndaten<\/h3>\n\n\n\n<ul class=\"has-white-color has-text-color wp-block-list\" style=\"font-size:18px\">\n<li>Transportm\u00f6glichkeiten: Beweger-Standardkonfiguration mit Optionen f\u00fcr 50- oder 100-mm-Magnetanordnung<\/li>\n\n\n\n<li>Ausbringungsraten von bis zu 120&nbsp;Teilen pro Minute (produktabh\u00e4ngig)<\/li>\n\n\n\n<li>Nutzlast: 1,5&nbsp;kg f\u00fcr ein 50-mm-Shuttle und 3&nbsp;kg f\u00fcr ein 100-mm-Shuttle<\/li>\n\n\n\n<li>Sortierung und Umleitung von Shuttles bei voller Geschwindigkeit: maximal 3&nbsp;m\/s<\/li>\n<\/ul>\n\n<\/div><\/div><\/div>\n\n<div class=\"gb-grid-column gb-grid-column-7848177f\"><div class=\"gb-container gb-container-7848177f\"><div class=\"gb-inside-container\">\n\n<h3 class=\"gb-headline gb-headline-6fe6a2cf gb-headline-text gb-headline-h3-global\">Anwendungen<\/h3>\n\n\n\n<ul class=\"has-white-color has-text-color wp-block-list\">\n<li>Anwendungen mit hoher Geschwindigkeit und leichtem Gewicht, die gegebenenfalls \u00dcberarbeitungen erforderlich machen<\/li>\n\n\n\n<li>Anwendungen mit mehreren Schienen, die eine entscheidungsbasierte Verarbeitung erfordern<\/li>\n\n\n\n<li>M\u00f6glichkeit f\u00fcr die Einbindung in bestehende SPS- und Steuersysteme<\/li>\n<\/ul>\n\n<\/div><\/div><\/div>\n<\/div>\n<\/div><\/div>\n<\/div><\/div>\n<\/div><\/div>\n\n<div class=\"gb-container gb-container-1b9416e6 segment-icons-wrp\"><div class=\"gb-inside-container\">\n<div class=\"gb-container gb-container-ff49c6db\"><div class=\"gb-inside-container\">\n\n<h2 class=\"gb-headline gb-headline-489968c2 gb-headline-text\">Wesentliche Vorteile<\/h2>\n\n\n\n<p class=\"gb-headline gb-headline-c786cebb gb-headline-text gb-headline-paragraph-global\">Durch den Teilefluss f\u00fcr Kleinserien oder Einzelteile eignet das System sich ideal f\u00fcr die Montage und Verarbeitung von Kleinteilen.<\/p>\n\n<\/div><\/div>\n\n<div class=\"gb-grid-wrapper gb-grid-wrapper-a9e6320c automation-solutions-cards\">\n<div class=\"gb-grid-column gb-grid-column-55870fa8\"><div class=\"gb-container gb-container-55870fa8\"><div class=\"gb-inside-container\">\n\n<h3 class=\"gb-headline gb-headline-b29ab1f2 gb-headline-text\"><img loading=\"lazy\" decoding=\"async\" width=\"70\" height=\"29\" class=\"wp-image-18122\" style=\"width: 70px;\" src=\"https:\/\/www.atslifesciences.com\/wp-content\/uploads\/sites\/63\/2024\/06\/lines.svg\" alt=\"\"> K\u00fcrzere Zykluszeiten und h\u00f6herer Durchsatz<\/h3>\n\n\n\n<p class=\"gb-headline gb-headline-792feee8 gb-headline-text\">Teilung und Zusammenf\u00fchrung \u00fcberall bei voller Prozessflexibilit\u00e4t. Der Teilefluss kann f\u00fcr eine optimale Betriebsanlageneffektivit\u00e4t (OEE) bei voller Geschwindigkeit getrennt und zusammengef\u00fchrt werden.<\/p>\n\n<\/div><\/div><\/div>\n\n<div class=\"gb-grid-column gb-grid-column-caede995\"><div class=\"gb-container gb-container-caede995\"><div class=\"gb-inside-container\">\n\n<h3 class=\"gb-headline gb-headline-ff16d6b0 gb-headline-text\"><img loading=\"lazy\" decoding=\"async\" width=\"70\" height=\"29\" class=\"wp-image-18122\" style=\"width: 70px;\" src=\"https:\/\/www.atslifesciences.com\/wp-content\/uploads\/sites\/63\/2024\/06\/lines.svg\" alt=\"\"> Reduzierter Platzbedarf der Anlage<\/h3>\n\n\n\n<p class=\"gb-headline gb-headline-0dd17fec gb-headline-text\">Dank mehrerer Konfigurationen mit modularen Komponenten kann der verf\u00fcgbare Platz optimal ausgenutzt werden. Segmente lassen sich an den Grundriss und die Anforderungen der jeweiligen Anwendung anpassen.<\/p>\n\n<\/div><\/div><\/div>\n\n<div class=\"gb-grid-column gb-grid-column-72e0f1a7\"><div class=\"gb-container gb-container-72e0f1a7\"><div class=\"gb-inside-container\">\n\n<h3 class=\"gb-headline gb-headline-270089b4 gb-headline-text\"><img loading=\"lazy\" decoding=\"async\" width=\"70\" height=\"29\" class=\"wp-image-18122\" style=\"width: 70px;\" src=\"https:\/\/www.atslifesciences.com\/wp-content\/uploads\/sites\/63\/2024\/06\/lines.svg\" alt=\"\"> Reinraumqualit\u00e4t<\/h3>\n\n\n\n<p class=\"gb-headline gb-headline-a6e7a25c gb-headline-text\">Das Edelstahlgeh\u00e4use wird strengen Reinigungsanforderungen gerecht und eignet sich somit f\u00fcr medizinische Anwendungen.<\/p>\n\n<\/div><\/div><\/div>\n\n<div class=\"gb-grid-column gb-grid-column-9dba5739\"><div class=\"gb-container gb-container-9dba5739\"><div class=\"gb-inside-container\">\n\n<h3 class=\"gb-headline gb-headline-a367a1c3 gb-headline-text\"><img loading=\"lazy\" decoding=\"async\" width=\"70\" height=\"29\" class=\"wp-image-18122\" style=\"width: 70px;\" src=\"https:\/\/www.atslifesciences.com\/wp-content\/uploads\/sites\/63\/2024\/06\/lines.svg\" alt=\"\"> Unkomplizierte Bereitstellung und Wiederverwendung<\/h3>\n\n\n\n<p class=\"gb-headline gb-headline-93d024d6 gb-headline-text\">Durch den kleinen magnetischen Linearbeweger mit Asynchronantrieb und Schienenwechsel kann schneller und effektiver in Serie gegangen werden, da Konstruktions- und Integrationsaufwand geringer ausfallen.<\/p>\n\n<\/div><\/div><\/div>\n<\/div>\n\n<div class=\"gb-grid-wrapper gb-grid-wrapper-fbd41d93\">\n<div class=\"gb-grid-column gb-grid-column-c451c9c5\"><div class=\"gb-container gb-container-c451c9c5\"><div class=\"gb-inside-container\">\n<div class=\"gb-button-wrapper gb-button-wrapper-739011f7\">\n\n<a class=\"gb-button gb-button-e458903b gb-button-text atsls-btn\" href=\"https:\/\/supertrakconveyance.com\/\" target=\"_blank\" rel=\"noopener noreferrer\">SUPERTRAK CONVEYANCE-WEBSITE BESUCHEN<\/a>\n\n<\/div>\n<\/div><\/div><\/div>\n<\/div>\n<\/div><\/div>\n\n<div class=\"gb-container gb-container-99057163 alignfull\"><div class=\"gb-inside-container\">\n<div class=\"gb-grid-wrapper gb-grid-wrapper-120d7e88\">\n<div class=\"gb-grid-column gb-grid-column-d19b681e\"><div class=\"gb-container gb-container-d19b681e\"><div class=\"gb-inside-container\">\n\n<h2 class=\"gb-headline gb-headline-039a8025 gb-headline-text\">Modulare Mikrof\u00f6rdertechnik f\u00fcr die Herstellung von Pharma- und Medizinprodukten<\/h2>\n\n\n\n<p class=\"has-white-color has-text-color\">Besprechen wir Ihre Optionen f\u00fcr die F\u00f6rdertechnik bei kleineren Produktionschargen im Rahmen von medizinischen, pharmazeutischen und biowissenschaftlichen Anwendungen.<\/p>\n\n\n<div class=\"gb-button-wrapper gb-button-wrapper-7060a3aa\">\n\n<a class=\"gb-button gb-button-08929853 gb-button-text atsls-btn atsls-modal-btn\" href=\"#\" data-id=\"atsls-modal-medium\">Kontakt<\/a>\n\n<\/div>\n<\/div><\/div><\/div>\n\n<div class=\"gb-grid-column gb-grid-column-832106cf\"><div class=\"gb-container gb-container-832106cf\"><div class=\"gb-inside-container\"><\/div><\/div><\/div>\n<\/div>\n<\/div><\/div>\n\n<div class=\"gb-container gb-container-c4f2ffb8 atsls-modal atsls-modal-medium alignfull\" data-id=\"atsls-modal-medium\"><div class=\"gb-inside-container\">\n\n<h2 class=\"gb-headline gb-headline-63a91292 gb-headline-text\">Kontakt<\/h2>\n\n\n\n\n<!-- iframe plugin v.5.1 wordpress.org\/plugins\/iframe\/ -->\n<iframe loading=\"lazy\" data-cookieconsent=\"ignore\" id=\"pardot-iframe\" style=\"border: 0;\" src=\"https:\/\/go.atsautomation.com\/l\/651873\/2024-10-29\/h7hhlb?Source_Page=supertrakmicro\" width=\"100%\" frameborder=\"0\" height=\"500\" scrolling=\"yes\" class=\"iframe-class\"><\/iframe>\n\n\n<\/div><\/div>","protected":false},"excerpt":{"rendered":"<p>Wesentliche Vorteile Durch den Teilefluss f\u00fcr Kleinserien oder Einzelteile eignet das System sich ideal f\u00fcr die Montage und Verarbeitung von Kleinteilen. Kontakt<\/p>\n","protected":false},"author":435,"featured_media":0,"parent":13886,"menu_order":0,"comment_status":"closed","ping_status":"closed","template":"page-templates\/empty.php","meta":{"_acf_changed":false,"_cr_original_post":"","_cr_replace_post_id":"","_cr_replacing_post_id":"","inline_featured_image":false,"cover_image":0,"footnotes":""},"coauthors":[126],"class_list":["post-13908","page","type-page","status-publish","hentry"],"yoast_head":"<!-- This site is optimized with the Yoast SEO Premium plugin v26.8 (Yoast SEO v26.8) - https:\/\/yoast.com\/product\/yoast-seo-premium-wordpress\/ -->\n<title>SuperTrak Micro\u2122 - ATS Life Sciences<\/title>\n<meta name=\"description\" content=\"SuperTrak MICRO\u2122 ist ein flexibler, schneller Linearantrieb f\u00fcr den Transport kleiner Teile. Mehr Durchsatz, weniger Platzbedarf und optimiert f\u00fcr Reinr\u00e4ume.\" \/>\n<meta name=\"robots\" content=\"index, follow, max-snippet:-1, max-image-preview:large, max-video-preview:-1\" \/>\n<link rel=\"canonical\" href=\"https:\/\/www.atslifesciences.com\/de\/automatisierungsloesungen2\/foerdertechnik\/supertrak-micro\/\" \/>\n<meta property=\"og:locale\" content=\"de_DE\" \/>\n<meta property=\"og:type\" content=\"article\" \/>\n<meta property=\"og:title\" content=\"SuperTrak Micro\u2122\" \/>\n<meta property=\"og:description\" content=\"SuperTrak MICRO\u2122 ist ein flexibler, schneller Linearantrieb f\u00fcr den Transport kleiner Teile. Mehr Durchsatz, weniger Platzbedarf und optimiert f\u00fcr Reinr\u00e4ume.\" \/>\n<meta property=\"og:url\" content=\"https:\/\/www.atslifesciences.com\/de\/automatisierungsloesungen2\/foerdertechnik\/supertrak-micro\/\" \/>\n<meta property=\"og:site_name\" content=\"ATS Life Sciences\" \/>\n<meta property=\"article:modified_time\" content=\"2025-11-28T16:32:25+00:00\" \/>\n<meta property=\"og:image\" content=\"https:\/\/www.atslifesciences.com\/wp-content\/uploads\/sites\/63\/2024\/06\/lines.svg\" \/>\n<meta name=\"twitter:card\" content=\"summary_large_image\" \/>\n<meta name=\"twitter:label1\" content=\"Gesch\u00e4tzte Lesezeit\" \/>\n\t<meta name=\"twitter:data1\" content=\"3 Minuten\" \/>\n\t<meta name=\"twitter:label2\" content=\"Written by\" \/>\n\t<meta name=\"twitter:data2\" content=\"dave\" \/>\n<script type=\"application\/ld+json\" class=\"yoast-schema-graph\">{\"@context\":\"https:\/\/schema.org\",\"@graph\":[{\"@type\":\"WebPage\",\"@id\":\"https:\/\/www.atslifesciences.com\/de\/automatisierungsloesungen2\/foerdertechnik\/supertrak-micro\/\",\"url\":\"https:\/\/www.atslifesciences.com\/de\/automatisierungsloesungen2\/foerdertechnik\/supertrak-micro\/\",\"name\":\"SuperTrak Micro\u2122 - ATS Life Sciences\",\"isPartOf\":{\"@id\":\"https:\/\/www.atslifesciences.com\/de\/#website\"},\"primaryImageOfPage\":{\"@id\":\"https:\/\/www.atslifesciences.com\/de\/automatisierungsloesungen2\/foerdertechnik\/supertrak-micro\/#primaryimage\"},\"image\":{\"@id\":\"https:\/\/www.atslifesciences.com\/de\/automatisierungsloesungen2\/foerdertechnik\/supertrak-micro\/#primaryimage\"},\"thumbnailUrl\":\"https:\/\/www.atslifesciences.com\/wp-content\/uploads\/sites\/63\/2024\/06\/lines.svg\",\"datePublished\":\"2023-04-20T15:08:23+00:00\",\"dateModified\":\"2025-11-28T16:32:25+00:00\",\"description\":\"SuperTrak MICRO\u2122 ist ein flexibler, schneller Linearantrieb f\u00fcr den Transport kleiner Teile. Mehr Durchsatz, weniger Platzbedarf und optimiert f\u00fcr Reinr\u00e4ume.\",\"breadcrumb\":{\"@id\":\"https:\/\/www.atslifesciences.com\/de\/automatisierungsloesungen2\/foerdertechnik\/supertrak-micro\/#breadcrumb\"},\"inLanguage\":\"de-DE\",\"potentialAction\":[{\"@type\":\"ReadAction\",\"target\":[\"https:\/\/www.atslifesciences.com\/de\/automatisierungsloesungen2\/foerdertechnik\/supertrak-micro\/\"]}]},{\"@type\":\"ImageObject\",\"inLanguage\":\"de-DE\",\"@id\":\"https:\/\/www.atslifesciences.com\/de\/automatisierungsloesungen2\/foerdertechnik\/supertrak-micro\/#primaryimage\",\"url\":\"https:\/\/www.atslifesciences.com\/wp-content\/uploads\/sites\/63\/2024\/06\/lines.svg\",\"contentUrl\":\"https:\/\/www.atslifesciences.com\/wp-content\/uploads\/sites\/63\/2024\/06\/lines.svg\"},{\"@type\":\"BreadcrumbList\",\"@id\":\"https:\/\/www.atslifesciences.com\/de\/automatisierungsloesungen2\/foerdertechnik\/supertrak-micro\/#breadcrumb\",\"itemListElement\":[{\"@type\":\"ListItem\",\"position\":1,\"name\":\"Home\",\"item\":\"https:\/\/www.atslifesciences.com\/de\/\"},{\"@type\":\"ListItem\",\"position\":2,\"name\":\"F\u00d6RDERTECHNIK\",\"item\":\"https:\/\/www.atslifesciences.com\/de\/automatisierungsloesungen__trashed\/foerdertechnik\/\"},{\"@type\":\"ListItem\",\"position\":3,\"name\":\"SuperTrak Micro\u2122\"}]},{\"@type\":\"WebSite\",\"@id\":\"https:\/\/www.atslifesciences.com\/de\/#website\",\"url\":\"https:\/\/www.atslifesciences.com\/de\/\",\"name\":\"ATS Life Sciences\",\"description\":\"\",\"potentialAction\":[{\"@type\":\"SearchAction\",\"target\":{\"@type\":\"EntryPoint\",\"urlTemplate\":\"https:\/\/www.atslifesciences.com\/de\/?s={search_term_string}\"},\"query-input\":{\"@type\":\"PropertyValueSpecification\",\"valueRequired\":true,\"valueName\":\"search_term_string\"}}],\"inLanguage\":\"de-DE\"}]}<\/script>\n<!-- \/ Yoast SEO Premium plugin. -->","yoast_head_json":{"title":"SuperTrak Micro\u2122 - ATS Life Sciences","description":"SuperTrak MICRO\u2122 ist ein flexibler, schneller Linearantrieb f\u00fcr den Transport kleiner Teile. Mehr Durchsatz, weniger Platzbedarf und optimiert f\u00fcr Reinr\u00e4ume.","robots":{"index":"index","follow":"follow","max-snippet":"max-snippet:-1","max-image-preview":"max-image-preview:large","max-video-preview":"max-video-preview:-1"},"canonical":"https:\/\/www.atslifesciences.com\/de\/automatisierungsloesungen2\/foerdertechnik\/supertrak-micro\/","og_locale":"de_DE","og_type":"article","og_title":"SuperTrak Micro\u2122","og_description":"SuperTrak MICRO\u2122 ist ein flexibler, schneller Linearantrieb f\u00fcr den Transport kleiner Teile. Mehr Durchsatz, weniger Platzbedarf und optimiert f\u00fcr Reinr\u00e4ume.","og_url":"https:\/\/www.atslifesciences.com\/de\/automatisierungsloesungen2\/foerdertechnik\/supertrak-micro\/","og_site_name":"ATS Life Sciences","article_modified_time":"2025-11-28T16:32:25+00:00","og_image":[{"url":"https:\/\/www.atslifesciences.com\/wp-content\/uploads\/sites\/63\/2024\/06\/lines.svg","type":"","width":"","height":""}],"twitter_card":"summary_large_image","twitter_misc":{"Gesch\u00e4tzte Lesezeit":"3 Minuten","Written by":"dave"},"schema":{"@context":"https:\/\/schema.org","@graph":[{"@type":"WebPage","@id":"https:\/\/www.atslifesciences.com\/de\/automatisierungsloesungen2\/foerdertechnik\/supertrak-micro\/","url":"https:\/\/www.atslifesciences.com\/de\/automatisierungsloesungen2\/foerdertechnik\/supertrak-micro\/","name":"SuperTrak Micro\u2122 - ATS Life Sciences","isPartOf":{"@id":"https:\/\/www.atslifesciences.com\/de\/#website"},"primaryImageOfPage":{"@id":"https:\/\/www.atslifesciences.com\/de\/automatisierungsloesungen2\/foerdertechnik\/supertrak-micro\/#primaryimage"},"image":{"@id":"https:\/\/www.atslifesciences.com\/de\/automatisierungsloesungen2\/foerdertechnik\/supertrak-micro\/#primaryimage"},"thumbnailUrl":"https:\/\/www.atslifesciences.com\/wp-content\/uploads\/sites\/63\/2024\/06\/lines.svg","datePublished":"2023-04-20T15:08:23+00:00","dateModified":"2025-11-28T16:32:25+00:00","description":"SuperTrak MICRO\u2122 ist ein flexibler, schneller Linearantrieb f\u00fcr den Transport kleiner Teile. Mehr Durchsatz, weniger Platzbedarf und optimiert f\u00fcr Reinr\u00e4ume.","breadcrumb":{"@id":"https:\/\/www.atslifesciences.com\/de\/automatisierungsloesungen2\/foerdertechnik\/supertrak-micro\/#breadcrumb"},"inLanguage":"de-DE","potentialAction":[{"@type":"ReadAction","target":["https:\/\/www.atslifesciences.com\/de\/automatisierungsloesungen2\/foerdertechnik\/supertrak-micro\/"]}]},{"@type":"ImageObject","inLanguage":"de-DE","@id":"https:\/\/www.atslifesciences.com\/de\/automatisierungsloesungen2\/foerdertechnik\/supertrak-micro\/#primaryimage","url":"https:\/\/www.atslifesciences.com\/wp-content\/uploads\/sites\/63\/2024\/06\/lines.svg","contentUrl":"https:\/\/www.atslifesciences.com\/wp-content\/uploads\/sites\/63\/2024\/06\/lines.svg"},{"@type":"BreadcrumbList","@id":"https:\/\/www.atslifesciences.com\/de\/automatisierungsloesungen2\/foerdertechnik\/supertrak-micro\/#breadcrumb","itemListElement":[{"@type":"ListItem","position":1,"name":"Home","item":"https:\/\/www.atslifesciences.com\/de\/"},{"@type":"ListItem","position":2,"name":"F\u00d6RDERTECHNIK","item":"https:\/\/www.atslifesciences.com\/de\/automatisierungsloesungen__trashed\/foerdertechnik\/"},{"@type":"ListItem","position":3,"name":"SuperTrak Micro\u2122"}]},{"@type":"WebSite","@id":"https:\/\/www.atslifesciences.com\/de\/#website","url":"https:\/\/www.atslifesciences.com\/de\/","name":"ATS Life Sciences","description":"","potentialAction":[{"@type":"SearchAction","target":{"@type":"EntryPoint","urlTemplate":"https:\/\/www.atslifesciences.com\/de\/?s={search_term_string}"},"query-input":{"@type":"PropertyValueSpecification","valueRequired":true,"valueName":"search_term_string"}}],"inLanguage":"de-DE"}]}},"acf":[],"jetpack_sharing_enabled":true,"_links":{"self":[{"href":"https:\/\/www.atslifesciences.com\/de\/wp-json\/wp\/v2\/pages\/13908","targetHints":{"allow":["GET"]}}],"collection":[{"href":"https:\/\/www.atslifesciences.com\/de\/wp-json\/wp\/v2\/pages"}],"about":[{"href":"https:\/\/www.atslifesciences.com\/de\/wp-json\/wp\/v2\/types\/page"}],"author":[{"embeddable":true,"href":"https:\/\/www.atslifesciences.com\/de\/wp-json\/wp\/v2\/users\/435"}],"replies":[{"embeddable":true,"href":"https:\/\/www.atslifesciences.com\/de\/wp-json\/wp\/v2\/comments?post=13908"}],"version-history":[{"count":7,"href":"https:\/\/www.atslifesciences.com\/de\/wp-json\/wp\/v2\/pages\/13908\/revisions"}],"predecessor-version":[{"id":25019,"href":"https:\/\/www.atslifesciences.com\/de\/wp-json\/wp\/v2\/pages\/13908\/revisions\/25019"}],"up":[{"embeddable":true,"href":"https:\/\/www.atslifesciences.com\/de\/wp-json\/wp\/v2\/pages\/13886"}],"wp:attachment":[{"href":"https:\/\/www.atslifesciences.com\/de\/wp-json\/wp\/v2\/media?parent=13908"}],"wp:term":[{"taxonomy":"author","embeddable":true,"href":"https:\/\/www.atslifesciences.com\/de\/wp-json\/wp\/v2\/coauthors?post=13908"}],"curies":[{"name":"wp","href":"https:\/\/api.w.org\/{rel}","templated":true}]}}