{"id":13890,"date":"2023-07-11T16:08:14","date_gmt":"2023-07-11T16:08:14","guid":{"rendered":"https:\/\/www.atslifesciences.com\/automatisierungsloesungen\/sichtpruefung-und-tests\/"},"modified":"2025-11-28T17:01:53","modified_gmt":"2025-11-28T17:01:53","slug":"sichtpruefung-und-tests","status":"publish","type":"page","link":"https:\/\/www.atslifesciences.com\/de\/automatisierungsloesungen2\/sichtpruefung-und-tests\/","title":{"rendered":"SICHTPR\u00dcFUNG UND TESTS"},"content":{"rendered":"\n<div class=\"atsls-secondary-hero\" id=\"atsls-secondary-hero-block_a4c36b1f8f890e396fbef2539ff8afd7\">\n\n  <div class=\"inner-wrp\">\n\n    \n      <div class=\"background-wrp\" style=\"background-image: url(https:\/\/www.atslifesciences.com\/wp-content\/uploads\/sites\/63\/2024\/06\/vision-testing.jpg);\">\n                  <div class=\"img-wrp\">\n            <img decoding=\"async\" src=\"https:\/\/www.atslifesciences.com\/wp-content\/uploads\/sites\/63\/2024\/06\/vision-testing.jpg\">\n          <\/div>\n              <\/div>\n\n    \n    <div class=\"container\">\n\n      <div class=\"row\">\n\n        <div class=\"col-md-5\">\n\n          <div class=\"sub-title\">\n            <p>Automatisierte Erfassung und \u00dcberpr\u00fcfung von Aufnahmen<\/p>\n          <\/div>\n          \n          <div class=\"title-part\">\n            <h1>SICHTPR\u00dcFUNG UND TESTS<\/h1>\n          <\/div>\n\n          <div class=\"description\">\n            <p>Die Vision-L\u00f6sungen von ATS fu\u00dfen auf jahrelanger Erfahrung auf dem Gebiet des maschinellen Sehens und zeichnen sich durch qualitativ hochwertige Optik- und Systemauslegungen aus, die f\u00fcr optimale Bildmengen und eine bestm\u00f6gliche Bereitstellungsarchitektur sorgen. Im Zusammenspiel mit k\u00fcnstlicher Intelligenz ergeben sich leistungsstarke neuartige Tools, mit denen sich Vision-Probleme in der Produktion l\u00f6sen lassen.<\/p>\n          <\/div>\n\n          \n        <\/div>\n        \n      <\/div>\n\n    <\/div>\n  \n  <\/div>\n\n<\/div>\n\n<style type=\"text\/css\">\n#atsls-secondary-hero-block_a4c36b1f8f890e396fbef2539ff8afd7 {\n  padding-top: 100px;\n  background-color: #0A2463;\n}\n\n#atsls-secondary-hero-block_a4c36b1f8f890e396fbef2539ff8afd7 .inner-wrp {\n  padding-top: 6rem;\n  padding-bottom: 6rem;\n  position: relative;\n}\n\n\n#atsls-secondary-hero-block_a4c36b1f8f890e396fbef2539ff8afd7 .inner-wrp .background-wrp {\n  background-repeat: no-repeat;\n  background-position: center;\n  background-size: cover;\n  position: relative;\n  width: 55%;\n  height: 100%;\n  position: absolute;\n  top: 0;\n  right: 0;\n  z-index: 1;\n  overflow: hidden;\n}\n#atsls-secondary-hero-block_a4c36b1f8f890e396fbef2539ff8afd7 .inner-wrp .background-wrp .img-wrp {\n  display: none;\n  position: relative;\n  height: 0;\n  width: 100%;\n  padding-bottom: 56.25%;\n  margin-bottom: 0px;\n  overflow: hidden;\n}\n#atsls-secondary-hero-block_a4c36b1f8f890e396fbef2539ff8afd7 .inner-wrp .background-wrp .img-wrp img {\n  position: absolute;\n  width: 100%;\n  height: 100%;\n  top: 0;\n  left: 0;\n  object-fit: cover;\n  object-position: center;\n}\n\n#atsls-secondary-hero-block_a4c36b1f8f890e396fbef2539ff8afd7 .inner-wrp .background-video-wrp {\n  background-repeat: no-repeat;\n  background-position: center;\n  background-size: cover;\n  position: relative;\n  width: 55%;\n  height: 100%;\n  position: absolute;\n  top: 0;\n  right: 0;\n  z-index: 1;\n  overflow: hidden;\n}\n#atsls-secondary-hero-block_a4c36b1f8f890e396fbef2539ff8afd7 .inner-wrp .background-video-wrp .video-wrp {\n  display: block;\n  position: relative;\n  height: 0;\n  width: 100%;\n  padding-bottom: 60%;\n  margin-bottom: 0px;\n  overflow: hidden;\n}\n#atsls-secondary-hero-block_a4c36b1f8f890e396fbef2539ff8afd7 .inner-wrp .background-video-wrp .video-wrp video {\n  position: absolute;\n  width: 100%;\n  height: 100%;\n  top: 0;\n  left: 0;\n  object-fit: cover;\n  object-position: center;\n}\n\n#atsls-secondary-hero-block_a4c36b1f8f890e396fbef2539ff8afd7 .container {\n  position: relative;\n  z-index: 2;\n}\n\n#atsls-secondary-hero-block_a4c36b1f8f890e396fbef2539ff8afd7 .inner-wrp::after {\n  content: \"\";\n  width: 65%;\n  height: 100%;\n  position: absolute;\n  top: 0;\n  left: -10%;\n  transform: skew(-20deg);\n  background-color: #0A2463;\n  border-right: 6px solid #41BFAC;\n  z-index: 1;\n}\n#atsls-secondary-hero-block_a4c36b1f8f890e396fbef2539ff8afd7 .title-part h1, #atsls-secondary-hero-block_a4c36b1f8f890e396fbef2539ff8afd7 .title-part .h1 {\n  color: #FFF;\n  font-family: \"Roboto\", sans-serif;\n  font-size: 48px;\n  font-style: normal;\n  font-weight: 500;\n  line-height: normal;\n  margin-bottom: 15px;\n}\n.single-news-page #atsls-secondary-hero-block_a4c36b1f8f890e396fbef2539ff8afd7 .title-part h1 {\n  font-size: 28px;\n  text-transform: unset;\n}\n#atsls-secondary-hero-block_a4c36b1f8f890e396fbef2539ff8afd7 .sub-title p {\n  color: #9ACD4F;\n  \/* Subtitle *\/\n  font-family: \"Roboto\", sans-serif;\n  font-size: 16px;\n  font-style: normal;\n  font-weight: 500;\n  line-height: 140%; \/* 22.4px *\/\n  margin-bottom: 5px;\n}\n#atsls-secondary-hero-block_a4c36b1f8f890e396fbef2539ff8afd7 .description p {\n  color: #FFF;\n  \/* Paragraph *\/\n  font-family: \"Roboto\", sans-serif;\n  font-size: 18px;\n  font-style: normal;\n  font-weight: 400;\n  line-height: 140%; \/* 25.2px *\/\n}\n#atsls-secondary-hero-block_a4c36b1f8f890e396fbef2539ff8afd7 .cta-btn {\n  padding-top: 15px;\n}\n#atsls-secondary-hero-block_a4c36b1f8f890e396fbef2539ff8afd7 .cta-btn a {\n  position: relative;\n  padding: 10px 40px !important;\n  transition: all ease 0.3s !important;\n  background-color: #9ACD4F;\n  text-decoration: none;\n  color: #071630;\n  font-size: 18px;\n}\n\n#atsls-secondary-hero-block_a4c36b1f8f890e396fbef2539ff8afd7 .cta-btn a:before {\n  content: \"\" !important;\n  background-image: url('https:\/\/www.atslifesciences.com\/wp-content\/themes\/atsls-2024\/assets\/btn-icon.svg');\n  width: 30px;\n  height: 30px;\n  background-repeat: no-repeat;\n  background-position: center;\n  background-size: 30px 30px;\n  position: absolute;\n  top: 8px !important;\n  left: 20px !important;\n  opacity: 0;\n  transition: all ease 0.3s;\n}\n\n#atsls-secondary-hero-block_a4c36b1f8f890e396fbef2539ff8afd7 .cta-btn a:hover {\n  padding-left: 60px !important;\n  padding-right: 20px !important;\n}\n#atsls-secondary-hero-block_a4c36b1f8f890e396fbef2539ff8afd7 .cta-btn a:hover:before {\n  opacity: 1;\n}\n\n\n@media (max-width: 768px) {\n  #atsls-secondary-hero-block_a4c36b1f8f890e396fbef2539ff8afd7 {\n    padding-top: 79px;\n  }\n  #atsls-secondary-hero-block_a4c36b1f8f890e396fbef2539ff8afd7 .title-part h1 {\n    font-size: 30px;\n  }\n  #atsls-secondary-hero-block_a4c36b1f8f890e396fbef2539ff8afd7 .inner-wrp {\n    padding-top: 0px;\n    padding-bottom: 32px;\n  }\n  #atsls-secondary-hero-block_a4c36b1f8f890e396fbef2539ff8afd7 .inner-wrp::after {\n    width: 100%;\n    height: 100%;\n    left: 0;\n    top: 0;\n    transform: unset;\n    border: none;\n  }\n\n  #atsls-secondary-hero-block_a4c36b1f8f890e396fbef2539ff8afd7 .inner-wrp .background-wrp {\n    width: 100%;\n    position: relative;\n    height: auto;\n    z-index: 2;\n    margin-bottom: 30px;\n  }\n  #atsls-secondary-hero-block_a4c36b1f8f890e396fbef2539ff8afd7 .inner-wrp .background-wrp .img-wrp {\n    display: block;\n  }\n  #atsls-secondary-hero-block_a4c36b1f8f890e396fbef2539ff8afd7 .inner-wrp .background-video-wrp {\n    width: 100%;\n    position: relative;\n    height: auto;\n    z-index: 2;\n    margin-bottom: 30px;\n  }\n}\n\n<\/style>\n\n\n<div class=\"gb-container gb-container-0fdfa3be\"><div class=\"gb-inside-container\">\n\n<h2 class=\"gb-headline gb-headline-9867b477 gb-headline-text\">Spezialisierung<\/h2>\n\n\n<div class=\"gb-grid-wrapper gb-grid-wrapper-2763d027 segments-card\">\n<div class=\"gb-grid-column gb-grid-column-69b91597\"><div class=\"gb-container gb-container-69b91597 card-item\"><div class=\"gb-inside-container\">\n\n<figure class=\"gb-block-image gb-block-image-c5b9b05a\"><img decoding=\"async\" loading=\"lazy\" width=\"982\" height=\"637\" class=\"gb-image gb-image-c5b9b05a\" src=\"https:\/\/www.atslifesciences.com\/wp-content\/uploads\/sites\/63\/2023\/04\/pharma-scan2.jpg\" alt=\"\" title=\"pharma-scan2\" srcset=\"https:\/\/www.atslifesciences.com\/wp-content\/uploads\/sites\/63\/2023\/04\/pharma-scan2.jpg 982w, https:\/\/www.atslifesciences.com\/wp-content\/uploads\/sites\/63\/2023\/04\/pharma-scan2.jpg?resize=300,195 300w, https:\/\/www.atslifesciences.com\/wp-content\/uploads\/sites\/63\/2023\/04\/pharma-scan2.jpg?resize=768,498 768w\" sizes=\"auto, (max-width: 982px) 100vw, 982px\" \/><\/figure>\n\n\n\n<h3 class=\"gb-headline gb-headline-54b18d26 gb-headline-text\">ATS PharmaScan\u2122-Plattformen f\u00fcr die erweiterte \u00dcberpr\u00fcfung<\/h3>\n\n\n\n<p class=\"gb-headline gb-headline-6642ac83 gb-headline-text\">Die PharmaScan\u2122-Familie aus Plattformen f\u00fcr die erweiterte \u00dcberpr\u00fcfung ist darauf ausgelegt, den h\u00f6chsten Standards der pharmazeutischen Industrie f\u00fcr fl\u00fcssige oder lyophilisierte Produkte gerecht zu werden. Sie pr\u00fcft zuverl\u00e4ssig auf mehrere Defektkriterien.<\/p>\n\n\n<div class=\"gb-button-wrapper gb-button-wrapper-b4c9e598\">\n\n<a class=\"gb-button gb-button-d7091596 gb-button-text\" href=\"https:\/\/www.atslifesciences.com\/de\/automatisierungsloesungen\/pharmascan\/\">Mehr<\/a>\n\n<\/div>\n<\/div><\/div><\/div>\n\n<div class=\"gb-grid-column gb-grid-column-6301e3d9\"><div class=\"gb-container gb-container-6301e3d9 card-item\"><div class=\"gb-inside-container\">\n\n<figure class=\"gb-block-image gb-block-image-bcfef18a\"><img decoding=\"async\" loading=\"lazy\" width=\"3000\" height=\"1687\" class=\"gb-image gb-image-bcfef18a\" src=\"https:\/\/www.atslifesciences.com\/wp-content\/uploads\/sites\/63\/2021\/11\/Webdam_IMG_4117-edited-e1639161134772.jpg\" alt=\"ATS SmartVision\" title=\"ATS SmartVision\"\/><\/figure>\n\n\n\n<h3 class=\"gb-headline gb-headline-07428e47 gb-headline-text\">ATS SmartVision\u2122- und ATS Cortex\u2122<sup>&#8211;<\/sup>L\u00f6sung<\/h3>\n\n\n\n<p class=\"gb-headline gb-headline-71a67634 gb-headline-text\">Vision-System und Open-Source-Software zur Koordinierung und Steuerung von Kameras und Beleuchtungssystemen, die f\u00fcr komplexe \u00dcberpr\u00fcfungen vorausgesetzt werden. In Kombination bieten sie eine hohe Wirtschaftlichkeit, Konnektivit\u00e4t und Anpassbarkeit.<\/p>\n\n\n<div class=\"gb-button-wrapper gb-button-wrapper-03951b55\">\n\n<a class=\"gb-button gb-button-013804f8 gb-button-text\" href=\"https:\/\/www.atslifesciences.com\/de\/automatisierungsloesungen\/sichtpruefung-und-tests\/cortex-neo\/\">Mehr<\/a>\n\n<\/div>\n<\/div><\/div><\/div>\n\n<div class=\"gb-grid-column gb-grid-column-1c2eab53\"><div class=\"gb-container gb-container-1c2eab53 card-item\"><div class=\"gb-inside-container\">\n\n<figure class=\"gb-block-image gb-block-image-dd0c6eb8\"><img decoding=\"async\" loading=\"lazy\" width=\"1193\" height=\"631\" class=\"gb-image gb-image-dd0c6eb8\" src=\"https:\/\/www.atslifesciences.com\/wp-content\/uploads\/sites\/63\/2022\/08\/Bluetooth-System@2x-1.png\" alt=\"Bluetooth-System\" title=\"Bluetooth-System\" srcset=\"https:\/\/www.atslifesciences.com\/wp-content\/uploads\/sites\/63\/2022\/08\/Bluetooth-System@2x-1.png 1193w, https:\/\/www.atslifesciences.com\/wp-content\/uploads\/sites\/63\/2022\/08\/Bluetooth-System@2x-1.png?resize=300,159 300w, https:\/\/www.atslifesciences.com\/wp-content\/uploads\/sites\/63\/2022\/08\/Bluetooth-System@2x-1.png?resize=768,406 768w, https:\/\/www.atslifesciences.com\/wp-content\/uploads\/sites\/63\/2022\/08\/Bluetooth-System@2x-1.png?resize=1024,542 1024w\" sizes=\"auto, (max-width: 1193px) 100vw, 1193px\" \/><\/figure>\n\n\n\n<h3 class=\"gb-headline gb-headline-576d43d6 gb-headline-text\">Funktionstest f\u00fcr \u00fcber Bluetooth<sup>\u00ae<\/sup> verbundene Ger\u00e4te<\/h3>\n\n\n\n<p class=\"gb-headline gb-headline-70c7f096 gb-headline-text\">Dieses Testsystem verifiziert und validiert die ordnungsgem\u00e4\u00dfe Daten\u00fcbertragung und Funktionalit\u00e4t Ihrer Bluetooth<sup>\u00ae<\/sup>-f\u00e4higen smarten Medizinprodukte und Diagnostika. Es kann als eigenst\u00e4ndige L\u00f6sung implementiert oder in bestehende Automatisierungssysteme integriert werden.<\/p>\n\n\n<div class=\"gb-button-wrapper gb-button-wrapper-64542a8b\">\n\n<a class=\"gb-button gb-button-d3afb58b gb-button-text\" href=\"https:\/\/www.atslifesciences.com\/de\/automatisierungsloesungen\/sichtpruefung-und-tests\/bluetooth-funktionstester\/\">Mehr<\/a>\n\n<\/div>\n<\/div><\/div><\/div>\n\n<div class=\"gb-grid-column gb-grid-column-1a7730af\"><div class=\"gb-container gb-container-1a7730af card-item\"><div class=\"gb-inside-container\">\n\n<figure class=\"gb-block-image gb-block-image-64f97e1e\"><img decoding=\"async\" loading=\"lazy\" width=\"1205\" height=\"615\" class=\"gb-image gb-image-64f97e1e\" src=\"https:\/\/www.atslifesciences.com\/wp-content\/uploads\/sites\/63\/2023\/07\/Sustainability-Module-screen-capture.png\" alt=\"Sustainability Module screen capture\" title=\"Sustainability Module screen capture\" srcset=\"https:\/\/www.atslifesciences.com\/wp-content\/uploads\/sites\/63\/2023\/07\/Sustainability-Module-screen-capture.png 1205w, https:\/\/www.atslifesciences.com\/wp-content\/uploads\/sites\/63\/2023\/07\/Sustainability-Module-screen-capture.png?resize=300,153 300w, https:\/\/www.atslifesciences.com\/wp-content\/uploads\/sites\/63\/2023\/07\/Sustainability-Module-screen-capture.png?resize=768,392 768w, https:\/\/www.atslifesciences.com\/wp-content\/uploads\/sites\/63\/2023\/07\/Sustainability-Module-screen-capture.png?resize=1024,523 1024w\" sizes=\"auto, (max-width: 1205px) 100vw, 1205px\" \/><\/figure>\n\n\n\n<h3 class=\"gb-headline gb-headline-5b28b312 gb-headline-text\"><strong>Sustainability- Modul<\/strong><\/h3>\n\n\n\n<p class=\"gb-headline gb-headline-547ab7fd gb-headline-text\">Messen Sie in Echtzeit den Energieverbrauch pro Teil\/pro Charge, um Ihren CO2-Fu\u00dfabdruck einfach zu ermitteln und zu melden.<\/p>\n\n\n<div class=\"gb-button-wrapper gb-button-wrapper-59e1f1d6\">\n\n<a class=\"gb-button gb-button-2a4a6327 gb-button-text\" href=\"https:\/\/www.atslifesciences.com\/de\/automatisierungsloesungen\/sichtpruefung-und-tests\/sustainability-modul\/\">Mehr<\/a>\n\n<\/div>\n<\/div><\/div><\/div>\n<\/div>\n<\/div><\/div>\n\n<div class=\"gb-container gb-container-8f2b40f6 alignfull\"><div class=\"gb-inside-container\">\n<div class=\"gb-grid-wrapper gb-grid-wrapper-e38c66c3\">\n<div class=\"gb-grid-column gb-grid-column-f4ea0eac\"><div class=\"gb-container gb-container-f4ea0eac\"><div class=\"gb-inside-container\">\n\n<h2 class=\"gb-headline gb-headline-5adb5275 gb-headline-text\">Bereit, Ihre Anforderungen an die Sichtpr\u00fcfung mit unseren ATS-Spezialisten zu besprechen?<\/h2>\n\n\n\n<p class=\"has-white-color has-text-color\">Jedes Vision-Problem ist einzigartig und macht eventuell ein individuelles Instrumentarium erforderlich, das Deep-Learning-Tools f\u00fcr Klassifizierung, Objekterkennung, Anomalieerkennung und Texterkennung umfassen kann. Wir k\u00f6nnen Sie dabei unterst\u00fctzen, die passende L\u00f6sung zu finden.<\/p>\n\n\n<div class=\"gb-button-wrapper gb-button-wrapper-ce2c7be5\">\n\n<a class=\"gb-button gb-button-fc3d0119 gb-button-text atsls-btn atsls-modal-btn\" href=\"#\" data-id=\"atsls-modal-medium\">Kontakt<\/a>\n\n<\/div>\n<\/div><\/div><\/div>\n\n<div class=\"gb-grid-column gb-grid-column-6a420282\"><div class=\"gb-container gb-container-6a420282\"><div class=\"gb-inside-container\"><\/div><\/div><\/div>\n<\/div>\n<\/div><\/div>\n\n<div class=\"gb-container gb-container-c4f2ffb8 atsls-modal atsls-modal-medium alignfull\" data-id=\"atsls-modal-medium\"><div class=\"gb-inside-container\">\n\n<h2 class=\"gb-headline gb-headline-63a91292 gb-headline-text\">Kontakt<\/h2>\n\n\n\n\n<!-- iframe plugin v.5.1 wordpress.org\/plugins\/iframe\/ -->\n<iframe loading=\"lazy\" data-cookieconsent=\"ignore\" id=\"pardot-iframe\" style=\"border: 0;\" src=\"https:\/\/go.atsautomation.com\/l\/651873\/2024-10-29\/h7hhlb?Source_Page=vision-testing\" width=\"100%\" frameborder=\"0\" height=\"500\" scrolling=\"yes\" class=\"iframe-class\"><\/iframe>\n\n\n<\/div><\/div>","protected":false},"excerpt":{"rendered":"<p>Spezialisierung Kontakt<\/p>\n","protected":false},"author":378,"featured_media":0,"parent":25194,"menu_order":0,"comment_status":"closed","ping_status":"closed","template":"page-templates\/empty.php","meta":{"_acf_changed":false,"_cr_original_post":"","_cr_replace_post_id":"","_cr_replacing_post_id":"","inline_featured_image":false,"cover_image":0,"footnotes":""},"coauthors":[78],"class_list":["post-13890","page","type-page","status-publish","hentry"],"yoast_head":"<!-- This site is optimized with the Yoast SEO Premium plugin v26.8 (Yoast SEO v26.8) - https:\/\/yoast.com\/product\/yoast-seo-premium-wordpress\/ -->\n<title>SICHTPR\u00dcFUNG UND TESTS - ATS Life Sciences<\/title>\n<meta name=\"description\" content=\"Automatisierte Bildpr\u00fcfung auf Basis von KI und optischem Design. Mehr Qualit\u00e4t und weniger Fehler in der Fertigung. Jetzt informieren und Angebot einholen.\" \/>\n<meta name=\"robots\" content=\"index, follow, max-snippet:-1, max-image-preview:large, max-video-preview:-1\" \/>\n<link rel=\"canonical\" href=\"https:\/\/www.atslifesciences.com\/de\/automatisierungsloesungen2\/sichtpruefung-und-tests\/\" \/>\n<meta property=\"og:locale\" content=\"de_DE\" \/>\n<meta property=\"og:type\" content=\"article\" \/>\n<meta property=\"og:title\" content=\"SICHTPR\u00dcFUNG UND TESTS\" \/>\n<meta property=\"og:description\" content=\"Automatisierte Bildpr\u00fcfung auf Basis von KI und optischem Design. Mehr Qualit\u00e4t und weniger Fehler in der Fertigung. Jetzt informieren und Angebot einholen.\" \/>\n<meta property=\"og:url\" content=\"https:\/\/www.atslifesciences.com\/de\/automatisierungsloesungen2\/sichtpruefung-und-tests\/\" \/>\n<meta property=\"og:site_name\" content=\"ATS Life Sciences\" \/>\n<meta property=\"article:modified_time\" content=\"2025-11-28T17:01:53+00:00\" \/>\n<meta property=\"og:image\" content=\"https:\/\/www.atslifesciences.com\/wp-content\/uploads\/sites\/63\/2023\/04\/pharma-scan2.jpg\" \/>\n<meta name=\"twitter:card\" content=\"summary_large_image\" \/>\n<meta name=\"twitter:label1\" content=\"Gesch\u00e4tzte Lesezeit\" \/>\n\t<meta name=\"twitter:data1\" content=\"2 Minuten\" \/>\n\t<meta name=\"twitter:label2\" content=\"Written by\" \/>\n\t<meta name=\"twitter:data2\" content=\"akhatpe\" \/>\n<script type=\"application\/ld+json\" class=\"yoast-schema-graph\">{\"@context\":\"https:\/\/schema.org\",\"@graph\":[{\"@type\":\"WebPage\",\"@id\":\"https:\/\/www.atslifesciences.com\/de\/automatisierungsloesungen2\/sichtpruefung-und-tests\/\",\"url\":\"https:\/\/www.atslifesciences.com\/de\/automatisierungsloesungen2\/sichtpruefung-und-tests\/\",\"name\":\"SICHTPR\u00dcFUNG UND TESTS - ATS Life Sciences\",\"isPartOf\":{\"@id\":\"https:\/\/www.atslifesciences.com\/de\/#website\"},\"primaryImageOfPage\":{\"@id\":\"https:\/\/www.atslifesciences.com\/de\/automatisierungsloesungen2\/sichtpruefung-und-tests\/#primaryimage\"},\"image\":{\"@id\":\"https:\/\/www.atslifesciences.com\/de\/automatisierungsloesungen2\/sichtpruefung-und-tests\/#primaryimage\"},\"thumbnailUrl\":\"https:\/\/www.atslifesciences.com\/wp-content\/uploads\/sites\/63\/2023\/04\/pharma-scan2.jpg\",\"datePublished\":\"2023-07-11T16:08:14+00:00\",\"dateModified\":\"2025-11-28T17:01:53+00:00\",\"description\":\"Automatisierte Bildpr\u00fcfung auf Basis von KI und optischem Design. Mehr Qualit\u00e4t und weniger Fehler in der Fertigung. Jetzt informieren und Angebot einholen.\",\"breadcrumb\":{\"@id\":\"https:\/\/www.atslifesciences.com\/de\/automatisierungsloesungen2\/sichtpruefung-und-tests\/#breadcrumb\"},\"inLanguage\":\"de-DE\",\"potentialAction\":[{\"@type\":\"ReadAction\",\"target\":[\"https:\/\/www.atslifesciences.com\/de\/automatisierungsloesungen2\/sichtpruefung-und-tests\/\"]}]},{\"@type\":\"ImageObject\",\"inLanguage\":\"de-DE\",\"@id\":\"https:\/\/www.atslifesciences.com\/de\/automatisierungsloesungen2\/sichtpruefung-und-tests\/#primaryimage\",\"url\":\"https:\/\/www.atslifesciences.com\/wp-content\/uploads\/sites\/63\/2023\/04\/pharma-scan2.jpg\",\"contentUrl\":\"https:\/\/www.atslifesciences.com\/wp-content\/uploads\/sites\/63\/2023\/04\/pharma-scan2.jpg\"},{\"@type\":\"BreadcrumbList\",\"@id\":\"https:\/\/www.atslifesciences.com\/de\/automatisierungsloesungen2\/sichtpruefung-und-tests\/#breadcrumb\",\"itemListElement\":[{\"@type\":\"ListItem\",\"position\":1,\"name\":\"Home\",\"item\":\"https:\/\/www.atslifesciences.com\/de\/\"},{\"@type\":\"ListItem\",\"position\":2,\"name\":\"SICHTPR\u00dcFUNG UND TESTS\"}]},{\"@type\":\"WebSite\",\"@id\":\"https:\/\/www.atslifesciences.com\/de\/#website\",\"url\":\"https:\/\/www.atslifesciences.com\/de\/\",\"name\":\"ATS Life Sciences\",\"description\":\"\",\"potentialAction\":[{\"@type\":\"SearchAction\",\"target\":{\"@type\":\"EntryPoint\",\"urlTemplate\":\"https:\/\/www.atslifesciences.com\/de\/?s={search_term_string}\"},\"query-input\":{\"@type\":\"PropertyValueSpecification\",\"valueRequired\":true,\"valueName\":\"search_term_string\"}}],\"inLanguage\":\"de-DE\"}]}<\/script>\n<!-- \/ Yoast SEO Premium plugin. -->","yoast_head_json":{"title":"SICHTPR\u00dcFUNG UND TESTS - ATS Life Sciences","description":"Automatisierte Bildpr\u00fcfung auf Basis von KI und optischem Design. Mehr Qualit\u00e4t und weniger Fehler in der Fertigung. Jetzt informieren und Angebot einholen.","robots":{"index":"index","follow":"follow","max-snippet":"max-snippet:-1","max-image-preview":"max-image-preview:large","max-video-preview":"max-video-preview:-1"},"canonical":"https:\/\/www.atslifesciences.com\/de\/automatisierungsloesungen2\/sichtpruefung-und-tests\/","og_locale":"de_DE","og_type":"article","og_title":"SICHTPR\u00dcFUNG UND TESTS","og_description":"Automatisierte Bildpr\u00fcfung auf Basis von KI und optischem Design. Mehr Qualit\u00e4t und weniger Fehler in der Fertigung. Jetzt informieren und Angebot einholen.","og_url":"https:\/\/www.atslifesciences.com\/de\/automatisierungsloesungen2\/sichtpruefung-und-tests\/","og_site_name":"ATS Life Sciences","article_modified_time":"2025-11-28T17:01:53+00:00","og_image":[{"url":"https:\/\/www.atslifesciences.com\/wp-content\/uploads\/sites\/63\/2023\/04\/pharma-scan2.jpg","type":"","width":"","height":""}],"twitter_card":"summary_large_image","twitter_misc":{"Gesch\u00e4tzte Lesezeit":"2 Minuten","Written by":"akhatpe"},"schema":{"@context":"https:\/\/schema.org","@graph":[{"@type":"WebPage","@id":"https:\/\/www.atslifesciences.com\/de\/automatisierungsloesungen2\/sichtpruefung-und-tests\/","url":"https:\/\/www.atslifesciences.com\/de\/automatisierungsloesungen2\/sichtpruefung-und-tests\/","name":"SICHTPR\u00dcFUNG UND TESTS - ATS Life Sciences","isPartOf":{"@id":"https:\/\/www.atslifesciences.com\/de\/#website"},"primaryImageOfPage":{"@id":"https:\/\/www.atslifesciences.com\/de\/automatisierungsloesungen2\/sichtpruefung-und-tests\/#primaryimage"},"image":{"@id":"https:\/\/www.atslifesciences.com\/de\/automatisierungsloesungen2\/sichtpruefung-und-tests\/#primaryimage"},"thumbnailUrl":"https:\/\/www.atslifesciences.com\/wp-content\/uploads\/sites\/63\/2023\/04\/pharma-scan2.jpg","datePublished":"2023-07-11T16:08:14+00:00","dateModified":"2025-11-28T17:01:53+00:00","description":"Automatisierte Bildpr\u00fcfung auf Basis von KI und optischem Design. Mehr Qualit\u00e4t und weniger Fehler in der Fertigung. Jetzt informieren und Angebot einholen.","breadcrumb":{"@id":"https:\/\/www.atslifesciences.com\/de\/automatisierungsloesungen2\/sichtpruefung-und-tests\/#breadcrumb"},"inLanguage":"de-DE","potentialAction":[{"@type":"ReadAction","target":["https:\/\/www.atslifesciences.com\/de\/automatisierungsloesungen2\/sichtpruefung-und-tests\/"]}]},{"@type":"ImageObject","inLanguage":"de-DE","@id":"https:\/\/www.atslifesciences.com\/de\/automatisierungsloesungen2\/sichtpruefung-und-tests\/#primaryimage","url":"https:\/\/www.atslifesciences.com\/wp-content\/uploads\/sites\/63\/2023\/04\/pharma-scan2.jpg","contentUrl":"https:\/\/www.atslifesciences.com\/wp-content\/uploads\/sites\/63\/2023\/04\/pharma-scan2.jpg"},{"@type":"BreadcrumbList","@id":"https:\/\/www.atslifesciences.com\/de\/automatisierungsloesungen2\/sichtpruefung-und-tests\/#breadcrumb","itemListElement":[{"@type":"ListItem","position":1,"name":"Home","item":"https:\/\/www.atslifesciences.com\/de\/"},{"@type":"ListItem","position":2,"name":"SICHTPR\u00dcFUNG UND TESTS"}]},{"@type":"WebSite","@id":"https:\/\/www.atslifesciences.com\/de\/#website","url":"https:\/\/www.atslifesciences.com\/de\/","name":"ATS Life Sciences","description":"","potentialAction":[{"@type":"SearchAction","target":{"@type":"EntryPoint","urlTemplate":"https:\/\/www.atslifesciences.com\/de\/?s={search_term_string}"},"query-input":{"@type":"PropertyValueSpecification","valueRequired":true,"valueName":"search_term_string"}}],"inLanguage":"de-DE"}]}},"acf":[],"jetpack_sharing_enabled":true,"_links":{"self":[{"href":"https:\/\/www.atslifesciences.com\/de\/wp-json\/wp\/v2\/pages\/13890","targetHints":{"allow":["GET"]}}],"collection":[{"href":"https:\/\/www.atslifesciences.com\/de\/wp-json\/wp\/v2\/pages"}],"about":[{"href":"https:\/\/www.atslifesciences.com\/de\/wp-json\/wp\/v2\/types\/page"}],"author":[{"embeddable":true,"href":"https:\/\/www.atslifesciences.com\/de\/wp-json\/wp\/v2\/users\/378"}],"replies":[{"embeddable":true,"href":"https:\/\/www.atslifesciences.com\/de\/wp-json\/wp\/v2\/comments?post=13890"}],"version-history":[{"count":12,"href":"https:\/\/www.atslifesciences.com\/de\/wp-json\/wp\/v2\/pages\/13890\/revisions"}],"predecessor-version":[{"id":25036,"href":"https:\/\/www.atslifesciences.com\/de\/wp-json\/wp\/v2\/pages\/13890\/revisions\/25036"}],"up":[{"embeddable":true,"href":"https:\/\/www.atslifesciences.com\/de\/wp-json\/wp\/v2\/pages\/25194"}],"wp:attachment":[{"href":"https:\/\/www.atslifesciences.com\/de\/wp-json\/wp\/v2\/media?parent=13890"}],"wp:term":[{"taxonomy":"author","embeddable":true,"href":"https:\/\/www.atslifesciences.com\/de\/wp-json\/wp\/v2\/coauthors?post=13890"}],"curies":[{"name":"wp","href":"https:\/\/api.w.org\/{rel}","templated":true}]}}