{"id":13888,"date":"2023-07-28T15:31:22","date_gmt":"2023-07-28T15:31:22","guid":{"rendered":"https:\/\/www.atslifesciences.com\/automatisierungsloesungen\/materialhandhabung\/"},"modified":"2025-11-28T16:35:00","modified_gmt":"2025-11-28T16:35:00","slug":"materialhandling","status":"publish","type":"page","link":"https:\/\/www.atslifesciences.com\/de\/automatisierungsloesungen2\/materialhandling\/","title":{"rendered":"MATERIALHANDLING"},"content":{"rendered":"\n<div class=\"atsls-secondary-hero\" id=\"atsls-secondary-hero-block_2145b4a3b035c94838349715a6bc0bd6\">\n\n  <div class=\"inner-wrp\">\n\n    \n      <div class=\"background-wrp\" style=\"background-image: url(https:\/\/www.atslifesciences.com\/wp-content\/uploads\/sites\/63\/2024\/06\/material-handling.jpg);\">\n                  <div class=\"img-wrp\">\n            <img decoding=\"async\" src=\"https:\/\/www.atslifesciences.com\/wp-content\/uploads\/sites\/63\/2024\/06\/material-handling.jpg\">\n          <\/div>\n              <\/div>\n\n    \n    <div class=\"container\">\n\n      <div class=\"row\">\n\n        <div class=\"col-md-5\">\n\n          <div class=\"sub-title\">\n            <p>Automatisierte und vollst\u00e4ndig robotergesteuerte L\u00f6sungen<\/p>\n          <\/div>\n          \n          <div class=\"title-part\">\n            <h1>MATERIALHANDLING<\/h1>\n          <\/div>\n\n          <div class=\"description\">\n            <p>Das Einsetzen und das Entnehmen der Komponenten, Unterbaugruppen und Fertigerzeugnisse in die und aus der Automatisierungsl\u00f6sung sind entscheidende Faktoren f\u00fcr einen effizienten Betrieb. Neben ma\u00dfgeschneiderten L\u00f6sungen f\u00fcr Trays oder Paletten bietet ATS Life Sciences auch verschiedene standardisierte Optionen an.<\/p>\n          <\/div>\n\n          \n        <\/div>\n        \n      <\/div>\n\n    <\/div>\n  \n  <\/div>\n\n<\/div>\n\n<style type=\"text\/css\">\n#atsls-secondary-hero-block_2145b4a3b035c94838349715a6bc0bd6 {\n  padding-top: 100px;\n  background-color: #0A2463;\n}\n\n#atsls-secondary-hero-block_2145b4a3b035c94838349715a6bc0bd6 .inner-wrp {\n  padding-top: 6rem;\n  padding-bottom: 6rem;\n  position: relative;\n}\n\n\n#atsls-secondary-hero-block_2145b4a3b035c94838349715a6bc0bd6 .inner-wrp .background-wrp {\n  background-repeat: no-repeat;\n  background-position: center;\n  background-size: cover;\n  position: relative;\n  width: 55%;\n  height: 100%;\n  position: absolute;\n  top: 0;\n  right: 0;\n  z-index: 1;\n  overflow: hidden;\n}\n#atsls-secondary-hero-block_2145b4a3b035c94838349715a6bc0bd6 .inner-wrp .background-wrp .img-wrp {\n  display: none;\n  position: relative;\n  height: 0;\n  width: 100%;\n  padding-bottom: 56.25%;\n  margin-bottom: 0px;\n  overflow: hidden;\n}\n#atsls-secondary-hero-block_2145b4a3b035c94838349715a6bc0bd6 .inner-wrp .background-wrp .img-wrp img {\n  position: absolute;\n  width: 100%;\n  height: 100%;\n  top: 0;\n  left: 0;\n  object-fit: cover;\n  object-position: center;\n}\n\n#atsls-secondary-hero-block_2145b4a3b035c94838349715a6bc0bd6 .inner-wrp .background-video-wrp {\n  background-repeat: no-repeat;\n  background-position: center;\n  background-size: cover;\n  position: relative;\n  width: 55%;\n  height: 100%;\n  position: absolute;\n  top: 0;\n  right: 0;\n  z-index: 1;\n  overflow: hidden;\n}\n#atsls-secondary-hero-block_2145b4a3b035c94838349715a6bc0bd6 .inner-wrp .background-video-wrp .video-wrp {\n  display: block;\n  position: relative;\n  height: 0;\n  width: 100%;\n  padding-bottom: 60%;\n  margin-bottom: 0px;\n  overflow: hidden;\n}\n#atsls-secondary-hero-block_2145b4a3b035c94838349715a6bc0bd6 .inner-wrp .background-video-wrp .video-wrp video {\n  position: absolute;\n  width: 100%;\n  height: 100%;\n  top: 0;\n  left: 0;\n  object-fit: cover;\n  object-position: center;\n}\n\n#atsls-secondary-hero-block_2145b4a3b035c94838349715a6bc0bd6 .container {\n  position: relative;\n  z-index: 2;\n}\n\n#atsls-secondary-hero-block_2145b4a3b035c94838349715a6bc0bd6 .inner-wrp::after {\n  content: \"\";\n  width: 65%;\n  height: 100%;\n  position: absolute;\n  top: 0;\n  left: -10%;\n  transform: skew(-20deg);\n  background-color: #0A2463;\n  border-right: 6px solid #41BFAC;\n  z-index: 1;\n}\n#atsls-secondary-hero-block_2145b4a3b035c94838349715a6bc0bd6 .title-part h1, #atsls-secondary-hero-block_2145b4a3b035c94838349715a6bc0bd6 .title-part .h1 {\n  color: #FFF;\n  font-family: \"Roboto\", sans-serif;\n  font-size: 48px;\n  font-style: normal;\n  font-weight: 500;\n  line-height: normal;\n  margin-bottom: 15px;\n}\n.single-news-page #atsls-secondary-hero-block_2145b4a3b035c94838349715a6bc0bd6 .title-part h1 {\n  font-size: 28px;\n  text-transform: unset;\n}\n#atsls-secondary-hero-block_2145b4a3b035c94838349715a6bc0bd6 .sub-title p {\n  color: #9ACD4F;\n  \/* Subtitle *\/\n  font-family: \"Roboto\", sans-serif;\n  font-size: 16px;\n  font-style: normal;\n  font-weight: 500;\n  line-height: 140%; \/* 22.4px *\/\n  margin-bottom: 5px;\n}\n#atsls-secondary-hero-block_2145b4a3b035c94838349715a6bc0bd6 .description p {\n  color: #FFF;\n  \/* Paragraph *\/\n  font-family: \"Roboto\", sans-serif;\n  font-size: 18px;\n  font-style: normal;\n  font-weight: 400;\n  line-height: 140%; \/* 25.2px *\/\n}\n#atsls-secondary-hero-block_2145b4a3b035c94838349715a6bc0bd6 .cta-btn {\n  padding-top: 15px;\n}\n#atsls-secondary-hero-block_2145b4a3b035c94838349715a6bc0bd6 .cta-btn a {\n  position: relative;\n  padding: 10px 40px !important;\n  transition: all ease 0.3s !important;\n  background-color: #9ACD4F;\n  text-decoration: none;\n  color: #071630;\n  font-size: 18px;\n}\n\n#atsls-secondary-hero-block_2145b4a3b035c94838349715a6bc0bd6 .cta-btn a:before {\n  content: \"\" !important;\n  background-image: url('https:\/\/www.atslifesciences.com\/wp-content\/themes\/atsls-2024\/assets\/btn-icon.svg');\n  width: 30px;\n  height: 30px;\n  background-repeat: no-repeat;\n  background-position: center;\n  background-size: 30px 30px;\n  position: absolute;\n  top: 8px !important;\n  left: 20px !important;\n  opacity: 0;\n  transition: all ease 0.3s;\n}\n\n#atsls-secondary-hero-block_2145b4a3b035c94838349715a6bc0bd6 .cta-btn a:hover {\n  padding-left: 60px !important;\n  padding-right: 20px !important;\n}\n#atsls-secondary-hero-block_2145b4a3b035c94838349715a6bc0bd6 .cta-btn a:hover:before {\n  opacity: 1;\n}\n\n\n@media (max-width: 768px) {\n  #atsls-secondary-hero-block_2145b4a3b035c94838349715a6bc0bd6 {\n    padding-top: 79px;\n  }\n  #atsls-secondary-hero-block_2145b4a3b035c94838349715a6bc0bd6 .title-part h1 {\n    font-size: 30px;\n  }\n  #atsls-secondary-hero-block_2145b4a3b035c94838349715a6bc0bd6 .inner-wrp {\n    padding-top: 0px;\n    padding-bottom: 32px;\n  }\n  #atsls-secondary-hero-block_2145b4a3b035c94838349715a6bc0bd6 .inner-wrp::after {\n    width: 100%;\n    height: 100%;\n    left: 0;\n    top: 0;\n    transform: unset;\n    border: none;\n  }\n\n  #atsls-secondary-hero-block_2145b4a3b035c94838349715a6bc0bd6 .inner-wrp .background-wrp {\n    width: 100%;\n    position: relative;\n    height: auto;\n    z-index: 2;\n    margin-bottom: 30px;\n  }\n  #atsls-secondary-hero-block_2145b4a3b035c94838349715a6bc0bd6 .inner-wrp .background-wrp .img-wrp {\n    display: block;\n  }\n  #atsls-secondary-hero-block_2145b4a3b035c94838349715a6bc0bd6 .inner-wrp .background-video-wrp {\n    width: 100%;\n    position: relative;\n    height: auto;\n    z-index: 2;\n    margin-bottom: 30px;\n  }\n}\n\n<\/style>\n\n\n<div class=\"gb-container gb-container-0fdfa3be\"><div class=\"gb-inside-container\">\n\n<h2 class=\"gb-headline gb-headline-9867b477 gb-headline-text\">Spezialisierung<\/h2>\n\n\n<div class=\"gb-grid-wrapper gb-grid-wrapper-d834e4e4 segments-card\">\n<div class=\"gb-grid-column gb-grid-column-7e34105b\"><div class=\"gb-container gb-container-7e34105b card-item\"><div class=\"gb-inside-container\">\n\n<figure class=\"gb-block-image gb-block-image-8644225f\"><img decoding=\"async\" loading=\"lazy\" width=\"1050\" height=\"750\" class=\"gb-image gb-image-8644225f\" src=\"https:\/\/www.atslifesciences.com\/wp-content\/uploads\/sites\/63\/2023\/01\/Clearliner_stainless_NOLOGO.jpg\" alt=\"ATS Clearliner\u2122\" title=\"ATS Clearliner\u2122\" srcset=\"https:\/\/www.atslifesciences.com\/wp-content\/uploads\/sites\/63\/2023\/01\/Clearliner_stainless_NOLOGO.jpg 1050w, https:\/\/www.atslifesciences.com\/wp-content\/uploads\/sites\/63\/2023\/01\/Clearliner_stainless_NOLOGO.jpg?resize=300,214 300w, https:\/\/www.atslifesciences.com\/wp-content\/uploads\/sites\/63\/2023\/01\/Clearliner_stainless_NOLOGO.jpg?resize=768,549 768w, https:\/\/www.atslifesciences.com\/wp-content\/uploads\/sites\/63\/2023\/01\/Clearliner_stainless_NOLOGO.jpg?resize=1024,731 1024w\" sizes=\"auto, (max-width: 1050px) 100vw, 1050px\" \/><\/figure>\n\n\n\n<h3 class=\"gb-headline gb-headline-cd80b2b6 gb-headline-text\">ATS Clearliner\u2122<\/h3>\n\n\n\n<p class=\"gb-headline gb-headline-b7e43630 gb-headline-text\">Dieser h\u00f6chst flexible Tray- oder Palettenabfertiger eignet sich hervorragend f\u00fcr Trays oder ISO- bzw. Europalettengr\u00f6\u00dfen von 400 bis 1&nbsp;000&nbsp;mm. Bei Bedarf kann zus\u00e4tzlich ein F\u00f6rderband oder ein Trolley f\u00fcr den Transfer integriert werden.<\/p>\n\n\n<div class=\"gb-button-wrapper gb-button-wrapper-590935c7\">\n\n<a class=\"gb-button gb-button-14c249f8 gb-button-text\" href=\"https:\/\/www.atslifesciences.com\/de\/automatisierungsloesungen\/materialhandling\/ats-clearliner\/\">Mehr<\/a>\n\n<\/div>\n<\/div><\/div><\/div>\n\n<div class=\"gb-grid-column gb-grid-column-9d2ba873\"><div class=\"gb-container gb-container-9d2ba873 card-item\"><div class=\"gb-inside-container\">\n\n<figure class=\"gb-block-image gb-block-image-27237023\"><img decoding=\"async\" loading=\"lazy\" width=\"1280\" height=\"720\" class=\"gb-image gb-image-27237023\" src=\"https:\/\/www.atslifesciences.com\/wp-content\/uploads\/sites\/63\/2023\/01\/ATS-Labelling-Machine_0027.jpg\" alt=\"ATS Labeling Machine\" title=\"ATS Labeling Machine\" srcset=\"https:\/\/www.atslifesciences.com\/wp-content\/uploads\/sites\/63\/2023\/01\/ATS-Labelling-Machine_0027.jpg 1280w, https:\/\/www.atslifesciences.com\/wp-content\/uploads\/sites\/63\/2023\/01\/ATS-Labelling-Machine_0027.jpg?resize=300,169 300w, https:\/\/www.atslifesciences.com\/wp-content\/uploads\/sites\/63\/2023\/01\/ATS-Labelling-Machine_0027.jpg?resize=768,432 768w, https:\/\/www.atslifesciences.com\/wp-content\/uploads\/sites\/63\/2023\/01\/ATS-Labelling-Machine_0027.jpg?resize=1024,576 1024w\" sizes=\"auto, (max-width: 1280px) 100vw, 1280px\" \/><\/figure>\n\n\n\n<h3 class=\"gb-headline gb-headline-63316af8 gb-headline-text\">Etikettierung von ATS<\/h3>\n\n\n\n<p class=\"gb-headline gb-headline-ff50ad47 gb-headline-text\">Dieses Etikettierungssystem ist mit einer Vielzahl von Etikettenformaten und Etikettenformen kompatibel und wird damit verschiedenen Produktformen und -gr\u00f6\u00dfen gerecht.<\/p>\n\n\n<div class=\"gb-button-wrapper gb-button-wrapper-28f402b2\">\n\n<a class=\"gb-button gb-button-bff83231 gb-button-text\" href=\"https:\/\/www.atslifesciences.com\/de\/automatisierungsloesungen\/materialhandling\/etikettierer\/\">Mehr<\/a>\n\n<\/div>\n<\/div><\/div><\/div>\n\n<div class=\"gb-grid-column gb-grid-column-45db3020\"><div class=\"gb-container gb-container-45db3020 card-item\"><div class=\"gb-inside-container\">\n\n<figure class=\"gb-block-image gb-block-image-e6a0a304\"><img decoding=\"async\" loading=\"lazy\" width=\"967\" height=\"644\" class=\"gb-image gb-image-e6a0a304\" src=\"https:\/\/www.atslifesciences.com\/wp-content\/uploads\/sites\/63\/2023\/01\/Material-Handling-Automations-Solutions-page.png\" alt=\"ATS Robotic Solutions\" title=\"ATS Robotic Solutions\" srcset=\"https:\/\/www.atslifesciences.com\/wp-content\/uploads\/sites\/63\/2023\/01\/Material-Handling-Automations-Solutions-page.png 967w, https:\/\/www.atslifesciences.com\/wp-content\/uploads\/sites\/63\/2023\/01\/Material-Handling-Automations-Solutions-page.png?resize=300,200 300w, https:\/\/www.atslifesciences.com\/wp-content\/uploads\/sites\/63\/2023\/01\/Material-Handling-Automations-Solutions-page.png?resize=768,511 768w\" sizes=\"auto, (max-width: 967px) 100vw, 967px\" \/><\/figure>\n\n\n\n<h3 class=\"gb-headline gb-headline-a52033ac gb-headline-text\">Roboterl\u00f6sungen von ATS<\/h3>\n\n\n\n<p class=\"gb-headline gb-headline-39718d8a gb-headline-text\">Die schl\u00fcsselfertigen Roboterl\u00f6sungen zeichnen sich durch h\u00f6chste Flexibilit\u00e4t, Skalierbarkeit und innovatives Handling von Trays, Palettierung, Kommissionierung, Montage, Verpackung und mehr aus.<\/p>\n\n\n<div class=\"gb-button-wrapper gb-button-wrapper-fa30b805\">\n\n<a class=\"gb-button gb-button-f39e3508 gb-button-text\" href=\"https:\/\/www.atslifesciences.com\/de\/automatisierungsloesungen\/materialhandling\/roboter\/\">Mehr<\/a>\n\n<\/div>\n<\/div><\/div><\/div>\n<\/div>\n<\/div><\/div>\n\n<div class=\"gb-container gb-container-8f2b40f6 alignfull\"><div class=\"gb-inside-container\">\n<div class=\"gb-grid-wrapper gb-grid-wrapper-e38c66c3\">\n<div class=\"gb-grid-column gb-grid-column-f4ea0eac\"><div class=\"gb-container gb-container-f4ea0eac\"><div class=\"gb-inside-container\">\n\n<h2 class=\"gb-headline gb-headline-5adb5275 gb-headline-text\">Bereit, Ihre Anforderungen an das Materialhandling zu realisieren?<\/h2>\n\n\n\n<p class=\"has-white-color has-text-color\">Wir integrieren F\u00f6rderzeuge und Ger\u00e4te zum Materialhandling f\u00fcr die Verbringung von Komponenten, Unterbaugruppen und Fertigerzeugnissen. Unsere Fachleute auf dem Gebiet des Materialhandlings k\u00f6nnen Ihnen verschiedene L\u00f6sungen f\u00fcr gestapelte Trays, Paletten, Massenkomponenten und mehr vorstellen.<\/p>\n\n\n<div class=\"gb-button-wrapper gb-button-wrapper-ce2c7be5\">\n\n<a class=\"gb-button gb-button-fc3d0119 gb-button-text atsls-btn atsls-modal-btn\" href=\"#\" data-id=\"atsls-modal-medium\">Kontakt<\/a>\n\n<\/div>\n<\/div><\/div><\/div>\n\n<div class=\"gb-grid-column gb-grid-column-6a420282\"><div class=\"gb-container gb-container-6a420282\"><div class=\"gb-inside-container\"><\/div><\/div><\/div>\n<\/div>\n<\/div><\/div>\n\n<div class=\"gb-container gb-container-c4f2ffb8 atsls-modal atsls-modal-medium alignfull\" data-id=\"atsls-modal-medium\"><div class=\"gb-inside-container\">\n\n<h2 class=\"gb-headline gb-headline-63a91292 gb-headline-text\">Kontakt<\/h2>\n\n\n\n\n<!-- iframe plugin v.5.1 wordpress.org\/plugins\/iframe\/ -->\n<iframe loading=\"lazy\" data-cookieconsent=\"ignore\" id=\"pardot-iframe\" style=\"border: 0;\" src=\"https:\/\/go.atsautomation.com\/l\/651873\/2024-10-29\/h7hhlb?Source_Page=material-handling\" width=\"100%\" frameborder=\"0\" height=\"500\" scrolling=\"yes\" class=\"iframe-class\"><\/iframe>\n\n\n<\/div><\/div>","protected":false},"excerpt":{"rendered":"<p>Spezialisierung Kontakt<\/p>\n","protected":false},"author":378,"featured_media":0,"parent":25194,"menu_order":0,"comment_status":"closed","ping_status":"closed","template":"page-templates\/empty.php","meta":{"_acf_changed":false,"_cr_original_post":"","_cr_replace_post_id":"","_cr_replacing_post_id":"","inline_featured_image":false,"cover_image":0,"footnotes":""},"coauthors":[78],"class_list":["post-13888","page","type-page","status-publish","hentry"],"yoast_head":"<!-- This site is optimized with the Yoast SEO Premium plugin v26.8 (Yoast SEO v26.8) - https:\/\/yoast.com\/product\/yoast-seo-premium-wordpress\/ -->\n<title>MATERIAL HANDLING<\/title>\n<meta name=\"description\" content=\"Automatisierte, robotergest\u00fctzte Transportl\u00f6sungen f\u00fcr Trays, Paletten und Komponenten. Optimiert f\u00fcr Geschwindigkeit, Pr\u00e4zision und Fertigung in Reinr\u00e4umen.\" \/>\n<meta name=\"robots\" content=\"index, follow, max-snippet:-1, max-image-preview:large, max-video-preview:-1\" \/>\n<link rel=\"canonical\" href=\"https:\/\/www.atslifesciences.com\/de\/automatisierungsloesungen2\/materialhandling\/\" \/>\n<meta property=\"og:locale\" content=\"de_DE\" \/>\n<meta property=\"og:type\" content=\"article\" \/>\n<meta property=\"og:title\" content=\"MATERIALHANDLING\" \/>\n<meta property=\"og:description\" content=\"Automatisierte, robotergest\u00fctzte Transportl\u00f6sungen f\u00fcr Trays, Paletten und Komponenten. Optimiert f\u00fcr Geschwindigkeit, Pr\u00e4zision und Fertigung in Reinr\u00e4umen.\" \/>\n<meta property=\"og:url\" content=\"https:\/\/www.atslifesciences.com\/de\/automatisierungsloesungen2\/materialhandling\/\" \/>\n<meta property=\"og:site_name\" content=\"ATS Life Sciences\" \/>\n<meta property=\"article:modified_time\" content=\"2025-11-28T16:35:00+00:00\" \/>\n<meta property=\"og:image\" content=\"https:\/\/www.atslifesciences.com\/wp-content\/uploads\/sites\/63\/2023\/01\/Clearliner_stainless_NOLOGO.jpg\" \/>\n<meta name=\"twitter:card\" content=\"summary_large_image\" \/>\n<meta name=\"twitter:label1\" content=\"Gesch\u00e4tzte Lesezeit\" \/>\n\t<meta name=\"twitter:data1\" content=\"2 Minuten\" \/>\n\t<meta name=\"twitter:label2\" content=\"Written by\" \/>\n\t<meta name=\"twitter:data2\" content=\"akhatpe\" \/>\n<script type=\"application\/ld+json\" class=\"yoast-schema-graph\">{\"@context\":\"https:\/\/schema.org\",\"@graph\":[{\"@type\":\"WebPage\",\"@id\":\"https:\/\/www.atslifesciences.com\/de\/automatisierungsloesungen2\/materialhandling\/\",\"url\":\"https:\/\/www.atslifesciences.com\/de\/automatisierungsloesungen2\/materialhandling\/\",\"name\":\"MATERIAL HANDLING\",\"isPartOf\":{\"@id\":\"https:\/\/www.atslifesciences.com\/de\/#website\"},\"primaryImageOfPage\":{\"@id\":\"https:\/\/www.atslifesciences.com\/de\/automatisierungsloesungen2\/materialhandling\/#primaryimage\"},\"image\":{\"@id\":\"https:\/\/www.atslifesciences.com\/de\/automatisierungsloesungen2\/materialhandling\/#primaryimage\"},\"thumbnailUrl\":\"https:\/\/www.atslifesciences.com\/wp-content\/uploads\/sites\/63\/2023\/01\/Clearliner_stainless_NOLOGO.jpg\",\"datePublished\":\"2023-07-28T15:31:22+00:00\",\"dateModified\":\"2025-11-28T16:35:00+00:00\",\"description\":\"Automatisierte, robotergest\u00fctzte Transportl\u00f6sungen f\u00fcr Trays, Paletten und Komponenten. Optimiert f\u00fcr Geschwindigkeit, Pr\u00e4zision und Fertigung in Reinr\u00e4umen.\",\"breadcrumb\":{\"@id\":\"https:\/\/www.atslifesciences.com\/de\/automatisierungsloesungen2\/materialhandling\/#breadcrumb\"},\"inLanguage\":\"de-DE\",\"potentialAction\":[{\"@type\":\"ReadAction\",\"target\":[\"https:\/\/www.atslifesciences.com\/de\/automatisierungsloesungen2\/materialhandling\/\"]}]},{\"@type\":\"ImageObject\",\"inLanguage\":\"de-DE\",\"@id\":\"https:\/\/www.atslifesciences.com\/de\/automatisierungsloesungen2\/materialhandling\/#primaryimage\",\"url\":\"https:\/\/www.atslifesciences.com\/wp-content\/uploads\/sites\/63\/2023\/01\/Clearliner_stainless_NOLOGO.jpg\",\"contentUrl\":\"https:\/\/www.atslifesciences.com\/wp-content\/uploads\/sites\/63\/2023\/01\/Clearliner_stainless_NOLOGO.jpg\"},{\"@type\":\"BreadcrumbList\",\"@id\":\"https:\/\/www.atslifesciences.com\/de\/automatisierungsloesungen2\/materialhandling\/#breadcrumb\",\"itemListElement\":[{\"@type\":\"ListItem\",\"position\":1,\"name\":\"Home\",\"item\":\"https:\/\/www.atslifesciences.com\/de\/\"},{\"@type\":\"ListItem\",\"position\":2,\"name\":\"MATERIALHANDLING\"}]},{\"@type\":\"WebSite\",\"@id\":\"https:\/\/www.atslifesciences.com\/de\/#website\",\"url\":\"https:\/\/www.atslifesciences.com\/de\/\",\"name\":\"ATS Life Sciences\",\"description\":\"\",\"potentialAction\":[{\"@type\":\"SearchAction\",\"target\":{\"@type\":\"EntryPoint\",\"urlTemplate\":\"https:\/\/www.atslifesciences.com\/de\/?s={search_term_string}\"},\"query-input\":{\"@type\":\"PropertyValueSpecification\",\"valueRequired\":true,\"valueName\":\"search_term_string\"}}],\"inLanguage\":\"de-DE\"}]}<\/script>\n<!-- \/ Yoast SEO Premium plugin. -->","yoast_head_json":{"title":"MATERIAL HANDLING","description":"Automatisierte, robotergest\u00fctzte Transportl\u00f6sungen f\u00fcr Trays, Paletten und Komponenten. Optimiert f\u00fcr Geschwindigkeit, Pr\u00e4zision und Fertigung in Reinr\u00e4umen.","robots":{"index":"index","follow":"follow","max-snippet":"max-snippet:-1","max-image-preview":"max-image-preview:large","max-video-preview":"max-video-preview:-1"},"canonical":"https:\/\/www.atslifesciences.com\/de\/automatisierungsloesungen2\/materialhandling\/","og_locale":"de_DE","og_type":"article","og_title":"MATERIALHANDLING","og_description":"Automatisierte, robotergest\u00fctzte Transportl\u00f6sungen f\u00fcr Trays, Paletten und Komponenten. Optimiert f\u00fcr Geschwindigkeit, Pr\u00e4zision und Fertigung in Reinr\u00e4umen.","og_url":"https:\/\/www.atslifesciences.com\/de\/automatisierungsloesungen2\/materialhandling\/","og_site_name":"ATS Life Sciences","article_modified_time":"2025-11-28T16:35:00+00:00","og_image":[{"url":"https:\/\/www.atslifesciences.com\/wp-content\/uploads\/sites\/63\/2023\/01\/Clearliner_stainless_NOLOGO.jpg","type":"","width":"","height":""}],"twitter_card":"summary_large_image","twitter_misc":{"Gesch\u00e4tzte Lesezeit":"2 Minuten","Written by":"akhatpe"},"schema":{"@context":"https:\/\/schema.org","@graph":[{"@type":"WebPage","@id":"https:\/\/www.atslifesciences.com\/de\/automatisierungsloesungen2\/materialhandling\/","url":"https:\/\/www.atslifesciences.com\/de\/automatisierungsloesungen2\/materialhandling\/","name":"MATERIAL HANDLING","isPartOf":{"@id":"https:\/\/www.atslifesciences.com\/de\/#website"},"primaryImageOfPage":{"@id":"https:\/\/www.atslifesciences.com\/de\/automatisierungsloesungen2\/materialhandling\/#primaryimage"},"image":{"@id":"https:\/\/www.atslifesciences.com\/de\/automatisierungsloesungen2\/materialhandling\/#primaryimage"},"thumbnailUrl":"https:\/\/www.atslifesciences.com\/wp-content\/uploads\/sites\/63\/2023\/01\/Clearliner_stainless_NOLOGO.jpg","datePublished":"2023-07-28T15:31:22+00:00","dateModified":"2025-11-28T16:35:00+00:00","description":"Automatisierte, robotergest\u00fctzte Transportl\u00f6sungen f\u00fcr Trays, Paletten und Komponenten. Optimiert f\u00fcr Geschwindigkeit, Pr\u00e4zision und Fertigung in Reinr\u00e4umen.","breadcrumb":{"@id":"https:\/\/www.atslifesciences.com\/de\/automatisierungsloesungen2\/materialhandling\/#breadcrumb"},"inLanguage":"de-DE","potentialAction":[{"@type":"ReadAction","target":["https:\/\/www.atslifesciences.com\/de\/automatisierungsloesungen2\/materialhandling\/"]}]},{"@type":"ImageObject","inLanguage":"de-DE","@id":"https:\/\/www.atslifesciences.com\/de\/automatisierungsloesungen2\/materialhandling\/#primaryimage","url":"https:\/\/www.atslifesciences.com\/wp-content\/uploads\/sites\/63\/2023\/01\/Clearliner_stainless_NOLOGO.jpg","contentUrl":"https:\/\/www.atslifesciences.com\/wp-content\/uploads\/sites\/63\/2023\/01\/Clearliner_stainless_NOLOGO.jpg"},{"@type":"BreadcrumbList","@id":"https:\/\/www.atslifesciences.com\/de\/automatisierungsloesungen2\/materialhandling\/#breadcrumb","itemListElement":[{"@type":"ListItem","position":1,"name":"Home","item":"https:\/\/www.atslifesciences.com\/de\/"},{"@type":"ListItem","position":2,"name":"MATERIALHANDLING"}]},{"@type":"WebSite","@id":"https:\/\/www.atslifesciences.com\/de\/#website","url":"https:\/\/www.atslifesciences.com\/de\/","name":"ATS Life Sciences","description":"","potentialAction":[{"@type":"SearchAction","target":{"@type":"EntryPoint","urlTemplate":"https:\/\/www.atslifesciences.com\/de\/?s={search_term_string}"},"query-input":{"@type":"PropertyValueSpecification","valueRequired":true,"valueName":"search_term_string"}}],"inLanguage":"de-DE"}]}},"acf":[],"jetpack_sharing_enabled":true,"_links":{"self":[{"href":"https:\/\/www.atslifesciences.com\/de\/wp-json\/wp\/v2\/pages\/13888","targetHints":{"allow":["GET"]}}],"collection":[{"href":"https:\/\/www.atslifesciences.com\/de\/wp-json\/wp\/v2\/pages"}],"about":[{"href":"https:\/\/www.atslifesciences.com\/de\/wp-json\/wp\/v2\/types\/page"}],"author":[{"embeddable":true,"href":"https:\/\/www.atslifesciences.com\/de\/wp-json\/wp\/v2\/users\/378"}],"replies":[{"embeddable":true,"href":"https:\/\/www.atslifesciences.com\/de\/wp-json\/wp\/v2\/comments?post=13888"}],"version-history":[{"count":13,"href":"https:\/\/www.atslifesciences.com\/de\/wp-json\/wp\/v2\/pages\/13888\/revisions"}],"predecessor-version":[{"id":24968,"href":"https:\/\/www.atslifesciences.com\/de\/wp-json\/wp\/v2\/pages\/13888\/revisions\/24968"}],"up":[{"embeddable":true,"href":"https:\/\/www.atslifesciences.com\/de\/wp-json\/wp\/v2\/pages\/25194"}],"wp:attachment":[{"href":"https:\/\/www.atslifesciences.com\/de\/wp-json\/wp\/v2\/media?parent=13888"}],"wp:term":[{"taxonomy":"author","embeddable":true,"href":"https:\/\/www.atslifesciences.com\/de\/wp-json\/wp\/v2\/coauthors?post=13888"}],"curies":[{"name":"wp","href":"https:\/\/api.w.org\/{rel}","templated":true}]}}